{"id":2657,"date":"2017-03-16T09:18:19","date_gmt":"2017-03-16T08:18:19","guid":{"rendered":"http:\/\/blogs.univ-jfc.fr\/vigneetvin\/?page_id=2657"},"modified":"2017-04-19T20:40:35","modified_gmt":"2017-04-19T19:40:35","slug":"les-limites-de-la-viticulture-biologique","status":"publish","type":"page","link":"https:\/\/blogs.univ-jfc.fr\/vigneetvin\/la-culture-de-la-vigne\/un-ecosysteme-fragile\/les-produits-phytosanitaires-en-debat-depuis-les-annees-1960\/le-bio-lavenir-de-la-viticulture\/les-limites-de-la-viticulture-biologique\/","title":{"rendered":"Les limites de la viticulture biologique"},"content":{"rendered":"<p style=\"text-align: justify\">Face aux inqui\u00e9tudes induites par les produits phytosanitaires, la viticulture biologique qui ne les utilise pas semble \u00eatre la voie future de cette activit\u00e9. Cependant, elle a aussi ses parts d&rsquo;ombre.<\/p>\n<p style=\"text-align: justify\">Les viticulteurs qui se tournent vers le bio ne partagent pas tous les m\u00eames motivations. Certains la pratiquent pour des raisons \u00e9thiques et morales car ils veulent une production la plus respectueuse possible de l&rsquo;\u00e9cosyst\u00e8me. Ils peuvent mettre en avant le fait que ce soit bio pour diffuser cette pratique. Cependant, certains viticulteurs bio ou appel\u00e9s p\u00e9jorativement \u00ab\u00a0nouveaux bios\u00a0\u00bb ne voient en cette pratique viticole qu&rsquo;une <a href=\"https:\/\/www.google.fr\/url?sa=t&amp;rct=j&amp;q=&amp;esrc=s&amp;source=web&amp;cd=2&amp;cad=rja&amp;uact=8&amp;ved=0ahUKEwjH3faMo7HTAhVJcRQKHT4UDREQFggrMAE&amp;url=https%3A%2F%2Fhal.archives-ouvertes.fr%2Fhal-01191200%2Fdocument&amp;usg=AFQjCNHSzfyIloUxYG51vF96HaU6vq2lDw\">strat\u00e9gie marketing<\/a>. Le but \u00e9tant de se distinguer et de regagner des parts de march\u00e9 perdues \u00e0 cause de la concurrence induite par la mondialisation et l&rsquo;arriv\u00e9e des nouveaux vins. Les viticulteurs ayant pour principe l&rsquo;\u00e9thique reprochent \u00e0 ces \u00ab\u00a0nouveaux bios\u00a0\u00bb de mettre en place une organisation marchande autour de la viticulture bio et ainsi de freiner la recherche de nouvelles techniques. En effet, comme ils ne sont pas profond\u00e9ment int\u00e9ress\u00e9s ils se contentent des techniques d\u00e9j\u00e0 existantes et ne participent pas \u00e0 l&rsquo;effort pour perfectionner le bio.<\/p>\n<p style=\"text-align: justify\">Ces affrontements entre les deux camps se cristallisent en 1993 avec la cr\u00e9ation du <a href=\"http:\/\/www.inao.gouv.fr\/Les-signes-officiels-de-la-qualite-et-de-l-origine-SIQO\/Agriculture-Biologique\">label<\/a><\/p>\n<figure id=\"attachment_3582\" aria-describedby=\"caption-attachment-3582\" style=\"width: 157px\" class=\"wp-caption alignleft\"><a href=\"http:\/\/www.inao.gouv.fr\/Les-signes-officiels-de-la-qualite-et-de-l-origine-SIQO\/Agriculture-Biologique\"><img loading=\"lazy\" class=\"wp-image-3582\" title=\"https:\/\/commons.wikimedia.org\/wiki\/File:Agriculture-biologique.svg\" src=\"http:\/\/blogs.univ-jfc.fr\/vigneetvin\/wp-content\/uploads\/sites\/56\/2017\/03\/Agriculture-biologique-251x300.png\" alt=\"\" width=\"157\" height=\"188\" srcset=\"https:\/\/blogs.univ-jfc.fr\/vigneetvin\/wp-content\/uploads\/sites\/56\/2017\/03\/Agriculture-biologique-251x300.png 251w, https:\/\/blogs.univ-jfc.fr\/vigneetvin\/wp-content\/uploads\/sites\/56\/2017\/03\/Agriculture-biologique-768x919.png 768w, https:\/\/blogs.univ-jfc.fr\/vigneetvin\/wp-content\/uploads\/sites\/56\/2017\/03\/Agriculture-biologique-856x1024.png 856w, https:\/\/blogs.univ-jfc.fr\/vigneetvin\/wp-content\/uploads\/sites\/56\/2017\/03\/Agriculture-biologique.png 2000w\" sizes=\"(max-width: 157px) 100vw, 157px\" \/><\/a><figcaption id=\"caption-attachment-3582\" class=\"wp-caption-text\">Label de l&rsquo;Agriculture Biologique<\/figcaption><\/figure>\n<p style=\"text-align: justify\">AB (Agriculture Biologique). Les plus radicaux s&rsquo;opposent \u00e0 ce label qu&rsquo;ils consid\u00e8rent comme un nivellement par le bas des exigences environnementales. Pour ne pas \u00eatre confondus avec ceux qu&rsquo;ils jugent comme les opportunistes de la viticulture biologique, ils ne mettent pas en avant leur label AB.<\/p>\n<p style=\"text-align: justify\">Dans les ann\u00e9es 1990, les viticulteurs furent pris d&rsquo;une fr\u00e9n\u00e9sie pour le bio gr\u00e2ce notamment aux subventions europ\u00e9ennes et de l&rsquo;Etat fran\u00e7ais. Suite \u00e0 cet \u00e9lan pour le bio, il y eut une surproduction dans les ann\u00e9es 2000. Les viticulteurs bio radicaux r\u00e9sist\u00e8rent en g\u00e9n\u00e9ral gr\u00e2ce \u00e0 leur client\u00e8le avertie et \u00e0 leur exportation forte. Mais les autres sont dans une situation plus complexe o\u00f9 ils rencontrent des difficult\u00e9s \u00e0 \u00e9couler leur stock m\u00eame \u00e0 l&rsquo;\u00e9tranger. Par cons\u00e9quent, ils sont oblig\u00e9s de d\u00e9classer leur vin pour pouvoir le vendre. Cette situation est aussi caus\u00e9e par la soudaine m\u00e9fiance des Fran\u00e7ais envers le vin bio consid\u00e9r\u00e9 comme mauvais et suspect.<\/p>\n<p style=\"text-align: justify\">Un obstacle important au d\u00e9veloppement de la viticulture biologique est son surco\u00fbt financier. Il est souvent dit qu&rsquo;une conversion en bio implique un <a href=\"https:\/\/www.google.fr\/url?sa=t&amp;rct=j&amp;q=&amp;esrc=s&amp;source=web&amp;cd=2&amp;cad=rja&amp;uact=8&amp;ved=0ahUKEwjMmdK2orHTAhUF6RQKHSSyBBsQFggrMAE&amp;url=https%3A%2F%2Fhal.archives-ouvertes.fr%2Fhal-01191200%2Fdocument&amp;usg=AFQjCNHSzfyIloUxYG51vF96HaU6vq2lDw\">surco\u00fbt de 30 %<\/a>. Malgr\u00e9 les \u00e9conomies r\u00e9alis\u00e9es en produits phytosanitaires, il y aurait plus de d\u00e9penses pour la main-d&rsquo;\u0153uvre et cette pratique est plus chronophage du fait du besoin plus accru de vigilance. Un des autres \u00e9l\u00e9ments de surco\u00fbt est le rendement moindre. Ce sont ces arguments qui sont avanc\u00e9s pour expliquer des prix plus on\u00e9reux des vins bio par rapport aux vins conventionnels. Cependant, certains viticulteurs bio refusent d&rsquo;augmenter leur prix pour ne pas r\u00e9server ce produit \u00e0 une frange ais\u00e9e de la population.<\/p>\n<p style=\"text-align: justify\">L&rsquo;image du bio est toujours positive, \u00ab\u00a0verte\u00a0\u00bb et saine. Certes, elle n&rsquo;utilise pas d&rsquo;intrants chimiques de synth\u00e8se mais elle consomme fortement du cuivre et du soufre. Une des pr\u00e9parations qui en contient est la <a href=\"http:\/\/www.francetvinfo.fr\/replay-radio\/jardin\/la-bouillie-bordelaise-un-danger-pour-l-environnement_1753749.html\">bouillie bordelaise<\/a>. Ces mol\u00e9cules sont toxiques \u00e0 fortes doses pour le sol, les poissons et les animaux. De plus, une vigne bio proche d&rsquo;une vigne conventionnelle a de forts risques d&rsquo;\u00eatre contamin\u00e9e.<\/p>\n<figure id=\"attachment_4136\" aria-describedby=\"caption-attachment-4136\" style=\"width: 300px\" class=\"wp-caption aligncenter\"><a href=\"http:\/\/blogs.univ-jfc.fr\/vigneetvin\/wp-content\/uploads\/sites\/56\/2017\/03\/Calda_Bordalesa.jpg\"><img loading=\"lazy\" class=\"wp-image-4136 size-medium\" title=\"https:\/\/commons.wikimedia.org\/wiki\/File:Calda_Bordalesa.jpg\" src=\"http:\/\/blogs.univ-jfc.fr\/vigneetvin\/wp-content\/uploads\/sites\/56\/2017\/03\/Calda_Bordalesa-300x225.jpg\" alt=\"\" width=\"300\" height=\"225\" srcset=\"https:\/\/blogs.univ-jfc.fr\/vigneetvin\/wp-content\/uploads\/sites\/56\/2017\/03\/Calda_Bordalesa-300x225.jpg 300w, https:\/\/blogs.univ-jfc.fr\/vigneetvin\/wp-content\/uploads\/sites\/56\/2017\/03\/Calda_Bordalesa.jpg 500w\" sizes=\"(max-width: 300px) 100vw, 300px\" \/><\/a><figcaption id=\"caption-attachment-4136\" class=\"wp-caption-text\">Bouillie bordelaise<\/figcaption><\/figure>\n<p style=\"text-align: justify\">La viticulture biologique est une alternative int\u00e9ressante mais elle est pour le moment seulement applicable sur une petite \u00e9chelle. En outre, elle est encore en recherche d&rsquo;elle-m\u00eame.<\/p>\n<p style=\"text-align: justify\">La <a href=\"http:\/\/blogs.univ-jfc.fr\/vigneetvin\/la-culture-de-la-vigne\/un-ecosysteme-fragile\/les-produits-phytosanitaires-en-debat-depuis-les-annees-1960\/la-viticulture-raisonnee-un-bon-compromis\/\">viticulture raisonn\u00e9e<\/a> peut r\u00e9pondre aux enjeux environnementaux tout en s&rsquo;adaptant \u00e0 la conjoncture actuelle.<\/p>\n","protected":false},"excerpt":{"rendered":"<p>Face aux inqui\u00e9tudes induites par les produits phytosanitaires, la viticulture biologique qui ne les utilise pas semble \u00eatre la voie future de cette activit\u00e9. Cependant, elle a aussi ses parts d&rsquo;ombre. Les viticulteurs qui se tournent vers le bio ne partagent pas tous les m\u00eames motivations. Certains la pratiquent pour des raisons \u00e9thiques et morales &hellip; <a href=\"https:\/\/blogs.univ-jfc.fr\/vigneetvin\/la-culture-de-la-vigne\/un-ecosysteme-fragile\/les-produits-phytosanitaires-en-debat-depuis-les-annees-1960\/le-bio-lavenir-de-la-viticulture\/les-limites-de-la-viticulture-biologique\/\" class=\"more-link\">Continuer la lecture de <span class=\"screen-reader-text\">Les limites de la viticulture biologique<\/span> <span class=\"meta-nav\">&rarr;<\/span><\/a><\/p>\n","protected":false},"author":272,"featured_media":0,"parent":1069,"menu_order":2,"comment_status":"closed","ping_status":"closed","template":"","meta":[],"_links":{"self":[{"href":"https:\/\/blogs.univ-jfc.fr\/vigneetvin\/wp-json\/wp\/v2\/pages\/2657"}],"collection":[{"href":"https:\/\/blogs.univ-jfc.fr\/vigneetvin\/wp-json\/wp\/v2\/pages"}],"about":[{"href":"https:\/\/blogs.univ-jfc.fr\/vigneetvin\/wp-json\/wp\/v2\/types\/page"}],"author":[{"embeddable":true,"href":"https:\/\/blogs.univ-jfc.fr\/vigneetvin\/wp-json\/wp\/v2\/users\/272"}],"replies":[{"embeddable":true,"href":"https:\/\/blogs.univ-jfc.fr\/vigneetvin\/wp-json\/wp\/v2\/comments?post=2657"}],"version-history":[{"count":20,"href":"https:\/\/blogs.univ-jfc.fr\/vigneetvin\/wp-json\/wp\/v2\/pages\/2657\/revisions"}],"predecessor-version":[{"id":5092,"href":"https:\/\/blogs.univ-jfc.fr\/vigneetvin\/wp-json\/wp\/v2\/pages\/2657\/revisions\/5092"}],"up":[{"embeddable":true,"href":"https:\/\/blogs.univ-jfc.fr\/vigneetvin\/wp-json\/wp\/v2\/pages\/1069"}],"wp:attachment":[{"href":"https:\/\/blogs.univ-jfc.fr\/vigneetvin\/wp-json\/wp\/v2\/media?parent=2657"}],"curies":[{"name":"wp","href":"https:\/\/api.w.org\/{rel}","templated":true}]}}