{"id":2670,"date":"2017-03-16T09:19:27","date_gmt":"2017-03-16T08:19:27","guid":{"rendered":"http:\/\/blogs.univ-jfc.fr\/vigneetvin\/?page_id=2670"},"modified":"2017-04-09T09:17:46","modified_gmt":"2017-04-09T08:17:46","slug":"les-fondements-de-la-viticulture-raisonnee","status":"publish","type":"page","link":"https:\/\/blogs.univ-jfc.fr\/vigneetvin\/la-culture-de-la-vigne\/un-ecosysteme-fragile\/les-produits-phytosanitaires-en-debat-depuis-les-annees-1960\/la-viticulture-raisonnee-un-bon-compromis\/les-fondements-de-la-viticulture-raisonnee\/","title":{"rendered":"Les fondements de la viticulture raisonn\u00e9e"},"content":{"rendered":"<p style=\"text-align: justify\">Cela fait maintenant plus d&rsquo;une dizaine d&rsquo;ann\u00e9es que la soci\u00e9t\u00e9 tend vers une agriculture \u00ab\u00a0toujours mieux\u00a0\u00bb plut\u00f4t qu&rsquo;une agriculture \u00ab\u00a0toujours plus\u00a0\u00bb. Cette \u00e9volution est valable aussi dans le domaine viticole. En effet, une partie des consommateurs ont des exigences concernant le respect de l&rsquo;environnement ainsi que la sant\u00e9 alimentaire. C&rsquo;est pourquoi aujourd&rsquo;hui de plus en plus de viticulteurs r\u00e9pondent \u00e0 ces nouvelles attentes en raisonnant leurs pratiques et en apportant une certaine transparence. La viticulture raisonn\u00e9e passe par le respect de l&rsquo;environnement, la qualit\u00e9 et la rentabilit\u00e9. Elle a pour but de diminuer le plus possible l&rsquo;utilisation des produits phytosanitaires, en traitant la vigne uniquement lorsque cela est n\u00e9cessaire.<\/p>\n<p style=\"text-align: justify\">Le concept d&rsquo;agriculture raisonn\u00e9e, qui est li\u00e9 \u00e0 la pr\u00e9servation de l&rsquo;environnement, \u00e9merge d\u00e8s les ann\u00e9es 1960. On voit appara\u00eetre au milieu des ann\u00e9es 1970 des principes de lutte plus respectueux de l&rsquo;environnement. D&rsquo;ailleurs, en 1977 Ovronnaz a publi\u00e9 : <em>Vers la production agricole int\u00e9gr\u00e9e, par la lutte int\u00e9gr\u00e9e<\/em>. Ensuite, vient le concept du <a href=\"http:\/\/www.diplomatie.gouv.fr\/sites\/odyssee-developpement-durable\/files\/5\/rapport_brundtland.pdf\">d\u00e9veloppement durable de G.H. Bruntland<\/a>. La lutte raisonn\u00e9e quant \u00e0 elle va se d\u00e9velopper durant les ann\u00e9es 1980. Puis, dans les ann\u00e9es 1990 elle a connu un v\u00e9ritable essor sur le terrain. <a href=\"http:\/\/www.farre.org\">L&rsquo;association interprofessionnelle FARRE<\/a> (Forum de l&rsquo;Agriculture Raisonn\u00e9e et Respectueuse de l&rsquo;Environnement) a permis cet \u00e9panouissement. Les pionniers de la viticulture raisonn\u00e9e vont \u00e9galement la mettre en avant en se regroupant pour d\u00e9fendre commercialement leur production. Par exemple, l&rsquo;association alsacienne Tyflo (1997) ou\u00a0<a href=\"http:\/\/terravitis.com\/presentation\/\">Terra Vitis<\/a> pour le Beaujolais (1998). Via ces associations, les viticulteurs peuvent b\u00e9n\u00e9ficier de l&rsquo;aide technique des Chambres d&rsquo;Agriculture.<\/p>\n<p style=\"text-align: justify\">La remise en question des produits phytosanitaires provoque un encouragement de la part des pouvoirs publics pour la viticulture raisonn\u00e9e. Il y a un soutien de la part de l&rsquo;Etat fran\u00e7ais mais \u00e9galement de l&rsquo;Union Europ\u00e9enne. L&rsquo;Etat fran\u00e7ais s&rsquo;implique principalement apr\u00e8s la parution du <a href=\"http:\/\/agriculture.gouv.fr\/telecharger\/66483?token=aa37251e9a899cd100b06578c38f6c51\">rapport de Guy Paillotin<\/a> datant de 2000.<\/p>\n<figure id=\"attachment_4105\" aria-describedby=\"caption-attachment-4105\" style=\"width: 247px\" class=\"wp-caption aligncenter\"><a href=\"http:\/\/blogs.univ-jfc.fr\/vigneetvin\/wp-content\/uploads\/sites\/56\/2017\/03\/\u00c9dith_Cresson_cropped.jpg\"><img loading=\"lazy\" class=\"wp-image-4105 size-medium\" src=\"http:\/\/blogs.univ-jfc.fr\/vigneetvin\/wp-content\/uploads\/sites\/56\/2017\/03\/\u00c9dith_Cresson_cropped-247x300.jpg\" alt=\"\" width=\"247\" height=\"300\" srcset=\"https:\/\/blogs.univ-jfc.fr\/vigneetvin\/wp-content\/uploads\/sites\/56\/2017\/03\/\u00c9dith_Cresson_cropped-247x300.jpg 247w, https:\/\/blogs.univ-jfc.fr\/vigneetvin\/wp-content\/uploads\/sites\/56\/2017\/03\/\u00c9dith_Cresson_cropped.jpg 494w\" sizes=\"(max-width: 247px) 100vw, 247px\" \/><\/a><figcaption id=\"caption-attachment-4105\" class=\"wp-caption-text\">Edith Cresson<\/figcaption><\/figure>\n<p style=\"text-align: justify\">Edith Cresson, ministre de l&rsquo;Agriculture (1981 &#8211; 1983) a fait reconna\u00eetre la diversit\u00e9 des conceptions des cultures. L&rsquo;enjeu environnemental commence alors \u00e0 s&rsquo;imposer dans le monde agricole. En 1985, la CEE adopte le r\u00e8glement <a href=\"http:\/\/eur-lex.europa.eu\/legal-content\/FR\/ALL\/?uri=uriserv:OJ.L_.1990.022.01.0062.01.FRA\">n\u00b0797\/85-CEE<\/a> avec l&rsquo;article 19 qui a pour but d&rsquo;aider les exploitations agricoles en zone sensible environnement. Dans les ann\u00e9es 1990, de nouvelles controverses surgissent, celle des OGM et celle \u00e0 propos de l&rsquo;implication de l&rsquo;agriculture par rapport \u00e0 la pollution des eaux. Le domaine agricole emploie alors de \u00ab\u00a0bonnes pratiques\u00a0\u00bb ce qui est une mani\u00e8re de d\u00e9tourner le v\u00e9ritable objectif, soit la diminution des produits toxiques et la pr\u00e9servation de l&rsquo;environnement. \u00a0Aujourd&rsquo;hui, une subvention \u00e9tatique peut \u00eatre vers\u00e9e pour un engagement \u00e0 l&rsquo;agriculture raisonn\u00e9e, cela permet de compenser une partie des surco\u00fbts li\u00e9e \u00e0 la transition.<\/p>\n<p style=\"text-align: justify\">Pour acc\u00e9der \u00e0 l&rsquo;appellation viticulture raisonn\u00e9e, il faut que le viticulteur r\u00e9dige un cahier des charges o\u00f9 il est r\u00e9uni les \u00e9tapes de la production et les pratiques r\u00e9alis\u00e9es. Cette appellation est obtenue apr\u00e8s un auto-contr\u00f4le r\u00e9alis\u00e9 par l&rsquo;exploitant et d&rsquo;un \u00ab\u00a0audit externe\u00a0\u00bb.<\/p>\n<p style=\"text-align: justify\">Les pratiques de la viticulture raisonn\u00e9e se divisent en trois grands champs. Le premier correspond aux pratiques prophylactiques. Par exemple, en le travaillant de mani\u00e8re m\u00e9canique afin de limiter l&rsquo;\u00e9rosion et d&rsquo;a\u00e9rer le sol.<\/p>\n<p style=\"text-align: justify\">Le deuxi\u00e8me champ est la diminution de l&rsquo;utilisation de substances chimiques. Lorsqu&rsquo;on les utilise, il faut r\u00e9aliser les bons dosages et pulv\u00e9riser ces produits en veillant \u00e0 une m\u00e9t\u00e9o propice pour \u00e9viter la diffusion. Il faut \u00e9galement utiliser des appareils adapt\u00e9s et bien r\u00e9gl\u00e9s. Ces diff\u00e9rentes pratiques sont appliqu\u00e9es assez largement depuis seulement une dizaine d&rsquo;ann\u00e9es. La diffusion de l&rsquo;information dans le milieu viticole est tr\u00e8s importante. En effet, si une parcelle voisine ou si une r\u00e9gion est touch\u00e9e par une certaine maladie, des traitements pr\u00e9ventifs peuvent alors \u00eatre utilis\u00e9s pour \u00e9viter la propagation.<\/p>\n<figure id=\"attachment_4109\" aria-describedby=\"caption-attachment-4109\" style=\"width: 477px\" class=\"wp-caption aligncenter\"><a href=\"http:\/\/blogs.univ-jfc.fr\/vigneetvin\/wp-content\/uploads\/sites\/56\/2017\/03\/enherbement-.jpg\"><img loading=\"lazy\" class=\"wp-image-4109 \" title=\"https:\/\/pixabay.com\/fr\/vigne-vignoble-culture-printemps-1330785\/\" src=\"http:\/\/blogs.univ-jfc.fr\/vigneetvin\/wp-content\/uploads\/sites\/56\/2017\/03\/enherbement--300x201.jpg\" alt=\"\" width=\"477\" height=\"319\" srcset=\"https:\/\/blogs.univ-jfc.fr\/vigneetvin\/wp-content\/uploads\/sites\/56\/2017\/03\/enherbement--300x201.jpg 300w, https:\/\/blogs.univ-jfc.fr\/vigneetvin\/wp-content\/uploads\/sites\/56\/2017\/03\/enherbement--768x514.jpg 768w, https:\/\/blogs.univ-jfc.fr\/vigneetvin\/wp-content\/uploads\/sites\/56\/2017\/03\/enherbement-.jpg 960w\" sizes=\"(max-width: 477px) 100vw, 477px\" \/><\/a><figcaption id=\"caption-attachment-4109\" class=\"wp-caption-text\">Enherbement<\/figcaption><\/figure>\n<p style=\"text-align: justify\">Le dernier renvoie \u00e0 la pr\u00e9servation et \u00e0 la protection du sol. Une des techniques les plus fr\u00e9quentes,\u00a0se d\u00e9veloppant depuis une vingtaine d&rsquo;ann\u00e9es, est l&rsquo;<a href=\"https:\/\/www.vignevin-sudouest.com\/publications\/fiches-pratiques\/enherbement-permanent.php\">enherbement<\/a>. On implante un couvert herbac\u00e9 sem\u00e9 dans l&rsquo;inter-rang. Parmi ses nombreux avantages on retrouve l&rsquo;att\u00e9nuation de l&rsquo;entassement du sol, la lutte contre l&rsquo;\u00e9rosion, une faune plus d\u00e9velopp\u00e9e, l&rsquo;\u00e9vacuation des produits phytosanitaires pr\u00e9sents dans l&rsquo;eau. De plus, cette pratique est remarquable \u00e0 l&rsquo;\u0153il, ce qui est tr\u00e8s appr\u00e9ci\u00e9e surtout par les touristes.<\/p>\n<p style=\"text-align: justify\">En plus des diff\u00e9rentes techniques pour traiter la vigne, les viticulteurs doivent aussi faire \u00e9voluer leurs pratiques professionnelles. Cela passe au travers de <a href=\"http:\/\/blogs.univ-jfc.fr\/vigneetvin\/les-metiers-de-la-vigne-et-du-vin\/vignerons-et-exploitants\/les-viticulteurs\/presentation-du-metier-de-viticulteur-et-ses-formations-et-competences\/les-differentes-formations-et-connaissances-a-acquerir\/\">formations pratiques <\/a>pour les salari\u00e9s. Il est aussi impos\u00e9 d&rsquo;avoir un \u00e9quipement de protection aux normes, de l&rsquo;entretenir et d&rsquo;en changer r\u00e9guli\u00e8rement. Une tra\u00e7abilit\u00e9 est aussi exig\u00e9e, donc tout ce qui concerne la vigne doit \u00eatre not\u00e9.<\/p>\n<p style=\"text-align: justify\">Malgr\u00e9 l&rsquo;int\u00e9r\u00eat port\u00e9 \u00e0 la viticulture raisonn\u00e9e comme solution de compromis, il existe des <a href=\"http:\/\/blogs.univ-jfc.fr\/vigneetvin\/la-culture-de-la-vigne\/un-ecosysteme-fragile\/les-produits-phytosanitaires-en-debat-depuis-les-annees-1960\/la-viticulture-raisonnee-un-bon-compromis\/la-viticulture-raisonnee-une-viticulture-controversee\/\">controverses<\/a>.<\/p>\n","protected":false},"excerpt":{"rendered":"<p>Cela fait maintenant plus d&rsquo;une dizaine d&rsquo;ann\u00e9es que la soci\u00e9t\u00e9 tend vers une agriculture \u00ab\u00a0toujours mieux\u00a0\u00bb plut\u00f4t qu&rsquo;une agriculture \u00ab\u00a0toujours plus\u00a0\u00bb. Cette \u00e9volution est valable aussi dans le domaine viticole. En effet, une partie des consommateurs ont des exigences concernant le respect de l&rsquo;environnement ainsi que la sant\u00e9 alimentaire. C&rsquo;est pourquoi aujourd&rsquo;hui de plus en &hellip; <a href=\"https:\/\/blogs.univ-jfc.fr\/vigneetvin\/la-culture-de-la-vigne\/un-ecosysteme-fragile\/les-produits-phytosanitaires-en-debat-depuis-les-annees-1960\/la-viticulture-raisonnee-un-bon-compromis\/les-fondements-de-la-viticulture-raisonnee\/\" class=\"more-link\">Continuer la lecture de <span class=\"screen-reader-text\">Les fondements de la viticulture raisonn\u00e9e<\/span> <span class=\"meta-nav\">&rarr;<\/span><\/a><\/p>\n","protected":false},"author":272,"featured_media":0,"parent":1073,"menu_order":1,"comment_status":"closed","ping_status":"closed","template":"","meta":[],"_links":{"self":[{"href":"https:\/\/blogs.univ-jfc.fr\/vigneetvin\/wp-json\/wp\/v2\/pages\/2670"}],"collection":[{"href":"https:\/\/blogs.univ-jfc.fr\/vigneetvin\/wp-json\/wp\/v2\/pages"}],"about":[{"href":"https:\/\/blogs.univ-jfc.fr\/vigneetvin\/wp-json\/wp\/v2\/types\/page"}],"author":[{"embeddable":true,"href":"https:\/\/blogs.univ-jfc.fr\/vigneetvin\/wp-json\/wp\/v2\/users\/272"}],"replies":[{"embeddable":true,"href":"https:\/\/blogs.univ-jfc.fr\/vigneetvin\/wp-json\/wp\/v2\/comments?post=2670"}],"version-history":[{"count":27,"href":"https:\/\/blogs.univ-jfc.fr\/vigneetvin\/wp-json\/wp\/v2\/pages\/2670\/revisions"}],"predecessor-version":[{"id":4712,"href":"https:\/\/blogs.univ-jfc.fr\/vigneetvin\/wp-json\/wp\/v2\/pages\/2670\/revisions\/4712"}],"up":[{"embeddable":true,"href":"https:\/\/blogs.univ-jfc.fr\/vigneetvin\/wp-json\/wp\/v2\/pages\/1073"}],"wp:attachment":[{"href":"https:\/\/blogs.univ-jfc.fr\/vigneetvin\/wp-json\/wp\/v2\/media?parent=2670"}],"curies":[{"name":"wp","href":"https:\/\/api.w.org\/{rel}","templated":true}]}}