{"id":2845,"date":"2017-03-19T11:59:46","date_gmt":"2017-03-19T10:59:46","guid":{"rendered":"http:\/\/blogs.univ-jfc.fr\/vigneetvin\/?page_id=2845"},"modified":"2017-04-19T21:28:57","modified_gmt":"2017-04-19T20:28:57","slug":"la-degustation-du-vin","status":"publish","type":"page","link":"https:\/\/blogs.univ-jfc.fr\/vigneetvin\/les-metiers-de-la-vigne-et-du-vin\/le-monde-des-artisans-2\/les-vignerons\/la-degustation-du-vin\/","title":{"rendered":"La d\u00e9gustation du vin"},"content":{"rendered":"<div>D\u00e9guster un vin est une exp\u00e9rience sensorielle, pour qu\u2019elle soit bien r\u00e9alis\u00e9e, il faut connaitre les bases de cet art qu\u2019est <a href=\"http:\/\/blogs.univ-jfc.fr\/vigneetvin\/levolution-de-la-place-du-vin\/la-degustation-du-vin\/lart-de-la-degustation\/\">la d\u00e9gustation<\/a>, afin de mieux choisir et appr\u00e9cier un vin, la diversit\u00e9 des c\u00e9pages, et des divers styles et types de vins. C\u2019est alors gr\u00e2ce \u00e0 notre vue, notre odorat et notre go\u00fbt, que nous sommes \u00e0 m\u00eame d\u2019identifier sa robe, son nez et son palais.<\/div>\n<div><\/div>\n<div><\/div>\n<div>Quelques gorg\u00e9es suffisent pour reconna\u00eetre ses saveurs, sa provenance et m\u00eame son mill\u00e9sime. Cette d\u00e9gustation et connaissance des vins sont aujourd\u2019hui accessibles \u00e0 tous,m\u00eame aux amateurs, gr\u00e2ce \u00e0 un tourisme du vin:<a href=\"http:\/\/blogs.univ-jfc.fr\/vigneetvin\/levolution-de-la-place-du-vin\/la-degustation-du-vin\/loenotourisme\/\"> l\u2019\u0152notourisme<\/a>.<a href=\"http:\/\/blogs.univ-jfc.fr\/vigneetvin\/wp-content\/uploads\/sites\/56\/2017\/04\/d\u00e9gustation-vin.jpg\"><img loading=\"lazy\" class=\"aligncenter wp-image-4925 size-medium\" title=\"Titre: D\u00e9gustation du vin Source: site Pixabay Lien: https:\/\/pixabay.com\/fr\/vin-d%C3%A9gustation-de-vins-1209019\/\" src=\"http:\/\/blogs.univ-jfc.fr\/vigneetvin\/wp-content\/uploads\/sites\/56\/2017\/04\/d\u00e9gustation-vin-236x300.jpg\" alt=\"\" width=\"236\" height=\"300\" srcset=\"https:\/\/blogs.univ-jfc.fr\/vigneetvin\/wp-content\/uploads\/sites\/56\/2017\/04\/d\u00e9gustation-vin-236x300.jpg 236w, https:\/\/blogs.univ-jfc.fr\/vigneetvin\/wp-content\/uploads\/sites\/56\/2017\/04\/d\u00e9gustation-vin.jpg 567w\" sizes=\"(max-width: 236px) 100vw, 236px\" \/><\/a><\/div>\n","protected":false},"excerpt":{"rendered":"<p>D\u00e9guster un vin est une exp\u00e9rience sensorielle, pour qu\u2019elle soit bien r\u00e9alis\u00e9e, il faut connaitre les bases de cet art qu\u2019est la d\u00e9gustation, afin de mieux choisir et appr\u00e9cier un vin, la diversit\u00e9 des c\u00e9pages, et des divers styles et types de vins. C\u2019est alors gr\u00e2ce \u00e0 notre vue, notre odorat et notre go\u00fbt, que &hellip; <a href=\"https:\/\/blogs.univ-jfc.fr\/vigneetvin\/les-metiers-de-la-vigne-et-du-vin\/le-monde-des-artisans-2\/les-vignerons\/la-degustation-du-vin\/\" class=\"more-link\">Continuer la lecture de <span class=\"screen-reader-text\">La d\u00e9gustation du vin<\/span> <span class=\"meta-nav\">&rarr;<\/span><\/a><\/p>\n","protected":false},"author":201,"featured_media":0,"parent":57,"menu_order":3,"comment_status":"closed","ping_status":"closed","template":"","meta":[],"_links":{"self":[{"href":"https:\/\/blogs.univ-jfc.fr\/vigneetvin\/wp-json\/wp\/v2\/pages\/2845"}],"collection":[{"href":"https:\/\/blogs.univ-jfc.fr\/vigneetvin\/wp-json\/wp\/v2\/pages"}],"about":[{"href":"https:\/\/blogs.univ-jfc.fr\/vigneetvin\/wp-json\/wp\/v2\/types\/page"}],"author":[{"embeddable":true,"href":"https:\/\/blogs.univ-jfc.fr\/vigneetvin\/wp-json\/wp\/v2\/users\/201"}],"replies":[{"embeddable":true,"href":"https:\/\/blogs.univ-jfc.fr\/vigneetvin\/wp-json\/wp\/v2\/comments?post=2845"}],"version-history":[{"count":7,"href":"https:\/\/blogs.univ-jfc.fr\/vigneetvin\/wp-json\/wp\/v2\/pages\/2845\/revisions"}],"predecessor-version":[{"id":5104,"href":"https:\/\/blogs.univ-jfc.fr\/vigneetvin\/wp-json\/wp\/v2\/pages\/2845\/revisions\/5104"}],"up":[{"embeddable":true,"href":"https:\/\/blogs.univ-jfc.fr\/vigneetvin\/wp-json\/wp\/v2\/pages\/57"}],"wp:attachment":[{"href":"https:\/\/blogs.univ-jfc.fr\/vigneetvin\/wp-json\/wp\/v2\/media?parent=2845"}],"curies":[{"name":"wp","href":"https:\/\/api.w.org\/{rel}","templated":true}]}}