{"id":287,"date":"2017-02-09T09:24:41","date_gmt":"2017-02-09T08:24:41","guid":{"rendered":"http:\/\/blogs.univ-jfc.fr\/vigneetvin\/?page_id=287"},"modified":"2017-03-29T21:07:19","modified_gmt":"2017-03-29T20:07:19","slug":"larrivee-du-phylloxera","status":"publish","type":"page","link":"https:\/\/blogs.univ-jfc.fr\/vigneetvin\/la-culture-de-la-vigne\/un-ecosysteme-fragile\/le-tournant-xixe-xxe-siecle\/la-crise-du-phylloxera\/larrivee-du-phylloxera\/","title":{"rendered":"L&rsquo;arriv\u00e9e du phyllox\u00e9ra"},"content":{"rendered":"<p style=\"text-align: justify\">Les crises touchant la vigne sont diverses jusqu&rsquo;au XIX\u00e8me\u00a0si\u00e8cle. Les maladies \u00e9mergentes, comme l&rsquo;o\u00efdium et le mildiou, sont rapidement ma\u00eetris\u00e9es et des solutions sont trouv\u00e9es. Elles permirent\u00a0de limiter les d\u00e9g\u00e2ts et d&rsquo;endiguer la progression de ces fl\u00e9aux. Cependant, le phyllox\u00e9ra marque clairement un tournant important dans une viticulture relativement paisible jusqu&rsquo;au milieu du XIX<sup>e<\/sup> si\u00e8cle. Les surfaces cultiv\u00e9es progressent rapidement et atteignent 483 000 hectares en 1880.<\/p>\n<p style=\"text-align: justify\">En 1863, le professeur J.O. Westwood d\u00e9couvre des gales sur des feuilles de vigne qu&rsquo;il re\u00e7oit d&rsquo;un correspondant londonnien. Il y d\u00e9couvre un puceron qu&rsquo;il d\u00e9crit dans une communication pr\u00e9sent\u00e9e en 1857 \u00e0 Oxford, mais sa d\u00e9couverte, jug\u00e9e insignifiante, est ignor\u00e9e.<\/p>\n<p style=\"text-align: justify\">Les m\u00eames sympt\u00f4mes sont retrouv\u00e9s au Portugal en 1867, alors que le phyllox\u00e9ra est introduit en France par des ceps de vigne am\u00e9ricains porteurs sains de l&rsquo;insecte.<\/p>\n<figure style=\"width: 512px\" class=\"wp-caption alignnone\"><a title=\"By Maurice Girard [Public domain], via Wikimedia Commons\" href=\"https:\/\/commons.wikimedia.org\/wiki\/File%3ANymphe_de_Phyllox%C3%A9ra.jpg\"><img loading=\"lazy\" title=\"Source : Wikim\u00e9dia.org\" src=\"https:\/\/upload.wikimedia.org\/wikipedia\/commons\/6\/6c\/Nymphe_de_Phyllox%C3%A9ra.jpg\" alt=\"Nymphe de Phyllox\u00e9ra\" width=\"512\" height=\"496\" \/><\/a><figcaption class=\"wp-caption-text\">Nymphe de phylloxera<\/figcaption><\/figure>\n<p style=\"text-align: justify\">Monsieur Delormes, v\u00e9t\u00e9rinaire \u00e0 Arles, signale pour la premi\u00e8re fois la maladie le 8 novembre 1867 dans une lettre adress\u00e9e au pr\u00e9sident du comit\u00e9 agricole d&rsquo;Aix-en-Provence. Une commission d&rsquo;\u00e9tudes est rapidement d\u00e9sign\u00e9e, compos\u00e9e de Gaston Bazille (Pr\u00e9sident de la Soci\u00e9t\u00e9 centrale d&rsquo;agriculture de l&rsquo;H\u00e9rault), Jules-\u00c9mile Planchon (Docteur en sciences, en m\u00e9decine et en pharmacie, Directeur de l&rsquo;\u00c9cole Sup\u00e9rieure de Pharmacie) et de F\u00e9lix Sahut (horticulteur et pr\u00e9sident de la Soci\u00e9t\u00e9 d&rsquo;horticulture de l&rsquo;H\u00e9rault). En 1868, ils mettent en lumi\u00e8re la responsabilit\u00e9 de l&rsquo;insecte d\u00e9nomm\u00e9 phyllox\u00e9ra dans le d\u00e9p\u00e9rissement de la vigne, \u00e0 la suite de quoi ils publient rapidement plusieurs ouvrages destin\u00e9s \u00e0 informer les vignerons de leur d\u00e9couverte, comme le Bulletin de la soci\u00e9t\u00e9 d&rsquo;Agriculture.<\/p>\n<p style=\"text-align: justify\">L&rsquo;insecte fut\u00a0rapidement identifi\u00e9 en Suisse et en Autriche au d\u00e9but des ann\u00e9es 1870, puis en Espagne et en Italie, jusqu&rsquo;en Australie, en Afrique du Sud, en Alg\u00e9rie et au P\u00e9rou.<\/p>\n<p style=\"text-align: justify\">En 1870, le Minist\u00e8re de l&rsquo;Agriculture cr\u00e9e une Commission sup\u00e9rieure du Phyllox\u00e9ra avec pour objectif de centraliser tous les traitements contre la maladie pour les exp\u00e9rimenter et les diffuser.<\/p>\n<p style=\"text-align: justify\">En trois d\u00e9cennies, la maladie contamine la majeure partie du vignoble fran\u00e7ais. Les diff\u00e9rentes mesures prises par les autorit\u00e9s n&rsquo;ont pas d&rsquo;effets notables. L&rsquo;\u00c9tat produit de nombreux arr\u00eat\u00e9s et d\u00e9crets, interdisant notamment l&rsquo;importation de nouveaux pieds, qu&rsquo;ils soient fran\u00e7ais ou \u00e9trangers, mais sans que cela ne freine la propagation de la maladie. <a href=\"http:\/\/blogs.univ-jfc.fr\/vigneetvin\/la-culture-de-la-vigne\/un-ecosysteme-fragile\/le-tournant-xixe-xxe-siecle\/la-crise-du-phylloxera\/consequences-economiques-et-sociales\/\">Les cons\u00e9quences de cette maladies sont donc sans pr\u00e9c\u00e9dent.<\/a><\/p>\n","protected":false},"excerpt":{"rendered":"<p>Les crises touchant la vigne sont diverses jusqu&rsquo;au XIX\u00e8me\u00a0si\u00e8cle. Les maladies \u00e9mergentes, comme l&rsquo;o\u00efdium et le mildiou, sont rapidement ma\u00eetris\u00e9es et des solutions sont trouv\u00e9es. Elles permirent\u00a0de limiter les d\u00e9g\u00e2ts et d&rsquo;endiguer la progression de ces fl\u00e9aux. Cependant, le phyllox\u00e9ra marque clairement un tournant important dans une viticulture relativement paisible jusqu&rsquo;au milieu du XIXe si\u00e8cle. &hellip; <a href=\"https:\/\/blogs.univ-jfc.fr\/vigneetvin\/la-culture-de-la-vigne\/un-ecosysteme-fragile\/le-tournant-xixe-xxe-siecle\/la-crise-du-phylloxera\/larrivee-du-phylloxera\/\" class=\"more-link\">Continuer la lecture de <span class=\"screen-reader-text\">L&rsquo;arriv\u00e9e du phyllox\u00e9ra<\/span> <span class=\"meta-nav\">&rarr;<\/span><\/a><\/p>\n","protected":false},"author":170,"featured_media":0,"parent":195,"menu_order":1,"comment_status":"closed","ping_status":"closed","template":"","meta":[],"_links":{"self":[{"href":"https:\/\/blogs.univ-jfc.fr\/vigneetvin\/wp-json\/wp\/v2\/pages\/287"}],"collection":[{"href":"https:\/\/blogs.univ-jfc.fr\/vigneetvin\/wp-json\/wp\/v2\/pages"}],"about":[{"href":"https:\/\/blogs.univ-jfc.fr\/vigneetvin\/wp-json\/wp\/v2\/types\/page"}],"author":[{"embeddable":true,"href":"https:\/\/blogs.univ-jfc.fr\/vigneetvin\/wp-json\/wp\/v2\/users\/170"}],"replies":[{"embeddable":true,"href":"https:\/\/blogs.univ-jfc.fr\/vigneetvin\/wp-json\/wp\/v2\/comments?post=287"}],"version-history":[{"count":16,"href":"https:\/\/blogs.univ-jfc.fr\/vigneetvin\/wp-json\/wp\/v2\/pages\/287\/revisions"}],"predecessor-version":[{"id":4150,"href":"https:\/\/blogs.univ-jfc.fr\/vigneetvin\/wp-json\/wp\/v2\/pages\/287\/revisions\/4150"}],"up":[{"embeddable":true,"href":"https:\/\/blogs.univ-jfc.fr\/vigneetvin\/wp-json\/wp\/v2\/pages\/195"}],"wp:attachment":[{"href":"https:\/\/blogs.univ-jfc.fr\/vigneetvin\/wp-json\/wp\/v2\/media?parent=287"}],"curies":[{"name":"wp","href":"https:\/\/api.w.org\/{rel}","templated":true}]}}