{"id":295,"date":"2017-02-09T09:27:39","date_gmt":"2017-02-09T08:27:39","guid":{"rendered":"http:\/\/blogs.univ-jfc.fr\/vigneetvin\/?page_id=295"},"modified":"2017-03-30T08:40:18","modified_gmt":"2017-03-30T07:40:18","slug":"un-cycle-contraint-par-des-acteurs","status":"publish","type":"page","link":"https:\/\/blogs.univ-jfc.fr\/vigneetvin\/la-culture-de-la-vigne\/le-cycle-de-la-vigne\/un-cycle-contraint-par-des-acteurs\/","title":{"rendered":"Un cycle contraint par des acteurs"},"content":{"rendered":"<p align=\"justify\">Le cycle de la vigne au Moyen Age a pour particularit\u00e9 de ne pas \u00eatre fig\u00e9 durant la p\u00e9riode et d\u2019\u00eatre adapt\u00e9 par des acteurs (<a href=\"http:\/\/blogs.univ-jfc.fr\/vigneetvin\/la-culture-de-la-vigne\/le-cycle-de-la-vigne\/un-cycle-contraint-par-des-acteurs\/la-vigne-monastique-la-vigne-de-dieu\/\">moines<\/a> ;<a href=\"http:\/\/blogs.univ-jfc.fr\/vigneetvin\/la-culture-de-la-vigne\/le-cycle-de-la-vigne\/un-cycle-contraint-par-des-acteurs\/la-vigne-episcopale-et-seigneuriale-ou-la-vigne-du-prestige\/\"> \u00e9v\u00eaques et seigneurs<\/a> ;\u00a0<a href=\"http:\/\/blogs.univ-jfc.fr\/vigneetvin\/la-culture-de-la-vigne\/le-cycle-de-la-vigne\/un-cycle-contraint-par-des-acteurs\/la-vigne-paysanne-une-culture-supplementaire\/\">paysans<\/a>), en fonction des buts qu\u2019ils se fixent lorsqu\u2019ils plantent une vigne et de diff\u00e9rents param\u00e8tres (humains et naturels). On remarque ainsi que trois acteurs modifient <a href=\"http:\/\/blogs.univ-jfc.fr\/vigneetvin\/la-culture-de-la-vigne\/le-cycle-de-la-vigne\/le-cycle-general-de-la-vigne\/\">le cycle g\u00e9n\u00e9ral<\/a>.<\/p>\n<figure id=\"attachment_1206\" aria-describedby=\"caption-attachment-1206\" style=\"width: 327px\" class=\"wp-caption aligncenter\"><a href=\"http:\/\/blogs.univ-jfc.fr\/vigneetvin\/wp-content\/uploads\/sites\/56\/2017\/02\/Les-trois-acteurs-du-cycle-de-la-vigne-m\u00e9di\u00e9vale.jpg\"><img loading=\"lazy\" class=\"wp-image-1206\" title=\"(126, fol.7) http:\/\/images.recitus.qc.ca\/main.php?g2_view=core.DownloadItem&amp;g2_itemId=1881&amp;g2_serialNumber=12\" src=\"http:\/\/blogs.univ-jfc.fr\/vigneetvin\/wp-content\/uploads\/sites\/56\/2017\/02\/Les-trois-acteurs-du-cycle-de-la-vigne-m\u00e9di\u00e9vale.jpg\" alt=\"\" width=\"327\" height=\"352\" srcset=\"https:\/\/blogs.univ-jfc.fr\/vigneetvin\/wp-content\/uploads\/sites\/56\/2017\/02\/Les-trois-acteurs-du-cycle-de-la-vigne-m\u00e9di\u00e9vale.jpg 558w, https:\/\/blogs.univ-jfc.fr\/vigneetvin\/wp-content\/uploads\/sites\/56\/2017\/02\/Les-trois-acteurs-du-cycle-de-la-vigne-m\u00e9di\u00e9vale-279x300.jpg 279w\" sizes=\"(max-width: 327px) 100vw, 327px\" \/><\/a><figcaption id=\"caption-attachment-1206\" class=\"wp-caption-text\">Illustration du manuscrit de Gilles de Rome, <u><span style=\"color: #000000\">Le R\u00e9gime des princes<\/span><\/u>, repr\u00e9sentant les ordres du Moyen Age<\/figcaption><\/figure>\n<p align=\"justify\">Lors du passage \u00e0 l\u2019<a href=\"http:\/\/blogs.univ-jfc.fr\/vigneetvin\/la-culture-de-la-vigne\/le-cycle-de-la-vigne\/un-cycle-contraint-par-des-acteurs\/lheritage-pour-les-vignerons-contemporain\/\">\u00e9poque contemporaine<\/a>, le cycle de la vigne se voit encore adapt\u00e9 afin de r\u00e9pondre \u00e0 un certain nombre d\u2019objectifs qui font que l\u2019on\u00a0a affaire \u00e0 un cycle qui est bel et bien multiple.<\/p>\n<p align=\"justify\">\n","protected":false},"excerpt":{"rendered":"<p>Le cycle de la vigne au Moyen Age a pour particularit\u00e9 de ne pas \u00eatre fig\u00e9 durant la p\u00e9riode et d\u2019\u00eatre adapt\u00e9 par des acteurs (moines ; \u00e9v\u00eaques et seigneurs ;\u00a0paysans), en fonction des buts qu\u2019ils se fixent lorsqu\u2019ils plantent une vigne et de diff\u00e9rents param\u00e8tres (humains et naturels). On remarque ainsi que trois acteurs &hellip; <a href=\"https:\/\/blogs.univ-jfc.fr\/vigneetvin\/la-culture-de-la-vigne\/le-cycle-de-la-vigne\/un-cycle-contraint-par-des-acteurs\/\" class=\"more-link\">Continuer la lecture de <span class=\"screen-reader-text\">Un cycle contraint par des acteurs<\/span> <span class=\"meta-nav\">&rarr;<\/span><\/a><\/p>\n","protected":false},"author":274,"featured_media":0,"parent":76,"menu_order":2,"comment_status":"closed","ping_status":"closed","template":"","meta":[],"_links":{"self":[{"href":"https:\/\/blogs.univ-jfc.fr\/vigneetvin\/wp-json\/wp\/v2\/pages\/295"}],"collection":[{"href":"https:\/\/blogs.univ-jfc.fr\/vigneetvin\/wp-json\/wp\/v2\/pages"}],"about":[{"href":"https:\/\/blogs.univ-jfc.fr\/vigneetvin\/wp-json\/wp\/v2\/types\/page"}],"author":[{"embeddable":true,"href":"https:\/\/blogs.univ-jfc.fr\/vigneetvin\/wp-json\/wp\/v2\/users\/274"}],"replies":[{"embeddable":true,"href":"https:\/\/blogs.univ-jfc.fr\/vigneetvin\/wp-json\/wp\/v2\/comments?post=295"}],"version-history":[{"count":10,"href":"https:\/\/blogs.univ-jfc.fr\/vigneetvin\/wp-json\/wp\/v2\/pages\/295\/revisions"}],"predecessor-version":[{"id":4476,"href":"https:\/\/blogs.univ-jfc.fr\/vigneetvin\/wp-json\/wp\/v2\/pages\/295\/revisions\/4476"}],"up":[{"embeddable":true,"href":"https:\/\/blogs.univ-jfc.fr\/vigneetvin\/wp-json\/wp\/v2\/pages\/76"}],"wp:attachment":[{"href":"https:\/\/blogs.univ-jfc.fr\/vigneetvin\/wp-json\/wp\/v2\/media?parent=295"}],"curies":[{"name":"wp","href":"https:\/\/api.w.org\/{rel}","templated":true}]}}