{"id":312,"date":"2017-03-02T09:40:34","date_gmt":"2017-03-02T08:40:34","guid":{"rendered":"http:\/\/blogs.univ-jfc.fr\/vigneetvin\/?page_id=312"},"modified":"2017-03-30T08:30:09","modified_gmt":"2017-03-30T07:30:09","slug":"le-controle-des-appellations-sous-le-gouvernement-de-vichy","status":"publish","type":"page","link":"https:\/\/blogs.univ-jfc.fr\/vigneetvin\/la-culture-de-la-vigne\/vignes-et-terroirs\/mise-en-place-et-levolution-du-terroir-viticole-au-xxeme-siecle\/le-controle-des-appellations-sous-le-gouvernement-de-vichy\/","title":{"rendered":"Le contr\u00f4le des appellations sous le gouvernement de Vichy"},"content":{"rendered":"<figure id=\"attachment_4362\" aria-describedby=\"caption-attachment-4362\" style=\"width: 300px\" class=\"wp-caption aligncenter\"><a href=\"http:\/\/blogs.univ-jfc.fr\/vigneetvin\/wp-content\/uploads\/sites\/56\/2017\/03\/Bruckner-les-Verts-et-P\u00e9tain.jpg\"><img loading=\"lazy\" class=\"wp-image-4362 size-medium\" title=\"Bruckner, les Verts et P\u00e9tain\" src=\"http:\/\/blogs.univ-jfc.fr\/vigneetvin\/wp-content\/uploads\/sites\/56\/2017\/03\/Bruckner-les-Verts-et-P\u00e9tain-300x232.jpg\" alt=\"\" width=\"300\" height=\"232\" srcset=\"https:\/\/blogs.univ-jfc.fr\/vigneetvin\/wp-content\/uploads\/sites\/56\/2017\/03\/Bruckner-les-Verts-et-P\u00e9tain-300x232.jpg 300w, https:\/\/blogs.univ-jfc.fr\/vigneetvin\/wp-content\/uploads\/sites\/56\/2017\/03\/Bruckner-les-Verts-et-P\u00e9tain.jpg 318w\" sizes=\"(max-width: 300px) 100vw, 300px\" \/><\/a><figcaption id=\"caption-attachment-4362\" class=\"wp-caption-text\">P\u00e9tain et le retour \u00e0 la terre<\/figcaption><\/figure>\n<p align=\"justify\"><span style=\"color: #000000\"><span style=\"font-family: Calibri,sans-serif\"><span style=\"font-size: medium\">La situation du monde rural \u00e0 la veille d<\/span><\/span><\/span><span style=\"color: #000000\"><span style=\"font-family: Calibri,sans-serif\"><span style=\"font-size: medium\">e<\/span><\/span><\/span><span style=\"color: #000000\"><span style=\"font-family: Calibri,sans-serif\"><span style=\"font-size: medium\"> 1939 est difficile, avec <\/span><\/span><\/span><span style=\"color: #000000\"><span style=\"font-family: Calibri,sans-serif\"><span style=\"font-size: medium\">le<\/span><\/span><\/span><span style=\"color: #000000\"><span style=\"font-family: Calibri,sans-serif\"><span style=\"font-size: medium\"> climat de tensions permanent <\/span><\/span><\/span><span style=\"color: #000000\"><span style=\"font-family: Calibri,sans-serif\"><span style=\"font-size: medium\">d\u00fb \u00e0 la guerre : la<\/span><\/span><\/span><span style=\"color: #000000\"><span style=\"font-family: Calibri,sans-serif\"><span style=\"font-size: medium\"> main d\u2019<\/span><\/span><\/span><span style=\"color: #000000\"><span style=\"font-family: Calibri,serif\"><span style=\"font-size: medium\">\u0153uvre<\/span><\/span><\/span><span style=\"color: #000000\"><span style=\"font-family: Calibri,sans-serif\"><span style=\"font-size: medium\"> est r\u00e9quisitionn\u00e9e sur les fronts, occupation allemande \u00e0 partir de juin 1940. \u00c0 cela r\u00e9agi<\/span><\/span><\/span><span style=\"color: #000000\"><span style=\"font-family: Calibri,sans-serif\"><span style=\"font-size: medium\">t<\/span><\/span><\/span><span style=\"color: #000000\"><span style=\"font-family: Calibri,sans-serif\"><span style=\"font-size: medium\"> le Mar\u00e9chal<\/span><\/span><\/span><span style=\"color: #000000\"><span style=\"font-family: Calibri,sans-serif\"><span style=\"font-size: medium\"> P\u00e9tain <\/span><\/span><\/span><span style=\"color: #000000\"><span style=\"font-family: Calibri,sans-serif\"><span style=\"font-size: medium\">qui prom<\/span><\/span><\/span><span style=\"color: #000000\"><span style=\"font-family: Calibri,sans-serif\"><span style=\"font-size: medium\">eut<\/span><\/span><\/span><span style=\"color: #000000\"><span style=\"font-family: Calibri,sans-serif\"><span style=\"font-size: medium\"> un \u2018\u2019 retour \u00e0 la terre \u2018\u2019<\/span><\/span><\/span> <span style=\"color: #000000\"><span style=\"font-family: Calibri,sans-serif\"><span style=\"font-size: medium\">pour l\u2019ensemble <\/span><\/span><\/span><span style=\"color: #000000\"><span style=\"font-family: Calibri,sans-serif\"><span style=\"font-size: medium\">du monde agricole <\/span><\/span><\/span><span style=\"color: #000000\"><span style=\"font-family: Calibri,sans-serif\"><span style=\"font-size: medium\">et paysan <\/span><\/span><\/span><span style=\"color: #000000\"><span style=\"font-family: Calibri,sans-serif\"><span style=\"font-size: medium\">en d\u00e9clarant :<\/span><\/span><\/span><\/p>\n<blockquote>\n<p align=\"justify\"><span style=\"color: #000000\"><span style=\"font-family: Calibri,sans-serif\"><span style=\"font-size: medium\"> \u00ab\u00a0La France redeviendra<\/span><\/span><\/span> <span style=\"color: #000000\"><span style=\"font-family: Calibri,sans-serif\"><span style=\"font-size: medium\">ce qu\u2019elle n\u2019aurait jamais d\u00fb cesser d\u2019\u00eatre, une nation essentiellement agricole.\u00a0\u00bb <em>(Discours de P\u00e9tain \u00e0 Tulle, le 20 avril 1941)<\/em><\/span><\/span><\/span><span style=\"color: #000000\"><span style=\"font-family: Calibri,sans-serif\"><span style=\"font-size: medium\"><br \/>\n<\/span><\/span><\/span><\/p>\n<\/blockquote>\n<p align=\"justify\"><span style=\"font-family: Calibri,sans-serif\"><span style=\"color: #000000\"><span style=\"font-size: medium\">P\u00e9tain lance donc une<\/span><\/span><span style=\"color: #000000\"><span style=\"font-size: medium\"> restauration paysanne <\/span><\/span><span style=\"color: #000000\"><span style=\"font-size: medium\">avec la cr\u00e9ation d\u2019une<\/span><\/span><span style=\"color: #000000\"><span style=\"font-size: medium\"> corporation paysanne <\/span><\/span><span style=\"color: #000000\"><span style=\"font-size: medium\">qui f\u00e9d<\/span><\/span><span style=\"color: #000000\"><span style=\"font-size: medium\">\u00e8<\/span><\/span><span style=\"color: #000000\"><span style=\"font-size: medium\">re les <\/span><\/span><span style=\"color: #000000\"><span style=\"font-size: medium\">organismes agricoles, <\/span><\/span><span style=\"color: #000000\"><span style=\"font-size: medium\">les mutualit\u00e9s<\/span><\/span><span style=\"color: #000000\"><span style=\"font-size: medium\">, <\/span><\/span><span style=\"color: #000000\"><span style=\"font-size: medium\">elle <\/span><\/span><span style=\"color: #000000\"><span style=\"font-size: medium\">fait cohabiter les propri\u00e9taires avec les salari\u00e9s agricoles <\/span><\/span><span style=\"color: #000000\"><span style=\"font-size: medium\">et les artisans locaux<\/span><\/span><span style=\"color: #000000\"><span style=\"font-size: medium\">. <\/span><\/span><span style=\"color: #000000\"><span style=\"font-size: medium\">L\u2019objectif <\/span><\/span><span style=\"color: #000000\"><span style=\"font-size: medium\">principal<\/span><\/span><span style=\"color: #000000\"><span style=\"font-size: medium\"> \u00e9tant d\u2019adapter la production viticole au contexte de la guerre <\/span><\/span><span style=\"color: #000000\"><span style=\"font-size: medium\">qui voudrait<\/span><\/span><span style=\"color: #000000\"><span style=\"font-size: medium\"> privil\u00e9gier une exploitation de l\u00e9gume pour le ravitaillement plut\u00f4t que la vigne. Les mesures de taxation mises en place par <\/span><\/span><span style=\"color: #000000\"><span style=\"font-size: medium\">P\u00e9t<\/span><\/span><span style=\"color: #000000\"><span style=\"font-size: medium\">a<\/span><\/span><span style=\"color: #000000\"><span style=\"font-size: medium\">in<\/span><\/span><span style=\"color: #000000\"><span style=\"font-size: medium\"> en 1940 <\/span><\/span><span style=\"color: #000000\"><span style=\"font-size: medium\">font que ce n\u2019est plus le CNAO qui dirige les appellations d\u2019origine, mais l\u2019\u00c9tat<\/span><\/span><span style=\"color: #000000\"><span style=\"font-size: medium\">. <\/span><\/span><span style=\"color: #000000\"><span style=\"font-size: medium\">Appara\u00eet \u00e0 cela une <\/span><\/span><span style=\"color: #000000\"><span style=\"font-size: medium\">hausse <\/span><\/span><span style=\"color: #000000\"><span style=\"font-size: medium\">des fraudes sur le vin<\/span><\/span> <span style=\"color: #000000\"><span style=\"font-size: medium\">qui<\/span><\/span> <span style=\"color: #000000\"><span style=\"font-size: medium\">n\u00e9cessite un <\/span><\/span><span style=\"color: #000000\"><span style=\"font-size: medium\">durcissement de la r\u00e9glementation et <\/span><\/span><span style=\"color: #000000\"><span style=\"font-size: medium\">une<\/span><\/span><span style=\"color: #000000\"><span style=\"font-size: medium\"> s\u00e9v\u00e9rit\u00e9 des contr\u00f4les. <\/span><\/span><\/span><\/p>\n<p align=\"justify\"><span style=\"font-family: Calibri,sans-serif\"><span style=\"color: #000000\"><span style=\"font-size: medium\">En<\/span><\/span><span style=\"color: #000000\"><span style=\"font-size: medium\"> Cons\u00e9quence, l\u2019autorit\u00e9 du CNAO <\/span><\/span><span style=\"color: #000000\"><span style=\"font-size: medium\">s\u2019af<\/span><\/span><span style=\"color: #000000\"><span style=\"font-size: medium\">faibli<\/span><\/span><span style=\"color: #000000\"><span style=\"font-size: medium\">t<\/span><\/span><span style=\"color: #000000\"><span style=\"font-size: medium\"> sous le R\u00e9gime de Vichy. <\/span><\/span><span style=\"color: #000000\"><span style=\"font-size: medium\">P<\/span><\/span><span style=\"color: #000000\"><span style=\"font-size: medium\">orteur de protection et d\u2019authenticit\u00e9 <\/span><\/span><span style=\"color: #000000\"><span style=\"font-size: medium\">au moment de sa cr\u00e9ation, <\/span><\/span><span style=\"color: #000000\"><span style=\"font-size: medium\">la CNAO<\/span><\/span> <span style=\"color: #000000\"><span style=\"font-size: medium\">est d\u00e9so<\/span><\/span><span style=\"color: #000000\"><span style=\"font-size: medium\">r<\/span><\/span><span style=\"color: #000000\"><span style=\"font-size: medium\">mais supervis\u00e9e<\/span><\/span><span style=\"color: #000000\"><span style=\"font-size: medium\"> par l\u2019\u00c9tat <\/span><\/span><span style=\"color: #000000\"><span style=\"font-size: medium\">qui vote des lois pour fixer les conditions d\u2019\u00e9tiquetage <\/span><\/span><span style=\"color: #000000\"><span style=\"font-size: medium\">et<\/span><\/span><span style=\"color: #000000\"><span style=\"font-size: medium\"> l\u2019utilisation d\u2019engrais<\/span><\/span><span style=\"color: #000000\"><span style=\"font-size: medium\">. <\/span><\/span><\/span><\/p>\n","protected":false},"excerpt":{"rendered":"<p>La situation du monde rural \u00e0 la veille de 1939 est difficile, avec le climat de tensions permanent d\u00fb \u00e0 la guerre : la main d\u2019\u0153uvre est r\u00e9quisitionn\u00e9e sur les fronts, occupation allemande \u00e0 partir de juin 1940. \u00c0 cela r\u00e9agit le Mar\u00e9chal P\u00e9tain qui promeut un \u2018\u2019 retour \u00e0 la terre \u2018\u2019 pour l\u2019ensemble &hellip; <a href=\"https:\/\/blogs.univ-jfc.fr\/vigneetvin\/la-culture-de-la-vigne\/vignes-et-terroirs\/mise-en-place-et-levolution-du-terroir-viticole-au-xxeme-siecle\/le-controle-des-appellations-sous-le-gouvernement-de-vichy\/\" class=\"more-link\">Continuer la lecture de <span class=\"screen-reader-text\">Le contr\u00f4le des appellations sous le gouvernement de Vichy<\/span> <span class=\"meta-nav\">&rarr;<\/span><\/a><\/p>\n","protected":false},"author":271,"featured_media":0,"parent":121,"menu_order":2,"comment_status":"closed","ping_status":"closed","template":"","meta":[],"_links":{"self":[{"href":"https:\/\/blogs.univ-jfc.fr\/vigneetvin\/wp-json\/wp\/v2\/pages\/312"}],"collection":[{"href":"https:\/\/blogs.univ-jfc.fr\/vigneetvin\/wp-json\/wp\/v2\/pages"}],"about":[{"href":"https:\/\/blogs.univ-jfc.fr\/vigneetvin\/wp-json\/wp\/v2\/types\/page"}],"author":[{"embeddable":true,"href":"https:\/\/blogs.univ-jfc.fr\/vigneetvin\/wp-json\/wp\/v2\/users\/271"}],"replies":[{"embeddable":true,"href":"https:\/\/blogs.univ-jfc.fr\/vigneetvin\/wp-json\/wp\/v2\/comments?post=312"}],"version-history":[{"count":8,"href":"https:\/\/blogs.univ-jfc.fr\/vigneetvin\/wp-json\/wp\/v2\/pages\/312\/revisions"}],"predecessor-version":[{"id":4450,"href":"https:\/\/blogs.univ-jfc.fr\/vigneetvin\/wp-json\/wp\/v2\/pages\/312\/revisions\/4450"}],"up":[{"embeddable":true,"href":"https:\/\/blogs.univ-jfc.fr\/vigneetvin\/wp-json\/wp\/v2\/pages\/121"}],"wp:attachment":[{"href":"https:\/\/blogs.univ-jfc.fr\/vigneetvin\/wp-json\/wp\/v2\/media?parent=312"}],"curies":[{"name":"wp","href":"https:\/\/api.w.org\/{rel}","templated":true}]}}