{"id":3133,"date":"2017-03-22T08:42:15","date_gmt":"2017-03-22T07:42:15","guid":{"rendered":"http:\/\/blogs.univ-jfc.fr\/vigneetvin\/?page_id=3133"},"modified":"2017-03-22T08:42:15","modified_gmt":"2017-03-22T07:42:15","slug":"olivier-de-serres","status":"publish","type":"page","link":"https:\/\/blogs.univ-jfc.fr\/vigneetvin\/olivier-de-serres\/","title":{"rendered":"Olivier de Serres"},"content":{"rendered":"<p align=\"justify\">Olivier de Serres (1539 \u2013 1619) est consid\u00e9r\u00e9 comme le p\u00e8re de l&rsquo;agronomie Moderne en \u00e9tant le premier \u00e0 \u00e9tudier de fa\u00e7on scientifique l\u2019agriculture. Protestant actif, il est seigneur du Pradel, lieu sur lequel il pratique l&rsquo;exp\u00e9rimentation dans le but d&rsquo;\u00e9tudier et d&rsquo;am\u00e9liorer l&rsquo;agriculture. Il est l&rsquo;auteur de trois grands ouvrages\u00a0: la cueillette et la soie (1599), le th\u00e9\u00e2tre de l&rsquo;agriculture (en1600) et la Seconde richesse du m\u00fbrier blanc (1603).<br \/>\nSes travaux et trait\u00e9s ont une grande influence sur l&rsquo;agriculture moderne et les g\u00e9n\u00e9rations suivantes d\u2019agronomes tels que l&rsquo;Abb\u00e9 Rozier.<\/p>\n<p align=\"justify\">\n","protected":false},"excerpt":{"rendered":"<p>Olivier de Serres (1539 \u2013 1619) est consid\u00e9r\u00e9 comme le p\u00e8re de l&rsquo;agronomie Moderne en \u00e9tant le premier \u00e0 \u00e9tudier de fa\u00e7on scientifique l\u2019agriculture. Protestant actif, il est seigneur du Pradel, lieu sur lequel il pratique l&rsquo;exp\u00e9rimentation dans le but d&rsquo;\u00e9tudier et d&rsquo;am\u00e9liorer l&rsquo;agriculture. Il est l&rsquo;auteur de trois grands ouvrages\u00a0: la cueillette et la &hellip; <a href=\"https:\/\/blogs.univ-jfc.fr\/vigneetvin\/olivier-de-serres\/\" class=\"more-link\">Continuer la lecture de <span class=\"screen-reader-text\">Olivier de Serres<\/span> <span class=\"meta-nav\">&rarr;<\/span><\/a><\/p>\n","protected":false},"author":196,"featured_media":0,"parent":0,"menu_order":5,"comment_status":"closed","ping_status":"closed","template":"","meta":[],"_links":{"self":[{"href":"https:\/\/blogs.univ-jfc.fr\/vigneetvin\/wp-json\/wp\/v2\/pages\/3133"}],"collection":[{"href":"https:\/\/blogs.univ-jfc.fr\/vigneetvin\/wp-json\/wp\/v2\/pages"}],"about":[{"href":"https:\/\/blogs.univ-jfc.fr\/vigneetvin\/wp-json\/wp\/v2\/types\/page"}],"author":[{"embeddable":true,"href":"https:\/\/blogs.univ-jfc.fr\/vigneetvin\/wp-json\/wp\/v2\/users\/196"}],"replies":[{"embeddable":true,"href":"https:\/\/blogs.univ-jfc.fr\/vigneetvin\/wp-json\/wp\/v2\/comments?post=3133"}],"version-history":[{"count":1,"href":"https:\/\/blogs.univ-jfc.fr\/vigneetvin\/wp-json\/wp\/v2\/pages\/3133\/revisions"}],"predecessor-version":[{"id":3138,"href":"https:\/\/blogs.univ-jfc.fr\/vigneetvin\/wp-json\/wp\/v2\/pages\/3133\/revisions\/3138"}],"wp:attachment":[{"href":"https:\/\/blogs.univ-jfc.fr\/vigneetvin\/wp-json\/wp\/v2\/media?parent=3133"}],"curies":[{"name":"wp","href":"https:\/\/api.w.org\/{rel}","templated":true}]}}