{"id":3141,"date":"2017-03-22T08:50:57","date_gmt":"2017-03-22T07:50:57","guid":{"rendered":"http:\/\/blogs.univ-jfc.fr\/vigneetvin\/?page_id=3141"},"modified":"2017-03-22T08:50:57","modified_gmt":"2017-03-22T07:50:57","slug":"labbe-rozier","status":"publish","type":"page","link":"https:\/\/blogs.univ-jfc.fr\/vigneetvin\/labbe-rozier\/","title":{"rendered":"L&rsquo;Abb\u00e9 Rozier"},"content":{"rendered":"<p align=\"JUSTIFY\">Jean-Baptiste Fran\u00e7ois Rozier (1734-1793) est un agronome et botaniste s&rsquo;inscrivant dans la lign\u00e9 d&rsquo;Olivier de Serres. Eccl\u00e9siastique et professeur de botanique, il a voyag\u00e9 en Pays-Bas pour \u00e9tudier l&rsquo;agronomie et dans la France pour observer les diff\u00e9rentes m\u00e9thodes d&rsquo;exploitations agricoles. Il est connu pour \u00eatre l&rsquo;auteur du <i>Cours complet d&rsquo;agriculture th\u00e9orique, pratique, \u00e9conomique, et de m\u00e9decine rurale et v\u00e9t\u00e9rinaire <\/i>(1781-1800) en dix tomes. Il est aussi l&rsquo;auteur d&rsquo;un t<i>rait\u00e9 th\u00e9orique et pratique sur la culture de la vigne <\/i>(1801) et d&rsquo;un <i>Dictionnaire d\u2019agriculture et d\u2019\u00e9conomie rurale <\/i>(1804).<\/p>\n<p align=\"justify\">\n","protected":false},"excerpt":{"rendered":"<p>Jean-Baptiste Fran\u00e7ois Rozier (1734-1793) est un agronome et botaniste s&rsquo;inscrivant dans la lign\u00e9 d&rsquo;Olivier de Serres. Eccl\u00e9siastique et professeur de botanique, il a voyag\u00e9 en Pays-Bas pour \u00e9tudier l&rsquo;agronomie et dans la France pour observer les diff\u00e9rentes m\u00e9thodes d&rsquo;exploitations agricoles. Il est connu pour \u00eatre l&rsquo;auteur du Cours complet d&rsquo;agriculture th\u00e9orique, pratique, \u00e9conomique, et de &hellip; <a href=\"https:\/\/blogs.univ-jfc.fr\/vigneetvin\/labbe-rozier\/\" class=\"more-link\">Continuer la lecture de <span class=\"screen-reader-text\">L&rsquo;Abb\u00e9 Rozier<\/span> <span class=\"meta-nav\">&rarr;<\/span><\/a><\/p>\n","protected":false},"author":196,"featured_media":0,"parent":0,"menu_order":5,"comment_status":"closed","ping_status":"closed","template":"","meta":[],"_links":{"self":[{"href":"https:\/\/blogs.univ-jfc.fr\/vigneetvin\/wp-json\/wp\/v2\/pages\/3141"}],"collection":[{"href":"https:\/\/blogs.univ-jfc.fr\/vigneetvin\/wp-json\/wp\/v2\/pages"}],"about":[{"href":"https:\/\/blogs.univ-jfc.fr\/vigneetvin\/wp-json\/wp\/v2\/types\/page"}],"author":[{"embeddable":true,"href":"https:\/\/blogs.univ-jfc.fr\/vigneetvin\/wp-json\/wp\/v2\/users\/196"}],"replies":[{"embeddable":true,"href":"https:\/\/blogs.univ-jfc.fr\/vigneetvin\/wp-json\/wp\/v2\/comments?post=3141"}],"version-history":[{"count":1,"href":"https:\/\/blogs.univ-jfc.fr\/vigneetvin\/wp-json\/wp\/v2\/pages\/3141\/revisions"}],"predecessor-version":[{"id":3142,"href":"https:\/\/blogs.univ-jfc.fr\/vigneetvin\/wp-json\/wp\/v2\/pages\/3141\/revisions\/3142"}],"wp:attachment":[{"href":"https:\/\/blogs.univ-jfc.fr\/vigneetvin\/wp-json\/wp\/v2\/media?parent=3141"}],"curies":[{"name":"wp","href":"https:\/\/api.w.org\/{rel}","templated":true}]}}