{"id":317,"date":"2017-02-09T09:37:03","date_gmt":"2017-02-09T08:37:03","guid":{"rendered":"http:\/\/blogs.univ-jfc.fr\/vigneetvin\/?page_id=317"},"modified":"2017-03-30T07:57:48","modified_gmt":"2017-03-30T06:57:48","slug":"c-de-lapres-guerre-a-la-nouvelle-donne-europeenne","status":"publish","type":"page","link":"https:\/\/blogs.univ-jfc.fr\/vigneetvin\/la-culture-de-la-vigne\/vignes-et-terroirs\/mise-en-place-et-levolution-du-terroir-viticole-au-xxeme-siecle\/c-de-lapres-guerre-a-la-nouvelle-donne-europeenne\/","title":{"rendered":"De l\u2019apr\u00e8s-guerre \u00e0 la nouvelle donne europ\u00e9enne"},"content":{"rendered":"<p align=\"justify\"><span style=\"font-family: Calibri,sans-serif\"><span style=\"font-size: medium\">Apr\u00e8s la Seconde Guerre mondiale, le CNAO q<\/span><span style=\"font-size: medium\">ui a perdu son autonomie sous le R\u00e9gime de Vichy <\/span><span style=\"font-size: medium\">conna\u00eet une r\u00e9forme g\u00e9n\u00e9rale et se mue en <\/span><a href=\"http:\/\/blogs.univ-jfc.fr\/vigneetvin\/la-culture-de-la-vigne\/vignes-et-terroirs\/mise-en-place-et-levolution-du-terroir-viticole-au-xxeme-siecle\/cnao-inao\/\"><span style=\"font-size: medium\">Institut National des Appellations d\u2019Origine <\/span><\/a><span style=\"font-size: medium\">(INAO) p<\/span><span style=\"font-size: medium\">ar le D\u00e9cret du 16 juillet<\/span><span style=\"font-size: medium\"> 1947<\/span><span style=\"font-size: medium\">.<\/span> <span style=\"font-size: medium\">Pierre Le Roy de Boiseaumari\u00e9 prend la t\u00eate de l\u2019INAO et m<\/span><span style=\"font-size: medium\">\u00e8ne <\/span><span style=\"font-size: medium\">une politique favorable <\/span><span style=\"font-size: medium\">aux<\/span><span style=\"font-size: medium\"> AOC <\/span><span style=\"font-size: medium\">qui font face \u00e0 des taxes de productions sup\u00e9rieures \u00e0 celle<\/span><span style=\"font-size: medium\">s<\/span><span style=\"font-size: medium\"> des autres vins<\/span><span style=\"font-size: medium\">. I<\/span><span style=\"font-size: medium\">l veut les faire conna\u00eetre, <\/span><span style=\"font-size: medium\">l<\/span><span style=\"font-size: medium\">es l\u00e9gitimer \u00e0 l\u2019international<\/span><span style=\"color: #000000\"><span style=\"font-size: medium\">. <\/span><\/span><span style=\"color: #000000\"><span style=\"font-size: medium\">L<\/span><\/span><span style=\"color: #000000\"><span style=\"font-size: medium\">\u2019INAO retrouve une stabilit\u00e9, <\/span><\/span><span style=\"color: #000000\"><span style=\"font-size: medium\">une<\/span><\/span><span style=\"color: #000000\"><span style=\"font-size: medium\"> force, et <\/span><\/span><span style=\"color: #000000\"><span style=\"font-size: medium\">une <\/span><\/span><span style=\"color: #000000\"><span style=\"font-size: medium\">coh\u00e9rence au niveau international. <\/span><\/span><span style=\"color: #000000\"><span style=\"font-size: medium\">Elle <\/span><\/span><span style=\"color: #000000\"><span style=\"font-size: medium\">noue par la suite<\/span><\/span><span style=\"color: #000000\"><span style=\"font-size: medium\"> un dialogue avec la Commission europ\u00e9enne pour d\u00e9fendre au mieux les AOC et leur accorder une meilleure <\/span><\/span><span style=\"color: #000000\"><span style=\"font-size: medium\">protection et acceptation en Europ<\/span><\/span><span style=\"color: #000000\"><span style=\"font-size: medium\">e<\/span><\/span> <span style=\"color: #000000\"><span style=\"font-size: medium\">notamment en France qui d\u00e9veloppe aux lendemains de la guerre un<\/span><\/span> <span style=\"color: #000000\"><span style=\"font-size: medium\"> fort courant anti-alcoolique.<br \/>\n<\/span><\/span><\/span><\/p>\n<p align=\"justify\"><span style=\"font-family: Calibri,sans-serif\"><span style=\"font-size: medium\">\u00c0 <\/span><span style=\"font-size: medium\">partir de <\/span><span style=\"font-size: medium\">janvier 2007, l\u2019I<\/span><span style=\"font-size: medium\">NAO modifie une fois de plus son nom en<\/span><span style=\"font-size: medium\"> dev<\/span><span style=\"font-size: medium\">enant<\/span><span style=\"font-size: medium\"> l\u2019Institut national de l\u2019origine et de la qualit\u00e9. <\/span><span style=\"font-size: medium\">L\u2019objectif n\u2019est pas de seulement<\/span><span style=\"font-size: medium\"> modifie<\/span><span style=\"font-size: medium\">r son nom, l\u2019INAO <\/span><span style=\"font-size: medium\">s\u2019\u00e9largit : <\/span><span style=\"font-size: medium\">il<\/span><span style=\"font-size: medium\"> se charge de l<\/span><span style=\"font-size: medium\">\u2019identification de l\u2019origine et de la qualit\u00e9 <\/span><span style=\"font-size: medium\">des produits sous signes officiels (AOC puis AOP \u00e0 partir de 2009, IGP<\/span><span style=\"font-size: medium\"> indication g\u00e9ographique prot\u00e9g\u00e9e<\/span><span style=\"font-size: medium\">). En <\/span><span style=\"font-size: medium\">effet, en <\/span><span style=\"font-size: medium\">2009, le cadre de protection des vins change, les AOC <\/span><span style=\"font-size: medium\">devenant les<\/span><span style=\"font-size: medium\"> appellations d\u2019origine prot\u00e9g\u00e9es (AOP). L\u2019int\u00e9r\u00eat de <\/span><span style=\"font-size: medium\">ce<\/span><span style=\"font-size: medium\"> changement est qu\u2019il facilite la mise en valeur des terroirs et les traditions locales car, pour obtenir le label AOP, il faut remplir le cahier des charges \u00e9labor\u00e9 et contr\u00f4l\u00e9 par l\u2019INAO, <\/span><span style=\"font-size: medium\">n\u2019importe quel vignoble ne peut donc pas avoir le label AOP<\/span><span style=\"font-size: medium\">. <\/span><span style=\"font-size: medium\">Il<\/span> <span style=\"font-size: medium\">devient le<\/span><span style=\"font-size: medium\"> principal institut <\/span><span style=\"font-size: medium\">de r\u00e9glementation<\/span><span style=\"font-size: medium\"> : <\/span><span style=\"font-size: medium\">c\u2019est lui qui<\/span> <span style=\"font-size: medium\">se charge de la r\u00e9daction du <\/span><span style=\"font-size: medium\">cahier des charges <\/span><span style=\"font-size: medium\">par l\u2019interm\u00e9diaire de <a href=\"http:\/\/blogs.univ-jfc.fr\/vigneetvin\/la-culture-de-la-vigne\/vignes-et-terroirs\/mise-en-place-et-levolution-du-terroir-viticole-au-xxeme-siecle\/cnao-inao\/\">l\u2019Organisme de D\u00e9fense et de la Gestion<\/a> (ODG), <\/span><span style=\"font-size: medium\">et c<\/span><span style=\"font-size: medium\">\u2019est lui qui <\/span><span style=\"font-size: medium\">veille \u00e0 sa bonne application par <\/span><span style=\"font-size: medium\"><a href=\"http:\/\/blogs.univ-jfc.fr\/vigneetvin\/la-culture-de-la-vigne\/vignes-et-terroirs\/mise-en-place-et-levolution-du-terroir-viticole-au-xxeme-siecle\/cnao-inao\/\">l\u2019Organisme d\u2019Inspection<\/a> (OI) qui organise un contr\u00f4le si l\u2019ODG constate un probl\u00e8me <\/span><span style=\"font-size: medium\">dans la qualit\u00e9 du vin mis en vente<\/span><span style=\"font-size: medium\">.<\/span><\/span><\/p>\n<p align=\"justify\"><span style=\"font-family: Calibri,sans-serif\"><span style=\"font-size: medium\">L\u2019INAO n\u2019est pas seulement le gendarme des AOC car il <\/span><span style=\"font-size: medium\">participe <\/span><span style=\"font-size: medium\">aussi <\/span><span style=\"font-size: medium\">\u00e0 la lutte contre la fraude et \u00e0 la reconnaissance europ\u00e9enne voire mondiale des AOP et des IGP. C\u2019<\/span><span style=\"font-size: medium\">est c<\/span><span style=\"font-size: medium\">ette r\u00e9organisation administrative permanente men\u00e9e par l\u2019INAO depuis le lendemain de la Seconde Guerre mondiale <\/span><span style=\"font-size: medium\">qui lui a <\/span><span style=\"font-size: medium\">permis<\/span><span style=\"font-size: medium\"> de ne pas s\u2019\u00e9crouler.<\/span><\/span><\/p>\n","protected":false},"excerpt":{"rendered":"<p>Apr\u00e8s la Seconde Guerre mondiale, le CNAO qui a perdu son autonomie sous le R\u00e9gime de Vichy conna\u00eet une r\u00e9forme g\u00e9n\u00e9rale et se mue en Institut National des Appellations d\u2019Origine (INAO) par le D\u00e9cret du 16 juillet 1947. Pierre Le Roy de Boiseaumari\u00e9 prend la t\u00eate de l\u2019INAO et m\u00e8ne une politique favorable aux AOC &hellip; <a href=\"https:\/\/blogs.univ-jfc.fr\/vigneetvin\/la-culture-de-la-vigne\/vignes-et-terroirs\/mise-en-place-et-levolution-du-terroir-viticole-au-xxeme-siecle\/c-de-lapres-guerre-a-la-nouvelle-donne-europeenne\/\" class=\"more-link\">Continuer la lecture de <span class=\"screen-reader-text\">De l\u2019apr\u00e8s-guerre \u00e0 la nouvelle donne europ\u00e9enne<\/span> <span class=\"meta-nav\">&rarr;<\/span><\/a><\/p>\n","protected":false},"author":271,"featured_media":0,"parent":121,"menu_order":3,"comment_status":"closed","ping_status":"closed","template":"","meta":[],"_links":{"self":[{"href":"https:\/\/blogs.univ-jfc.fr\/vigneetvin\/wp-json\/wp\/v2\/pages\/317"}],"collection":[{"href":"https:\/\/blogs.univ-jfc.fr\/vigneetvin\/wp-json\/wp\/v2\/pages"}],"about":[{"href":"https:\/\/blogs.univ-jfc.fr\/vigneetvin\/wp-json\/wp\/v2\/types\/page"}],"author":[{"embeddable":true,"href":"https:\/\/blogs.univ-jfc.fr\/vigneetvin\/wp-json\/wp\/v2\/users\/271"}],"replies":[{"embeddable":true,"href":"https:\/\/blogs.univ-jfc.fr\/vigneetvin\/wp-json\/wp\/v2\/comments?post=317"}],"version-history":[{"count":4,"href":"https:\/\/blogs.univ-jfc.fr\/vigneetvin\/wp-json\/wp\/v2\/pages\/317\/revisions"}],"predecessor-version":[{"id":4225,"href":"https:\/\/blogs.univ-jfc.fr\/vigneetvin\/wp-json\/wp\/v2\/pages\/317\/revisions\/4225"}],"up":[{"embeddable":true,"href":"https:\/\/blogs.univ-jfc.fr\/vigneetvin\/wp-json\/wp\/v2\/pages\/121"}],"wp:attachment":[{"href":"https:\/\/blogs.univ-jfc.fr\/vigneetvin\/wp-json\/wp\/v2\/media?parent=317"}],"curies":[{"name":"wp","href":"https:\/\/api.w.org\/{rel}","templated":true}]}}