{"id":324,"date":"2017-02-09T09:35:25","date_gmt":"2017-02-09T08:35:25","guid":{"rendered":"http:\/\/blogs.univ-jfc.fr\/vigneetvin\/?page_id=324"},"modified":"2017-03-30T08:54:03","modified_gmt":"2017-03-30T07:54:03","slug":"la-vigne-paysanne-une-culture-supplementaire","status":"publish","type":"page","link":"https:\/\/blogs.univ-jfc.fr\/vigneetvin\/la-culture-de-la-vigne\/le-cycle-de-la-vigne\/un-cycle-contraint-par-des-acteurs\/la-vigne-paysanne-une-culture-supplementaire\/","title":{"rendered":"La vigne paysanne\u00a0: une culture suppl\u00e9mentaire"},"content":{"rendered":"<p align=\"justify\">Le dernier propri\u00e9taire de la vigne que l\u2019on peut \u00e9voquer est le paysan. Du fait de la petite surface des exploitations (une vigne paysanne est l&rsquo;\u00e9quivalent d&rsquo;un potager moderne), la production est essentiellement vivri\u00e8re (les paysans peuvent au mieux obtenir de cette culture annexe une petite source de revenus suppl\u00e9mentaire). N\u00e9anmoins, cette vigne joue un r\u00f4le dans l\u2019adaptation du cycle de la vigne g\u00e9n\u00e9ral puisqu\u2019il est raccourci. Il faut, en effet, s\u2019occuper \u00e0 la fois de sa vigne et de celle du seigneur, dont les p\u00e9riodes d&rsquo;entretien sont g\u00e9n\u00e9ralement assez proches, ainsi que de l\u2019ensemble des t\u00e2ches quotidiennes.<\/p>\n<figure id=\"attachment_1303\" aria-describedby=\"caption-attachment-1303\" style=\"width: 221px\" class=\"wp-caption alignleft\"><a href=\"http:\/\/blogs.univ-jfc.fr\/vigneetvin\/wp-content\/uploads\/sites\/56\/2017\/02\/Taille-de-la-vigne.jpg\"><img loading=\"lazy\" class=\"wp-image-1303\" title=\"http:\/\/www.musee-virtuel-vin.fr\/siteimages\/en%20vp%20les%2020%20travaux%20mars%201460-1475.jpg\" src=\"http:\/\/blogs.univ-jfc.fr\/vigneetvin\/wp-content\/uploads\/sites\/56\/2017\/02\/Taille-de-la-vigne.jpg\" alt=\"\" width=\"221\" height=\"248\" srcset=\"https:\/\/blogs.univ-jfc.fr\/vigneetvin\/wp-content\/uploads\/sites\/56\/2017\/02\/Taille-de-la-vigne.jpg 588w, https:\/\/blogs.univ-jfc.fr\/vigneetvin\/wp-content\/uploads\/sites\/56\/2017\/02\/Taille-de-la-vigne-267x300.jpg 267w\" sizes=\"(max-width: 221px) 100vw, 221px\" \/><\/a><figcaption id=\"caption-attachment-1303\" class=\"wp-caption-text\">Taille de la vigne op\u00e9r\u00e9e par des paysans, extrait du <i><u><span style=\"color: #000000\">Trait\u00e9 d\u2019agronomie <\/span><\/u><\/i>de Pierre de Crescens, 1459<\/figcaption><\/figure>\n<p align=\"justify\">Ainsi, on a not\u00e9 des tensions entre les paysans et leur seigneur. Ces derniers estimant qu&rsquo;ils passaient plus de temps \u00e0 s&rsquo;occuper de leur propre exploitation au lieu de s&rsquo;acquitter de leurs corv\u00e9es (nombre d&rsquo;heures obligatoires o\u00f9 un paysan doit exploiter gratuitement les terres de son seigneur). De plus, de nombreux cas de vol auraient \u00e9t\u00e9 relev\u00e9s, les paysans prenant les meilleures boutures du seigneur pour les planter dans leur exploitation personnelle.<\/p>\n<p align=\"justify\">Le paysan pratique parfois une polyculture en faisant pousser sur ses terres \u00e0 la fois des vignes et des l\u00e9gumineuses (pois, f\u00e8ves, lentilles) qui ont un cycle de croissance diff\u00e9rent.\u00a0Ceci lui permet d&rsquo;alterner les moments d&rsquo;entretien de chaque plante. On peut prendre pour exemple le Sud de la France o\u00f9 les l\u00e9gumineuses s\u00e9paraient les vignes<span style=\"font-family: Times New Roman,serif\">.<\/span><\/p>\n<p align=\"justify\">Le m\u00e9tier se transmettait de p\u00e8re en fils. En effet, les techniques de culture, par le prix des livres \u00e0 l&rsquo;\u00e9poque, \u00e9taient transmises \u00e0 l&rsquo;oral. Cependant, l&rsquo;invention de l&rsquo;imprimerie par Johannes Gutenberg en 1450 permet une diffusion de tout type de textes dans toute la France, comme par exemple des manuels de viticulture. Ainsi, n&rsquo;importe qui peut entretenir un vignoble. Certains de ces conseils sont encore utilis\u00e9s aujourd&rsquo;hui.<\/p>\n<p align=\"justify\">Le<a href=\"http:\/\/blogs.univ-jfc.fr\/vigneetvin\/la-culture-de-la-vigne\/le-cycle-de-la-vigne\/un-cycle-contraint-par-des-acteurs\/lheritage-pour-les-vignerons-contemporain\/\"> syst\u00e8me viticole de l&rsquo;\u00e9poque contemporaine<\/a>\u00a0 pr\u00e9sente\u00a0 de nombreuses similitudes avec\u00a0 l&rsquo;\u00e9poque m\u00e9di\u00e9vale.<\/p>\n<div id=\"sdfootnote1\">\n<p align=\"justify\"><strong>Pour aller plus loin :<\/strong><\/p>\n<p align=\"justify\">FOURQUIN Guy, <i>Le paysan d\u2019Occident au Moyen Age<\/i>, Paris, Nathan, p.198<\/p>\n<\/div>\n","protected":false},"excerpt":{"rendered":"<p>Le dernier propri\u00e9taire de la vigne que l\u2019on peut \u00e9voquer est le paysan. Du fait de la petite surface des exploitations (une vigne paysanne est l&rsquo;\u00e9quivalent d&rsquo;un potager moderne), la production est essentiellement vivri\u00e8re (les paysans peuvent au mieux obtenir de cette culture annexe une petite source de revenus suppl\u00e9mentaire). N\u00e9anmoins, cette vigne joue un &hellip; <a href=\"https:\/\/blogs.univ-jfc.fr\/vigneetvin\/la-culture-de-la-vigne\/le-cycle-de-la-vigne\/un-cycle-contraint-par-des-acteurs\/la-vigne-paysanne-une-culture-supplementaire\/\" class=\"more-link\">Continuer la lecture de <span class=\"screen-reader-text\">La vigne paysanne\u00a0: une culture suppl\u00e9mentaire<\/span> <span class=\"meta-nav\">&rarr;<\/span><\/a><\/p>\n","protected":false},"author":274,"featured_media":0,"parent":295,"menu_order":3,"comment_status":"closed","ping_status":"closed","template":"","meta":[],"_links":{"self":[{"href":"https:\/\/blogs.univ-jfc.fr\/vigneetvin\/wp-json\/wp\/v2\/pages\/324"}],"collection":[{"href":"https:\/\/blogs.univ-jfc.fr\/vigneetvin\/wp-json\/wp\/v2\/pages"}],"about":[{"href":"https:\/\/blogs.univ-jfc.fr\/vigneetvin\/wp-json\/wp\/v2\/types\/page"}],"author":[{"embeddable":true,"href":"https:\/\/blogs.univ-jfc.fr\/vigneetvin\/wp-json\/wp\/v2\/users\/274"}],"replies":[{"embeddable":true,"href":"https:\/\/blogs.univ-jfc.fr\/vigneetvin\/wp-json\/wp\/v2\/comments?post=324"}],"version-history":[{"count":20,"href":"https:\/\/blogs.univ-jfc.fr\/vigneetvin\/wp-json\/wp\/v2\/pages\/324\/revisions"}],"predecessor-version":[{"id":4532,"href":"https:\/\/blogs.univ-jfc.fr\/vigneetvin\/wp-json\/wp\/v2\/pages\/324\/revisions\/4532"}],"up":[{"embeddable":true,"href":"https:\/\/blogs.univ-jfc.fr\/vigneetvin\/wp-json\/wp\/v2\/pages\/295"}],"wp:attachment":[{"href":"https:\/\/blogs.univ-jfc.fr\/vigneetvin\/wp-json\/wp\/v2\/media?parent=324"}],"curies":[{"name":"wp","href":"https:\/\/api.w.org\/{rel}","templated":true}]}}