{"id":3294,"date":"2017-03-22T16:41:21","date_gmt":"2017-03-22T15:41:21","guid":{"rendered":"http:\/\/blogs.univ-jfc.fr\/vigneetvin\/?page_id=3294"},"modified":"2017-04-17T17:34:37","modified_gmt":"2017-04-17T16:34:37","slug":"les-categories-depicuriens","status":"publish","type":"page","link":"https:\/\/blogs.univ-jfc.fr\/vigneetvin\/gaillac-et-le-vin\/vigne-et-vin-dans-le-gaillac-daujourdhui\/les-labels\/loenotourisme\/les-categories-depicuriens\/","title":{"rendered":"Les cat\u00e9gories d&rsquo;\u00e9picuriens"},"content":{"rendered":"<p align=\"justify\">C&rsquo;est Atout France qui, via la publication \u00ab\u00a0Tourisme et Vin\u00a0: r\u00e9ussir sa mise en march\u00e9\u00a0\u00bb, d\u00e9voile les profils types des clients. Les \u00e9picuriens visitent les caves, ach\u00e8tent du vin et se restaurent. Ils repr\u00e9sentent<a href=\"http:\/\/www.vinetsociete.fr\/magazine\/article\/l-oenotourisme-1-2-l-oenotouriste-un-touriste-pas-comme-les-autres\"> 40\u00a0%<\/a> des oenotouristes. La deuxi\u00e8me cat\u00e9gorie concerne (24%) les personnes moins adeptes des s\u00e9jours mais qui viennent pour la d\u00e9couverte du vin et de son patrimoine. Les explorateurs (20%) , quant \u00e0 eux, ont le d\u00e9sir de d\u00e9couvrir le vignoble bien sur, mais \u00e9galement les vins connus comme m\u00e9connus. La derni\u00e8re cat\u00e9gorie, mais non des moindres, est \u00e0 la recherche de l&rsquo;histoire du terroir et de sa culture, mais notamment de l&rsquo;univers du vin en g\u00e9n\u00e9ral. Ce sont les experts.<\/p>\n<p align=\"justify\">\n","protected":false},"excerpt":{"rendered":"<p>C&rsquo;est Atout France qui, via la publication \u00ab\u00a0Tourisme et Vin\u00a0: r\u00e9ussir sa mise en march\u00e9\u00a0\u00bb, d\u00e9voile les profils types des clients. Les \u00e9picuriens visitent les caves, ach\u00e8tent du vin et se restaurent. Ils repr\u00e9sentent 40\u00a0% des oenotouristes. La deuxi\u00e8me cat\u00e9gorie concerne (24%) les personnes moins adeptes des s\u00e9jours mais qui viennent pour la d\u00e9couverte du &hellip; <a href=\"https:\/\/blogs.univ-jfc.fr\/vigneetvin\/gaillac-et-le-vin\/vigne-et-vin-dans-le-gaillac-daujourdhui\/les-labels\/loenotourisme\/les-categories-depicuriens\/\" class=\"more-link\">Continuer la lecture de <span class=\"screen-reader-text\">Les cat\u00e9gories d&rsquo;\u00e9picuriens<\/span> <span class=\"meta-nav\">&rarr;<\/span><\/a><\/p>\n","protected":false},"author":188,"featured_media":0,"parent":769,"menu_order":0,"comment_status":"closed","ping_status":"closed","template":"","meta":[],"_links":{"self":[{"href":"https:\/\/blogs.univ-jfc.fr\/vigneetvin\/wp-json\/wp\/v2\/pages\/3294"}],"collection":[{"href":"https:\/\/blogs.univ-jfc.fr\/vigneetvin\/wp-json\/wp\/v2\/pages"}],"about":[{"href":"https:\/\/blogs.univ-jfc.fr\/vigneetvin\/wp-json\/wp\/v2\/types\/page"}],"author":[{"embeddable":true,"href":"https:\/\/blogs.univ-jfc.fr\/vigneetvin\/wp-json\/wp\/v2\/users\/188"}],"replies":[{"embeddable":true,"href":"https:\/\/blogs.univ-jfc.fr\/vigneetvin\/wp-json\/wp\/v2\/comments?post=3294"}],"version-history":[{"count":3,"href":"https:\/\/blogs.univ-jfc.fr\/vigneetvin\/wp-json\/wp\/v2\/pages\/3294\/revisions"}],"predecessor-version":[{"id":4897,"href":"https:\/\/blogs.univ-jfc.fr\/vigneetvin\/wp-json\/wp\/v2\/pages\/3294\/revisions\/4897"}],"up":[{"embeddable":true,"href":"https:\/\/blogs.univ-jfc.fr\/vigneetvin\/wp-json\/wp\/v2\/pages\/769"}],"wp:attachment":[{"href":"https:\/\/blogs.univ-jfc.fr\/vigneetvin\/wp-json\/wp\/v2\/media?parent=3294"}],"curies":[{"name":"wp","href":"https:\/\/api.w.org\/{rel}","templated":true}]}}