{"id":3383,"date":"2017-03-23T14:41:31","date_gmt":"2017-03-23T13:41:31","guid":{"rendered":"http:\/\/blogs.univ-jfc.fr\/vigneetvin\/?page_id=3383"},"modified":"2017-03-23T14:41:31","modified_gmt":"2017-03-23T13:41:31","slug":"boom-ferroviaire","status":"publish","type":"page","link":"https:\/\/blogs.univ-jfc.fr\/vigneetvin\/gaillac-et-le-vin\/une-histoire-du-vignoble-gaillacois\/le-vignoble-gaillacois-au-xixe-siecle\/i-la-revolution-industrielle-une-profonde-mutation-sur-le-vignoble\/a-les-changements-lies-a-larrivee-du-chemin-de-fer-sur-le-vignoble-gaillacois\/boom-ferroviaire\/","title":{"rendered":"Boom ferroviaire"},"content":{"rendered":"<p align=\"justify\">Boom ferroviaire\u00a0: Qualifie l&rsquo;\u00e9volution rapide de la France \u00e0 d\u00e9velopper ses trains et d\u2019accro\u00eetre son r\u00e9seau ferroviaire.<\/p>\n","protected":false},"excerpt":{"rendered":"<p>Boom ferroviaire\u00a0: Qualifie l&rsquo;\u00e9volution rapide de la France \u00e0 d\u00e9velopper ses trains et d\u2019accro\u00eetre son r\u00e9seau ferroviaire.<\/p>\n","protected":false},"author":197,"featured_media":0,"parent":691,"menu_order":5,"comment_status":"closed","ping_status":"closed","template":"","meta":[],"_links":{"self":[{"href":"https:\/\/blogs.univ-jfc.fr\/vigneetvin\/wp-json\/wp\/v2\/pages\/3383"}],"collection":[{"href":"https:\/\/blogs.univ-jfc.fr\/vigneetvin\/wp-json\/wp\/v2\/pages"}],"about":[{"href":"https:\/\/blogs.univ-jfc.fr\/vigneetvin\/wp-json\/wp\/v2\/types\/page"}],"author":[{"embeddable":true,"href":"https:\/\/blogs.univ-jfc.fr\/vigneetvin\/wp-json\/wp\/v2\/users\/197"}],"replies":[{"embeddable":true,"href":"https:\/\/blogs.univ-jfc.fr\/vigneetvin\/wp-json\/wp\/v2\/comments?post=3383"}],"version-history":[{"count":1,"href":"https:\/\/blogs.univ-jfc.fr\/vigneetvin\/wp-json\/wp\/v2\/pages\/3383\/revisions"}],"predecessor-version":[{"id":3384,"href":"https:\/\/blogs.univ-jfc.fr\/vigneetvin\/wp-json\/wp\/v2\/pages\/3383\/revisions\/3384"}],"up":[{"embeddable":true,"href":"https:\/\/blogs.univ-jfc.fr\/vigneetvin\/wp-json\/wp\/v2\/pages\/691"}],"wp:attachment":[{"href":"https:\/\/blogs.univ-jfc.fr\/vigneetvin\/wp-json\/wp\/v2\/media?parent=3383"}],"curies":[{"name":"wp","href":"https:\/\/api.w.org\/{rel}","templated":true}]}}