{"id":3430,"date":"2017-03-25T10:53:05","date_gmt":"2017-03-25T09:53:05","guid":{"rendered":"http:\/\/blogs.univ-jfc.fr\/vigneetvin\/?page_id=3430"},"modified":"2017-03-30T08:04:50","modified_gmt":"2017-03-30T07:04:50","slug":"serpe-et-serpette","status":"publish","type":"page","link":"https:\/\/blogs.univ-jfc.fr\/vigneetvin\/serpe-et-serpette\/","title":{"rendered":"Serpe et serpette"},"content":{"rendered":"<p align=\"justify\">La serpe est un outil agricole datant de l&rsquo;Antiquit\u00e9. Elle dispose d\u2019un petit manche pour \u00eatre maniable et d\u2019une lame recourb\u00e9e pour pouvoir couper de petites branches plus facilement. Appel\u00e9e \u00a0la serpe \u00e0 tailler ou la serpe du vigneron, elle sert \u00e0 tailler et entretenir les vignes.<\/p>\n<p align=\"justify\">La serpette a les m\u00eames fonctions sauf qu\u2019il s\u2019agit d\u2019une serpe miniature. Elle est tr\u00e8s utilis\u00e9e durant l\u2019\u00e9poque Moderne car c\u2019est un outil que le paysan peut se fabriquer ou se procurer simplement et rapidement.<\/p>\n<figure id=\"attachment_3432\" aria-describedby=\"caption-attachment-3432\" style=\"width: 283px\" class=\"wp-caption aligncenter\"><a href=\"http:\/\/blogs.univ-jfc.fr\/vigneetvin\/wp-content\/uploads\/sites\/56\/2017\/03\/serpettes.png\"><img loading=\"lazy\" class=\"wp-image-3432 size-full\" src=\"http:\/\/blogs.univ-jfc.fr\/vigneetvin\/wp-content\/uploads\/sites\/56\/2017\/03\/serpettes.png\" alt=\"\" width=\"283\" height=\"377\" srcset=\"https:\/\/blogs.univ-jfc.fr\/vigneetvin\/wp-content\/uploads\/sites\/56\/2017\/03\/serpettes.png 283w, https:\/\/blogs.univ-jfc.fr\/vigneetvin\/wp-content\/uploads\/sites\/56\/2017\/03\/serpettes-225x300.png 225w\" sizes=\"(max-width: 283px) 100vw, 283px\" \/><\/a><figcaption id=\"caption-attachment-3432\" class=\"wp-caption-text\">Serpette du Sud Ouest, diverses \u00e9poques, \u00a0mus\u00e9e Invincible Vigneron.<\/figcaption><\/figure>\n","protected":false},"excerpt":{"rendered":"<p>La serpe est un outil agricole datant de l&rsquo;Antiquit\u00e9. Elle dispose d\u2019un petit manche pour \u00eatre maniable et d\u2019une lame recourb\u00e9e pour pouvoir couper de petites branches plus facilement. Appel\u00e9e \u00a0la serpe \u00e0 tailler ou la serpe du vigneron, elle sert \u00e0 tailler et entretenir les vignes. La serpette a les m\u00eames fonctions sauf qu\u2019il &hellip; <a href=\"https:\/\/blogs.univ-jfc.fr\/vigneetvin\/serpe-et-serpette\/\" class=\"more-link\">Continuer la lecture de <span class=\"screen-reader-text\">Serpe et serpette<\/span> <span class=\"meta-nav\">&rarr;<\/span><\/a><\/p>\n","protected":false},"author":196,"featured_media":0,"parent":0,"menu_order":5,"comment_status":"closed","ping_status":"closed","template":"","meta":[],"_links":{"self":[{"href":"https:\/\/blogs.univ-jfc.fr\/vigneetvin\/wp-json\/wp\/v2\/pages\/3430"}],"collection":[{"href":"https:\/\/blogs.univ-jfc.fr\/vigneetvin\/wp-json\/wp\/v2\/pages"}],"about":[{"href":"https:\/\/blogs.univ-jfc.fr\/vigneetvin\/wp-json\/wp\/v2\/types\/page"}],"author":[{"embeddable":true,"href":"https:\/\/blogs.univ-jfc.fr\/vigneetvin\/wp-json\/wp\/v2\/users\/196"}],"replies":[{"embeddable":true,"href":"https:\/\/blogs.univ-jfc.fr\/vigneetvin\/wp-json\/wp\/v2\/comments?post=3430"}],"version-history":[{"count":4,"href":"https:\/\/blogs.univ-jfc.fr\/vigneetvin\/wp-json\/wp\/v2\/pages\/3430\/revisions"}],"predecessor-version":[{"id":4298,"href":"https:\/\/blogs.univ-jfc.fr\/vigneetvin\/wp-json\/wp\/v2\/pages\/3430\/revisions\/4298"}],"wp:attachment":[{"href":"https:\/\/blogs.univ-jfc.fr\/vigneetvin\/wp-json\/wp\/v2\/media?parent=3430"}],"curies":[{"name":"wp","href":"https:\/\/api.w.org\/{rel}","templated":true}]}}