{"id":3499,"date":"2017-03-25T15:09:06","date_gmt":"2017-03-25T14:09:06","guid":{"rendered":"http:\/\/blogs.univ-jfc.fr\/vigneetvin\/?page_id=3499"},"modified":"2017-03-25T18:05:47","modified_gmt":"2017-03-25T17:05:47","slug":"pyrale","status":"publish","type":"page","link":"https:\/\/blogs.univ-jfc.fr\/vigneetvin\/gaillac-et-le-vin\/une-histoire-du-vignoble-gaillacois\/le-vignoble-gaillacois-au-xixe-siecle\/les-maladies-de-la-vigne-et-les-crises-sociales-une-epreuve-pour-le-terroir-gaillacois\/la-menace-des-maladies-fongiques-et-du-phylloxera\/pyrale\/","title":{"rendered":"Pyrale"},"content":{"rendered":"<p align=\"justify\">La pyrale est un ravageur de la vigne apparut dans les ann\u00e9es 1830. Il s&rsquo;agit de chenilles hibernant sous l&rsquo;\u00e9corce des ceps, dans un cocon, dont elles ne sortent qu&rsquo;au printemps.<\/p>\n<p align=\"justify\">Elles s\u2019attaquent alors aux bourgeons gonfl\u00e9s, dans lesquels elles p\u00e9n\u00e8trent au moment de la p\u00e9riode de croissance des rameaux appel\u00e9e d\u00e9bourrement, puis aux feuilles et aux grappes, qu\u2019elles trouent et enserrent par paquets dans des fils de soie. En se nourrissant ainsi des feuilles, elles provoquent d\u2019importants d\u00e9g\u00e2ts allant jusqu\u2019\u00e0 leur destruction. D\u00e8s le mois de juin, on peut constater des pousses fl\u00e9tries, des feuilles trou\u00e9es puis des grappes enrob\u00e9es dans des amas de feuilles. Ainsi, au XIXe si\u00e8cle, la pyrale de la vigne \u00e9tait le ravageur principal de la vigne, pouvant remettre en question l\u2019existence de vignobles dans certaines r\u00e9gions comme dans celle du gaillacois. Pour lutter contre ce fl\u00e9au, on pratiquait alors l&rsquo;\u00e9cor\u00e7age des souches \u00e0 l&rsquo;aide de gants m\u00e9talliques, suivi d&rsquo;un \u00e9chaudage \u00e0 l&rsquo;eau chaude, ce qui a plut\u00f4t bien march\u00e9.<\/p>\n<figure id=\"attachment_3517\" aria-describedby=\"caption-attachment-3517\" style=\"width: 300px\" class=\"wp-caption aligncenter\"><a href=\"http:\/\/blogs.univ-jfc.fr\/vigneetvin\/wp-content\/uploads\/sites\/56\/2017\/03\/pyrale.jpg\"><img loading=\"lazy\" class=\"size-medium wp-image-3517\" src=\"http:\/\/blogs.univ-jfc.fr\/vigneetvin\/wp-content\/uploads\/sites\/56\/2017\/03\/pyrale-300x203.jpg\" alt=\"\" width=\"300\" height=\"203\" srcset=\"https:\/\/blogs.univ-jfc.fr\/vigneetvin\/wp-content\/uploads\/sites\/56\/2017\/03\/pyrale-300x203.jpg 300w, https:\/\/blogs.univ-jfc.fr\/vigneetvin\/wp-content\/uploads\/sites\/56\/2017\/03\/pyrale.jpg 714w\" sizes=\"(max-width: 300px) 100vw, 300px\" \/><\/a><figcaption id=\"caption-attachment-3517\" class=\"wp-caption-text\">Dessin repr\u00e9sentant la pyrale de la vigne au stade de larve mais aussi de papillon, Bibliographisches Institut Leipzig, 1910<\/figcaption><\/figure>\n","protected":false},"excerpt":{"rendered":"<p>La pyrale est un ravageur de la vigne apparut dans les ann\u00e9es 1830. Il s&rsquo;agit de chenilles hibernant sous l&rsquo;\u00e9corce des ceps, dans un cocon, dont elles ne sortent qu&rsquo;au printemps. Elles s\u2019attaquent alors aux bourgeons gonfl\u00e9s, dans lesquels elles p\u00e9n\u00e8trent au moment de la p\u00e9riode de croissance des rameaux appel\u00e9e d\u00e9bourrement, puis aux feuilles &hellip; <a href=\"https:\/\/blogs.univ-jfc.fr\/vigneetvin\/gaillac-et-le-vin\/une-histoire-du-vignoble-gaillacois\/le-vignoble-gaillacois-au-xixe-siecle\/les-maladies-de-la-vigne-et-les-crises-sociales-une-epreuve-pour-le-terroir-gaillacois\/la-menace-des-maladies-fongiques-et-du-phylloxera\/pyrale\/\" class=\"more-link\">Continuer la lecture de <span class=\"screen-reader-text\">Pyrale<\/span> <span class=\"meta-nav\">&rarr;<\/span><\/a><\/p>\n","protected":false},"author":197,"featured_media":0,"parent":730,"menu_order":5,"comment_status":"closed","ping_status":"closed","template":"","meta":[],"_links":{"self":[{"href":"https:\/\/blogs.univ-jfc.fr\/vigneetvin\/wp-json\/wp\/v2\/pages\/3499"}],"collection":[{"href":"https:\/\/blogs.univ-jfc.fr\/vigneetvin\/wp-json\/wp\/v2\/pages"}],"about":[{"href":"https:\/\/blogs.univ-jfc.fr\/vigneetvin\/wp-json\/wp\/v2\/types\/page"}],"author":[{"embeddable":true,"href":"https:\/\/blogs.univ-jfc.fr\/vigneetvin\/wp-json\/wp\/v2\/users\/197"}],"replies":[{"embeddable":true,"href":"https:\/\/blogs.univ-jfc.fr\/vigneetvin\/wp-json\/wp\/v2\/comments?post=3499"}],"version-history":[{"count":2,"href":"https:\/\/blogs.univ-jfc.fr\/vigneetvin\/wp-json\/wp\/v2\/pages\/3499\/revisions"}],"predecessor-version":[{"id":3548,"href":"https:\/\/blogs.univ-jfc.fr\/vigneetvin\/wp-json\/wp\/v2\/pages\/3499\/revisions\/3548"}],"up":[{"embeddable":true,"href":"https:\/\/blogs.univ-jfc.fr\/vigneetvin\/wp-json\/wp\/v2\/pages\/730"}],"wp:attachment":[{"href":"https:\/\/blogs.univ-jfc.fr\/vigneetvin\/wp-json\/wp\/v2\/media?parent=3499"}],"curies":[{"name":"wp","href":"https:\/\/api.w.org\/{rel}","templated":true}]}}