{"id":3503,"date":"2017-03-25T15:17:54","date_gmt":"2017-03-25T14:17:54","guid":{"rendered":"http:\/\/blogs.univ-jfc.fr\/vigneetvin\/?page_id=3503"},"modified":"2017-03-25T15:17:54","modified_gmt":"2017-03-25T14:17:54","slug":"maladies-fongiques","status":"publish","type":"page","link":"https:\/\/blogs.univ-jfc.fr\/vigneetvin\/gaillac-et-le-vin\/une-histoire-du-vignoble-gaillacois\/le-vignoble-gaillacois-au-xixe-siecle\/les-maladies-de-la-vigne-et-les-crises-sociales-une-epreuve-pour-le-terroir-gaillacois\/la-menace-des-maladies-fongiques-et-du-phylloxera\/maladies-fongiques\/","title":{"rendered":"Maladies fongiques"},"content":{"rendered":"<p align=\"justify\">Il s&rsquo;agit d&rsquo;une maladie caus\u00e9 par un champignon sur une plante, dans notre \u00e9tude, les deux maladies fongiques principales qui ont \u00e9t\u00e9 rencontr\u00e9 par les vignerons du XIXe si\u00e8cle sont le mildiou et l&rsquo;o\u00efdium.<\/p>\n","protected":false},"excerpt":{"rendered":"<p>Il s&rsquo;agit d&rsquo;une maladie caus\u00e9 par un champignon sur une plante, dans notre \u00e9tude, les deux maladies fongiques principales qui ont \u00e9t\u00e9 rencontr\u00e9 par les vignerons du XIXe si\u00e8cle sont le mildiou et l&rsquo;o\u00efdium.<\/p>\n","protected":false},"author":197,"featured_media":0,"parent":730,"menu_order":5,"comment_status":"closed","ping_status":"closed","template":"","meta":[],"_links":{"self":[{"href":"https:\/\/blogs.univ-jfc.fr\/vigneetvin\/wp-json\/wp\/v2\/pages\/3503"}],"collection":[{"href":"https:\/\/blogs.univ-jfc.fr\/vigneetvin\/wp-json\/wp\/v2\/pages"}],"about":[{"href":"https:\/\/blogs.univ-jfc.fr\/vigneetvin\/wp-json\/wp\/v2\/types\/page"}],"author":[{"embeddable":true,"href":"https:\/\/blogs.univ-jfc.fr\/vigneetvin\/wp-json\/wp\/v2\/users\/197"}],"replies":[{"embeddable":true,"href":"https:\/\/blogs.univ-jfc.fr\/vigneetvin\/wp-json\/wp\/v2\/comments?post=3503"}],"version-history":[{"count":1,"href":"https:\/\/blogs.univ-jfc.fr\/vigneetvin\/wp-json\/wp\/v2\/pages\/3503\/revisions"}],"predecessor-version":[{"id":3504,"href":"https:\/\/blogs.univ-jfc.fr\/vigneetvin\/wp-json\/wp\/v2\/pages\/3503\/revisions\/3504"}],"up":[{"embeddable":true,"href":"https:\/\/blogs.univ-jfc.fr\/vigneetvin\/wp-json\/wp\/v2\/pages\/730"}],"wp:attachment":[{"href":"https:\/\/blogs.univ-jfc.fr\/vigneetvin\/wp-json\/wp\/v2\/media?parent=3503"}],"curies":[{"name":"wp","href":"https:\/\/api.w.org\/{rel}","templated":true}]}}