{"id":3506,"date":"2017-03-25T15:20:27","date_gmt":"2017-03-25T14:20:27","guid":{"rendered":"http:\/\/blogs.univ-jfc.fr\/vigneetvin\/?page_id=3506"},"modified":"2017-03-25T18:06:48","modified_gmt":"2017-03-25T17:06:48","slug":"oidium","status":"publish","type":"page","link":"https:\/\/blogs.univ-jfc.fr\/vigneetvin\/gaillac-et-le-vin\/une-histoire-du-vignoble-gaillacois\/le-vignoble-gaillacois-au-xixe-siecle\/les-maladies-de-la-vigne-et-les-crises-sociales-une-epreuve-pour-le-terroir-gaillacois\/la-menace-des-maladies-fongiques-et-du-phylloxera\/oidium\/","title":{"rendered":"O\u00efdium"},"content":{"rendered":"<p align=\"justify\">L\u2019o\u00efdium est la premi\u00e8re maladie fongique (ou cryptogamique), c&rsquo;est-\u00e0-dire qu&rsquo;elle est issue d&rsquo;un champignon, \u00e0 p\u00e9n\u00e9trer en France. Elle vient des \u00c9tats-Unis et fait sa premi\u00e8re apparition en 1845 en Angleterre, elle se propage ensuite en Belgique et en France pour atteindre le Languedoc en 1851. Elle est due \u00e0 un champignon qui se d\u00e9veloppe sur tous les organes verts de la vigne et qui s\u2019installe insidieusement dans les parcelles provoquant ainsi une d\u00e9gradation de la qualit\u00e9 du vin mais aussi des pertes de rendement. Les sympt\u00f4mes de ce champignon sont le ralentissement de la croissance, la crispation des feuilles et un feutrage blanc apparaissant sur les feuilles.<\/p>\n<p align=\"justify\">Sa particularit\u00e9 \u00e9tant sa vitesse de propagation, de 1853 \u00e0 1854, l\u2019ensemble du vignoble du sud de la France est contamin\u00e9, notamment celui de Gaillac. C&rsquo;est un v\u00e9ritable d\u00e9sastre qui an\u00e9antit jusqu\u2019au deux-tiers de la r\u00e9colte, la production fran\u00e7aise de vin chute de 75 % et passe de 45 \u00e0 11 millions d\u2019hectolitres entre 1850 et 1854. Partout, les vignes sont arrach\u00e9es obligeant les populations, appauvries, \u00e0 s\u2019expatrier.<\/p>\n<p align=\"justify\">De nombreuses tentatives de traitement sont essay\u00e9es afin d&rsquo;\u00e9radiquer ce fl\u00e9au, allant du traitement \u00e0 l&rsquo;eau de javel ou bien \u00e0 l&rsquo;aide de divers \u00e9l\u00e9ments chimiques en passant par un traitement naturel compos\u00e9 de silice, d&rsquo;ail et de lait mais il faudra attendre la fin des ann\u00e9es 1850 pour que Henri Mar\u00e8s mettent au point une technique bas\u00e9e sur la vaporisation de soufre. Appliqu\u00e9e an France d\u00e8s 1857, ce traitement peut \u00eatre utilis\u00e9 \u00e0 sec, en poudrage ou en suspension dans l&rsquo;eau par pulv\u00e9risation. Deux autres inventions vont venir compl\u00e9ter ce traitement\u00a0: la bo\u00eete \u00e0 soufrer et le soufflet\u00a0; la premi\u00e8re est due au languedocien Laforgue\u00a0: la seconde au comte de la Vergne, propri\u00e9taire bordelais. Rien, m\u00eame aujourd\u2019hui n\u2019est plus efficace que le soufre pour combattre cette maladie.<\/p>\n<figure id=\"attachment_3541\" aria-describedby=\"caption-attachment-3541\" style=\"width: 300px\" class=\"wp-caption aligncenter\"><a href=\"http:\/\/blogs.univ-jfc.fr\/vigneetvin\/wp-content\/uploads\/sites\/56\/2017\/03\/o\u00efdium.png\"><img loading=\"lazy\" class=\"size-medium wp-image-3541\" src=\"http:\/\/blogs.univ-jfc.fr\/vigneetvin\/wp-content\/uploads\/sites\/56\/2017\/03\/o\u00efdium-300x166.png\" alt=\"\" width=\"300\" height=\"166\" srcset=\"https:\/\/blogs.univ-jfc.fr\/vigneetvin\/wp-content\/uploads\/sites\/56\/2017\/03\/o\u00efdium-300x166.png 300w, https:\/\/blogs.univ-jfc.fr\/vigneetvin\/wp-content\/uploads\/sites\/56\/2017\/03\/o\u00efdium.png 367w\" sizes=\"(max-width: 300px) 100vw, 300px\" \/><\/a><figcaption id=\"caption-attachment-3541\" class=\"wp-caption-text\">O\u00efdium de la vigne sur feuille et sur grappe, Oliver Macdonald, 2005<\/figcaption><\/figure>\n","protected":false},"excerpt":{"rendered":"<p>L\u2019o\u00efdium est la premi\u00e8re maladie fongique (ou cryptogamique), c&rsquo;est-\u00e0-dire qu&rsquo;elle est issue d&rsquo;un champignon, \u00e0 p\u00e9n\u00e9trer en France. Elle vient des \u00c9tats-Unis et fait sa premi\u00e8re apparition en 1845 en Angleterre, elle se propage ensuite en Belgique et en France pour atteindre le Languedoc en 1851. Elle est due \u00e0 un champignon qui se d\u00e9veloppe &hellip; <a href=\"https:\/\/blogs.univ-jfc.fr\/vigneetvin\/gaillac-et-le-vin\/une-histoire-du-vignoble-gaillacois\/le-vignoble-gaillacois-au-xixe-siecle\/les-maladies-de-la-vigne-et-les-crises-sociales-une-epreuve-pour-le-terroir-gaillacois\/la-menace-des-maladies-fongiques-et-du-phylloxera\/oidium\/\" class=\"more-link\">Continuer la lecture de <span class=\"screen-reader-text\">O\u00efdium<\/span> <span class=\"meta-nav\">&rarr;<\/span><\/a><\/p>\n","protected":false},"author":197,"featured_media":0,"parent":730,"menu_order":5,"comment_status":"closed","ping_status":"closed","template":"","meta":[],"_links":{"self":[{"href":"https:\/\/blogs.univ-jfc.fr\/vigneetvin\/wp-json\/wp\/v2\/pages\/3506"}],"collection":[{"href":"https:\/\/blogs.univ-jfc.fr\/vigneetvin\/wp-json\/wp\/v2\/pages"}],"about":[{"href":"https:\/\/blogs.univ-jfc.fr\/vigneetvin\/wp-json\/wp\/v2\/types\/page"}],"author":[{"embeddable":true,"href":"https:\/\/blogs.univ-jfc.fr\/vigneetvin\/wp-json\/wp\/v2\/users\/197"}],"replies":[{"embeddable":true,"href":"https:\/\/blogs.univ-jfc.fr\/vigneetvin\/wp-json\/wp\/v2\/comments?post=3506"}],"version-history":[{"count":2,"href":"https:\/\/blogs.univ-jfc.fr\/vigneetvin\/wp-json\/wp\/v2\/pages\/3506\/revisions"}],"predecessor-version":[{"id":3549,"href":"https:\/\/blogs.univ-jfc.fr\/vigneetvin\/wp-json\/wp\/v2\/pages\/3506\/revisions\/3549"}],"up":[{"embeddable":true,"href":"https:\/\/blogs.univ-jfc.fr\/vigneetvin\/wp-json\/wp\/v2\/pages\/730"}],"wp:attachment":[{"href":"https:\/\/blogs.univ-jfc.fr\/vigneetvin\/wp-json\/wp\/v2\/media?parent=3506"}],"curies":[{"name":"wp","href":"https:\/\/api.w.org\/{rel}","templated":true}]}}