{"id":3509,"date":"2017-03-25T15:24:02","date_gmt":"2017-03-25T14:24:02","guid":{"rendered":"http:\/\/blogs.univ-jfc.fr\/vigneetvin\/?page_id=3509"},"modified":"2017-03-25T18:10:11","modified_gmt":"2017-03-25T17:10:11","slug":"solution-de-sulfates-de-cuivres","status":"publish","type":"page","link":"https:\/\/blogs.univ-jfc.fr\/vigneetvin\/gaillac-et-le-vin\/une-histoire-du-vignoble-gaillacois\/le-vignoble-gaillacois-au-xixe-siecle\/les-maladies-de-la-vigne-et-les-crises-sociales-une-epreuve-pour-le-terroir-gaillacois\/la-science-un-allie-a-la-reconstruction-du-vignoble-gaillacois\/solution-de-sulfates-de-cuivres\/","title":{"rendered":"Solution de sulfates de cuivres\u00a0"},"content":{"rendered":"<p align=\"justify\">M\u00e9lang\u00e9 avec de la chaux \u00e9teinte, elle forme ce que les vignerons appellent la \u00ab\u00a0Bouillie Bordelaise\u00a0\u00bb, elle est utilis\u00e9 \u00e0 titre pr\u00e9ventif pour combattre le mildiou, elle est alors pulv\u00e9ris\u00e9 sur les feuilles de vignes pour \u00e9viter toute propagation du mildiou.<\/p>\n<figure id=\"attachment_3522\" aria-describedby=\"caption-attachment-3522\" style=\"width: 300px\" class=\"wp-caption aligncenter\"><a href=\"http:\/\/blogs.univ-jfc.fr\/vigneetvin\/wp-content\/uploads\/sites\/56\/2017\/03\/sulfate-de-cuivre.jpg\"><img loading=\"lazy\" class=\"size-medium wp-image-3522\" src=\"http:\/\/blogs.univ-jfc.fr\/vigneetvin\/wp-content\/uploads\/sites\/56\/2017\/03\/sulfate-de-cuivre-300x225.jpg\" alt=\"\" width=\"300\" height=\"225\" srcset=\"https:\/\/blogs.univ-jfc.fr\/vigneetvin\/wp-content\/uploads\/sites\/56\/2017\/03\/sulfate-de-cuivre-300x225.jpg 300w, https:\/\/blogs.univ-jfc.fr\/vigneetvin\/wp-content\/uploads\/sites\/56\/2017\/03\/sulfate-de-cuivre.jpg 448w\" sizes=\"(max-width: 300px) 100vw, 300px\" \/><\/a><figcaption id=\"caption-attachment-3522\" class=\"wp-caption-text\">Sulfate de cuivre, l&rsquo;un des \u00e9l\u00e9ments essentiels de la bouillie bordelaise.<\/figcaption><\/figure>\n","protected":false},"excerpt":{"rendered":"<p>M\u00e9lang\u00e9 avec de la chaux \u00e9teinte, elle forme ce que les vignerons appellent la \u00ab\u00a0Bouillie Bordelaise\u00a0\u00bb, elle est utilis\u00e9 \u00e0 titre pr\u00e9ventif pour combattre le mildiou, elle est alors pulv\u00e9ris\u00e9 sur les feuilles de vignes pour \u00e9viter toute propagation du mildiou.<\/p>\n","protected":false},"author":197,"featured_media":0,"parent":742,"menu_order":5,"comment_status":"closed","ping_status":"closed","template":"","meta":[],"_links":{"self":[{"href":"https:\/\/blogs.univ-jfc.fr\/vigneetvin\/wp-json\/wp\/v2\/pages\/3509"}],"collection":[{"href":"https:\/\/blogs.univ-jfc.fr\/vigneetvin\/wp-json\/wp\/v2\/pages"}],"about":[{"href":"https:\/\/blogs.univ-jfc.fr\/vigneetvin\/wp-json\/wp\/v2\/types\/page"}],"author":[{"embeddable":true,"href":"https:\/\/blogs.univ-jfc.fr\/vigneetvin\/wp-json\/wp\/v2\/users\/197"}],"replies":[{"embeddable":true,"href":"https:\/\/blogs.univ-jfc.fr\/vigneetvin\/wp-json\/wp\/v2\/comments?post=3509"}],"version-history":[{"count":2,"href":"https:\/\/blogs.univ-jfc.fr\/vigneetvin\/wp-json\/wp\/v2\/pages\/3509\/revisions"}],"predecessor-version":[{"id":3554,"href":"https:\/\/blogs.univ-jfc.fr\/vigneetvin\/wp-json\/wp\/v2\/pages\/3509\/revisions\/3554"}],"up":[{"embeddable":true,"href":"https:\/\/blogs.univ-jfc.fr\/vigneetvin\/wp-json\/wp\/v2\/pages\/742"}],"wp:attachment":[{"href":"https:\/\/blogs.univ-jfc.fr\/vigneetvin\/wp-json\/wp\/v2\/media?parent=3509"}],"curies":[{"name":"wp","href":"https:\/\/api.w.org\/{rel}","templated":true}]}}