{"id":351,"date":"2017-02-09T09:41:22","date_gmt":"2017-02-09T08:41:22","guid":{"rendered":"http:\/\/blogs.univ-jfc.fr\/vigneetvin\/?page_id=351"},"modified":"2017-03-30T08:43:48","modified_gmt":"2017-03-30T07:43:48","slug":"la-vigne-monastique-la-vigne-de-dieu","status":"publish","type":"page","link":"https:\/\/blogs.univ-jfc.fr\/vigneetvin\/la-culture-de-la-vigne\/le-cycle-de-la-vigne\/un-cycle-contraint-par-des-acteurs\/la-vigne-monastique-la-vigne-de-dieu\/","title":{"rendered":"La vigne monastique\u00a0: la vigne de Dieu"},"content":{"rendered":"<figure id=\"attachment_720\" aria-describedby=\"caption-attachment-720\" style=\"width: 195px\" class=\"wp-caption alignright\"><a href=\"http:\/\/blogs.univ-jfc.fr\/vigneetvin\/wp-content\/uploads\/sites\/56\/2017\/02\/Transubstantation.jpg\"><img loading=\"lazy\" class=\"wp-image-720 size-medium\" title=\"https:\/\/lc.cx\/Jdy4 \" src=\"http:\/\/blogs.univ-jfc.fr\/vigneetvin\/wp-content\/uploads\/sites\/56\/2017\/02\/Transubstantation-195x300.jpg\" width=\"195\" height=\"300\" srcset=\"https:\/\/blogs.univ-jfc.fr\/vigneetvin\/wp-content\/uploads\/sites\/56\/2017\/02\/Transubstantation-195x300.jpg 195w, https:\/\/blogs.univ-jfc.fr\/vigneetvin\/wp-content\/uploads\/sites\/56\/2017\/02\/Transubstantation.jpg 220w\" sizes=\"(max-width: 195px) 100vw, 195px\" \/><\/a><figcaption id=\"caption-attachment-720\" class=\"wp-caption-text\">La transsubstantiation du Christ, ic\u00f4ne ukrainienne du XVIIIe si\u00e8cle<\/figcaption><\/figure>\n<p align=\"justify\">Les monast\u00e8res, tr\u00e8s pr\u00e9sents durant le Haut Moyen Age, voient dans la vigne un objet essentiellement religieux. En effet, l\u2019un des moments les plus importants de la messe catholique est la transsubstantiation (soit un \u00ab\u00a0retour\u00a0\u00bb \u00e0 l\u2019\u00e9pisode de la C\u00e8ne, dernier repas de J\u00e9sus, o\u00f9 il tendit un calice de vin \u00e0 ses ap\u00f4tres en disant \u00ab\u00a0Tenez\u00a0! Ceci est mon sang\u00a0!\u00a0\u00bb). C&rsquo;est pour cette raison que la culture de la vigne par les moines se fait dans le respect du cycle naturel de la plante, m\u00eame si cela doit prendre plus de temps. Le raisin\u00a0a une connotation sacr\u00e9e par son lien avec le divin, sa culture renvoie donc \u00e0 servir Dieu ce qui implique de respecter sa volont\u00e9.<\/p>\n<p align=\"justify\">Ainsi, le cycle peut s&rsquo;\u00e9tendre sur plusieurs ann\u00e9es, avec une p\u00e9riode de repos de la plante pendant l&rsquo;hiver, une p\u00e9riode de croissance jusqu&rsquo;\u00e0 la fin de l&rsquo;\u00e9t\u00e9 et finalement la constitution des r\u00e9serves durant l&rsquo;automne. Cette culture respectueuse offre n\u00e9anmoins une production soumise aux caprices du climat. Les intemp\u00e9ries peuvent \u00eatre synonymes de mauvaise r\u00e9colte, sans oublier que la vigne \u00e9tant une plante fragile, elle ne pousse pas sous toutes les temp\u00e9ratures et tous les sols. Les moines s\u2019adaptent donc aux param\u00e8tres naturels de la plante, en s\u00e9lectionnant les c\u00e9pages selon la localisation du monast\u00e8re\u00a0lors de la fondation du vignoble. Alors que le raisin blanc est produit majoritairement dans le Nord de la France car plus r\u00e9sistant au froid<sup><a class=\"sdfootnoteanc\" href=\"#sdfootnote1sym\" name=\"sdfootnote1anc\"><\/a><\/sup>, le raisin rouge est plus pr\u00e9sent dans le Sud, avec son climat plus chaud.<\/p>\n<p align=\"justify\">Ce qu\u2019il est tr\u00e8s important de comprendre, c\u2019est que les religieux travaillent eux-m\u00eame la vigne et pour leur propre compte. Ceci fait que le travail de la vigne est une des activit\u00e9s de l\u2019ann\u00e9e qui s&rsquo;ins\u00e8re dans la vie des moines<sup><a class=\"sdfootnoteanc\" href=\"#sdfootnote2sym\" name=\"sdfootnote2anc\"><\/a><\/sup>, tr\u00e8s organis\u00e9e temporellement. En effet, avec les heures de pri\u00e8res, d&rsquo;offices, de calligraphie, parfois m\u00eame d\u2019agriculture ou d\u2019artisanat, les moines font leur vin qui sert au service de la messe.<\/p>\n<p align=\"justify\">Malgr\u00e9 leur d\u00e9clin, durant l&rsquo;\u00e9poque moderne notamment, les moines conservent et perp\u00e9tuent leurs traditions ainsi que leur philosophie de la vigne.<\/p>\n<p align=\"justify\">A la diff\u00e9rence des moines, les seigneurs consid\u00e8rent la vigne comme un moyen d&rsquo;<a href=\"http:\/\/blogs.univ-jfc.fr\/vigneetvin\/la-culture-de-la-vigne\/le-cycle-de-la-vigne\/un-cycle-contraint-par-des-acteurs\/la-vigne-episcopale-et-seigneuriale-ou-la-vigne-du-prestige\/\">acqu\u00e9rir du prestige<\/a>.<\/p>\n<div id=\"sdfootnote1\">\n<p align=\"justify\"><strong>Pour aller plus loin :<\/strong><\/p>\n<p align=\"justify\">Histoire de la Vigne et du Vin en France des origines au XIXe si\u00e8cle, Paris, Clavreuil, 1959<\/p>\n<\/div>\n<div id=\"sdfootnote2\">\n<p align=\"justify\"><span style=\"margin: 0px;font-size: 12pt\"><span style=\"color: #000000\">LOGETTE Lucien, <em>Les vignobles religieux. La Vigne et le vin<\/em>, Paris, La Manufacture, 1988. pp. 32-33. <\/span><\/span><\/p>\n<\/div>\n","protected":false},"excerpt":{"rendered":"<p>Les monast\u00e8res, tr\u00e8s pr\u00e9sents durant le Haut Moyen Age, voient dans la vigne un objet essentiellement religieux. En effet, l\u2019un des moments les plus importants de la messe catholique est la transsubstantiation (soit un \u00ab\u00a0retour\u00a0\u00bb \u00e0 l\u2019\u00e9pisode de la C\u00e8ne, dernier repas de J\u00e9sus, o\u00f9 il tendit un calice de vin \u00e0 ses ap\u00f4tres en &hellip; <a href=\"https:\/\/blogs.univ-jfc.fr\/vigneetvin\/la-culture-de-la-vigne\/le-cycle-de-la-vigne\/un-cycle-contraint-par-des-acteurs\/la-vigne-monastique-la-vigne-de-dieu\/\" class=\"more-link\">Continuer la lecture de <span class=\"screen-reader-text\">La vigne monastique\u00a0: la vigne de Dieu<\/span> <span class=\"meta-nav\">&rarr;<\/span><\/a><\/p>\n","protected":false},"author":274,"featured_media":0,"parent":295,"menu_order":1,"comment_status":"closed","ping_status":"closed","template":"","meta":[],"_links":{"self":[{"href":"https:\/\/blogs.univ-jfc.fr\/vigneetvin\/wp-json\/wp\/v2\/pages\/351"}],"collection":[{"href":"https:\/\/blogs.univ-jfc.fr\/vigneetvin\/wp-json\/wp\/v2\/pages"}],"about":[{"href":"https:\/\/blogs.univ-jfc.fr\/vigneetvin\/wp-json\/wp\/v2\/types\/page"}],"author":[{"embeddable":true,"href":"https:\/\/blogs.univ-jfc.fr\/vigneetvin\/wp-json\/wp\/v2\/users\/274"}],"replies":[{"embeddable":true,"href":"https:\/\/blogs.univ-jfc.fr\/vigneetvin\/wp-json\/wp\/v2\/comments?post=351"}],"version-history":[{"count":20,"href":"https:\/\/blogs.univ-jfc.fr\/vigneetvin\/wp-json\/wp\/v2\/pages\/351\/revisions"}],"predecessor-version":[{"id":4505,"href":"https:\/\/blogs.univ-jfc.fr\/vigneetvin\/wp-json\/wp\/v2\/pages\/351\/revisions\/4505"}],"up":[{"embeddable":true,"href":"https:\/\/blogs.univ-jfc.fr\/vigneetvin\/wp-json\/wp\/v2\/pages\/295"}],"wp:attachment":[{"href":"https:\/\/blogs.univ-jfc.fr\/vigneetvin\/wp-json\/wp\/v2\/media?parent=351"}],"curies":[{"name":"wp","href":"https:\/\/api.w.org\/{rel}","templated":true}]}}