{"id":3656,"date":"2017-03-27T13:53:06","date_gmt":"2017-03-27T12:53:06","guid":{"rendered":"http:\/\/blogs.univ-jfc.fr\/vigneetvin\/?page_id=3656"},"modified":"2017-03-27T13:54:54","modified_gmt":"2017-03-27T12:54:54","slug":"simon-dolive","status":"publish","type":"page","link":"https:\/\/blogs.univ-jfc.fr\/vigneetvin\/simon-dolive\/","title":{"rendered":"Simon d\u2019Olive"},"content":{"rendered":"<p align=\"justify\">Simon d\u2019Olive du Mesnil (1584-1647) est issu d\u2019une famille de parlementaires toulousains. En 1607 il obtient une licence \u00e0 la facult\u00e9 de droit de Toulouse et devient avocat. Il est nomm\u00e9 avocat du Roi en la s\u00e9n\u00e9chauss\u00e9e et si\u00e8ge pr\u00e9sidial de Toulouse en 1612, puis il est pourvu d\u2019un office de conseiller au parlement de Toulouse en 1628. Il c\u00e8de cet office \u00e0 son fils Jean juste avant de mourir. Il publie en 1638 ses Questions notables du droit alors qu\u2019il si\u00e8ge toujours au parlement de Toulouse.<\/p>\n<p align=\"justify\">\n","protected":false},"excerpt":{"rendered":"<p>Simon d\u2019Olive du Mesnil (1584-1647) est issu d\u2019une famille de parlementaires toulousains. En 1607 il obtient une licence \u00e0 la facult\u00e9 de droit de Toulouse et devient avocat. Il est nomm\u00e9 avocat du Roi en la s\u00e9n\u00e9chauss\u00e9e et si\u00e8ge pr\u00e9sidial de Toulouse en 1612, puis il est pourvu d\u2019un office de conseiller au parlement de &hellip; <a href=\"https:\/\/blogs.univ-jfc.fr\/vigneetvin\/simon-dolive\/\" class=\"more-link\">Continuer la lecture de <span class=\"screen-reader-text\">Simon d\u2019Olive<\/span> <span class=\"meta-nav\">&rarr;<\/span><\/a><\/p>\n","protected":false},"author":196,"featured_media":0,"parent":0,"menu_order":5,"comment_status":"closed","ping_status":"closed","template":"","meta":[],"_links":{"self":[{"href":"https:\/\/blogs.univ-jfc.fr\/vigneetvin\/wp-json\/wp\/v2\/pages\/3656"}],"collection":[{"href":"https:\/\/blogs.univ-jfc.fr\/vigneetvin\/wp-json\/wp\/v2\/pages"}],"about":[{"href":"https:\/\/blogs.univ-jfc.fr\/vigneetvin\/wp-json\/wp\/v2\/types\/page"}],"author":[{"embeddable":true,"href":"https:\/\/blogs.univ-jfc.fr\/vigneetvin\/wp-json\/wp\/v2\/users\/196"}],"replies":[{"embeddable":true,"href":"https:\/\/blogs.univ-jfc.fr\/vigneetvin\/wp-json\/wp\/v2\/comments?post=3656"}],"version-history":[{"count":2,"href":"https:\/\/blogs.univ-jfc.fr\/vigneetvin\/wp-json\/wp\/v2\/pages\/3656\/revisions"}],"predecessor-version":[{"id":3659,"href":"https:\/\/blogs.univ-jfc.fr\/vigneetvin\/wp-json\/wp\/v2\/pages\/3656\/revisions\/3659"}],"wp:attachment":[{"href":"https:\/\/blogs.univ-jfc.fr\/vigneetvin\/wp-json\/wp\/v2\/media?parent=3656"}],"curies":[{"name":"wp","href":"https:\/\/api.w.org\/{rel}","templated":true}]}}