{"id":3661,"date":"2017-03-27T14:11:01","date_gmt":"2017-03-27T13:11:01","guid":{"rendered":"http:\/\/blogs.univ-jfc.fr\/vigneetvin\/?page_id=3661"},"modified":"2017-03-27T14:11:01","modified_gmt":"2017-03-27T13:11:01","slug":"methode-champenoise","status":"publish","type":"page","link":"https:\/\/blogs.univ-jfc.fr\/vigneetvin\/methode-champenoise\/","title":{"rendered":"M\u00e9thode Champenoise"},"content":{"rendered":"<p align=\"justify\">Les paniers sont plac\u00e9s sur un charriot avant que le raisin soit vinifi\u00e9 traditionnellement, puis mis en bouteille pour une fermentation \u00ab interne \u00bb, appel\u00e9e \u00ab prise de mousse \u00bb. Un \u00ab Tr\u00e8fle \u00bb est utilis\u00e9 pour tirer sur la ficelle et la serrer fortement afin que le bouchon ne saute pas suite \u00e0 la fermentation, des agrafes sont aussi utilis\u00e9es comme syst\u00e8me de fermeture de bouteille pour la prise de mousse. Les bouteilles sont install\u00e9es sur un \u00ab pupitre \u00bb, apr\u00e8s fermentation, o\u00f9 un ouvrier sp\u00e9cialis\u00e9, le \u00ab remueur \u00bb, les tourne r\u00e9guli\u00e8rement pour faire descendre le d\u00e9p\u00f4t dans le goulot. Environ 5 semaines apr\u00e8s, le d\u00e9p\u00f4t est chass\u00e9 en m\u00eame temps qu\u2019une petite quantit\u00e9 de vin, par la suite on ajoute la liqueur d\u2019exp\u00e9dition \u00e0 l\u2019aide d\u2019une machine \u00e0 doser. Le bouchon est ensuite chass\u00e9 dans le goulot avec un \u00ab maillet \u00bb ; la bouteille est maintenue par un \u00ab calice \u00bb pour le bouchage et enfin une fois les bouteilles musel\u00e9es, il ne reste qu\u2019\u00e0 mettre l\u2019\u00e9tiquette et la capsule, avec une machine sp\u00e9ciale. Ensuite les bouteilles seront exp\u00e9di\u00e9es.<\/p>\n<p align=\"justify\">\n","protected":false},"excerpt":{"rendered":"<p>Les paniers sont plac\u00e9s sur un charriot avant que le raisin soit vinifi\u00e9 traditionnellement, puis mis en bouteille pour une fermentation \u00ab interne \u00bb, appel\u00e9e \u00ab prise de mousse \u00bb. Un \u00ab Tr\u00e8fle \u00bb est utilis\u00e9 pour tirer sur la ficelle et la serrer fortement afin que le bouchon ne saute pas suite \u00e0 la &hellip; <a href=\"https:\/\/blogs.univ-jfc.fr\/vigneetvin\/methode-champenoise\/\" class=\"more-link\">Continuer la lecture de <span class=\"screen-reader-text\">M\u00e9thode Champenoise<\/span> <span class=\"meta-nav\">&rarr;<\/span><\/a><\/p>\n","protected":false},"author":196,"featured_media":0,"parent":0,"menu_order":5,"comment_status":"closed","ping_status":"closed","template":"","meta":[],"_links":{"self":[{"href":"https:\/\/blogs.univ-jfc.fr\/vigneetvin\/wp-json\/wp\/v2\/pages\/3661"}],"collection":[{"href":"https:\/\/blogs.univ-jfc.fr\/vigneetvin\/wp-json\/wp\/v2\/pages"}],"about":[{"href":"https:\/\/blogs.univ-jfc.fr\/vigneetvin\/wp-json\/wp\/v2\/types\/page"}],"author":[{"embeddable":true,"href":"https:\/\/blogs.univ-jfc.fr\/vigneetvin\/wp-json\/wp\/v2\/users\/196"}],"replies":[{"embeddable":true,"href":"https:\/\/blogs.univ-jfc.fr\/vigneetvin\/wp-json\/wp\/v2\/comments?post=3661"}],"version-history":[{"count":1,"href":"https:\/\/blogs.univ-jfc.fr\/vigneetvin\/wp-json\/wp\/v2\/pages\/3661\/revisions"}],"predecessor-version":[{"id":3662,"href":"https:\/\/blogs.univ-jfc.fr\/vigneetvin\/wp-json\/wp\/v2\/pages\/3661\/revisions\/3662"}],"wp:attachment":[{"href":"https:\/\/blogs.univ-jfc.fr\/vigneetvin\/wp-json\/wp\/v2\/media?parent=3661"}],"curies":[{"name":"wp","href":"https:\/\/api.w.org\/{rel}","templated":true}]}}