{"id":3676,"date":"2017-03-27T15:07:17","date_gmt":"2017-03-27T14:07:17","guid":{"rendered":"http:\/\/blogs.univ-jfc.fr\/vigneetvin\/?page_id=3676"},"modified":"2017-03-30T08:23:40","modified_gmt":"2017-03-30T07:23:40","slug":"loenologie","status":"publish","type":"page","link":"https:\/\/blogs.univ-jfc.fr\/vigneetvin\/loenologie\/","title":{"rendered":"L\u2019\u0153nologie"},"content":{"rendered":"<p align=\"justify\">L\u2019\u0153nologie est la science\u00a0qui a pour objet l&rsquo;\u00e9tude et le savoir du vin \u00e0 travers la culture de la vigne et les diff\u00e9rentes \u00e9tapes qui vont permettre l&rsquo;\u00e9laboration du vin, cette science \u00e9tudie aussi son \u00e9levage et son conditionnement.\u00a0Par extension, l&rsquo;\u0153nologie concerne les domaines qui touchent la culture du vin comme la d\u00e9gustation, la conservation et consommation du produit fini.<\/p>\n<p align=\"justify\">\n","protected":false},"excerpt":{"rendered":"<p>L\u2019\u0153nologie est la science\u00a0qui a pour objet l&rsquo;\u00e9tude et le savoir du vin \u00e0 travers la culture de la vigne et les diff\u00e9rentes \u00e9tapes qui vont permettre l&rsquo;\u00e9laboration du vin, cette science \u00e9tudie aussi son \u00e9levage et son conditionnement.\u00a0Par extension, l&rsquo;\u0153nologie concerne les domaines qui touchent la culture du vin comme la d\u00e9gustation, la conservation &hellip; <a href=\"https:\/\/blogs.univ-jfc.fr\/vigneetvin\/loenologie\/\" class=\"more-link\">Continuer la lecture de <span class=\"screen-reader-text\">L\u2019\u0153nologie<\/span> <span class=\"meta-nav\">&rarr;<\/span><\/a><\/p>\n","protected":false},"author":196,"featured_media":0,"parent":0,"menu_order":5,"comment_status":"closed","ping_status":"closed","template":"","meta":[],"_links":{"self":[{"href":"https:\/\/blogs.univ-jfc.fr\/vigneetvin\/wp-json\/wp\/v2\/pages\/3676"}],"collection":[{"href":"https:\/\/blogs.univ-jfc.fr\/vigneetvin\/wp-json\/wp\/v2\/pages"}],"about":[{"href":"https:\/\/blogs.univ-jfc.fr\/vigneetvin\/wp-json\/wp\/v2\/types\/page"}],"author":[{"embeddable":true,"href":"https:\/\/blogs.univ-jfc.fr\/vigneetvin\/wp-json\/wp\/v2\/users\/196"}],"replies":[{"embeddable":true,"href":"https:\/\/blogs.univ-jfc.fr\/vigneetvin\/wp-json\/wp\/v2\/comments?post=3676"}],"version-history":[{"count":4,"href":"https:\/\/blogs.univ-jfc.fr\/vigneetvin\/wp-json\/wp\/v2\/pages\/3676\/revisions"}],"predecessor-version":[{"id":4418,"href":"https:\/\/blogs.univ-jfc.fr\/vigneetvin\/wp-json\/wp\/v2\/pages\/3676\/revisions\/4418"}],"wp:attachment":[{"href":"https:\/\/blogs.univ-jfc.fr\/vigneetvin\/wp-json\/wp\/v2\/media?parent=3676"}],"curies":[{"name":"wp","href":"https:\/\/api.w.org\/{rel}","templated":true}]}}