{"id":37,"date":"2017-01-14T07:27:12","date_gmt":"2017-01-14T06:27:12","guid":{"rendered":"http:\/\/blogs.univ-jfc.fr\/vigneetvin\/?page_id=37"},"modified":"2017-03-22T10:39:14","modified_gmt":"2017-03-22T09:39:14","slug":"le-haut-moyen-age-vie-xe-siecle","status":"publish","type":"page","link":"https:\/\/blogs.univ-jfc.fr\/vigneetvin\/usages-et-consommation-du-vin-une-approche-periodique\/le-haut-moyen-age-vie-xe-siecle\/","title":{"rendered":"Le haut Moyen Age (VIe-Xe si\u00e8cle)"},"content":{"rendered":"<figure id=\"attachment_2760\" aria-describedby=\"caption-attachment-2760\" style=\"width: 265px\" class=\"wp-caption alignleft\"><a href=\"http:\/\/blogs.univ-jfc.fr\/vigneetvin\/wp-content\/uploads\/sites\/56\/2017\/03\/niv-2-I-b-3.jpg\"><img loading=\"lazy\" class=\"size-medium wp-image-2760\" title=\"Biblioth\u00e8que d'Arsenal, Paris\" src=\"http:\/\/blogs.univ-jfc.fr\/vigneetvin\/wp-content\/uploads\/sites\/56\/2017\/03\/niv-2-I-b-3-265x300.jpg\" alt=\"\" width=\"265\" height=\"300\" srcset=\"https:\/\/blogs.univ-jfc.fr\/vigneetvin\/wp-content\/uploads\/sites\/56\/2017\/03\/niv-2-I-b-3-265x300.jpg 265w, https:\/\/blogs.univ-jfc.fr\/vigneetvin\/wp-content\/uploads\/sites\/56\/2017\/03\/niv-2-I-b-3-768x870.jpg 768w, https:\/\/blogs.univ-jfc.fr\/vigneetvin\/wp-content\/uploads\/sites\/56\/2017\/03\/niv-2-I-b-3-904x1024.jpg 904w, https:\/\/blogs.univ-jfc.fr\/vigneetvin\/wp-content\/uploads\/sites\/56\/2017\/03\/niv-2-I-b-3.jpg 1140w\" sizes=\"(max-width: 265px) 100vw, 265px\" \/><\/a><figcaption id=\"caption-attachment-2760\" class=\"wp-caption-text\">\u00ab Boire un vin bien m\u00e9rit\u00e9 \u00bb, Psautier latin, miniature repr\u00e9sentant les travaux des douze mois<br \/>de l&rsquo;ann\u00e9e (le mois de janvier, moine buvant \u00e0 la coupe)<\/figcaption><\/figure>\n<p align=\"justify\">Au Haut Moyen-\u00c2ge, le clerg\u00e9 r\u00e9cup\u00e8re les vignes et l&rsquo;on constate une augmentation de l&rsquo;activit\u00e9 viticole. <a href=\"http:\/\/blogs.univ-jfc.fr\/vigneetvin\/usages-et-consommation-du-vin-une-approche-periodique\/le-haut-moyen-age-vie-xe-siecle\/haut-ma-page-de-niveau-2-1\/le-vin-devient-la-boisson-de-la-religion\/\">Le vin devient la boisson de la religion<\/a>. Il est consomm\u00e9 lors de la messe mais \u00e9galement par le clerg\u00e9 de fa\u00e7on quotidienne. Le vin est aussi offert aux h\u00f4tes de passage.<\/p>\n<p align=\"justify\"><span style=\"color: #ffffff\">\u00a0<\/span><\/p>\n<p align=\"justify\"><span style=\"color: #ffffff\">s<\/span><\/p>\n<p align=\"justify\"><span style=\"color: #ffffff\">\u00a0<\/span><\/p>\n<p align=\"justify\"><span style=\"color: #ffffff\">S<\/span><\/p>\n<p align=\"justify\"><span style=\"color: #ffffff\">S<\/span><\/p>\n<p align=\"justify\"><span style=\"color: #ffffff\">S<\/span><\/p>\n<p align=\"justify\">\n<figure id=\"attachment_2644\" aria-describedby=\"caption-attachment-2644\" style=\"width: 193px\" class=\"wp-caption alignright\"><a href=\"http:\/\/blogs.univ-jfc.fr\/vigneetvin\/wp-content\/uploads\/sites\/56\/2017\/03\/img-5.jpg\"><img loading=\"lazy\" class=\"wp-image-2644\" title=\"BnF, Paris\" src=\"http:\/\/blogs.univ-jfc.fr\/vigneetvin\/wp-content\/uploads\/sites\/56\/2017\/03\/img-5-223x300.jpg\" alt=\"Tacuinum sanitatis d\u2019Ibn Butl\u0101n, BNF Paris\" width=\"193\" height=\"260\" srcset=\"https:\/\/blogs.univ-jfc.fr\/vigneetvin\/wp-content\/uploads\/sites\/56\/2017\/03\/img-5-223x300.jpg 223w, https:\/\/blogs.univ-jfc.fr\/vigneetvin\/wp-content\/uploads\/sites\/56\/2017\/03\/img-5.jpg 487w\" sizes=\"(max-width: 193px) 100vw, 193px\" \/><\/a><figcaption id=\"caption-attachment-2644\" class=\"wp-caption-text\">Le vinaigre, Tacuinum Sanitatis<\/figcaption><\/figure>\n<p align=\"justify\"><span style=\"color: #ffffff\">s<\/span><\/p>\n<p align=\"justify\"><span style=\"color: #ffffff\">S<\/span><\/p>\n<p align=\"justify\">Toute la population consomme du vin. Des \u00e9lites aux plus pauvres,<a href=\"http:\/\/blogs.univ-jfc.fr\/vigneetvin\/usages-et-consommation-du-vin-une-approche-periodique\/le-haut-moyen-age-vie-xe-siecle\/le-vin-est-un-element-de-la-vie-quotidienne\/\"> le vin est un \u00e9l\u00e9ment de la vie quotidienne<\/a>. Cette boisson remplace une eau impropre \u00e0 la consommation. Cependant, la qualit\u00e9 du vin est diff\u00e9rente selon les niveaux de vie.<\/p>\n<p align=\"justify\"><span style=\"color: #ffffff\">\u00a0<\/span><\/p>\n<p align=\"justify\"><span style=\"color: #ffffff\">\u00a0<\/span><\/p>\n<p align=\"justify\"><span style=\"color: #ffffff\">S<\/span><\/p>\n<figure id=\"attachment_2650\" aria-describedby=\"caption-attachment-2650\" style=\"width: 192px\" class=\"wp-caption alignleft\"><a href=\"http:\/\/blogs.univ-jfc.fr\/vigneetvin\/wp-content\/uploads\/sites\/56\/2017\/03\/img-2.jpg\"><img loading=\"lazy\" class=\"wp-image-2650 \" title=\"BnF, Paris\" src=\"http:\/\/blogs.univ-jfc.fr\/vigneetvin\/wp-content\/uploads\/sites\/56\/2017\/03\/img-2-242x300.jpg\" alt=\"\" width=\"192\" height=\"237\" srcset=\"https:\/\/blogs.univ-jfc.fr\/vigneetvin\/wp-content\/uploads\/sites\/56\/2017\/03\/img-2-242x300.jpg 242w, https:\/\/blogs.univ-jfc.fr\/vigneetvin\/wp-content\/uploads\/sites\/56\/2017\/03\/img-2-768x950.jpg 768w, https:\/\/blogs.univ-jfc.fr\/vigneetvin\/wp-content\/uploads\/sites\/56\/2017\/03\/img-2-828x1024.jpg 828w, https:\/\/blogs.univ-jfc.fr\/vigneetvin\/wp-content\/uploads\/sites\/56\/2017\/03\/img-2.jpg 843w\" sizes=\"(max-width: 192px) 100vw, 192px\" \/><\/a><figcaption id=\"caption-attachment-2650\" class=\"wp-caption-text\">L&rsquo;apothicaire, Theatrum Sanitatis<\/figcaption><\/figure>\n<p align=\"justify\"><span style=\"color: #ffffff\">s<\/span><\/p>\n<p align=\"justify\">A cette \u00e9poque,<a href=\"http:\/\/blogs.univ-jfc.fr\/vigneetvin\/usages-et-consommation-du-vin-une-approche-periodique\/le-haut-moyen-age-vie-xe-siecle\/le-vin-a-egalement-un-usage-medicinal\/\"> le vin a \u00e9galement un usage m\u00e9dicinal.<\/a> Il est prescrit par les apothicaires pour soigner toutes sortes de maux.<\/p>\n<p align=\"justify\"><span style=\"color: #ffffff\">s<\/span><\/p>\n<p align=\"justify\"><span style=\"color: #ffffff\">s<\/span><\/p>\n<p align=\"justify\"><span style=\"color: #ffffff\">s<\/span><\/p>\n<p>&nbsp;<\/p>\n<p>&nbsp;<\/p>\n<p>&nbsp;<\/p>\n<p>&nbsp;<\/p>\n<p><em><strong>Etudiants<\/strong> <\/em>: No\u00e9lie NESPOULOUS, Zo\u00e9 HUBRECHT, Clara SERRES, Ne\u00efs LLOBREGAT<\/p>\n","protected":false},"excerpt":{"rendered":"<p>Au Haut Moyen-\u00c2ge, le clerg\u00e9 r\u00e9cup\u00e8re les vignes et l&rsquo;on constate une augmentation de l&rsquo;activit\u00e9 viticole. Le vin devient la boisson de la religion. Il est consomm\u00e9 lors de la messe mais \u00e9galement par le clerg\u00e9 de fa\u00e7on quotidienne. Le vin est aussi offert aux h\u00f4tes de passage. \u00a0 s \u00a0 S S S s &hellip; <a href=\"https:\/\/blogs.univ-jfc.fr\/vigneetvin\/usages-et-consommation-du-vin-une-approche-periodique\/le-haut-moyen-age-vie-xe-siecle\/\" class=\"more-link\">Continuer la lecture de <span class=\"screen-reader-text\">Le haut Moyen Age (VIe-Xe si\u00e8cle)<\/span> <span class=\"meta-nav\">&rarr;<\/span><\/a><\/p>\n","protected":false},"author":19,"featured_media":0,"parent":32,"menu_order":2,"comment_status":"closed","ping_status":"closed","template":"","meta":[],"_links":{"self":[{"href":"https:\/\/blogs.univ-jfc.fr\/vigneetvin\/wp-json\/wp\/v2\/pages\/37"}],"collection":[{"href":"https:\/\/blogs.univ-jfc.fr\/vigneetvin\/wp-json\/wp\/v2\/pages"}],"about":[{"href":"https:\/\/blogs.univ-jfc.fr\/vigneetvin\/wp-json\/wp\/v2\/types\/page"}],"author":[{"embeddable":true,"href":"https:\/\/blogs.univ-jfc.fr\/vigneetvin\/wp-json\/wp\/v2\/users\/19"}],"replies":[{"embeddable":true,"href":"https:\/\/blogs.univ-jfc.fr\/vigneetvin\/wp-json\/wp\/v2\/comments?post=37"}],"version-history":[{"count":56,"href":"https:\/\/blogs.univ-jfc.fr\/vigneetvin\/wp-json\/wp\/v2\/pages\/37\/revisions"}],"predecessor-version":[{"id":3193,"href":"https:\/\/blogs.univ-jfc.fr\/vigneetvin\/wp-json\/wp\/v2\/pages\/37\/revisions\/3193"}],"up":[{"embeddable":true,"href":"https:\/\/blogs.univ-jfc.fr\/vigneetvin\/wp-json\/wp\/v2\/pages\/32"}],"wp:attachment":[{"href":"https:\/\/blogs.univ-jfc.fr\/vigneetvin\/wp-json\/wp\/v2\/media?parent=37"}],"curies":[{"name":"wp","href":"https:\/\/api.w.org\/{rel}","templated":true}]}}