{"id":372,"date":"2017-02-09T09:51:02","date_gmt":"2017-02-09T08:51:02","guid":{"rendered":"http:\/\/blogs.univ-jfc.fr\/vigneetvin\/?page_id=372"},"modified":"2017-04-16T16:29:37","modified_gmt":"2017-04-16T15:29:37","slug":"les-vendanges-etape-essentielle-du-cycle","status":"publish","type":"page","link":"https:\/\/blogs.univ-jfc.fr\/vigneetvin\/la-culture-de-la-vigne\/le-cycle-de-la-vigne\/les-vendanges-etape-essentielle-du-cycle\/","title":{"rendered":"Les vendanges, \u00e9tape essentielle du cycle de la vigne"},"content":{"rendered":"<p align=\"justify\">Les vendanges sont l&rsquo;un des grands moments de l&rsquo;ann\u00e9e. La p\u00e9riode varie selon l&rsquo;esp\u00e8ce et l&rsquo;ann\u00e9e (conditions climatiques, main d\u2019\u0153uvre nombreuse ou manquante). Dans les terres non-m\u00e9diterran\u00e9ennes, elles peuvent d\u00e9buter d\u00e8s les premiers jours de septembre et ne d\u00e9passent jamais la Toussaint. Pour former les jeunes vignerons, le savoir se transmet essentiellement de mani\u00e8re orale, puisque la majorit\u00e9 de la population est illettr\u00e9e. Il faut attendre l\u2019\u00e9poque moderne et l\u2019invention de l\u2019imprimerie pour que les premiers manuels se diffusent. Cependant, on trouve des enluminures dans les manuscrits m\u00e9di\u00e9vaux, \u00e9crits par les moines, ainsi que des tapisseries qui sont de pr\u00e9cieuses sources d\u2019informations pour comprendre comment se d\u00e9roulait cette \u00e9tape du cycle de la vigne.<\/p>\n<p align=\"justify\">D\u2019une part, cette manipulation de la vigne est op\u00e9r\u00e9e par les ouvriers de la vigne, qu\u2019ils soient paysans ou moines. La r\u00e9colte est op\u00e9r\u00e9e manuellement \u00e0 l\u2019aide d\u2019outils ancestraux tr\u00e8s\u00a0simples comme le couteau ou la serpette.<\/p>\n<figure id=\"attachment_1918\" aria-describedby=\"caption-attachment-1918\" style=\"width: 168px\" class=\"wp-caption alignright\"><a href=\"http:\/\/blogs.univ-jfc.fr\/vigneetvin\/wp-content\/uploads\/sites\/56\/2017\/02\/Porteur_de_vendange_XVIIIe.jpg\"><img loading=\"lazy\" class=\"wp-image-1918\" title=\"https:\/\/lc.cx\/JmF9\" src=\"http:\/\/blogs.univ-jfc.fr\/vigneetvin\/wp-content\/uploads\/sites\/56\/2017\/02\/Porteur_de_vendange_XVIIIe.jpg\" alt=\"\" width=\"168\" height=\"239\" srcset=\"https:\/\/blogs.univ-jfc.fr\/vigneetvin\/wp-content\/uploads\/sites\/56\/2017\/02\/Porteur_de_vendange_XVIIIe.jpg 280w, https:\/\/blogs.univ-jfc.fr\/vigneetvin\/wp-content\/uploads\/sites\/56\/2017\/02\/Porteur_de_vendange_XVIIIe-211x300.jpg 211w\" sizes=\"(max-width: 168px) 100vw, 168px\" \/><\/a><figcaption id=\"caption-attachment-1918\" class=\"wp-caption-text\">Repr\u00e9sentation d&rsquo;un porteur de vendanges au XVIIIe si\u00e8cle<\/figcaption><\/figure>\n<p align=\"justify\">Une fois cueillis, les fruits sont transport\u00e9s dans des contenants de tailles vari\u00e9es, comme des corbeilles en osier, des paniers\u00a0ou des hottes, qui pr\u00e9sentent le grand avantage de pouvoir transporter en une seule fois une quantit\u00e9 de raisin importante vers le pressoir. Le foulage du raisin est r\u00e9alis\u00e9 de mani\u00e8re ancestrale puisque ce sont les hommes qui, dans les cuves, \u00e9crasent les grappes de raisins avec leurs pieds. Ainsi, les vendanges sont un moment clef du cycle puisqu\u2019elles en marquent l\u2019ach\u00e8vement. elles\u00a0incarnent le moment o\u00f9 le labeur des ouvriers est r\u00e9compens\u00e9 ou non\u00a0; le moment o\u00f9 pour les salari\u00e9s des seigneurs vient le temps de payer ce qui est d\u00fb au propri\u00e9taire ; le moment o\u00f9 le raisin va\u00a0\u00eatre press\u00e9 pour \u00eatre r\u00e9duit \u00e0 l\u2019\u00e9tat de jus et confi\u00e9 \u00e0 des personnes qui se chargent de le <a href=\"http:\/\/blogs.univ-jfc.fr\/vigneetvin\/la-culture-de-la-vigne\/vinification-aux-periodes-antique-et-medievale\/\">transformer en alcool.<\/a><\/p>\n<p align=\"justify\">D\u2019autre part, c\u2019est aussi un moment de f\u00eate, de recueillement et de m\u00e9lange des genres et des ordres : comme on peut le voir sur la c\u00e9l\u00e8bre tapisserie flamande du XVe si\u00e8cle intitul\u00e9e \u00ab\u00a0<a href=\"http:\/\/www.echoppemedievale.com\/path\/1895-1-1-c.html\">Les Grandes Vendanges\u00a0<\/a>\u00bb, hommes et femmes, paysans et seigneurs, sont r\u00e9unis pour ce moment. Les vendanges sont aussi un moment religieux, surtout dans les vignobles qui produisent du raisin pour le service de la messe. Effectivement, ce dernier \u00e0 l\u2019obligation d\u2019\u00eatre foul\u00e9 avec force car ce \u00ab\u00a0martyre des raisins\u00a0\u00bb est cens\u00e9 \u00eatre une analogie du martyre du Christ.<\/p>\n<figure id=\"attachment_2169\" aria-describedby=\"caption-attachment-2169\" style=\"width: 287px\" class=\"wp-caption alignright\"><a href=\"http:\/\/blogs.univ-jfc.fr\/vigneetvin\/wp-content\/uploads\/sites\/56\/2017\/02\/20-vendanges-614x395-1.jpg\"><img loading=\"lazy\" class=\"wp-image-2169\" title=\"https:\/\/boutique.olivier-leflaive.com\" src=\"http:\/\/blogs.univ-jfc.fr\/vigneetvin\/wp-content\/uploads\/sites\/56\/2017\/02\/20-vendanges-614x395-1.jpg\" alt=\"\" width=\"287\" height=\"184\" srcset=\"https:\/\/blogs.univ-jfc.fr\/vigneetvin\/wp-content\/uploads\/sites\/56\/2017\/02\/20-vendanges-614x395-1.jpg 614w, https:\/\/blogs.univ-jfc.fr\/vigneetvin\/wp-content\/uploads\/sites\/56\/2017\/02\/20-vendanges-614x395-1-300x193.jpg 300w\" sizes=\"(max-width: 287px) 100vw, 287px\" \/><\/a><figcaption id=\"caption-attachment-2169\" class=\"wp-caption-text\">R\u00e9colte de raisin \u00e0 la main dans une exploitation viticole actuelle<\/figcaption><\/figure>\n<p align=\"justify\">A l&rsquo;\u00e9poque contemporaine, les vendanges restent, dans la vie rurale, l\u2019\u00e9v\u00e9nement majeur de la fin d\u2019ann\u00e9e.\u00a0 Les mois de septembre et d\u2019octobre monopolisent tous les agriculteurs (voire des salari\u00e9s saisonniers) dans les vignes o\u00f9 la r\u00e9colte se fait encore beaucoup \u00e0 la main. Cependant, la m\u00e9canisation de plus en plus accrue\u00a0de certaines op\u00e9rations\u00a0comme le foulage, le pressage, etc., a provoqu\u00e9 une baisse de la demande de saisonniers. Cette pratique, bien que majoritaire,\u00a0\u00a0r\u00e9sulte d&rsquo;un choix des exploitations puisqu&rsquo;on trouve encore de nos jours des producteurs qui pressent ou font presser les grains \u00e0 la force des pieds.<\/p>\n<p align=\"justify\">En outre, depuis le XIXe si\u00e8cle, les exploitations viticoles se sont \u00e9tendues. On est pass\u00e9 de la petite exploitation familiale de quelques hectares o\u00f9 le vigneron produit et vend sa production, aux grandes exploitations de plusieurs centaines voire milliers d\u2019hectares d\u00e9tenues par des grandes entreprises. Cependant, contrairement \u00e0 d\u2019autres pays comme les Etats-Unis, la France poss\u00e8de encore de nombreux petits domaines qui se d\u00e9marquent par leur savoir-faire et le souci de qualit\u00e9.<\/p>\n<figure id=\"attachment_1916\" aria-describedby=\"caption-attachment-1916\" style=\"width: 267px\" class=\"wp-caption alignleft\"><a href=\"http:\/\/blogs.univ-jfc.fr\/vigneetvin\/wp-content\/uploads\/sites\/56\/2017\/02\/Img1418_vendanges_C\u00f4te_Chalonnaise.jpg\"><img loading=\"lazy\" class=\"wp-image-1916\" title=\"https:\/\/upload.wikimedia.org\/wikipedia\/commons\/0\/0c\/Img1418_vendanges_C%C3%B4te_Chalonnaise.jpg \" src=\"http:\/\/blogs.univ-jfc.fr\/vigneetvin\/wp-content\/uploads\/sites\/56\/2017\/02\/Img1418_vendanges_C\u00f4te_Chalonnaise.jpg\" alt=\"\" width=\"267\" height=\"179\" srcset=\"https:\/\/blogs.univ-jfc.fr\/vigneetvin\/wp-content\/uploads\/sites\/56\/2017\/02\/Img1418_vendanges_C\u00f4te_Chalonnaise.jpg 1674w, https:\/\/blogs.univ-jfc.fr\/vigneetvin\/wp-content\/uploads\/sites\/56\/2017\/02\/Img1418_vendanges_C\u00f4te_Chalonnaise-300x201.jpg 300w, https:\/\/blogs.univ-jfc.fr\/vigneetvin\/wp-content\/uploads\/sites\/56\/2017\/02\/Img1418_vendanges_C\u00f4te_Chalonnaise-768x515.jpg 768w, https:\/\/blogs.univ-jfc.fr\/vigneetvin\/wp-content\/uploads\/sites\/56\/2017\/02\/Img1418_vendanges_C\u00f4te_Chalonnaise-1024x686.jpg 1024w\" sizes=\"(max-width: 267px) 100vw, 267px\" \/><\/a><figcaption id=\"caption-attachment-1916\" class=\"wp-caption-text\">Vendanges r\u00e9alis\u00e9es par des jeunes dans la r\u00e9gion bourguignonne (Chalon)<\/figcaption><\/figure>\n<p class=\"western\" align=\"justify\">Aujourd\u2019hui, dans le proc\u00e9d\u00e9 manuel, on s\u00e9lectionne les grappes en bon \u00e9tat, ce qui explique la dur\u00e9e des vendanges\u00a0(environ 3 semaines). En effet, il faut s\u2019y prendre le plus vite possible afin d\u2019\u00e9viter une potentielle oxydation du raisin, qui pourrait lui faire perdre de sa saveur. Cette p\u00e9riode est \u00e9galement un moment de f\u00eate. Par exemple, dans les vignes de Montmartre, est c\u00e9l\u00e9br\u00e9e depuis 1934 une manifestation o\u00f9, entre autres, le jus du raisin fra\u00eechement \u00e9cras\u00e9 est donn\u00e9 en partie aux enfants, l\u2019autre part servant \u00e0 la production de vin.<\/p>\n<p align=\"justify\">Au final, les vendanges sont une des clefs de vo\u00fbte du cycle de la vigne. Pr\u00e9sentes depuis l&rsquo;origine de la viticulture, elles closent le cycle des manipulations sur une ann\u00e9e pour le rouvrir sur l&rsquo;ann\u00e9e qui suit. Au c\u0153ur d&rsquo;enjeux m\u00ealant l&rsquo;\u00e9conomie, les rapports entre individus ou encore les traditions, elles t\u00e9moignent de la capacit\u00e9 du cycle de la vigne en France \u00e0 s&rsquo;adapter au temps.<\/p>\n<p align=\"justify\"><strong>Pour aller plus loin :<\/strong><\/p>\n<p><span style=\"color: #000000\">CLOS SAINTE-MAGDELEINE, <em>Le cycle de la vigne<\/em>, 2016\/2016 [consult\u00e9 le\u00a010\u00a0mars 2017]. Disponible sur &lt;<\/span><a href=\"http:\/\/www.clossaintemagdeleine.fr\/index.php\/fr\/la-vie-au-domaine\/les-vendanges\">http:\/\/www.clossaintemagdeleine.fr\/index.php\/fr\/la-vie-au-domaine\/les-vendanges<\/a><span style=\"color: #000000\">&gt;\u00a0\u00a0 <\/span><\/p>\n<p><span style=\"color: #000000;font-family: Times New Roman\">L&rsquo;HISTOIRE PAR L&rsquo;IMAGE, <\/span><i><span style=\"color: #000000\">Les vendanges<\/span><\/i>,\u00a02016\/2016\u00a0[consult\u00e9 le\u00a010\u00a0mars 2017]. Disponible &lt;<a href=\"https:\/\/www.histoire-image.org\/etudes\/vendanges\">https:\/\/www.histoire-image.org\/etudes\/vendanges<\/a><span style=\"color: #000000;font-family: Times New Roman\">&gt;<\/span><\/p>\n<p><span style=\"color: #000000\">D\u00c9PARTEMENT DU LOIRET, <\/span><i>Au temps des vendanges<\/i><span style=\"color: #000000\">, 2016\/2016\u00a0[consult\u00e9 le\u00a010\u00a0mars 2017]. Disponible sur &lt;<\/span><a href=\"http:\/\/www.loiret.fr\/au-temps-des-vendanges-histoire-et-tradition--1421.htm?RH=ACCUEIL\">http:\/\/www.loiret.fr\/au-temps-des-vendanges-histoire-et-tradition&#8211;1421.htm?RH=ACCUEIL<\/a><span style=\"color: #000000\">&gt;<\/span><\/p>\n","protected":false},"excerpt":{"rendered":"<p>Les vendanges sont l&rsquo;un des grands moments de l&rsquo;ann\u00e9e. La p\u00e9riode varie selon l&rsquo;esp\u00e8ce et l&rsquo;ann\u00e9e (conditions climatiques, main d\u2019\u0153uvre nombreuse ou manquante). Dans les terres non-m\u00e9diterran\u00e9ennes, elles peuvent d\u00e9buter d\u00e8s les premiers jours de septembre et ne d\u00e9passent jamais la Toussaint. Pour former les jeunes vignerons, le savoir se transmet essentiellement de mani\u00e8re orale, &hellip; <a href=\"https:\/\/blogs.univ-jfc.fr\/vigneetvin\/la-culture-de-la-vigne\/le-cycle-de-la-vigne\/les-vendanges-etape-essentielle-du-cycle\/\" class=\"more-link\">Continuer la lecture de <span class=\"screen-reader-text\">Les vendanges, \u00e9tape essentielle du cycle de la vigne<\/span> <span class=\"meta-nav\">&rarr;<\/span><\/a><\/p>\n","protected":false},"author":274,"featured_media":0,"parent":76,"menu_order":4,"comment_status":"closed","ping_status":"closed","template":"","meta":[],"_links":{"self":[{"href":"https:\/\/blogs.univ-jfc.fr\/vigneetvin\/wp-json\/wp\/v2\/pages\/372"}],"collection":[{"href":"https:\/\/blogs.univ-jfc.fr\/vigneetvin\/wp-json\/wp\/v2\/pages"}],"about":[{"href":"https:\/\/blogs.univ-jfc.fr\/vigneetvin\/wp-json\/wp\/v2\/types\/page"}],"author":[{"embeddable":true,"href":"https:\/\/blogs.univ-jfc.fr\/vigneetvin\/wp-json\/wp\/v2\/users\/274"}],"replies":[{"embeddable":true,"href":"https:\/\/blogs.univ-jfc.fr\/vigneetvin\/wp-json\/wp\/v2\/comments?post=372"}],"version-history":[{"count":30,"href":"https:\/\/blogs.univ-jfc.fr\/vigneetvin\/wp-json\/wp\/v2\/pages\/372\/revisions"}],"predecessor-version":[{"id":4877,"href":"https:\/\/blogs.univ-jfc.fr\/vigneetvin\/wp-json\/wp\/v2\/pages\/372\/revisions\/4877"}],"up":[{"embeddable":true,"href":"https:\/\/blogs.univ-jfc.fr\/vigneetvin\/wp-json\/wp\/v2\/pages\/76"}],"wp:attachment":[{"href":"https:\/\/blogs.univ-jfc.fr\/vigneetvin\/wp-json\/wp\/v2\/media?parent=372"}],"curies":[{"name":"wp","href":"https:\/\/api.w.org\/{rel}","templated":true}]}}