{"id":3748,"date":"2017-03-28T15:20:47","date_gmt":"2017-03-28T14:20:47","guid":{"rendered":"http:\/\/blogs.univ-jfc.fr\/vigneetvin\/?page_id=3748"},"modified":"2017-03-29T08:02:46","modified_gmt":"2017-03-29T07:02:46","slug":"louis-jacques-thenard","status":"publish","type":"page","link":"https:\/\/blogs.univ-jfc.fr\/vigneetvin\/la-culture-de-la-vigne\/de-la-viticulture-a-la-vinification\/la-vinification-depuis-le-xviiie-siecle\/etude-de-la-fermentation-comme-moteur-du-developpement-de-la-vinification-au-xixeme-siecle\/1850-1875-le-vinage-et-la-qualite-des-vins\/louis-jacques-thenard\/","title":{"rendered":"Louis Jacques Th\u00e9nard"},"content":{"rendered":"<p>&nbsp;<\/p>\n<figure id=\"attachment_3749\" aria-describedby=\"caption-attachment-3749\" style=\"width: 268px\" class=\"wp-caption alignleft\"><a href=\"http:\/\/blogs.univ-jfc.fr\/vigneetvin\/wp-content\/uploads\/sites\/56\/2017\/03\/Louis_Jacques_Th\u00e9nard.jpg\"><img loading=\"lazy\" class=\"wp-image-3749 size-medium\" src=\"http:\/\/blogs.univ-jfc.fr\/vigneetvin\/wp-content\/uploads\/sites\/56\/2017\/03\/Louis_Jacques_Th\u00e9nard-268x300.jpg\" alt=\"\" width=\"268\" height=\"300\" srcset=\"https:\/\/blogs.univ-jfc.fr\/vigneetvin\/wp-content\/uploads\/sites\/56\/2017\/03\/Louis_Jacques_Th\u00e9nard-268x300.jpg 268w, https:\/\/blogs.univ-jfc.fr\/vigneetvin\/wp-content\/uploads\/sites\/56\/2017\/03\/Louis_Jacques_Th\u00e9nard.jpg 764w\" sizes=\"(max-width: 268px) 100vw, 268px\" \/><\/a><figcaption id=\"caption-attachment-3749\" class=\"wp-caption-text\">Th\u00e9nard. Source : Wikimedia Commons<\/figcaption><\/figure>\n<p style=\"text-align: justify\">Grand chimiste fran\u00e7ais n\u00e9 le 4 mai 1777 \u00e0 La Loupti\u00e8re et d\u00e9c\u00e9d\u00e9 le 21 juin 1857 \u00e0 Paris. Il devient membre de l\u2019Acad\u00e9mie des sciences en 1810. De plus, il enseigna \u00e0 l\u2019Ecole polytechnique et \u00e0 la Sorbonne, avant d\u2019en devenir le doyen en 1821. Parmi ses multiples \u00e9tudes, on retiendra la d\u00e9couverte du bleu de Th\u00e9nard en 1807 (colorant de la porcelaine).<\/p>\n","protected":false},"excerpt":{"rendered":"<p>&nbsp; Grand chimiste fran\u00e7ais n\u00e9 le 4 mai 1777 \u00e0 La Loupti\u00e8re et d\u00e9c\u00e9d\u00e9 le 21 juin 1857 \u00e0 Paris. Il devient membre de l\u2019Acad\u00e9mie des sciences en 1810. De plus, il enseigna \u00e0 l\u2019Ecole polytechnique et \u00e0 la Sorbonne, avant d\u2019en devenir le doyen en 1821. Parmi ses multiples \u00e9tudes, on retiendra la d\u00e9couverte &hellip; <a href=\"https:\/\/blogs.univ-jfc.fr\/vigneetvin\/la-culture-de-la-vigne\/de-la-viticulture-a-la-vinification\/la-vinification-depuis-le-xviiie-siecle\/etude-de-la-fermentation-comme-moteur-du-developpement-de-la-vinification-au-xixeme-siecle\/1850-1875-le-vinage-et-la-qualite-des-vins\/louis-jacques-thenard\/\" class=\"more-link\">Continuer la lecture de <span class=\"screen-reader-text\">Louis Jacques Th\u00e9nard<\/span> <span class=\"meta-nav\">&rarr;<\/span><\/a><\/p>\n","protected":false},"author":270,"featured_media":0,"parent":1150,"menu_order":0,"comment_status":"closed","ping_status":"closed","template":"","meta":[],"_links":{"self":[{"href":"https:\/\/blogs.univ-jfc.fr\/vigneetvin\/wp-json\/wp\/v2\/pages\/3748"}],"collection":[{"href":"https:\/\/blogs.univ-jfc.fr\/vigneetvin\/wp-json\/wp\/v2\/pages"}],"about":[{"href":"https:\/\/blogs.univ-jfc.fr\/vigneetvin\/wp-json\/wp\/v2\/types\/page"}],"author":[{"embeddable":true,"href":"https:\/\/blogs.univ-jfc.fr\/vigneetvin\/wp-json\/wp\/v2\/users\/270"}],"replies":[{"embeddable":true,"href":"https:\/\/blogs.univ-jfc.fr\/vigneetvin\/wp-json\/wp\/v2\/comments?post=3748"}],"version-history":[{"count":5,"href":"https:\/\/blogs.univ-jfc.fr\/vigneetvin\/wp-json\/wp\/v2\/pages\/3748\/revisions"}],"predecessor-version":[{"id":3890,"href":"https:\/\/blogs.univ-jfc.fr\/vigneetvin\/wp-json\/wp\/v2\/pages\/3748\/revisions\/3890"}],"up":[{"embeddable":true,"href":"https:\/\/blogs.univ-jfc.fr\/vigneetvin\/wp-json\/wp\/v2\/pages\/1150"}],"wp:attachment":[{"href":"https:\/\/blogs.univ-jfc.fr\/vigneetvin\/wp-json\/wp\/v2\/media?parent=3748"}],"curies":[{"name":"wp","href":"https:\/\/api.w.org\/{rel}","templated":true}]}}