{"id":3780,"date":"2017-03-28T16:07:51","date_gmt":"2017-03-28T15:07:51","guid":{"rendered":"http:\/\/blogs.univ-jfc.fr\/vigneetvin\/?page_id=3780"},"modified":"2017-03-29T08:02:12","modified_gmt":"2017-03-29T07:02:12","slug":"pierre-joseph-macquer","status":"publish","type":"page","link":"https:\/\/blogs.univ-jfc.fr\/vigneetvin\/la-culture-de-la-vigne\/de-la-viticulture-a-la-vinification\/la-vinification-depuis-le-xviiie-siecle\/etude-de-la-fermentation-comme-moteur-du-developpement-de-la-vinification-au-xixeme-siecle\/1775-1820-le-sucrage-des-vendanges\/pierre-joseph-macquer\/","title":{"rendered":"Pierre-Joseph Macquer"},"content":{"rendered":"<figure id=\"attachment_3781\" aria-describedby=\"caption-attachment-3781\" style=\"width: 264px\" class=\"wp-caption alignleft\"><a href=\"http:\/\/blogs.univ-jfc.fr\/vigneetvin\/wp-content\/uploads\/sites\/56\/2017\/03\/Pierre_Joseph_Macquer.jpg\"><img loading=\"lazy\" class=\"wp-image-3781 size-medium\" src=\"http:\/\/blogs.univ-jfc.fr\/vigneetvin\/wp-content\/uploads\/sites\/56\/2017\/03\/Pierre_Joseph_Macquer-264x300.jpg\" alt=\"\" width=\"264\" height=\"300\" srcset=\"https:\/\/blogs.univ-jfc.fr\/vigneetvin\/wp-content\/uploads\/sites\/56\/2017\/03\/Pierre_Joseph_Macquer-264x300.jpg 264w, https:\/\/blogs.univ-jfc.fr\/vigneetvin\/wp-content\/uploads\/sites\/56\/2017\/03\/Pierre_Joseph_Macquer-768x871.jpg 768w, https:\/\/blogs.univ-jfc.fr\/vigneetvin\/wp-content\/uploads\/sites\/56\/2017\/03\/Pierre_Joseph_Macquer.jpg 804w\" sizes=\"(max-width: 264px) 100vw, 264px\" \/><\/a><figcaption id=\"caption-attachment-3781\" class=\"wp-caption-text\">Macquer. Source : Wikimedia Commons<\/figcaption><\/figure>\n<p style=\"text-align: justify\">Pierre-Joseph Macquer est n\u00e9 \u00e0 Paris en 1718. Issu d\u2019une famille originaire d\u2019Ecosse, il s\u2019int\u00e9resse tr\u00e8s top \u00e0 la chimie et \u00e0 la m\u00e9decine. Il devient pensionnaire de l\u2019acad\u00e9mie des sciences en 1772. Il r\u00e9dige entre 1758 et 1761 toute une s\u00e9rie de m\u00e9moires dans laquelle il fait \u00e9tale de tout son savoir de chimiste. Il publie ensuite son \u00ab\u00a0Dictionnaire de Chimie\u00a0\u00bb, r\u00e9dig\u00e9 entre 1776 et 1778. Il fut le premier \u00e0 reconna\u00eetre que les sulfates ne se dissolvent que tr\u00e8s difficilement dans l\u2019alcool alors que les nitrates et les muriates s\u2019y unissent beaucoup mieux.<\/p>\n","protected":false},"excerpt":{"rendered":"<p>Pierre-Joseph Macquer est n\u00e9 \u00e0 Paris en 1718. Issu d\u2019une famille originaire d\u2019Ecosse, il s\u2019int\u00e9resse tr\u00e8s top \u00e0 la chimie et \u00e0 la m\u00e9decine. Il devient pensionnaire de l\u2019acad\u00e9mie des sciences en 1772. Il r\u00e9dige entre 1758 et 1761 toute une s\u00e9rie de m\u00e9moires dans laquelle il fait \u00e9tale de tout son savoir de chimiste. &hellip; <a href=\"https:\/\/blogs.univ-jfc.fr\/vigneetvin\/la-culture-de-la-vigne\/de-la-viticulture-a-la-vinification\/la-vinification-depuis-le-xviiie-siecle\/etude-de-la-fermentation-comme-moteur-du-developpement-de-la-vinification-au-xixeme-siecle\/1775-1820-le-sucrage-des-vendanges\/pierre-joseph-macquer\/\" class=\"more-link\">Continuer la lecture de <span class=\"screen-reader-text\">Pierre-Joseph Macquer<\/span> <span class=\"meta-nav\">&rarr;<\/span><\/a><\/p>\n","protected":false},"author":270,"featured_media":0,"parent":1113,"menu_order":0,"comment_status":"closed","ping_status":"closed","template":"","meta":[],"_links":{"self":[{"href":"https:\/\/blogs.univ-jfc.fr\/vigneetvin\/wp-json\/wp\/v2\/pages\/3780"}],"collection":[{"href":"https:\/\/blogs.univ-jfc.fr\/vigneetvin\/wp-json\/wp\/v2\/pages"}],"about":[{"href":"https:\/\/blogs.univ-jfc.fr\/vigneetvin\/wp-json\/wp\/v2\/types\/page"}],"author":[{"embeddable":true,"href":"https:\/\/blogs.univ-jfc.fr\/vigneetvin\/wp-json\/wp\/v2\/users\/270"}],"replies":[{"embeddable":true,"href":"https:\/\/blogs.univ-jfc.fr\/vigneetvin\/wp-json\/wp\/v2\/comments?post=3780"}],"version-history":[{"count":6,"href":"https:\/\/blogs.univ-jfc.fr\/vigneetvin\/wp-json\/wp\/v2\/pages\/3780\/revisions"}],"predecessor-version":[{"id":3889,"href":"https:\/\/blogs.univ-jfc.fr\/vigneetvin\/wp-json\/wp\/v2\/pages\/3780\/revisions\/3889"}],"up":[{"embeddable":true,"href":"https:\/\/blogs.univ-jfc.fr\/vigneetvin\/wp-json\/wp\/v2\/pages\/1113"}],"wp:attachment":[{"href":"https:\/\/blogs.univ-jfc.fr\/vigneetvin\/wp-json\/wp\/v2\/media?parent=3780"}],"curies":[{"name":"wp","href":"https:\/\/api.w.org\/{rel}","templated":true}]}}