{"id":39,"date":"2017-01-14T07:28:22","date_gmt":"2017-01-14T06:28:22","guid":{"rendered":"http:\/\/blogs.univ-jfc.fr\/vigneetvin\/?page_id=39"},"modified":"2017-03-21T18:59:48","modified_gmt":"2017-03-21T17:59:48","slug":"le-bas-moyen-age-xie-xve-siecle","status":"publish","type":"page","link":"https:\/\/blogs.univ-jfc.fr\/vigneetvin\/usages-et-consommation-du-vin-une-approche-periodique\/le-bas-moyen-age-xie-xve-siecle\/","title":{"rendered":"Le bas Moyen Age (XIe-XVe si\u00e8cle)"},"content":{"rendered":"<p><!-- @page { margin: 2cm } P { margin-bottom: 0.21cm } --><\/p>\n<figure id=\"attachment_2189\" aria-describedby=\"caption-attachment-2189\" style=\"width: 300px\" class=\"wp-caption alignright\"><a href=\"http:\/\/blogs.univ-jfc.fr\/vigneetvin\/wp-content\/uploads\/sites\/56\/2017\/03\/vendange_tapisseriedeflandres.jpg\"><img loading=\"lazy\" class=\"wp-image-2189 size-medium\" title=\"https:\/\/www.google.fr\/search?q=soci%C3%A9t%C3%A9+et+vin+moyen+age&amp;source=lnms&amp;tbm=isch&amp;sa=X&amp;ved=0ahUKEwjLw8bwn9jSAhXsJMAKHUhvCDMQ_AUIBigB&amp;biw=1536&amp;bih=759#tbm=isch&amp;q=Vin+moyen+age&amp;*&amp;imgrc=67xUlL7ZU9JTIM:\" src=\"http:\/\/blogs.univ-jfc.fr\/vigneetvin\/wp-content\/uploads\/sites\/56\/2017\/03\/vendange_tapisseriedeflandres-300x203.jpg\" alt=\"\" width=\"300\" height=\"203\" srcset=\"https:\/\/blogs.univ-jfc.fr\/vigneetvin\/wp-content\/uploads\/sites\/56\/2017\/03\/vendange_tapisseriedeflandres-300x203.jpg 300w, https:\/\/blogs.univ-jfc.fr\/vigneetvin\/wp-content\/uploads\/sites\/56\/2017\/03\/vendange_tapisseriedeflandres.jpg 522w\" sizes=\"(max-width: 300px) 100vw, 300px\" \/><\/a><figcaption id=\"caption-attachment-2189\" class=\"wp-caption-text\">Le d\u00e9roulement des vendanges (s. d.)<\/figcaption><\/figure>\n<p style=\"text-align: justify\">Le vin a une place centrale dans la soci\u00e9t\u00e9 du bas Moyen \u00e2ge. Il occupe donc une place centrale dans la vie des contemporains. En effet, cette boisson leur permet, quel que soit leur ordre, d&rsquo;entretenir des liens sociaux. Le vin joue, \u00e0 cette \u00e9poque, un r\u00f4le important dans la religion chr\u00e9tienne, alors tr\u00e8s r\u00e9pandue. Il est \u00e9galement utilis\u00e9 en m\u00e9decine ou encore dans l&rsquo;am\u00e9lioration du quotidien avec l&rsquo;importance du vin dans la cuisine. Ainsi, le vin est-il un des <a href=\"http:\/\/blogs.univ-jfc.fr\/vigneetvin\/usages-et-consommation-du-vin-une-approche-periodique\/le-bas-moyen-age-xie-xve-siecle\/le-bas-moyen-age-page-de-niveau-2-1\/\">piliers de la soci\u00e9t\u00e9 m\u00e9di\u00e9vale<\/a> ?<\/p>\n<figure id=\"attachment_2185\" aria-describedby=\"caption-attachment-2185\" style=\"width: 192px\" class=\"wp-caption alignleft\"><a href=\"http:\/\/blogs.univ-jfc.fr\/vigneetvin\/wp-content\/uploads\/sites\/56\/2017\/03\/1315822-Larbre_de_la_soci\u00e9t\u00e9_m\u00e9di\u00e9vale.jpg\"><img loading=\"lazy\" class=\"wp-image-2185 size-medium\" title=\"http:\/\/www.larousse.fr\/encyclopedie\/data\/images\/1315822-Larbre_de_la_soci%C3%A9t%C3%A9_m%C3%A9di%C3%A9vale.jpg\" src=\"http:\/\/blogs.univ-jfc.fr\/vigneetvin\/wp-content\/uploads\/sites\/56\/2017\/03\/1315822-Larbre_de_la_soci\u00e9t\u00e9_m\u00e9di\u00e9vale-192x300.jpg\" alt=\"\" width=\"192\" height=\"300\" srcset=\"https:\/\/blogs.univ-jfc.fr\/vigneetvin\/wp-content\/uploads\/sites\/56\/2017\/03\/1315822-Larbre_de_la_soci\u00e9t\u00e9_m\u00e9di\u00e9vale-192x300.jpg 192w, https:\/\/blogs.univ-jfc.fr\/vigneetvin\/wp-content\/uploads\/sites\/56\/2017\/03\/1315822-Larbre_de_la_soci\u00e9t\u00e9_m\u00e9di\u00e9vale.jpg 352w\" sizes=\"(max-width: 192px) 100vw, 192px\" \/><\/a><figcaption id=\"caption-attachment-2185\" class=\"wp-caption-text\">L&rsquo;arbre de la soci\u00e9t\u00e9 m\u00e9di\u00e9vale. Miniatures du XVe si\u00e8cle.<\/figcaption><\/figure>\n<p style=\"text-align: justify\">Les diff\u00e9rents usages du vin mais aussi les symboliques qui sont cr\u00e9\u00e9es autour de cette boisson permettent de rappeler cette <a href=\"http:\/\/blogs.univ-jfc.fr\/vigneetvin\/usages-et-consommation-du-vin-une-approche-periodique\/le-bas-moyen-age-xie-xve-siecle\/le-bas-moyen-age-page-de-niveau-2-2\/\">soci\u00e9t\u00e9 d&rsquo;ordres<\/a>. Pour autant, les diff\u00e9renciations induites par le vin ne se font pas seulement entre ordres mais \u00e9galement en leur sein.<\/p>\n<p>&nbsp;<\/p>\n<p>&nbsp;<\/p>\n<p>&nbsp;<\/p>\n<p>&nbsp;<\/p>\n<p>&nbsp;<\/p>\n<p>&nbsp;<\/p>\n<p>&nbsp;<\/p>\n<p>&nbsp;<\/p>\n<p>Etudiants :\u00a0 Robin LAVEST,\u00a0 Florent JUSTES, Ma\u00ebva RAMOS, Lucie TERRAL<\/p>\n","protected":false},"excerpt":{"rendered":"<p>Le vin a une place centrale dans la soci\u00e9t\u00e9 du bas Moyen \u00e2ge. Il occupe donc une place centrale dans la vie des contemporains. En effet, cette boisson leur permet, quel que soit leur ordre, d&rsquo;entretenir des liens sociaux. Le vin joue, \u00e0 cette \u00e9poque, un r\u00f4le important dans la religion chr\u00e9tienne, alors tr\u00e8s r\u00e9pandue. &hellip; <a href=\"https:\/\/blogs.univ-jfc.fr\/vigneetvin\/usages-et-consommation-du-vin-une-approche-periodique\/le-bas-moyen-age-xie-xve-siecle\/\" class=\"more-link\">Continuer la lecture de <span class=\"screen-reader-text\">Le bas Moyen Age (XIe-XVe si\u00e8cle)<\/span> <span class=\"meta-nav\">&rarr;<\/span><\/a><\/p>\n","protected":false},"author":19,"featured_media":0,"parent":32,"menu_order":3,"comment_status":"closed","ping_status":"closed","template":"","meta":[],"_links":{"self":[{"href":"https:\/\/blogs.univ-jfc.fr\/vigneetvin\/wp-json\/wp\/v2\/pages\/39"}],"collection":[{"href":"https:\/\/blogs.univ-jfc.fr\/vigneetvin\/wp-json\/wp\/v2\/pages"}],"about":[{"href":"https:\/\/blogs.univ-jfc.fr\/vigneetvin\/wp-json\/wp\/v2\/types\/page"}],"author":[{"embeddable":true,"href":"https:\/\/blogs.univ-jfc.fr\/vigneetvin\/wp-json\/wp\/v2\/users\/19"}],"replies":[{"embeddable":true,"href":"https:\/\/blogs.univ-jfc.fr\/vigneetvin\/wp-json\/wp\/v2\/comments?post=39"}],"version-history":[{"count":32,"href":"https:\/\/blogs.univ-jfc.fr\/vigneetvin\/wp-json\/wp\/v2\/pages\/39\/revisions"}],"predecessor-version":[{"id":3118,"href":"https:\/\/blogs.univ-jfc.fr\/vigneetvin\/wp-json\/wp\/v2\/pages\/39\/revisions\/3118"}],"up":[{"embeddable":true,"href":"https:\/\/blogs.univ-jfc.fr\/vigneetvin\/wp-json\/wp\/v2\/pages\/32"}],"wp:attachment":[{"href":"https:\/\/blogs.univ-jfc.fr\/vigneetvin\/wp-json\/wp\/v2\/media?parent=39"}],"curies":[{"name":"wp","href":"https:\/\/api.w.org\/{rel}","templated":true}]}}