{"id":392,"date":"2017-02-09T09:58:59","date_gmt":"2017-02-09T08:58:59","guid":{"rendered":"http:\/\/blogs.univ-jfc.fr\/vigneetvin\/?page_id=392"},"modified":"2017-03-30T08:48:10","modified_gmt":"2017-03-30T07:48:10","slug":"c-la-reconnaissance-dune-image-un-atout-pour-le-tourisme-regional","status":"publish","type":"page","link":"https:\/\/blogs.univ-jfc.fr\/vigneetvin\/la-culture-de-la-vigne\/vignes-et-terroirs\/la-construction-dune-image-de-qualite-autour-des-appellations-et-des-denominations\/c-la-reconnaissance-dune-image-un-atout-pour-le-tourisme-regional\/","title":{"rendered":"La reconnaissance d\u2019une image, un atout pour le tourisme r\u00e9gional"},"content":{"rendered":"<p>Le vin fait partie du patrimoine culturel fran\u00e7ais et r\u00e9gional.<\/p>\n<p>Le tourisme du vin, au cours des cinquante derni\u00e8res ann\u00e9es, s&rsquo;est d\u00e9velopp\u00e9 de deux fa\u00e7ons disjointes, l&rsquo;un axe sur le vin et l&rsquo;autre sur le tourisme. Cet axe sur le tourisme est per\u00e7u comme une opportunit\u00e9 commerciale, essayant de capter les flux de touristes afin de promouvoir l&rsquo;image de la r\u00e9gion avec des ventes directes. Ainsi, il se d\u00e9veloppe un march\u00e9 tout autour du vin, de son patrimoine mat\u00e9riel et immat\u00e9riel.<\/p>\n<p>Les r\u00e9gions et les appellations viticoles de France sont confront\u00e9es \u00e0 un changement qui ne fut pas anticip\u00e9, une mutation dans la demande touristique mondiale. R\u00e9sultat, elles peinent \u00e0 cr\u00e9er des structures d&rsquo;\u0153notourismes en France, l\u00e0 o\u00f9 les autres pays se sont adapt\u00e9s tels que la Californie ou le Chili. Mais depuis une dizaine d&rsquo;ann\u00e9es, la France essaie de combler son retard par de nombreuses activit\u00e9s touristiques et un d\u00e9veloppement du marketing autour du vin accru tels que des visites de caves, de ch\u00e2teaux et maisons du vin, l\u2019accueil au caveau chez le vigneron, de balades et de randonn\u00e9es \u00e0 travers les vignobles, des f\u00eates, \u00e9v\u00e9nements et activit\u00e9s autour du vin.<\/p>\n<p>Les appellations ont jou\u00e9 un r\u00f4le historique dans le d\u00e9veloppement du vin. L&rsquo;INAO a jou\u00e9 un r\u00f4le historique dans la promotion des vins et le label AOC en compte les terroirs et les paysages. L&rsquo;INAO incite les producteurs d&rsquo;AOC et leurs organismes techniques et administratifs \u00e0 se rapprocher des \u00e9lus, des consommateurs, des citoyens et des professionnels concern\u00e9s par la qualit\u00e9 des paysages, pour imaginer ensemble leur avenir et celui de leur r\u00e9gion.<\/p>\n","protected":false},"excerpt":{"rendered":"<p>Le vin fait partie du patrimoine culturel fran\u00e7ais et r\u00e9gional. Le tourisme du vin, au cours des cinquante derni\u00e8res ann\u00e9es, s&rsquo;est d\u00e9velopp\u00e9 de deux fa\u00e7ons disjointes, l&rsquo;un axe sur le vin et l&rsquo;autre sur le tourisme. Cet axe sur le tourisme est per\u00e7u comme une opportunit\u00e9 commerciale, essayant de capter les flux de touristes afin &hellip; <a href=\"https:\/\/blogs.univ-jfc.fr\/vigneetvin\/la-culture-de-la-vigne\/vignes-et-terroirs\/la-construction-dune-image-de-qualite-autour-des-appellations-et-des-denominations\/c-la-reconnaissance-dune-image-un-atout-pour-le-tourisme-regional\/\" class=\"more-link\">Continuer la lecture de <span class=\"screen-reader-text\">La reconnaissance d\u2019une image, un atout pour le tourisme r\u00e9gional<\/span> <span class=\"meta-nav\">&rarr;<\/span><\/a><\/p>\n","protected":false},"author":271,"featured_media":0,"parent":128,"menu_order":3,"comment_status":"closed","ping_status":"closed","template":"","meta":[],"_links":{"self":[{"href":"https:\/\/blogs.univ-jfc.fr\/vigneetvin\/wp-json\/wp\/v2\/pages\/392"}],"collection":[{"href":"https:\/\/blogs.univ-jfc.fr\/vigneetvin\/wp-json\/wp\/v2\/pages"}],"about":[{"href":"https:\/\/blogs.univ-jfc.fr\/vigneetvin\/wp-json\/wp\/v2\/types\/page"}],"author":[{"embeddable":true,"href":"https:\/\/blogs.univ-jfc.fr\/vigneetvin\/wp-json\/wp\/v2\/users\/271"}],"replies":[{"embeddable":true,"href":"https:\/\/blogs.univ-jfc.fr\/vigneetvin\/wp-json\/wp\/v2\/comments?post=392"}],"version-history":[{"count":4,"href":"https:\/\/blogs.univ-jfc.fr\/vigneetvin\/wp-json\/wp\/v2\/pages\/392\/revisions"}],"predecessor-version":[{"id":4521,"href":"https:\/\/blogs.univ-jfc.fr\/vigneetvin\/wp-json\/wp\/v2\/pages\/392\/revisions\/4521"}],"up":[{"embeddable":true,"href":"https:\/\/blogs.univ-jfc.fr\/vigneetvin\/wp-json\/wp\/v2\/pages\/128"}],"wp:attachment":[{"href":"https:\/\/blogs.univ-jfc.fr\/vigneetvin\/wp-json\/wp\/v2\/media?parent=392"}],"curies":[{"name":"wp","href":"https:\/\/api.w.org\/{rel}","templated":true}]}}