{"id":4301,"date":"2017-03-30T08:05:46","date_gmt":"2017-03-30T07:05:46","guid":{"rendered":"http:\/\/blogs.univ-jfc.fr\/vigneetvin\/?page_id=4301"},"modified":"2017-04-11T17:23:18","modified_gmt":"2017-04-11T16:23:18","slug":"les-notables-dans-la-diversification","status":"publish","type":"page","link":"https:\/\/blogs.univ-jfc.fr\/vigneetvin\/gaillac-et-le-vin\/techniques-et-exploitations-vini-viticoles\/les-notables-dans-la-diversification\/","title":{"rendered":"Les notables dans la diversification"},"content":{"rendered":"<p>Au d\u00e9but du VIIe si\u00e8cle dans la r\u00e9gion gaillacoise le commerce du vin est d\u00e9j\u00e0 bien implant\u00e9 comme le d\u00e9montrent les droits de p\u00e9age de l&rsquo;abbaye de Moissac. Arrive \u00e0 cette \u00e9poque dans la r\u00e9gion une famille qui sera \u00e0 la base de la diversification des types d\u2019exploitations, les Salvi-Didier. Ces derniers sont d\u2019\u00e9normes propri\u00e9taires fonciers comme cela \u00e9tait courrant durant l\u2019Antiquit\u00e9. L\u2019un des membres de cette illustre famille Saint Didier, \u00e9v\u00eaque de Cahors de 630 \u00e0 659, poss\u00e9dait \u00e0 lui seul un domaine englobant tout le gaillacois. C\u2019est lui qui commen\u00e7a \u00e0 implanter de nombreuses abbayes o\u00f9 d\u00e9sormais on cultiverait le vin. Ce dernier fut canonis\u00e9 tout comme St Salvi \u00e9v\u00eaque d&rsquo;Albi dans les ann\u00e9es 574 \u2013 584.<\/p>\n<p>Selon le r\u00e9cit de Gr\u00e9goire de Tours, Dider (pas encore \u00e9v\u00eaque de Cahors) aurait profit\u00e9 des conflits de succession entre les francs ainsi que des fratricides afin de servir ses propres int\u00e9r\u00eats. Il aurait affront\u00e9 Sigebert roi d&rsquo;Austrasie \u00e0 qui il prit P\u00e9rigueux, Albi et Agen, tout en \u00e9tant au service de Chilp\u00e9ric. Par la suite \u00e0 la mort de Chilp\u00e9ric et apr\u00e8s avoir d\u00e9pouill\u00e9 Rigonthe la fille de ce dernier de sa dot royale, il serait pass\u00e9 dans le camp du roi de Bourgogne, Gontran, puis mourut devant Carcassonne dans un conflit avec les Goths. Ainsi bien que Didier s&rsquo;impose plus comme un chef de guerre aspirant \u00e0 s&rsquo;enrichir personnellement par tout les moyens n\u00e9cessaires plut\u00f4t que comme un propri\u00e9taire il est important de noter que ce sont bien ses terres en lesquelles il a plac\u00e9 de sa fortune qui assureront une grande partie des revenus de sa femme et de l&rsquo;h\u00e9ritage que recevront ses fils apr\u00e8s sa mort.<\/p>\n<p style=\"text-align: center\" align=\"JUSTIFY\"><a href=\"http:\/\/blogs.univ-jfc.fr\/vigneetvin\/wp-content\/uploads\/sites\/56\/2017\/03\/chilperic.jpg\"><img loading=\"lazy\" class=\"size-medium wp-image-3088 aligncenter\" src=\"http:\/\/blogs.univ-jfc.fr\/vigneetvin\/wp-content\/uploads\/sites\/56\/2017\/03\/chilperic-300x300.jpg\" alt=\"\" width=\"300\" height=\"300\" srcset=\"https:\/\/blogs.univ-jfc.fr\/vigneetvin\/wp-content\/uploads\/sites\/56\/2017\/03\/chilperic-300x300.jpg 300w, https:\/\/blogs.univ-jfc.fr\/vigneetvin\/wp-content\/uploads\/sites\/56\/2017\/03\/chilperic-150x150.jpg 150w, https:\/\/blogs.univ-jfc.fr\/vigneetvin\/wp-content\/uploads\/sites\/56\/2017\/03\/chilperic.jpg 322w\" sizes=\"(max-width: 300px) 100vw, 300px\" \/><\/a><em>(Chilp\u00e9ric Face \u00e0 Gr\u00e9goire de Tours et Salvius \u00e9v\u00eaque d&rsquo;Albi. Grandes Chroniques de France)<\/em><\/p>\n<p>Cette d\u00e9marche fut reprise notamment par les Comtes de Toulouse, en effet Raymond Ier, comte de Toulouse fit mention dans ses legs en 961 d\u2019une communaut\u00e9, puis d\u2019un monast\u00e8re sur ses terres, l\u2019abbaye Saint-Michel. Les religieux se lancent d\u00e8s lors dans la culture du vin mais \u00e9galement dans son commerce, comme en attestent les droits de p\u00e9age, de l\u2019abbaye de Moissac comme vu plus haut. M\u00eame \u00e0 Rabastens les vignes sont cultiv\u00e9es et administr\u00e9es par des moines b\u00e9n\u00e9dictins, contribuant grandement \u00e0 l\u2019essor de la ville.<\/p>\n<p>On observe toutefois que d\u2019autres instances changent la fa\u00e7on de cultiver la vigne. En 1288 le roi de France Philippe le bel, r\u00e9dige une charte traitant de la culture du vin gaillacois o\u00f9 il prescrit par exemple, que la vigne ne doit \u00eatre fum\u00e9e qu\u2019au fumier de pigeon. Cette d\u00e9cision aboutit \u00e0 la construction de nombreux pigeonniers dans le gaillacois. D\u2019autres lois comme l\u2019interdiction d\u2019importer des vins \u00e9trangers, ou encore, l&rsquo;obligation des cabaretiers \u00e0 vendre du vin local pendant quarante jours, sous peine de fermeture de leur commerce. Ces lois sont donc mises en place pour favoriser l&rsquo;essor du vin de Gaillac. On voit ainsi tr\u00e8s fr\u00e9quemment des rois de France ou d\u2019Angleterre qui usent de leur pouvoir afin de garantir le bon fonctionnement de l\u2019exploitation des domaines du gaillacois, en tant que tr\u00e8s grands consommateurs des vins de gaillac. En effet les rois de France, les rois d\u2019Angleterre ainsi que les grands seigneurs fran\u00e7ais et europ\u00e9ens (notamment italiens) appr\u00e9cient \u00e9norm\u00e9ment ce vin qui se voit donc export\u00e9 \u00e0 travers les fronti\u00e8res europ\u00e9ennes.<\/p>\n<p align=\"JUSTIFY\">\n<p style=\"text-align: center\"><a style=\"font-size: medium\" href=\"http:\/\/blogs.univ-jfc.fr\/vigneetvin\/wp-content\/uploads\/sites\/56\/2017\/03\/Gaillac-rive-droite-pigeonnier-et-vignes.jpg\"><img loading=\"lazy\" class=\"size-medium wp-image-3094 aligncenter\" src=\"http:\/\/blogs.univ-jfc.fr\/vigneetvin\/wp-content\/uploads\/sites\/56\/2017\/03\/Gaillac-rive-droite-pigeonnier-et-vignes-300x199.jpg\" alt=\"\" width=\"300\" height=\"199\" srcset=\"https:\/\/blogs.univ-jfc.fr\/vigneetvin\/wp-content\/uploads\/sites\/56\/2017\/03\/Gaillac-rive-droite-pigeonnier-et-vignes-300x199.jpg 300w, https:\/\/blogs.univ-jfc.fr\/vigneetvin\/wp-content\/uploads\/sites\/56\/2017\/03\/Gaillac-rive-droite-pigeonnier-et-vignes-768x510.jpg 768w, https:\/\/blogs.univ-jfc.fr\/vigneetvin\/wp-content\/uploads\/sites\/56\/2017\/03\/Gaillac-rive-droite-pigeonnier-et-vignes-1024x680.jpg 1024w, https:\/\/blogs.univ-jfc.fr\/vigneetvin\/wp-content\/uploads\/sites\/56\/2017\/03\/Gaillac-rive-droite-pigeonnier-et-vignes.jpg 1920w\" sizes=\"(max-width: 300px) 100vw, 300px\" \/><\/a><em>Pigeonnier situ\u00e9 sur la rive droite du Tarn.<\/em><\/p>\n<p align=\"JUSTIFY\">C\u2019est surtout lorsque \u00c9douard d\u2019Angleterre devint duc d\u2019Aquitaine qu\u2019il put par le biais de taxes et de contr\u00f4les avoir de l&rsquo;influence sur les exploitations du gaillacois. Ainsi, si les notables donnent autant de privil\u00e8ges \u00e0 l\u2019exploitation viticole, c\u2019est parce qu\u2019ils ont trouv\u00e9 \u00e0 cette derni\u00e8re un double int\u00e9r\u00eat. Il y a d\u2019abord bel et bien un int\u00e9r\u00eat envers la consommation du vin mais \u00e9galement envers les recettes possibles autours du commerce de celui-ci. Les principaux revenus de ce commerce se font donc gr\u00e2ce aux p\u00e9ages pr\u00e9sents dans chaque ville. Philippe le Hardi mit en place en 1278 une saumada, taxe sur les bateaux descendant le Tarn, illustrant cette notion d&rsquo;enrichissement via les p\u00e9ages.<\/p>\n","protected":false},"excerpt":{"rendered":"<p>Au d\u00e9but du VIIe si\u00e8cle dans la r\u00e9gion gaillacoise le commerce du vin est d\u00e9j\u00e0 bien implant\u00e9 comme le d\u00e9montrent les droits de p\u00e9age de l&rsquo;abbaye de Moissac. Arrive \u00e0 cette \u00e9poque dans la r\u00e9gion une famille qui sera \u00e0 la base de la diversification des types d\u2019exploitations, les Salvi-Didier. Ces derniers sont d\u2019\u00e9normes propri\u00e9taires &hellip; <a href=\"https:\/\/blogs.univ-jfc.fr\/vigneetvin\/gaillac-et-le-vin\/techniques-et-exploitations-vini-viticoles\/les-notables-dans-la-diversification\/\" class=\"more-link\">Continuer la lecture de <span class=\"screen-reader-text\">Les notables dans la diversification<\/span> <span class=\"meta-nav\">&rarr;<\/span><\/a><\/p>\n","protected":false},"author":269,"featured_media":0,"parent":14,"menu_order":1,"comment_status":"closed","ping_status":"closed","template":"","meta":[],"_links":{"self":[{"href":"https:\/\/blogs.univ-jfc.fr\/vigneetvin\/wp-json\/wp\/v2\/pages\/4301"}],"collection":[{"href":"https:\/\/blogs.univ-jfc.fr\/vigneetvin\/wp-json\/wp\/v2\/pages"}],"about":[{"href":"https:\/\/blogs.univ-jfc.fr\/vigneetvin\/wp-json\/wp\/v2\/types\/page"}],"author":[{"embeddable":true,"href":"https:\/\/blogs.univ-jfc.fr\/vigneetvin\/wp-json\/wp\/v2\/users\/269"}],"replies":[{"embeddable":true,"href":"https:\/\/blogs.univ-jfc.fr\/vigneetvin\/wp-json\/wp\/v2\/comments?post=4301"}],"version-history":[{"count":3,"href":"https:\/\/blogs.univ-jfc.fr\/vigneetvin\/wp-json\/wp\/v2\/pages\/4301\/revisions"}],"predecessor-version":[{"id":4762,"href":"https:\/\/blogs.univ-jfc.fr\/vigneetvin\/wp-json\/wp\/v2\/pages\/4301\/revisions\/4762"}],"up":[{"embeddable":true,"href":"https:\/\/blogs.univ-jfc.fr\/vigneetvin\/wp-json\/wp\/v2\/pages\/14"}],"wp:attachment":[{"href":"https:\/\/blogs.univ-jfc.fr\/vigneetvin\/wp-json\/wp\/v2\/media?parent=4301"}],"curies":[{"name":"wp","href":"https:\/\/api.w.org\/{rel}","templated":true}]}}