{"id":4331,"date":"2017-03-30T08:44:26","date_gmt":"2017-03-30T07:44:26","guid":{"rendered":"http:\/\/blogs.univ-jfc.fr\/vigneetvin\/?page_id=4331"},"modified":"2017-04-11T18:15:43","modified_gmt":"2017-04-11T17:15:43","slug":"les-abbayes-et-leur-organisation","status":"publish","type":"page","link":"https:\/\/blogs.univ-jfc.fr\/vigneetvin\/gaillac-et-le-vin\/techniques-et-exploitations-vini-viticoles\/les-abbayes-et-leur-organisation\/","title":{"rendered":"Les abbayes et leur organisation"},"content":{"rendered":"<p align=\"JUSTIFY\">D\u00e8s le XIe si\u00e8cle les moines deviennent les principaux producteurs de vins puisqu&rsquo;ils poss\u00e8dent une main d\u2019\u0153uvre non n\u00e9gligeable ainsi que des pressoirs, des celliers, des caves et \u00e9galement des techniques de rendement. Il faut d&rsquo;ailleurs garder \u00e0 l&rsquo;esprit que \u00e0 l&rsquo;\u00e9poque c&rsquo;est la quantit\u00e9 qui prime et non pas la qualit\u00e9. Ce rapide enrichissement va donc cr\u00e9er des contestations, marquant le d\u00e9but de l&rsquo;aventure cistercienne, ordre monastique, dont les principes de vie sont li\u00e9s \u00e0 l&rsquo;aust\u00e9rit\u00e9 et dont l&rsquo;ambition viticole (domaine dans lequel ils deviennent tr\u00e8s comp\u00e9tents) est de donner un vin de meilleure qualit\u00e9. C&rsquo;est donc cet ordre monastique implant\u00e9 dans le gaillacois qui va nous int\u00e9resser dans la mani\u00e8re dont est organis\u00e9e l&rsquo;abbaye par rapport \u00e0 la viticulture et son commerce.<\/p>\n<p align=\"JUSTIFY\">Il faut noter, dans un premier temps que la qualit\u00e9 terre de la rive droite du Tarn ainsi que son exposition permettent une culture de la vigne tout \u00e0 fait optimale, ainsi, d\u00e8s l&rsquo;apparition des premi\u00e8res abbayes dans le gaillacois le savoir et les techniques des moines leur ont permis une culture dans les meilleures conditions. Dans le d\u00e9tail, l&rsquo;organisation de chaque abbaye lui est propre, toutefois on retrouve les m\u00eames traits de fonctionnement d&rsquo;une abbaye \u00e0 l&rsquo;autre, premi\u00e8rement ce sont les fr\u00e8res convers ( ou fr\u00e8res lais ) qui sont charg\u00e9s des travaux manuels, des champs et donc aussi de la vigne. Ces travaux manuels repr\u00e9sentent 4 \u00e0 6 heures de travail chaque jour. Les moines mettent aussi en place des baux sous la forme de contrats de complant, ce qui leur permet d&rsquo;avoir une main d&rsquo;oeuvre suppl\u00e9mentaire, un exemple dans le gaillacois est l&rsquo;abbaye de Candeil fond\u00e9e en 1150.<\/p>\n<div class=\"irc_mimg irc_hic iKM5BZJmiAXk-lvVgf-rIiHk\" style=\"text-align: center\"><a class=\"irc_mil i3597 iKM5BZJmiAXk-zixyDjKkw5M\" href=\"https:\/\/www.google.fr\/url?sa=i&amp;rct=j&amp;q=&amp;esrc=s&amp;source=images&amp;cd=&amp;ved=0ahUKEwjH6YOLpuzSAhXHtBoKHVpZC6UQjRwIBw&amp;url=https%3A%2F%2Ffr.wikipedia.org%2Fwiki%2FOrdre_cistercien&amp;psig=AFQjCNHFVl9D5KXVPYva0c4VevZoKR-Gdg&amp;ust=1490347120430419\" target=\"_blank\" rel=\"noopener\"><img loading=\"lazy\" class=\"irc_mi aligncenter\" src=\"https:\/\/upload.wikimedia.org\/wikipedia\/commons\/thumb\/a\/ac\/J%C3%B6rg_Breu_d._%C3%84._002.jpg\/220px-J%C3%B6rg_Breu_d._%C3%84._002.jpg\" alt=\"R\u00e9sultat de recherche d'images pour &quot;cistercien champs&quot;\" width=\"220\" height=\"216\" \/><\/a><em>Cisterciens travaillant dans les champs.<\/em><\/div>\n<div class=\"irc_mimg irc_hic iKM5BZJmiAXk-lvVgf-rIiHk\" style=\"text-align: center\"><\/div>\n<p align=\"JUSTIFY\">L&rsquo;abbaye poss\u00e8de aussi un cell\u00e9rier charg\u00e9 de la gestion du cellier o\u00f9 sont donc conserv\u00e9es les denr\u00e9es comme la bi\u00e8re et le vin. Le cellier est l&rsquo;\u00e9l\u00e9ment essentiel de la conservation du vin, il pouvait \u00e9ventuellement faire partie d&rsquo;un ensemble fortifi\u00e9 du monast\u00e8re et creus\u00e9 dans la roche ou en partie (voire dans sa totalit\u00e9) enterr\u00e9, ce proc\u00e9d\u00e9 permettait de conserver la fra\u00eecheur, d&rsquo;\u00e9viter les vols et les murs \u00e9pais prot\u00e9geaient du gel. \u00c0 noter que l&rsquo;\u00e9conomie de l&rsquo;abbaye \u00e9tait avant tout un \u00e9conomie de consommation, ce sont les besoins qui d\u00e9terminent la production en premier lieu destin\u00e9e \u00e0 r\u00e9pondre aux besoins alimentaires puis dans un second temps l&rsquo;exc\u00e9dant destin\u00e9 \u00e0 la vente.<\/p>\n<p>Les terres nourrici\u00e8res se trouvent souvent \u00e9loign\u00e9es de l&rsquo;abbaye elles sont donc plac\u00e9es sous la tutelle d&rsquo;un moine d\u00e9l\u00e9gu\u00e9 appel\u00e9 decanus, dont le tiers de sa production lui sert \u00e0 g\u00e9rer son centre, tandis que le reste part pour l&rsquo;Abbaye. Le decanus doit toutefois respecter les consignes de production \u00e9nonc\u00e9es par l&rsquo;Abbaye. Cependant les Cisterciens cultivaient eux-m\u00eame leurs terres contrairement aux Clunisiens dont l&rsquo;agriculture devient en grande partie externe. Il se trouve que les Cisterciens qui pr\u00f4naient une vie aust\u00e8re vont conna\u00eetre un rapide et fort enrichissement puisqu&rsquo;ils vont vendre leurs surplus agricoles et surtout vinicoles ( ce qui n\u2019\u00e9tait pas interdit par la r\u00e8gle de St Beno\u00eet ) mais qui vient quand m\u00eame contredire leur id\u00e9ologie initiale.<\/p>\n<p><a class=\"irc_mil i3597 iKM5BZJmiAXk-zixyDjKkw5M\" href=\"https:\/\/www.google.fr\/url?sa=i&amp;rct=j&amp;q=&amp;esrc=s&amp;source=images&amp;cd=&amp;ved=0ahUKEwjJs5zMpuzSAhXJ1xoKHY_4CLYQjRwIBw&amp;url=http%3A%2F%2Fwww.naturepixel.com%2Fabbaye_cistercienne_noirlac_cellier_pano_a.htm&amp;psig=AFQjCNEnAbh-l1ob3OdyC9RyW6O3NfGmIg&amp;ust=1490347313648467\" target=\"_blank\" rel=\"noopener\"><img loading=\"lazy\" class=\"irc_mi aligncenter\" src=\"http:\/\/www.naturepixel.com\/abbaye_cistercienne_noirlac_cellier_pano_a.jpg\" alt=\"R\u00e9sultat de recherche d'images pour &quot;cellier abbaye&quot;\" width=\"720\" height=\"393\" \/><\/a><\/p>\n<p style=\"text-align: left\"><em>Cellier de l&rsquo;abbaye Cistercienne de Noirlac pr\u00e8s de Bourges semblable \u00e0 ceux pr\u00e9sents dans le Tarn.<\/em><\/p>\n<p>On constatera donc que les abbayes poss\u00e8dent des structures et une organisation permettant une culture du vin de qualit\u00e9 puisqu\u2019en plus de leurs savoirs techniques les moines avaient l&rsquo;avantage d&rsquo;un sol tr\u00e8s fertile et propice \u00e0 ce type de culture. De plus la pr\u00e9sence de celliers leur permettait de conserver leurs denr\u00e9es durant de longues p\u00e9riodes si ces derni\u00e8res n&rsquo;avaient pu \u00eatre vendues, c&rsquo;est donc par les polycultures monastiques mais surtout par la production de vin que les abbayes du gaillacois connaissent un essor consid\u00e9rable qui constitue bel et bien un facteur important du d\u00e9veloppement de l&rsquo;\u00e9conomie locale.<\/p>\n<p><a href=\"http:\/\/blogs.univ-jfc.fr\/vigneetvin\/gaillac-et-le-vin\/techniques-et-exploitations-vini-viticoles\/les-abbayes-et-leur-organisation\/annexe-la-dynamique-abbatiale\/\">Pour approfondir sur la dynamique viticoles des abbayes.<\/a><\/p>\n<p>&nbsp;<\/p>\n","protected":false},"excerpt":{"rendered":"<p>D\u00e8s le XIe si\u00e8cle les moines deviennent les principaux producteurs de vins puisqu&rsquo;ils poss\u00e8dent une main d\u2019\u0153uvre non n\u00e9gligeable ainsi que des pressoirs, des celliers, des caves et \u00e9galement des techniques de rendement. Il faut d&rsquo;ailleurs garder \u00e0 l&rsquo;esprit que \u00e0 l&rsquo;\u00e9poque c&rsquo;est la quantit\u00e9 qui prime et non pas la qualit\u00e9. Ce rapide enrichissement &hellip; <a href=\"https:\/\/blogs.univ-jfc.fr\/vigneetvin\/gaillac-et-le-vin\/techniques-et-exploitations-vini-viticoles\/les-abbayes-et-leur-organisation\/\" class=\"more-link\">Continuer la lecture de <span class=\"screen-reader-text\">Les abbayes et leur organisation<\/span> <span class=\"meta-nav\">&rarr;<\/span><\/a><\/p>\n","protected":false},"author":269,"featured_media":0,"parent":14,"menu_order":2,"comment_status":"closed","ping_status":"closed","template":"","meta":[],"_links":{"self":[{"href":"https:\/\/blogs.univ-jfc.fr\/vigneetvin\/wp-json\/wp\/v2\/pages\/4331"}],"collection":[{"href":"https:\/\/blogs.univ-jfc.fr\/vigneetvin\/wp-json\/wp\/v2\/pages"}],"about":[{"href":"https:\/\/blogs.univ-jfc.fr\/vigneetvin\/wp-json\/wp\/v2\/types\/page"}],"author":[{"embeddable":true,"href":"https:\/\/blogs.univ-jfc.fr\/vigneetvin\/wp-json\/wp\/v2\/users\/269"}],"replies":[{"embeddable":true,"href":"https:\/\/blogs.univ-jfc.fr\/vigneetvin\/wp-json\/wp\/v2\/comments?post=4331"}],"version-history":[{"count":7,"href":"https:\/\/blogs.univ-jfc.fr\/vigneetvin\/wp-json\/wp\/v2\/pages\/4331\/revisions"}],"predecessor-version":[{"id":4777,"href":"https:\/\/blogs.univ-jfc.fr\/vigneetvin\/wp-json\/wp\/v2\/pages\/4331\/revisions\/4777"}],"up":[{"embeddable":true,"href":"https:\/\/blogs.univ-jfc.fr\/vigneetvin\/wp-json\/wp\/v2\/pages\/14"}],"wp:attachment":[{"href":"https:\/\/blogs.univ-jfc.fr\/vigneetvin\/wp-json\/wp\/v2\/media?parent=4331"}],"curies":[{"name":"wp","href":"https:\/\/api.w.org\/{rel}","templated":true}]}}