{"id":4368,"date":"2017-03-30T08:17:12","date_gmt":"2017-03-30T07:17:12","guid":{"rendered":"http:\/\/blogs.univ-jfc.fr\/vigneetvin\/?page_id=4368"},"modified":"2017-04-11T18:01:46","modified_gmt":"2017-04-11T17:01:46","slug":"les-petites-exploitations-vigneronnes","status":"publish","type":"page","link":"https:\/\/blogs.univ-jfc.fr\/vigneetvin\/gaillac-et-le-vin\/techniques-et-exploitations-vini-viticoles\/les-petites-exploitations-vigneronnes\/","title":{"rendered":"Les petites exploitations vigneronnes"},"content":{"rendered":"<p align=\"JUSTIFY\">D\u00e8s 1530, il y a dans le gaillacois de petits exploitants cultivant la vigne uniquement t\u00f4t le matin et le soir apr\u00e8s quatre heures. Ils ne cultivent la vigne qu\u2019\u00e0 ces moments l\u00e0, car \u00e0 c\u00f4t\u00e9 de cela ils doivent travailler pour assurer leur subsistance et pouvoir payer les terres qu\u2019ils exploitent \u00e0 celui qui les poss\u00e8de. Il n\u2019est toutefois pas rare de trouver dans le manse des paysans gaillacois, des pieds de vigne d\u00e8s le Moyen \u00c2ge. Cela permet d&rsquo;expliquer l\u2019importance du pourcentage de vignes dans le gaillacois ( 44,69% en 1829).<\/p>\n<div class=\"irc_mimg irc_hic iMwpd2JaZ6eg-lvVgf-rIiHk\" style=\"text-align: center\"><a class=\"irc_mil i3597 iMwpd2JaZ6eg-zixyDjKkw5M\" href=\"https:\/\/www.google.fr\/url?sa=i&amp;rct=j&amp;q=&amp;esrc=s&amp;source=images&amp;cd=&amp;ved=0ahUKEwiO07mvourSAhUJXhoKHaNHCM8QjRwIBw&amp;url=http%3A%2F%2Flartdesmets.e-monsite.com%2Fpages%2Faliments-consommes-durant-le-moyen-age%2Fle-vin-au-moyen-age%2Fpresentation-4.html&amp;bvm=bv.150120842,d.d2s&amp;psig=AFQjCNEz3paE-olpWqKvbegzxqDcsFjyhQ&amp;ust=1490277453481193\" target=\"_blank\" rel=\"noopener\"><img loading=\"lazy\" class=\"irc_mi aligncenter\" src=\"http:\/\/lartdesmets.e-monsite.com\/medias\/images\/52142561histoire-vin-moyen-age-jpg-2.jpg\" alt=\"R\u00e9sultat de recherche d'images pour &quot;vigne gaillac moyen age&quot;\" width=\"190\" height=\"267\" \/><\/a><em>Enluminure du XIIIe si\u00e8cle repr\u00e9sentant deux \u00e9tapes du proc\u00e9d\u00e9 de vinification.<\/em><\/div>\n<div class=\"irc_mimg irc_hic iMwpd2JaZ6eg-lvVgf-rIiHk\"><\/div>\n<p>La plupart des petits exploitants ont \u00e9t\u00e9 oblig\u00e9s de diversifier leur production pour pouvoir vivre. Ainsi ils pratiquaient la polyculture en mariant les c\u00e9r\u00e9ales, les vergers ainsi que les potagers avec le vignoble. \u00c0 partir de 1789 la plupart des exploitations agricoles ont \u00e9t\u00e9 r\u00e9gies par des baux ruraux. Ces baux avaient en principe la capacit\u00e9 de contenter tous les acteurs agricoles du propri\u00e9taire foncier, qui en tirait une rente jusqu\u2019\u00e0 l\u2019exploitant ou \u2018\u2019gens sans terres\u2019\u2019 qui pouvaient faire usage de la terre, leur permettant de vivre.<\/p>\n<p>Les paysans pouvaient avoir gr\u00e2ce aux baux de location perp\u00e9tuelle, une s\u00e9curit\u00e9 \u00e0 long terme de leurs moyens de production contre une redevance annuelle appel\u00e9e \u2018\u2019rente colloque\u2019\u2019. Mais il existait des types de baux beaucoup plus contraignants comme le m\u00e9tayage obligeant le preneur du bail (exploitant) \u00e0 donner la moiti\u00e9 du fruit de son travail au propri\u00e9taire sous la forme d\u2019une redevance annuelle (souvent pay\u00e9e en nature).<\/p>\n<p>La petite propri\u00e9t\u00e9 (\u00e0 diff\u00e9rencier des petit exploitants) trouve ses fondements apr\u00e8s la Grande R\u00e9volution de 1789 o\u00f9 durant la vente des biens nationaux, certains petits paysans gaillacois ont pu acqu\u00e9rir les toutes petites parcelles laiss\u00e9es par les grands bourgeois. Ce sont essentiellement des petits paysans, artisans ou encore des journaliers ayant souvent travaill\u00e9 de nombreuses ann\u00e9es pour acqu\u00e9rir un petit bout de terre. Ces petits propri\u00e9taires sont aussi de ceux qui doivent avoir un autre travail pour assurer leur subsistance. Ce ph\u00e9nom\u00e8ne dura tr\u00e8s longtemps jusqu\u2019au XXe si\u00e8cle. Jean Jaur\u00e8s, un d\u00e9put\u00e9 socialiste, s\u2019y int\u00e9ressa d\u2019ailleurs en 1902, \u00ab\u00a0 J\u2019ai \u00e0 peine besoin de dire que ce travail qu\u2019ils accomplissent par eux-m\u00eames est, m\u00eame apr\u00e8s la fatigue du travail salari\u00e9 une douceur et une joie\u00a0\u00bb il citait tr\u00e8s souvent le gaillacois comme l\u2019image positive de la propri\u00e9t\u00e9 ouvri\u00e8re.<\/p>\n<p align=\"JUSTIFY\"><span style=\"font-family: Times New Roman,serif\"><span style=\"font-size: medium\"><img src=\"http:\/\/i.f1g.fr\/media\/ext\/805x453_crop\/www.lefigaro.fr\/medias\/2014\/07\/31\/PHOd1d1bdc4-17ff-11e4-a557-42547e2f655c-805x453.jpg\" alt=\"Jean Jaur\u00e8s, cit\u00e9 \u00e0 tort et de travers par les politiques\" \/><\/span><\/span><\/p>\n<p style=\"text-align: center\" align=\"JUSTIFY\"><em>Photographie de Jean Jaur\u00e8s (1859 &#8211; 1914) d\u00e9put\u00e9 socialiste fran\u00e7ais.<\/em><\/p>\n","protected":false},"excerpt":{"rendered":"<p>D\u00e8s 1530, il y a dans le gaillacois de petits exploitants cultivant la vigne uniquement t\u00f4t le matin et le soir apr\u00e8s quatre heures. Ils ne cultivent la vigne qu\u2019\u00e0 ces moments l\u00e0, car \u00e0 c\u00f4t\u00e9 de cela ils doivent travailler pour assurer leur subsistance et pouvoir payer les terres qu\u2019ils exploitent \u00e0 celui qui &hellip; <a href=\"https:\/\/blogs.univ-jfc.fr\/vigneetvin\/gaillac-et-le-vin\/techniques-et-exploitations-vini-viticoles\/les-petites-exploitations-vigneronnes\/\" class=\"more-link\">Continuer la lecture de <span class=\"screen-reader-text\">Les petites exploitations vigneronnes<\/span> <span class=\"meta-nav\">&rarr;<\/span><\/a><\/p>\n","protected":false},"author":269,"featured_media":0,"parent":14,"menu_order":5,"comment_status":"closed","ping_status":"closed","template":"","meta":[],"_links":{"self":[{"href":"https:\/\/blogs.univ-jfc.fr\/vigneetvin\/wp-json\/wp\/v2\/pages\/4368"}],"collection":[{"href":"https:\/\/blogs.univ-jfc.fr\/vigneetvin\/wp-json\/wp\/v2\/pages"}],"about":[{"href":"https:\/\/blogs.univ-jfc.fr\/vigneetvin\/wp-json\/wp\/v2\/types\/page"}],"author":[{"embeddable":true,"href":"https:\/\/blogs.univ-jfc.fr\/vigneetvin\/wp-json\/wp\/v2\/users\/269"}],"replies":[{"embeddable":true,"href":"https:\/\/blogs.univ-jfc.fr\/vigneetvin\/wp-json\/wp\/v2\/comments?post=4368"}],"version-history":[{"count":3,"href":"https:\/\/blogs.univ-jfc.fr\/vigneetvin\/wp-json\/wp\/v2\/pages\/4368\/revisions"}],"predecessor-version":[{"id":4768,"href":"https:\/\/blogs.univ-jfc.fr\/vigneetvin\/wp-json\/wp\/v2\/pages\/4368\/revisions\/4768"}],"up":[{"embeddable":true,"href":"https:\/\/blogs.univ-jfc.fr\/vigneetvin\/wp-json\/wp\/v2\/pages\/14"}],"wp:attachment":[{"href":"https:\/\/blogs.univ-jfc.fr\/vigneetvin\/wp-json\/wp\/v2\/media?parent=4368"}],"curies":[{"name":"wp","href":"https:\/\/api.w.org\/{rel}","templated":true}]}}