{"id":497,"date":"2017-02-27T14:31:35","date_gmt":"2017-02-27T13:31:35","guid":{"rendered":"http:\/\/blogs.univ-jfc.fr\/vigneetvin\/?page_id=497"},"modified":"2017-04-19T23:51:16","modified_gmt":"2017-04-19T22:51:16","slug":"les-cavistes-aujourdhui","status":"publish","type":"page","link":"https:\/\/blogs.univ-jfc.fr\/vigneetvin\/les-metiers-de-la-vigne-et-du-vin\/le-monde-des-artisans\/les-cavistes\/les-cavistes-aujourdhui\/","title":{"rendered":"Les cavistes aujourd&rsquo;hui"},"content":{"rendered":"<p style=\"text-align: JUSTIFY\">Le m\u00e9tier de caviste est une profession r\u00e9cente et l\u2019on peut m\u00eame dire encore trop peu reconnue \u00e0 ce jour. Bien que la profession reste un m\u00e9tier ind\u00e9pendant, plusieurs institutions existent pour l\u2019organiser et le repr\u00e9senter. De nombreuses f\u00e9d\u00e9rations ont \u00e9t\u00e9 cr\u00e9\u00e9es \u00e0 cet effet pour mettre en avant la profession comme notamment la FNCI ou encore la FNDECB. En effet, ce m\u00e9tier est r\u00e9glement\u00e9 gr\u00e2ce aux institutions comme les syndicats qui le repr\u00e9sentent, et des formations professionnelles sont de plus en plus mis en avant pour faire reconna\u00eetre la profession.<\/p>\n<p style=\"text-align: JUSTIFY\">D\u00fb au peu de formations pr\u00e9sentes aujourd\u2019hui, les cavistes viennent de secteur d\u2019activit\u00e9s tr\u00e8s diff\u00e9rents comme par exemple la restauration ou le commerce.\u00a0 Le caviste, est avant tout un passionn\u00e9 de vin et il faut donc faire la diff\u00e9rence entre le professionnel et le simple passionn\u00e9.<\/p>\n<p style=\"text-align: JUSTIFY\">Afin de voir les particularit\u00e9s du m\u00e9tier, nous avons r\u00e9alis\u00e9 trois parties qui s&rsquo;articulent autour des <a href=\"http:\/\/blogs.univ-jfc.fr\/vigneetvin\/les-metiers-de-la-vigne-et-du-vin\/le-monde-des-artisans\/les-cavistes\/les-cavistes-aujourdhui\/les-formations\/\">formations<\/a>, des <a href=\"http:\/\/blogs.univ-jfc.fr\/vigneetvin\/les-metiers-de-la-vigne-et-du-vin\/le-monde-des-artisans\/les-cavistes\/les-cavistes-aujourdhui\/les-institutions\/\">institutions<\/a> et d&rsquo;une<a href=\"http:\/\/blogs.univ-jfc.fr\/vigneetvin\/les-metiers-de-la-vigne-et-du-vin\/le-monde-des-artisans\/les-cavistes\/les-cavistes-aujourdhui\/entretien-avec-des-professionnels\/\"> prise de contact avec deux cavistes que nous avons interview\u00e9s <\/a>et qui nous a permis de vraiment d\u00e9finir la profession.<\/p>\n","protected":false},"excerpt":{"rendered":"<p>Le m\u00e9tier de caviste est une profession r\u00e9cente et l\u2019on peut m\u00eame dire encore trop peu reconnue \u00e0 ce jour. Bien que la profession reste un m\u00e9tier ind\u00e9pendant, plusieurs institutions existent pour l\u2019organiser et le repr\u00e9senter. De nombreuses f\u00e9d\u00e9rations ont \u00e9t\u00e9 cr\u00e9\u00e9es \u00e0 cet effet pour mettre en avant la profession comme notamment la FNCI &hellip; <a href=\"https:\/\/blogs.univ-jfc.fr\/vigneetvin\/les-metiers-de-la-vigne-et-du-vin\/le-monde-des-artisans\/les-cavistes\/les-cavistes-aujourdhui\/\" class=\"more-link\">Continuer la lecture de <span class=\"screen-reader-text\">Les cavistes aujourd&rsquo;hui<\/span> <span class=\"meta-nav\">&rarr;<\/span><\/a><\/p>\n","protected":false},"author":273,"featured_media":0,"parent":69,"menu_order":0,"comment_status":"closed","ping_status":"closed","template":"","meta":[],"_links":{"self":[{"href":"https:\/\/blogs.univ-jfc.fr\/vigneetvin\/wp-json\/wp\/v2\/pages\/497"}],"collection":[{"href":"https:\/\/blogs.univ-jfc.fr\/vigneetvin\/wp-json\/wp\/v2\/pages"}],"about":[{"href":"https:\/\/blogs.univ-jfc.fr\/vigneetvin\/wp-json\/wp\/v2\/types\/page"}],"author":[{"embeddable":true,"href":"https:\/\/blogs.univ-jfc.fr\/vigneetvin\/wp-json\/wp\/v2\/users\/273"}],"replies":[{"embeddable":true,"href":"https:\/\/blogs.univ-jfc.fr\/vigneetvin\/wp-json\/wp\/v2\/comments?post=497"}],"version-history":[{"count":5,"href":"https:\/\/blogs.univ-jfc.fr\/vigneetvin\/wp-json\/wp\/v2\/pages\/497\/revisions"}],"predecessor-version":[{"id":5132,"href":"https:\/\/blogs.univ-jfc.fr\/vigneetvin\/wp-json\/wp\/v2\/pages\/497\/revisions\/5132"}],"up":[{"embeddable":true,"href":"https:\/\/blogs.univ-jfc.fr\/vigneetvin\/wp-json\/wp\/v2\/pages\/69"}],"wp:attachment":[{"href":"https:\/\/blogs.univ-jfc.fr\/vigneetvin\/wp-json\/wp\/v2\/media?parent=497"}],"curies":[{"name":"wp","href":"https:\/\/api.w.org\/{rel}","templated":true}]}}