{"id":502,"date":"2017-02-27T15:17:02","date_gmt":"2017-02-27T14:17:02","guid":{"rendered":"http:\/\/blogs.univ-jfc.fr\/vigneetvin\/?page_id=502"},"modified":"2017-04-19T23:59:31","modified_gmt":"2017-04-19T22:59:31","slug":"les-formations","status":"publish","type":"page","link":"https:\/\/blogs.univ-jfc.fr\/vigneetvin\/les-metiers-de-la-vigne-et-du-vin\/le-monde-des-artisans\/les-cavistes\/les-cavistes-aujourdhui\/les-formations\/","title":{"rendered":"Les formations"},"content":{"rendered":"<p style=\"text-align: JUSTIFY\">Le m\u00e9tier de caviste \u00e9tant relativement r\u00e9cent et sa reconnaissance plus encore, il n\u2019existe pas de formation r\u00e9ellement sp\u00e9cifique \u00e0 ce m\u00e9tier.<\/p>\n<p style=\"text-align: JUSTIFY\">Mais avant de parler de formations, voici comment la FNDECB d\u00e9finit cette profession :\u00a0\u00ab\u00a0Le m\u00e9tier de caviste se pr\u00e9sente par un ensemble des diff\u00e9rentes t\u00e2ches quotidiennes et de comp\u00e9tences n\u00e9cessaires pour son exercice. Un caviste doit s\u00e9lectionner soigneusement les produits qu\u2019il propose aupr\u00e8s des fournisseurs avec qui il travaille. Il doit savoir accueillir chaleureusement sa client\u00e8le et lui donner des bons conseils sur les produits qu\u2019il propose, en connaissant les sp\u00e9cificit\u00e9s de chacun et en ayant une bonne connaissance des techniques de vinification afin de fid\u00e9liser sa client\u00e8le. Il doit aussi savoir pr\u00e9server ses produits et les conserver avec soin, les mettre en valeur et organiser des animations dans sa cave.\u00a0\u00bb<\/p>\n<p><a href=\"http:\/\/blogs.univ-jfc.fr\/vigneetvin\/wp-content\/uploads\/sites\/56\/2017\/04\/17887457_764668017034392_713293423_o.jpg\"><img loading=\"lazy\" class=\"aligncenter wp-image-4824\" title=\"Bouteille de vin dans une cave\" src=\"http:\/\/blogs.univ-jfc.fr\/vigneetvin\/wp-content\/uploads\/sites\/56\/2017\/04\/17887457_764668017034392_713293423_o-300x138.jpg\" alt=\"\" width=\"445\" height=\"205\" srcset=\"https:\/\/blogs.univ-jfc.fr\/vigneetvin\/wp-content\/uploads\/sites\/56\/2017\/04\/17887457_764668017034392_713293423_o-300x138.jpg 300w, https:\/\/blogs.univ-jfc.fr\/vigneetvin\/wp-content\/uploads\/sites\/56\/2017\/04\/17887457_764668017034392_713293423_o-768x353.jpg 768w, https:\/\/blogs.univ-jfc.fr\/vigneetvin\/wp-content\/uploads\/sites\/56\/2017\/04\/17887457_764668017034392_713293423_o-1024x470.jpg 1024w, https:\/\/blogs.univ-jfc.fr\/vigneetvin\/wp-content\/uploads\/sites\/56\/2017\/04\/17887457_764668017034392_713293423_o.jpg 1300w\" sizes=\"(max-width: 445px) 100vw, 445px\" \/><\/a><\/p>\n<p style=\"text-align: JUSTIFY\">D\u00fb au peu de formations propos\u00e9es, les cavistes viennent de secteur d\u2019activit\u00e9s tr\u00e8s diff\u00e9rents\u00a0: du domaine viticole, de la restauration, des commerciaux dans d\u2019autres secteurs, du b\u00e2timent ou de l\u2019industrie, du secteur tertiaire. Beaucoup sont donc devenu caviste apr\u00e8s une reconversion professionnelle. Le caviste, est souvent avant tout un passionn\u00e9 de vin et il faut donc faire la diff\u00e9rence entre le professionnel et le simple passionn\u00e9.<\/p>\n<p style=\"text-align: JUSTIFY\">Pour cela, la FNCI cr\u00e9e en 1998 un dipl\u00f4me afin de devenir Caviste Professionnel. Cette formation, en alternance propose des cours de comptabilit\u00e9, de gestion et de perfectionnement en anglais. Cette formation dure deux ans et requiert d\u2019avoir le baccalaur\u00e9at pour y entrer.<\/p>\n<p style=\"text-align: JUSTIFY\">La FNDECB cr\u00e9e en 2005 une formation, mise en place dans toute la France, appel\u00e9e\u00a0: \u00ab\u00a0CQP de vendeur-conseil Caviste\u00a0\u00bb et qui d\u00e9livre un certificat de qualification professionnelle.<\/p>\n<p style=\"text-align: JUSTIFY\">Certains d\u00e9cident de suivre des formations de vigneron pour bien conna\u00eetre le parcours du raisin \u00e0 la bouteille de vin. D\u2019autres enfin, pr\u00e9f\u00e8rent suivre la voie de l\u2019apprentissage aupr\u00e8s d\u2019un professionnel.<\/p>\n<p style=\"text-align: JUSTIFY\">Il est aussi fr\u00e9quent que les <a href=\"http:\/\/blogs.univ-jfc.fr\/vigneetvin\/les-formations-specifique-de-la-maison-nicolas\/\">entreprises forment elles-m\u00eames leurs salari\u00e9s.<\/a> Un caviste n&rsquo;est pas forc\u00e9ment un auto-entrepreneur\u00a0: il existe de nombreuses grosses entreprises de cavistes avec de nombreuses filiales comme la maison Nicolas ou encore l&rsquo;Inter Cave, le Comptoir irlandais ou le Rep\u00e8re de Bacchus.<\/p>\n<p style=\"text-align: JUSTIFY\">Il n&rsquo;y a pas de chemin d&rsquo;\u00e9tude vraiment de \u00ab\u00a0parcours type\u00a0\u00bb pour devenir caviste et chaque professionnel a un parcours de formation diff\u00e9rent. Cependant nous avons d\u00e9cid\u00e9 d&rsquo;en d\u00e9velopper une <a href=\"http:\/\/blogs.univ-jfc.fr\/vigneetvin\/formation-de-sommelier-conseil-caviste\/\">ici<\/a>.\u00a0Le m\u00e9tier de caviste est un m\u00e9tier d\u2019exp\u00e9rience qui s&rsquo;apprend au fur et \u00e0 mesure que l&rsquo;on exerce ce m\u00e9tier. Beaucoup de cavistes sont autodidactes et n&rsquo;ont eu pour professeur qu&rsquo;eux-m\u00eames, en plus de leur exp\u00e9rience professionnelle.<\/p>\n<p>&nbsp;<\/p>\n","protected":false},"excerpt":{"rendered":"<p>Le m\u00e9tier de caviste \u00e9tant relativement r\u00e9cent et sa reconnaissance plus encore, il n\u2019existe pas de formation r\u00e9ellement sp\u00e9cifique \u00e0 ce m\u00e9tier. Mais avant de parler de formations, voici comment la FNDECB d\u00e9finit cette profession :\u00a0\u00ab\u00a0Le m\u00e9tier de caviste se pr\u00e9sente par un ensemble des diff\u00e9rentes t\u00e2ches quotidiennes et de comp\u00e9tences n\u00e9cessaires pour son exercice. &hellip; <a href=\"https:\/\/blogs.univ-jfc.fr\/vigneetvin\/les-metiers-de-la-vigne-et-du-vin\/le-monde-des-artisans\/les-cavistes\/les-cavistes-aujourdhui\/les-formations\/\" class=\"more-link\">Continuer la lecture de <span class=\"screen-reader-text\">Les formations<\/span> <span class=\"meta-nav\">&rarr;<\/span><\/a><\/p>\n","protected":false},"author":273,"featured_media":0,"parent":497,"menu_order":0,"comment_status":"closed","ping_status":"closed","template":"","meta":[],"_links":{"self":[{"href":"https:\/\/blogs.univ-jfc.fr\/vigneetvin\/wp-json\/wp\/v2\/pages\/502"}],"collection":[{"href":"https:\/\/blogs.univ-jfc.fr\/vigneetvin\/wp-json\/wp\/v2\/pages"}],"about":[{"href":"https:\/\/blogs.univ-jfc.fr\/vigneetvin\/wp-json\/wp\/v2\/types\/page"}],"author":[{"embeddable":true,"href":"https:\/\/blogs.univ-jfc.fr\/vigneetvin\/wp-json\/wp\/v2\/users\/273"}],"replies":[{"embeddable":true,"href":"https:\/\/blogs.univ-jfc.fr\/vigneetvin\/wp-json\/wp\/v2\/comments?post=502"}],"version-history":[{"count":10,"href":"https:\/\/blogs.univ-jfc.fr\/vigneetvin\/wp-json\/wp\/v2\/pages\/502\/revisions"}],"predecessor-version":[{"id":5137,"href":"https:\/\/blogs.univ-jfc.fr\/vigneetvin\/wp-json\/wp\/v2\/pages\/502\/revisions\/5137"}],"up":[{"embeddable":true,"href":"https:\/\/blogs.univ-jfc.fr\/vigneetvin\/wp-json\/wp\/v2\/pages\/497"}],"wp:attachment":[{"href":"https:\/\/blogs.univ-jfc.fr\/vigneetvin\/wp-json\/wp\/v2\/media?parent=502"}],"curies":[{"name":"wp","href":"https:\/\/api.w.org\/{rel}","templated":true}]}}