{"id":519,"date":"2017-03-01T11:12:34","date_gmt":"2017-03-01T10:12:34","guid":{"rendered":"http:\/\/blogs.univ-jfc.fr\/vigneetvin\/?page_id=519"},"modified":"2017-04-11T15:49:06","modified_gmt":"2017-04-11T14:49:06","slug":"reglementation-et-organisation-du-commerce-du-vin","status":"publish","type":"page","link":"https:\/\/blogs.univ-jfc.fr\/vigneetvin\/les-metiers-de-la-vigne-et-du-vin\/les-marchands-de-vin\/reglementation-et-organisation-du-commerce-du-vin\/","title":{"rendered":"R\u00e9glementation et organisation du commerce du vin"},"content":{"rendered":"<p style=\"text-align: justify\">Le commerce du vin est r\u00e9gi par de nombreuses r\u00e8gles. Ces derni\u00e8res apparaissent d\u00e8s l\u2019Antiquit\u00e9 par le biais de regroupements de magistrats et de marchands. Au Moyen \u00c2ge, les personnes exer\u00e7ant les m\u00eames m\u00e9tiers se regroupent en hanses, guildes ou encore corps de m\u00e9tier. Le terme de corporation est souvent employ\u00e9 mais il est anachronique : il est utilis\u00e9 pour la premi\u00e8re fois au XVIII\u00e8me si\u00e8cle au moment de dissoudre ces m\u00eames regroupements. \u00c0 l&rsquo;\u00e9poque m\u00e9di\u00e9vale du fait du monopole de l\u2019\u00c9glise sur le vin, les marchands qui ne sont pas int\u00e9gr\u00e9s \u00e0 ce commerce sont donc regroup\u00e9s dans les corporations. Ces derni\u00e8res apportent de la s\u00e9curit\u00e9 \u00e0 ses membres comme des aides financi\u00e8res en cas de maladie ou de d\u00e9c\u00e8s. G\u00e9n\u00e9ralement, les marchands corporis\u00e9s sont ais\u00e9s car l\u2019acc\u00e8s \u00e0 la corporation se fait contre une somme d\u2019argent cons\u00e9quente. Cet \u00e9litisme des corporations permet \u00e0 la bourgeoisie de conserver l\u2019exclusivit\u00e9 de la profession puisque celle-ci d\u00e9tient le monopole des ventes. La corporation est organis\u00e9e en trois classes\u00a0: l\u2019apprenti, l\u2019ouvrier et le ma\u00eetre. Celles-ci sont li\u00e9es par un contrat qui administre le r\u00f4le de chaque classe, et permet d\u2019organiser la formation des apprentis. L\u2019ouvrier est contr\u00f4l\u00e9 par le ma\u00eetre, il est le subordonn\u00e9e du ma\u00eetre. Cette situation prend fin lorsque l\u2019ouvrier ma\u00eetrise totalement sa fonction.<\/p>\n<p style=\"text-align: justify\"><a href=\"http:\/\/blogs.univ-jfc.fr\/vigneetvin\/wp-content\/uploads\/sites\/56\/2017\/04\/Ferdinand-Bol-Gouverneurs-de-la-Guilde-des-n\u00e9gociants-en-vin-dAmsterdam-1663.jpg\"><img loading=\"lazy\" class=\"aligncenter wp-image-4754 size-large\" title=\"Tableau de Ferdinand Bol, Gouverneurs de la Guilde des n\u00e9gociants en vin d'Amsterdam, 1663\" src=\"http:\/\/blogs.univ-jfc.fr\/vigneetvin\/wp-content\/uploads\/sites\/56\/2017\/04\/Ferdinand-Bol-Gouverneurs-de-la-Guilde-des-n\u00e9gociants-en-vin-dAmsterdam-1663-1024x633.jpg\" alt=\"Tableau de Ferdinand Bol, Gouverneurs de la Guilde des n\u00e9gociants en vin d'Amsterdam, 1663\" width=\"604\" height=\"373\" srcset=\"https:\/\/blogs.univ-jfc.fr\/vigneetvin\/wp-content\/uploads\/sites\/56\/2017\/04\/Ferdinand-Bol-Gouverneurs-de-la-Guilde-des-n\u00e9gociants-en-vin-dAmsterdam-1663.jpg 1024w, https:\/\/blogs.univ-jfc.fr\/vigneetvin\/wp-content\/uploads\/sites\/56\/2017\/04\/Ferdinand-Bol-Gouverneurs-de-la-Guilde-des-n\u00e9gociants-en-vin-dAmsterdam-1663-300x185.jpg 300w, https:\/\/blogs.univ-jfc.fr\/vigneetvin\/wp-content\/uploads\/sites\/56\/2017\/04\/Ferdinand-Bol-Gouverneurs-de-la-Guilde-des-n\u00e9gociants-en-vin-dAmsterdam-1663-768x475.jpg 768w\" sizes=\"(max-width: 604px) 100vw, 604px\" \/><\/a><\/p>\n<p style=\"text-align: justify\">Toutefois, il n\u2019y a pas qu\u2019\u00e0 travers les corporations que le commerce du vin est r\u00e9glement\u00e9. Au Xe si\u00e8cle, dans certaines soci\u00e9t\u00e9s marchandes comme \u00e0 G\u00eanes ou \u00e0 Venise o\u00f9 les marchands voyagent r\u00e9guli\u00e8rement, il existe d\u2019autres types de contrats\u00a0appel\u00e9s <em>commenda<\/em>. Ces contrats sont diff\u00e9renci\u00e9s des corporations puisque le contractant n\u2019est pas obligatoirement un marchand de vin. Ce contrat est caract\u00e9ris\u00e9 par le partage concernant aussi bien des gains que des risques encourus. Cependant, le contractant est avantag\u00e9 car il permet au marchand de d\u00e9velopper son commerce en lui pr\u00eatant de l\u2019argent, qui lui sera revers\u00e9 avec des int\u00e9r\u00eats.<\/p>\n<p style=\"text-align: justify\">La r\u00e9glementation du m\u00e9tier de marchand de vin permet d\u2019<a href=\"http:\/\/blogs.univ-jfc.fr\/vigneetvin\/wp-content\/uploads\/sites\/56\/2017\/03\/Marchands_de_vin_XVe.jpg\"><img loading=\"lazy\" class=\"alignright wp-image-4030\" title=\"Des marchands de vin dans un port au XV\u00e8me si\u00e8cle. (Source : Wikimedia Commons).\" src=\"http:\/\/blogs.univ-jfc.fr\/vigneetvin\/wp-content\/uploads\/sites\/56\/2017\/03\/Marchands_de_vin_XVe-231x300.jpg\" alt=\"Des marchands de vin dans un port au XV\u00e8me si\u00e8cle. (Source : Wikimedia Commons).\" width=\"385\" height=\"500\" srcset=\"https:\/\/blogs.univ-jfc.fr\/vigneetvin\/wp-content\/uploads\/sites\/56\/2017\/03\/Marchands_de_vin_XVe-231x300.jpg 231w, https:\/\/blogs.univ-jfc.fr\/vigneetvin\/wp-content\/uploads\/sites\/56\/2017\/03\/Marchands_de_vin_XVe.jpg 462w\" sizes=\"(max-width: 385px) 100vw, 385px\" \/><\/a>organiser et de hi\u00e9rarchiser la profession mais aussi les espaces de vente du vin. Par exemple, dans les ports qui accueillent les cargaisons de vin, certaines zones sont r\u00e9serv\u00e9es notamment les chais, afin d&rsquo;y stocker la marchandise. D&rsquo;autres sont organis\u00e9s exclusivement pour le commerce du vin, comme certaines foires. Elles sont d\u2019une grande importance au Moyen \u00c2ge car elles sont les garantes du bon fonctionnement \u00e9conomique. Sous\u00a0l\u2019Ancien R\u00e9gime, certaines conventions enrichissent la r\u00e9glementation des lieux de commerce. En effet, les foires doivent \u00eatre contr\u00f4l\u00e9es par des autorit\u00e9s de police et une participation financi\u00e8re est requise pour les commer\u00e7ants. De nos jours, l\u2019importance des foires est r\u00e9duite du fait des transformations \u00e9conomiques qui ont \u00e9t\u00e9 op\u00e9r\u00e9es : l\u2019expansion et la globalisation des <a href=\"http:\/\/blogs.univ-jfc.fr\/vigneetvin\/les-metiers-de-la-vigne-et-du-vin\/les-marchands-de-vin\/les-routes-commerciales-du-vin\/\">voies de communication<\/a>\u00a0ou encore\u00a0l&rsquo;\u00e9volution de la commercialisation du vin, visible \u00e0 travers la grande distribution faisant des\u00a0<a href=\"http:\/\/blogs.univ-jfc.fr\/vigneetvin\/les-metiers-de-la-vigne-et-du-vin\/les-marchands-de-vin\/reglementation-et-organisation-du-commerce-du-vin\/limpact-de-la-grande-distribution-sur-le-marchand-de-vin\/\">grandes surfaces<\/a>\u00a0un lieu\u00a0privil\u00e9gi\u00e9 de la vente du vin.<\/p>\n<p style=\"text-align: justify\">La r\u00e9glementation agit sur plusieurs composantes qui r\u00e9gissent le commerce du vin, que ce soit au niveau des m\u00e9tiers ou des lieux de commerce. Tous ces facteurs permettent le bon d\u00e9roulement du commerce. Cependant, il existe des exceptions comme sous l&rsquo;Ancien R\u00e9gime o\u00f9 des <a href=\"http:\/\/blogs.univ-jfc.fr\/vigneetvin\/les-metiers-de-la-vigne-et-du-vin\/les-marchands-de-vin\/reglementation-et-organisation-du-commerce-du-vin\/le-cas-particulier-des-douze-marchands-de-henri-iv\/\">groupes de marchands<\/a>\u00a0de vin ne r\u00e9pondent pas \u00e0 la r\u00e9glementation classique mais \u00e0 celle du roi.<\/p>\n","protected":false},"excerpt":{"rendered":"<p>Le commerce du vin est r\u00e9gi par de nombreuses r\u00e8gles. Ces derni\u00e8res apparaissent d\u00e8s l\u2019Antiquit\u00e9 par le biais de regroupements de magistrats et de marchands. Au Moyen \u00c2ge, les personnes exer\u00e7ant les m\u00eames m\u00e9tiers se regroupent en hanses, guildes ou encore corps de m\u00e9tier. Le terme de corporation est souvent employ\u00e9 mais il est anachronique &hellip; <a href=\"https:\/\/blogs.univ-jfc.fr\/vigneetvin\/les-metiers-de-la-vigne-et-du-vin\/les-marchands-de-vin\/reglementation-et-organisation-du-commerce-du-vin\/\" class=\"more-link\">Continuer la lecture de <span class=\"screen-reader-text\">R\u00e9glementation et organisation du commerce du vin<\/span> <span class=\"meta-nav\">&rarr;<\/span><\/a><\/p>\n","protected":false},"author":181,"featured_media":0,"parent":67,"menu_order":0,"comment_status":"closed","ping_status":"closed","template":"","meta":[],"_links":{"self":[{"href":"https:\/\/blogs.univ-jfc.fr\/vigneetvin\/wp-json\/wp\/v2\/pages\/519"}],"collection":[{"href":"https:\/\/blogs.univ-jfc.fr\/vigneetvin\/wp-json\/wp\/v2\/pages"}],"about":[{"href":"https:\/\/blogs.univ-jfc.fr\/vigneetvin\/wp-json\/wp\/v2\/types\/page"}],"author":[{"embeddable":true,"href":"https:\/\/blogs.univ-jfc.fr\/vigneetvin\/wp-json\/wp\/v2\/users\/181"}],"replies":[{"embeddable":true,"href":"https:\/\/blogs.univ-jfc.fr\/vigneetvin\/wp-json\/wp\/v2\/comments?post=519"}],"version-history":[{"count":17,"href":"https:\/\/blogs.univ-jfc.fr\/vigneetvin\/wp-json\/wp\/v2\/pages\/519\/revisions"}],"predecessor-version":[{"id":4756,"href":"https:\/\/blogs.univ-jfc.fr\/vigneetvin\/wp-json\/wp\/v2\/pages\/519\/revisions\/4756"}],"up":[{"embeddable":true,"href":"https:\/\/blogs.univ-jfc.fr\/vigneetvin\/wp-json\/wp\/v2\/pages\/67"}],"wp:attachment":[{"href":"https:\/\/blogs.univ-jfc.fr\/vigneetvin\/wp-json\/wp\/v2\/media?parent=519"}],"curies":[{"name":"wp","href":"https:\/\/api.w.org\/{rel}","templated":true}]}}