{"id":521,"date":"2017-03-01T11:13:35","date_gmt":"2017-03-01T10:13:35","guid":{"rendered":"http:\/\/blogs.univ-jfc.fr\/vigneetvin\/?page_id=521"},"modified":"2017-04-19T22:25:52","modified_gmt":"2017-04-19T21:25:52","slug":"les-techniques-de-vente-du-marchand-de-vin","status":"publish","type":"page","link":"https:\/\/blogs.univ-jfc.fr\/vigneetvin\/les-metiers-de-la-vigne-et-du-vin\/les-marchands-de-vin\/les-techniques-de-vente-du-marchand-de-vin\/","title":{"rendered":"Les techniques de vente du marchand de  vin"},"content":{"rendered":"<p style=\"text-align: justify\">Une des principales techniques \u00e9conomiques employ\u00e9e par le marchand de vin est la sp\u00e9culation, qui consiste \u00e0 stocker des marchandises afin d&rsquo;attendre le meilleur moment pour les vendre, en esp\u00e9rant que les prix soient plus \u00e9lev\u00e9s et donc de faire du profit. La sp\u00e9culation est employ\u00e9e de mani\u00e8re plus intensive lors de crises. Les marchands ont aussi recours \u00e0 des arrangements et des ententes sur les prix entre eux, mais ces pratiques \u00e0 la limite de la l\u00e9galit\u00e9 laissent peu de traces \u00e9crites.<\/p>\n<h2 style=\"text-align: left\">L&rsquo;importance de l&rsquo;adaptation pour le marchand de vin<\/h2>\n<p style=\"text-align: justify\">De plus, la consommation de boissons alcoolis\u00e9es est caract\u00e9ris\u00e9e comme un marqueur social et un signe de <a href=\"http:\/\/blogs.univ-jfc.fr\/vigneetvin\/usages-et-consommation-du-vin-une-approche-periodique\/la-periode-moderne-xvie-xviiie-siecles\/la-periode-moderne-page-de-niveau-2-2\/\">distinction<\/a>. Il y a diff\u00e9rents types <a href=\"http:\/\/blogs.univ-jfc.fr\/vigneetvin\/wp-content\/uploads\/sites\/56\/2017\/04\/Vendange-vinification-et-d\u00e9gustation-avec-les-marchands.-Livre-dheures-Octobre-environ-1540.-Mus\u00e9e-virtuel-du-vin-www.musee-virtuel-vin.fr_.png\"><img loading=\"lazy\" class=\"alignright wp-image-4865 size-full\" title=\"Vendange, vinification et d\u00e9gustation avec les marchands. Livre d'heures, Octobre, environ 1540. Mus\u00e9e virtuel du vin, www.musee-virtuel-vin.fr\" src=\"http:\/\/blogs.univ-jfc.fr\/vigneetvin\/wp-content\/uploads\/sites\/56\/2017\/04\/Vendange-vinification-et-d\u00e9gustation-avec-les-marchands.-Livre-dheures-Octobre-environ-1540.-Mus\u00e9e-virtuel-du-vin-www.musee-virtuel-vin.fr_.png\" alt=\"\" width=\"276\" height=\"423\" srcset=\"https:\/\/blogs.univ-jfc.fr\/vigneetvin\/wp-content\/uploads\/sites\/56\/2017\/04\/Vendange-vinification-et-d\u00e9gustation-avec-les-marchands.-Livre-dheures-Octobre-environ-1540.-Mus\u00e9e-virtuel-du-vin-www.musee-virtuel-vin.fr_.png 276w, https:\/\/blogs.univ-jfc.fr\/vigneetvin\/wp-content\/uploads\/sites\/56\/2017\/04\/Vendange-vinification-et-d\u00e9gustation-avec-les-marchands.-Livre-dheures-Octobre-environ-1540.-Mus\u00e9e-virtuel-du-vin-www.musee-virtuel-vin.fr_-196x300.png 196w\" sizes=\"(max-width: 276px) 100vw, 276px\" \/><\/a>de consommateurs et diff\u00e9rentes cat\u00e9gories de vin\u00a0: ainsi un marchand ne vend pas les m\u00eames\u00a0vins \u00e0 tout le monde. De mani\u00e8re caricaturale les paysans vont plut\u00f4t consommer de la piquette et des vins dits populaires alors que l&rsquo;aristocratie va chercher \u00e0 consommer des vins renomm\u00e9s alors cat\u00e9goris\u00e9s comme vins \u00e9litistes. Ce ph\u00e9nom\u00e8ne de classification des individus en fonction de leur consommation a notamment \u00e9t\u00e9 \u00e9tudi\u00e9 par le sociologue Pierre Bourdieu.<\/p>\n<p style=\"text-align: justify\">En plus de cette volont\u00e9 de distinction, le marchand doit prendre en compte les <a href=\"http:\/\/blogs.univ-jfc.fr\/vigneetvin\/levolution-de-la-place-du-vin\/un-vin-pour-tous-le-vin-a-la-conquete-des-societes-des-sexes-et-des-nations\/le-secteur-du-vin-et-les-nouvelles-attentes-des-consommateurs\/\">go\u00fbts de la client\u00e8le<\/a>. Il y a plusieurs exemples de cette adaptation\u00a0: les marchands d&rsquo;Amsterdam qui adaptent le vin en y ajoutant diff\u00e9rents alcools, colorants et \u00e9pices ou encore la cr\u00e9ation du champagne afin de r\u00e9pondre \u00e0 la demande de la client\u00e8le britannique en vin p\u00e9tillant. C&rsquo;est donc bien le go\u00fbt et l&rsquo;envie de la client\u00e8le qui entra\u00eene ici une adaptation de la part des producteurs et des marchands de vin.<\/p>\n<h2 style=\"text-align: left\">La r\u00e9putation et l&rsquo;argument de la qualit\u00e9<\/h2>\n<p style=\"text-align: justify\">Ensuite, la mise en place du <a href=\"http:\/\/blogs.univ-jfc.fr\/vigneetvin\/la-culture-de-la-vigne\/vignes-et-terroirs\/\">terroir <\/a>et de la qualit\u00e9 est un processus qui s&rsquo;\u00e9tale sur plusieurs si\u00e8cles. L&rsquo;\u00e9poque moderne est marqu\u00e9e par une transformation progressive des vins fran\u00e7ais, avec le d\u00e9veloppement de certains vins \u00e0 la fin du XVII\u00e8me si\u00e8cle. La politique conditionne en partie la consommation de certains vins. Par exemple les grands crus sont mis en place sous le r\u00e8gne de Louis XIV et la classification officielle des vins de Bordeaux a lieu en 1855, \u00e0 la demande de Napol\u00e9on III pour l&rsquo;exposition universelle de Paris. Cette classification, malgr\u00e9 quelques modifications et critiques, est toujours utilis\u00e9e. Cela a une influence sur les prix des vins de Bordeaux, ils augmentent consid\u00e9rablement ce qui attire les n\u00e9gociants, beaucoup d\u2019entre eux rach\u00e8tent les vignobles r\u00e9pertori\u00e9s, car ils sont alors repr\u00e9sentatifs de l\u2019excellence et de la distinction. De mani\u00e8re plus r\u00e9cente, la qualit\u00e9 est normalis\u00e9e avec la mise en place des appellations d&rsquo;origine contr\u00f4l\u00e9e (AOC) par le d\u00e9cret du 30 juillet 1935. On voit donc qu&rsquo;il y a bien une institutionnalisation progressive de la qualit\u00e9, qui a un impact sur les prix et la fa\u00e7on de vendre le vin.<\/p>\n<p style=\"text-align: justify\">Enfin, la publicit\u00e9 et le marketing sont \u00e9galement des techniques de vente. La r\u00e9putation du produit joue un r\u00f4le dans la vente, des vins class\u00e9s comme grands crus b\u00e9n\u00e9ficient d&rsquo;un certain prestige. Mais la r\u00e9putation du marchand a elle aussi une influence sur la vente de sa marchandise. Pour une grande partie de la client\u00e8le, le marchand ou le n\u00e9gociant est le garant de la qualit\u00e9 du vin, d&rsquo;o\u00f9 l&rsquo;importance de la parole donn\u00e9e lors d&rsquo;un \u00e9change commercial. Cette r\u00e9putation s&rsquo;acquiert par sa connaissance d&rsquo;un produit en particulier comme le vin, sa connaissance d&rsquo;un secteur g\u00e9ographique, mais \u00e9galement sa formation ou l&rsquo;h\u00e9ritage familial. L&rsquo;apparition de l&rsquo;\u00e9tiquette \u00e0 la fin du XVIII\u00e8me si\u00e8cle modifie les strat\u00e9gies publicitaires. De nos jours, elle est le plus souvent le seul interm\u00e9diaire entre le produit et le consommateur. La loi Evin de 1991 restreignant la publicit\u00e9 pour l&rsquo;alcool, l&rsquo;\u00e9tiquette devient alors un support publicitaire majeur.<\/p>\n<p style=\"text-align: justify\">Le marchand de vin emploie donc diff\u00e9rentes strat\u00e9gies afin de vendre son produit\u00a0: la sp\u00e9culation, les ententes plus ou moins licites, mais aussi un travail de recherche afin de s&rsquo;adapter aux diff\u00e9rents types de client\u00e8les et \u00e0 leurs souhaits. Il utilise \u00e9galement sa r\u00e9putation et celle de son vin pour mieux vendre, ce qui rel\u00e8ve du domaine de la publicit\u00e9, aujourd&rsquo;hui visible avec les \u00e9tiquettes des produits.<\/p>\n","protected":false},"excerpt":{"rendered":"<p>Une des principales techniques \u00e9conomiques employ\u00e9e par le marchand de vin est la sp\u00e9culation, qui consiste \u00e0 stocker des marchandises afin d&rsquo;attendre le meilleur moment pour les vendre, en esp\u00e9rant que les prix soient plus \u00e9lev\u00e9s et donc de faire du profit. La sp\u00e9culation est employ\u00e9e de mani\u00e8re plus intensive lors de crises. Les marchands &hellip; <a href=\"https:\/\/blogs.univ-jfc.fr\/vigneetvin\/les-metiers-de-la-vigne-et-du-vin\/les-marchands-de-vin\/les-techniques-de-vente-du-marchand-de-vin\/\" class=\"more-link\">Continuer la lecture de <span class=\"screen-reader-text\">Les techniques de vente du marchand de  vin<\/span> <span class=\"meta-nav\">&rarr;<\/span><\/a><\/p>\n","protected":false},"author":181,"featured_media":0,"parent":67,"menu_order":0,"comment_status":"closed","ping_status":"closed","template":"","meta":[],"_links":{"self":[{"href":"https:\/\/blogs.univ-jfc.fr\/vigneetvin\/wp-json\/wp\/v2\/pages\/521"}],"collection":[{"href":"https:\/\/blogs.univ-jfc.fr\/vigneetvin\/wp-json\/wp\/v2\/pages"}],"about":[{"href":"https:\/\/blogs.univ-jfc.fr\/vigneetvin\/wp-json\/wp\/v2\/types\/page"}],"author":[{"embeddable":true,"href":"https:\/\/blogs.univ-jfc.fr\/vigneetvin\/wp-json\/wp\/v2\/users\/181"}],"replies":[{"embeddable":true,"href":"https:\/\/blogs.univ-jfc.fr\/vigneetvin\/wp-json\/wp\/v2\/comments?post=521"}],"version-history":[{"count":9,"href":"https:\/\/blogs.univ-jfc.fr\/vigneetvin\/wp-json\/wp\/v2\/pages\/521\/revisions"}],"predecessor-version":[{"id":5111,"href":"https:\/\/blogs.univ-jfc.fr\/vigneetvin\/wp-json\/wp\/v2\/pages\/521\/revisions\/5111"}],"up":[{"embeddable":true,"href":"https:\/\/blogs.univ-jfc.fr\/vigneetvin\/wp-json\/wp\/v2\/pages\/67"}],"wp:attachment":[{"href":"https:\/\/blogs.univ-jfc.fr\/vigneetvin\/wp-json\/wp\/v2\/media?parent=521"}],"curies":[{"name":"wp","href":"https:\/\/api.w.org\/{rel}","templated":true}]}}