{"id":525,"date":"2017-03-01T11:16:30","date_gmt":"2017-03-01T10:16:30","guid":{"rendered":"http:\/\/blogs.univ-jfc.fr\/vigneetvin\/?page_id=525"},"modified":"2017-04-19T22:30:20","modified_gmt":"2017-04-19T21:30:20","slug":"le-contournement-des-routes-et-la-contrebande","status":"publish","type":"page","link":"https:\/\/blogs.univ-jfc.fr\/vigneetvin\/les-metiers-de-la-vigne-et-du-vin\/les-marchands-de-vin\/les-routes-commerciales-du-vin\/le-contournement-des-routes-et-la-contrebande\/","title":{"rendered":"Le contournement des routes et la contrebande"},"content":{"rendered":"<p style=\"text-align: justify\">Le commerce \u00e9tant une activit\u00e9 r\u00e9glement\u00e9e, une \u00e9conomie parall\u00e8le se d\u00e9veloppe \u00e9galement afin de contourner ces r\u00e8gles. Le commerce l\u00e9gal et ill\u00e9gal ont des modes de fonctionnement similaires, que ce soit l&rsquo;importance accord\u00e9e \u00e0 la parole lors de l&rsquo;\u00e9change commercial ou encore la circulation des informations et des marchandises.<\/p>\n<p style=\"text-align: justify\">Certaines situations ou contraintes peuvent amener le marchand de vin \u00e0 changer son circuit habituel, comme lors de conflits ou de guerres qui entra\u00eenent un blocage du commerce entre les pays. C&rsquo;est par exemple le cas lors des guerres de Louis XIV aux XVII\u00e8me et XVIII\u00e8me si\u00e8cles. Le commerce du vin avec l&rsquo;Angleterre est instable durant cette p\u00e9riode\u00a0: les politiques guerri\u00e8re du roi et protectionniste de son ministre des Finances, Colbert, font qu&rsquo;il y a une \u00ab\u00a0guerre douani\u00e8re\u00a0\u00bb entre les deux pays.<\/p>\n<blockquote>\n<p style=\"text-align: center\">\u00ab\u00a0Le commerce est une guerre d&rsquo;argent\u00a0\u00bb, Jean-Baptiste Colbert, ministre de Louis XIV.<\/p>\n<\/blockquote>\n<p>Lors de ce conflit l&rsquo;importation des vins fran\u00e7ais en Angleterre est interdite, \u00e0 l&rsquo;exception de certains vins tels que ceux de Bordeaux. Cette situation entra\u00eene un d\u00e9veloppement de la contrebande de vins fran\u00e7ais vers l&rsquo;Angleterre, c&rsquo;est-\u00e0-dire l&rsquo;introduction de mani\u00e8re ill\u00e9gale de ces vins sur le territoire anglais.<\/p>\n<p style=\"text-align: justify\"><a href=\"http:\/\/blogs.univ-jfc.fr\/vigneetvin\/wp-content\/uploads\/sites\/56\/2017\/04\/Eug\u00e8ne-Isabey-Contrebandiers-embarquant-des-marchandises-Huile-sur-toile-1837..jpg\"><img loading=\"lazy\" class=\"wp-image-4748 size-large aligncenter\" title=\"Eug\u00e8ne Isabey, Contrebandiers embarquant des marchandises, Huile sur toile, 1837. Mus\u00e9e de la Chartreuse, Douai.\" src=\"http:\/\/blogs.univ-jfc.fr\/vigneetvin\/wp-content\/uploads\/sites\/56\/2017\/04\/Eug\u00e8ne-Isabey-Contrebandiers-embarquant-des-marchandises-Huile-sur-toile-1837.-1024x707.jpg\" alt=\"Eug\u00e8ne Isabey, Contrebandiers embarquant des marchandises, Huile sur toile, 1837. Mus\u00e9e de la Chartreuse, Douai.\" width=\"604\" height=\"417\" srcset=\"https:\/\/blogs.univ-jfc.fr\/vigneetvin\/wp-content\/uploads\/sites\/56\/2017\/04\/Eug\u00e8ne-Isabey-Contrebandiers-embarquant-des-marchandises-Huile-sur-toile-1837.-1024x707.jpg 1024w, https:\/\/blogs.univ-jfc.fr\/vigneetvin\/wp-content\/uploads\/sites\/56\/2017\/04\/Eug\u00e8ne-Isabey-Contrebandiers-embarquant-des-marchandises-Huile-sur-toile-1837.-300x207.jpg 300w, https:\/\/blogs.univ-jfc.fr\/vigneetvin\/wp-content\/uploads\/sites\/56\/2017\/04\/Eug\u00e8ne-Isabey-Contrebandiers-embarquant-des-marchandises-Huile-sur-toile-1837.-768x530.jpg 768w, https:\/\/blogs.univ-jfc.fr\/vigneetvin\/wp-content\/uploads\/sites\/56\/2017\/04\/Eug\u00e8ne-Isabey-Contrebandiers-embarquant-des-marchandises-Huile-sur-toile-1837..jpg 1600w\" sizes=\"(max-width: 604px) 100vw, 604px\" \/><\/a><\/p>\n<h2 style=\"text-align: left\">Le contournement des entr\u00e9es de\u00a0villes<\/h2>\n<p style=\"text-align: justify\">Ensuite, le marchand de vin fait face \u00e0 des contraintes financi\u00e8res tels que les diff\u00e9rents p\u00e9ages et taxes pour faire entrer des marchandises dans une ville. Certains marchands vont alors frauder en contournant d\u00e9lib\u00e9r\u00e9ment ces points de contr\u00f4le. L&rsquo;historien Reynald Abad a fait une \u00e9tude de cas sur la fraude dans le commerce et l&rsquo;approvisionnement alimentaires de Paris au XVIII\u00e8me si\u00e8cle. Il explique alors qu&rsquo;afin d&rsquo;\u00e9viter les taxes \u00e0 l&rsquo;entr\u00e9e de la ville, les fraudeurs \u00e9vitent ces points d&rsquo;entr\u00e9e en faisant passer la marchandise par des jardins ou encore des souterrains situ\u00e9s \u00e0 proximit\u00e9. Dans tous les cas, ces circuits clandestins de contrebande et de fraude sont li\u00e9s \u00e0 la r\u00e9glementation et au contexte politique. Ils sont \u00e9galement mobiles\u00a0: ils ne restent pas fix\u00e9s dans le temps et l&rsquo;espace.<\/p>\n","protected":false},"excerpt":{"rendered":"<p>Le commerce \u00e9tant une activit\u00e9 r\u00e9glement\u00e9e, une \u00e9conomie parall\u00e8le se d\u00e9veloppe \u00e9galement afin de contourner ces r\u00e8gles. Le commerce l\u00e9gal et ill\u00e9gal ont des modes de fonctionnement similaires, que ce soit l&rsquo;importance accord\u00e9e \u00e0 la parole lors de l&rsquo;\u00e9change commercial ou encore la circulation des informations et des marchandises. Certaines situations ou contraintes peuvent amener &hellip; <a href=\"https:\/\/blogs.univ-jfc.fr\/vigneetvin\/les-metiers-de-la-vigne-et-du-vin\/les-marchands-de-vin\/les-routes-commerciales-du-vin\/le-contournement-des-routes-et-la-contrebande\/\" class=\"more-link\">Continuer la lecture de <span class=\"screen-reader-text\">Le contournement des routes et la contrebande<\/span> <span class=\"meta-nav\">&rarr;<\/span><\/a><\/p>\n","protected":false},"author":181,"featured_media":0,"parent":511,"menu_order":0,"comment_status":"closed","ping_status":"closed","template":"","meta":[],"_links":{"self":[{"href":"https:\/\/blogs.univ-jfc.fr\/vigneetvin\/wp-json\/wp\/v2\/pages\/525"}],"collection":[{"href":"https:\/\/blogs.univ-jfc.fr\/vigneetvin\/wp-json\/wp\/v2\/pages"}],"about":[{"href":"https:\/\/blogs.univ-jfc.fr\/vigneetvin\/wp-json\/wp\/v2\/types\/page"}],"author":[{"embeddable":true,"href":"https:\/\/blogs.univ-jfc.fr\/vigneetvin\/wp-json\/wp\/v2\/users\/181"}],"replies":[{"embeddable":true,"href":"https:\/\/blogs.univ-jfc.fr\/vigneetvin\/wp-json\/wp\/v2\/comments?post=525"}],"version-history":[{"count":9,"href":"https:\/\/blogs.univ-jfc.fr\/vigneetvin\/wp-json\/wp\/v2\/pages\/525\/revisions"}],"predecessor-version":[{"id":5115,"href":"https:\/\/blogs.univ-jfc.fr\/vigneetvin\/wp-json\/wp\/v2\/pages\/525\/revisions\/5115"}],"up":[{"embeddable":true,"href":"https:\/\/blogs.univ-jfc.fr\/vigneetvin\/wp-json\/wp\/v2\/pages\/511"}],"wp:attachment":[{"href":"https:\/\/blogs.univ-jfc.fr\/vigneetvin\/wp-json\/wp\/v2\/media?parent=525"}],"curies":[{"name":"wp","href":"https:\/\/api.w.org\/{rel}","templated":true}]}}