{"id":527,"date":"2017-03-01T11:17:48","date_gmt":"2017-03-01T10:17:48","guid":{"rendered":"http:\/\/blogs.univ-jfc.fr\/vigneetvin\/?page_id=527"},"modified":"2017-04-19T22:27:03","modified_gmt":"2017-04-19T21:27:03","slug":"le-cas-particulier-des-douze-marchands-de-henri-iv","status":"publish","type":"page","link":"https:\/\/blogs.univ-jfc.fr\/vigneetvin\/les-metiers-de-la-vigne-et-du-vin\/les-marchands-de-vin\/reglementation-et-organisation-du-commerce-du-vin\/le-cas-particulier-des-douze-marchands-de-henri-iv\/","title":{"rendered":"Le cas particulier des douze marchands de Henri IV"},"content":{"rendered":"<p style=\"text-align: justify\">La Cour du roi de France est itin\u00e9rante\u00a0: le roi se d\u00e9place dans son royaume et lorsqu&rsquo;il le fait, sa Cour le suit tout comme les meubles et divers objets qui sont transport\u00e9s ainsi que le personnel charg\u00e9 de subvenir aux divers besoins et demandes notamment alimentaires.<\/p>\n<p><a href=\"http:\/\/blogs.univ-jfc.fr\/vigneetvin\/wp-content\/uploads\/sites\/56\/2017\/04\/Henri-IV-portant-en-\u00e9charpe-la-banni\u00e8re-blanche-et-la-croix-de-lOrdre-du-Saint-Esprit..jpg\"><img loading=\"lazy\" class=\"alignright wp-image-4978 size-medium\" title=\"Henri IV portant en \u00e9charpe la banni\u00e8re blanche et la croix de l'Ordre du Saint-Esprit. Frans Pourbus le Jeune. Huile sur toile. XVIIe si\u00e8cle.\" src=\"http:\/\/blogs.univ-jfc.fr\/vigneetvin\/wp-content\/uploads\/sites\/56\/2017\/04\/Henri-IV-portant-en-\u00e9charpe-la-banni\u00e8re-blanche-et-la-croix-de-lOrdre-du-Saint-Esprit.-237x300.jpg\" alt=\"\" width=\"237\" height=\"300\" srcset=\"https:\/\/blogs.univ-jfc.fr\/vigneetvin\/wp-content\/uploads\/sites\/56\/2017\/04\/Henri-IV-portant-en-\u00e9charpe-la-banni\u00e8re-blanche-et-la-croix-de-lOrdre-du-Saint-Esprit.-237x300.jpg 237w, https:\/\/blogs.univ-jfc.fr\/vigneetvin\/wp-content\/uploads\/sites\/56\/2017\/04\/Henri-IV-portant-en-\u00e9charpe-la-banni\u00e8re-blanche-et-la-croix-de-lOrdre-du-Saint-Esprit..jpg 474w\" sizes=\"(max-width: 237px) 100vw, 237px\" \/><\/a><\/p>\n<p style=\"text-align: justify\">Le roi Henri IV se d\u00e9place souvent lors de son r\u00e8gne (1589-1610) et pour ce qui est de l&rsquo;approvisionnement alimentaire, l&rsquo;intendance royale passe diff\u00e9rents contrats ponctuels avec des fournisseurs en fonction des marchandises souhait\u00e9es, notamment le vin. Une organisation bien particuli\u00e8re existe alors, celle des douze marchands qui sont charg\u00e9s de suivre la Cour et de la fournir en vins quel que soit l&rsquo;endroit o\u00f9 elle se situe, m\u00eame lors des campagnes militaires. Ces marchands ne r\u00e9pondent pas \u00e0 la juridiction des corporations mais \u00e0 celle du pr\u00e9v\u00f4t de l&rsquo;H\u00f4tel ou grand pr\u00e9v\u00f4t de France. Ce dernier est un officier d&rsquo;\u00e9p\u00e9e qui est charg\u00e9 de la juridiction et de la s\u00e9curit\u00e9 de la Cour, il peut ainsi effectuer des contr\u00f4les dans les caves.<\/p>\n<p style=\"text-align: justify\">Les douze marchands ont \u00e9galement de nombreux privil\u00e8ges, particuli\u00e8rement fiscaux\u00a0: ils ne paient pas les p\u00e9ages par exemple. Ces diff\u00e9rents privil\u00e8ges sont visibles \u00e0 travers des ordonnances pass\u00e9es sous Henri III et Louis XIII. En revanche, les douze marchands ne font pas directement la livraison mais ils l&rsquo;organisent et ce sont les officiers et sommeliers du roi qui viennent alors r\u00e9cup\u00e9rer les vins.<\/p>\n","protected":false},"excerpt":{"rendered":"<p>La Cour du roi de France est itin\u00e9rante\u00a0: le roi se d\u00e9place dans son royaume et lorsqu&rsquo;il le fait, sa Cour le suit tout comme les meubles et divers objets qui sont transport\u00e9s ainsi que le personnel charg\u00e9 de subvenir aux divers besoins et demandes notamment alimentaires. Le roi Henri IV se d\u00e9place souvent lors &hellip; <a href=\"https:\/\/blogs.univ-jfc.fr\/vigneetvin\/les-metiers-de-la-vigne-et-du-vin\/les-marchands-de-vin\/reglementation-et-organisation-du-commerce-du-vin\/le-cas-particulier-des-douze-marchands-de-henri-iv\/\" class=\"more-link\">Continuer la lecture de <span class=\"screen-reader-text\">Le cas particulier des douze marchands de Henri IV<\/span> <span class=\"meta-nav\">&rarr;<\/span><\/a><\/p>\n","protected":false},"author":181,"featured_media":0,"parent":519,"menu_order":0,"comment_status":"closed","ping_status":"closed","template":"","meta":[],"_links":{"self":[{"href":"https:\/\/blogs.univ-jfc.fr\/vigneetvin\/wp-json\/wp\/v2\/pages\/527"}],"collection":[{"href":"https:\/\/blogs.univ-jfc.fr\/vigneetvin\/wp-json\/wp\/v2\/pages"}],"about":[{"href":"https:\/\/blogs.univ-jfc.fr\/vigneetvin\/wp-json\/wp\/v2\/types\/page"}],"author":[{"embeddable":true,"href":"https:\/\/blogs.univ-jfc.fr\/vigneetvin\/wp-json\/wp\/v2\/users\/181"}],"replies":[{"embeddable":true,"href":"https:\/\/blogs.univ-jfc.fr\/vigneetvin\/wp-json\/wp\/v2\/comments?post=527"}],"version-history":[{"count":6,"href":"https:\/\/blogs.univ-jfc.fr\/vigneetvin\/wp-json\/wp\/v2\/pages\/527\/revisions"}],"predecessor-version":[{"id":5113,"href":"https:\/\/blogs.univ-jfc.fr\/vigneetvin\/wp-json\/wp\/v2\/pages\/527\/revisions\/5113"}],"up":[{"embeddable":true,"href":"https:\/\/blogs.univ-jfc.fr\/vigneetvin\/wp-json\/wp\/v2\/pages\/519"}],"wp:attachment":[{"href":"https:\/\/blogs.univ-jfc.fr\/vigneetvin\/wp-json\/wp\/v2\/media?parent=527"}],"curies":[{"name":"wp","href":"https:\/\/api.w.org\/{rel}","templated":true}]}}