{"id":543,"date":"2017-03-01T12:30:53","date_gmt":"2017-03-01T11:30:53","guid":{"rendered":"http:\/\/blogs.univ-jfc.fr\/vigneetvin\/?page_id=543"},"modified":"2017-03-29T13:45:55","modified_gmt":"2017-03-29T12:45:55","slug":"les-dynamiques-du-vin-en-gaule","status":"publish","type":"page","link":"https:\/\/blogs.univ-jfc.fr\/vigneetvin\/la-culture-de-la-vigne\/de-la-viticulture-a-la-vinification\/la-vinification-de-lantiquite-a-la-periode-medievale\/les-dynamiques-du-vin-en-gaule\/","title":{"rendered":"Les dynamiques du vin en Gaule"},"content":{"rendered":"<p style=\"text-align: left\" align=\"center\">L&rsquo;arriv\u00e9e du vin en Gaule peut sembler tardive, puisque la production de vins gaulois ne se d\u00e9veloppe qu&rsquo;\u00e0 partir du IIe si\u00e8cle. Mais ce peuple celte caract\u00e9ris\u00e9 comme buveur de bi\u00e8re est depuis longtemps au contact du monde m\u00e9diterran\u00e9en, et le vin y \u00e9tait d\u00e9j\u00e0 import\u00e9 plusieurs si\u00e8cles avant d&rsquo;y \u00eatre produit. Le <a href=\"http:\/\/blogs.univ-jfc.fr\/vigneetvin\/la-culture-de-la-vigne\/de-la-viticulture-a-la-vinification\/le-stockage-du-vin-une-etape-decisive-dans-sa-fabrication\/inventions-et-revolution-des-techniques\/\">passage de l&rsquo;amphore au tonneau<\/a> montre le contr\u00f4le exerc\u00e9 par les gaulois sur la production de vin locale.<\/p>\n<p style=\"text-align: left\" align=\"center\">Les peuples gaulois, gallo-romains et francs ont donc tour \u00e0 tour appr\u00e9hend\u00e9 les anciens processus de vinification pour \u00eatre capables de subvenir \u00e0 leurs besoins locaux. Cependant durant\u00a0l&rsquo;Antiquit\u00e9 tardive en Gaule, ce sont les moines qui ont permis de conserver les m\u00e9thodes, bien avant la prise en main des domaines viticoles par les seigneurs.<\/p>\n<p style=\"text-align: left\" align=\"center\">Une forte tradition est n\u00e9e dans les campagnes, celle des vendanges qui marquent le d\u00e9but de la p\u00e9riode de vinification. En parall\u00e8le et alors que les gestes restent les m\u00eames, les go\u00fbts des peuples \u00e9voluent et les vins sont produits en fonction de ces go\u00fbts. A la fin de la p\u00e9riode m\u00e9di\u00e9vale, les r\u00e9gions se sp\u00e9cialisent et l&rsquo;\u00e9cart entre vignerons se creuse.<\/p>\n<p style=\"text-align: center\" align=\"justify\"><a href=\"http:\/\/blogs.univ-jfc.fr\/vigneetvin\/larrivee-du-vin-en-gaule-2\/\"><span style=\"font-family: 'Times New Roman', serif\"><span style=\"font-size: medium\"><b>L&rsquo;arriv\u00e9e du vin en Gaule<\/b><\/span><\/span><\/a><\/p>\n<p align=\"center\"><a href=\"http:\/\/blogs.univ-jfc.fr\/vigneetvin\/une-tradition-de-la-biere-supplantee-par-le-vin\/\"><span style=\"font-family: 'Times New Roman', serif\"><span style=\"font-size: medium\"><b>Les gaulois : entre la bi\u00e8re et le vin<\/b><\/span><\/span><\/a><\/p>\n<p align=\"center\"><a href=\"http:\/\/blogs.univ-jfc.fr\/vigneetvin\/le-role-central-des-monasteres\/\"><span style=\"font-family: 'Times New Roman', serif\"><span style=\"font-size: medium\"><b>Le r\u00f4le central des\u00a0monast\u00e8res<\/b><\/span><\/span><\/a><\/p>\n<p align=\"center\"><a href=\"http:\/\/blogs.univ-jfc.fr\/vigneetvin\/vers-une-tradition-des-vendanges\/\"><span style=\"font-family: 'Times New Roman', serif\"><span style=\"font-size: medium\"><b>Vers une tradition des vendanges<\/b><\/span><\/span><\/a><\/p>\n<p align=\"center\"><a href=\"http:\/\/blogs.univ-jfc.fr\/vigneetvin\/modes-de-consommation-medievaux\/\"><span style=\"font-family: 'Times New Roman', serif\"><span style=\"font-size: medium\"><b>Modes de consommation m\u00e9di\u00e9vaux<\/b><\/span><\/span><\/a><\/p>\n<p align=\"center\"><a href=\"http:\/\/blogs.univ-jfc.fr\/vigneetvin\/la-revolution-des-gouts\/\"><span style=\"font-family: 'Times New Roman', serif\"><span style=\"font-size: medium\"><b>La r\u00e9volution des go\u00fbts<\/b><\/span><\/span><\/a><\/p>\n<p align=\"center\">\n","protected":false},"excerpt":{"rendered":"<p>L&rsquo;arriv\u00e9e du vin en Gaule peut sembler tardive, puisque la production de vins gaulois ne se d\u00e9veloppe qu&rsquo;\u00e0 partir du IIe si\u00e8cle. Mais ce peuple celte caract\u00e9ris\u00e9 comme buveur de bi\u00e8re est depuis longtemps au contact du monde m\u00e9diterran\u00e9en, et le vin y \u00e9tait d\u00e9j\u00e0 import\u00e9 plusieurs si\u00e8cles avant d&rsquo;y \u00eatre produit. Le passage de &hellip; <a href=\"https:\/\/blogs.univ-jfc.fr\/vigneetvin\/la-culture-de-la-vigne\/de-la-viticulture-a-la-vinification\/la-vinification-de-lantiquite-a-la-periode-medievale\/les-dynamiques-du-vin-en-gaule\/\" class=\"more-link\">Continuer la lecture de <span class=\"screen-reader-text\">Les dynamiques du vin en Gaule<\/span> <span class=\"meta-nav\">&rarr;<\/span><\/a><\/p>\n","protected":false},"author":268,"featured_media":0,"parent":92,"menu_order":1,"comment_status":"closed","ping_status":"closed","template":"","meta":[],"_links":{"self":[{"href":"https:\/\/blogs.univ-jfc.fr\/vigneetvin\/wp-json\/wp\/v2\/pages\/543"}],"collection":[{"href":"https:\/\/blogs.univ-jfc.fr\/vigneetvin\/wp-json\/wp\/v2\/pages"}],"about":[{"href":"https:\/\/blogs.univ-jfc.fr\/vigneetvin\/wp-json\/wp\/v2\/types\/page"}],"author":[{"embeddable":true,"href":"https:\/\/blogs.univ-jfc.fr\/vigneetvin\/wp-json\/wp\/v2\/users\/268"}],"replies":[{"embeddable":true,"href":"https:\/\/blogs.univ-jfc.fr\/vigneetvin\/wp-json\/wp\/v2\/comments?post=543"}],"version-history":[{"count":5,"href":"https:\/\/blogs.univ-jfc.fr\/vigneetvin\/wp-json\/wp\/v2\/pages\/543\/revisions"}],"predecessor-version":[{"id":3939,"href":"https:\/\/blogs.univ-jfc.fr\/vigneetvin\/wp-json\/wp\/v2\/pages\/543\/revisions\/3939"}],"up":[{"embeddable":true,"href":"https:\/\/blogs.univ-jfc.fr\/vigneetvin\/wp-json\/wp\/v2\/pages\/92"}],"wp:attachment":[{"href":"https:\/\/blogs.univ-jfc.fr\/vigneetvin\/wp-json\/wp\/v2\/media?parent=543"}],"curies":[{"name":"wp","href":"https:\/\/api.w.org\/{rel}","templated":true}]}}