{"id":547,"date":"2017-03-01T12:34:43","date_gmt":"2017-03-01T11:34:43","guid":{"rendered":"http:\/\/blogs.univ-jfc.fr\/vigneetvin\/?page_id=547"},"modified":"2017-03-29T15:00:16","modified_gmt":"2017-03-29T14:00:16","slug":"le-stockage-du-vin-une-etape-decisive-dans-sa-fabrication","status":"publish","type":"page","link":"https:\/\/blogs.univ-jfc.fr\/vigneetvin\/la-culture-de-la-vigne\/de-la-viticulture-a-la-vinification\/le-stockage-du-vin-une-etape-decisive-dans-sa-fabrication\/","title":{"rendered":"Le stockage du vin"},"content":{"rendered":"<p style=\"text-align: left\" align=\"center\">Le stockage du vin est une \u00e9tape d\u00e9cisive dans sa fabrication. En effet c&rsquo;est \u00e0 ce moment pr\u00e9cis que se joue le processus de vinification final: la fermentation. Cette fermentation se fait diff\u00e9remment selon la nature du contenant (terre cuite ou bois) et selon les conservateurs qui y sont ajout\u00e9s.<\/p>\n<p style=\"text-align: left\" align=\"center\">Dans un premier temps, le stockage du breuvage s&rsquo;effectuait dans des\u00a0<em>dolia<\/em> et des amphores, \u00e0 l&rsquo;imitation du mod\u00e8le romain. Mais tr\u00e8s vite les gaulois s&rsquo;approprient la technique de la c\u00e9ramique, et <a href=\"http:\/\/blogs.univ-jfc.fr\/vigneetvin\/la-culture-de-la-vigne\/de-la-viticulture-a-la-vinification\/la-vinification-de-lantiquite-a-la-periode-medievale\/les-dynamiques-du-vin-en-gaule\/larrivee-du-vin-en-gaule\/\">commencent \u00e0 produire et exporter leur propre vin<\/a> dans des amphores aux fonds plats.\u00a0Les gaulois restent avant tout un peuple Celte, et s&rsquo;ils d\u00e9laissent la <a href=\"http:\/\/blogs.univ-jfc.fr\/vigneetvin\/la-culture-de-la-vigne\/de-la-viticulture-a-la-vinification\/la-vinification-de-lantiquite-a-la-periode-medievale\/les-dynamiques-du-vin-en-gaule\/larrivee-du-vin-en-gaule\/\">bi\u00e8re <\/a>au profit du vin; ils inventent n\u00e9anmoins un contenant de stockage in\u00e9dit et plus facile \u00e0 fabriquer pour les peuples du nord:\u00a0le tonneau de bois.<\/p>\n<p style=\"text-align: left\" align=\"center\">A l&rsquo;issu de la fermentation, le vin peut \u00eatre consomm\u00e9 directement ou m\u00e9lang\u00e9 \u00e0 d&rsquo;autres substances. A l&rsquo;Antiquit\u00e9 comme au Moyen-\u00c2ge, on pr\u00eate des vertus aux vins. De nombreux d\u00e9riv\u00e9s du vin sont aussi obtenus par vinification: le vinaigre et le verjus.<\/p>\n<p align=\"center\"><a href=\"http:\/\/blogs.univ-jfc.fr\/vigneetvin\/imitation-du-modele-romain\/\"><span style=\"font-family: 'Times New Roman', serif\"><span style=\"font-size: medium\"><b>Imitation du mod\u00e8le romain: les\u00a0<i>dolia<\/i> et amphores<\/b><\/span><\/span><\/a><\/p>\n<p align=\"center\"><a href=\"http:\/\/blogs.univ-jfc.fr\/vigneetvin\/appropriation-des-techniques\/\"><span style=\"font-family: 'Times New Roman', serif\"><span style=\"font-size: medium\"><b>Appropriation du mod\u00e8le: les amphores \u00e0 fond plat<\/b><\/span><\/span><\/a><\/p>\n<p align=\"center\"><a href=\"http:\/\/blogs.univ-jfc.fr\/vigneetvin\/inventions-et-revolution-des-techniques\/\"><span style=\"font-family: 'Times New Roman', serif\"><span style=\"font-size: medium\"><b>R\u00e9volution des techniques: les tonneaux<\/b><\/span><\/span><\/a><\/p>\n<p align=\"center\"><a href=\"http:\/\/blogs.univ-jfc.fr\/vigneetvin\/la-fermentation-du-vin\/\"><span style=\"font-family: 'Times New Roman', serif\"><span style=\"font-size: medium\"><b>La fermentation du vin<\/b><\/span><\/span><\/a><\/p>\n<p align=\"center\"><a href=\"http:\/\/blogs.univ-jfc.fr\/vigneetvin\/les-derives-du-vin-durant-lantiquite\/\"><span style=\"font-family: 'Times New Roman', serif\"><span style=\"font-size: medium\"><b>Les d\u00e9riv\u00e9s du vin \u00e0 l&rsquo;Antiquit\u00e9<\/b><\/span><\/span><\/a><\/p>\n<p align=\"center\"><a href=\"http:\/\/blogs.univ-jfc.fr\/vigneetvin\/les-derives-du-vin-au-moyen-age\/\"><span style=\"font-family: 'Times New Roman', serif\"><span style=\"font-size: medium\"><b>Les d\u00e9riv\u00e9s du vin au Moyen-Age<\/b><\/span><\/span><\/a><\/p>\n","protected":false},"excerpt":{"rendered":"<p>Le stockage du vin est une \u00e9tape d\u00e9cisive dans sa fabrication. En effet c&rsquo;est \u00e0 ce moment pr\u00e9cis que se joue le processus de vinification final: la fermentation. Cette fermentation se fait diff\u00e9remment selon la nature du contenant (terre cuite ou bois) et selon les conservateurs qui y sont ajout\u00e9s. Dans un premier temps, le &hellip; <a href=\"https:\/\/blogs.univ-jfc.fr\/vigneetvin\/la-culture-de-la-vigne\/de-la-viticulture-a-la-vinification\/le-stockage-du-vin-une-etape-decisive-dans-sa-fabrication\/\" class=\"more-link\">Continuer la lecture de <span class=\"screen-reader-text\">Le stockage du vin<\/span> <span class=\"meta-nav\">&rarr;<\/span><\/a><\/p>\n","protected":false},"author":268,"featured_media":0,"parent":78,"menu_order":3,"comment_status":"closed","ping_status":"closed","template":"","meta":[],"_links":{"self":[{"href":"https:\/\/blogs.univ-jfc.fr\/vigneetvin\/wp-json\/wp\/v2\/pages\/547"}],"collection":[{"href":"https:\/\/blogs.univ-jfc.fr\/vigneetvin\/wp-json\/wp\/v2\/pages"}],"about":[{"href":"https:\/\/blogs.univ-jfc.fr\/vigneetvin\/wp-json\/wp\/v2\/types\/page"}],"author":[{"embeddable":true,"href":"https:\/\/blogs.univ-jfc.fr\/vigneetvin\/wp-json\/wp\/v2\/users\/268"}],"replies":[{"embeddable":true,"href":"https:\/\/blogs.univ-jfc.fr\/vigneetvin\/wp-json\/wp\/v2\/comments?post=547"}],"version-history":[{"count":8,"href":"https:\/\/blogs.univ-jfc.fr\/vigneetvin\/wp-json\/wp\/v2\/pages\/547\/revisions"}],"predecessor-version":[{"id":3974,"href":"https:\/\/blogs.univ-jfc.fr\/vigneetvin\/wp-json\/wp\/v2\/pages\/547\/revisions\/3974"}],"up":[{"embeddable":true,"href":"https:\/\/blogs.univ-jfc.fr\/vigneetvin\/wp-json\/wp\/v2\/pages\/78"}],"wp:attachment":[{"href":"https:\/\/blogs.univ-jfc.fr\/vigneetvin\/wp-json\/wp\/v2\/media?parent=547"}],"curies":[{"name":"wp","href":"https:\/\/api.w.org\/{rel}","templated":true}]}}