{"id":552,"date":"2017-03-01T12:38:19","date_gmt":"2017-03-01T11:38:19","guid":{"rendered":"http:\/\/blogs.univ-jfc.fr\/vigneetvin\/?page_id=552"},"modified":"2017-03-29T14:11:23","modified_gmt":"2017-03-29T13:11:23","slug":"larrivee-du-vin-en-gaule-2","status":"publish","type":"page","link":"https:\/\/blogs.univ-jfc.fr\/vigneetvin\/larrivee-du-vin-en-gaule-2\/","title":{"rendered":"L&rsquo;arriv\u00e9e du vin en Gaule"},"content":{"rendered":"<p align=\"center\"><span style=\"font-family: 'Times New Roman', serif\"><span style=\"font-size: medium\"><b>La conqu\u00eate romaine et ses apports culturels dans les modes de consommation<\/b><\/span><\/span><\/p>\n<p align=\"justify\"><span style=\"font-family: 'Times New Roman', serif\"><span style=\"font-size: medium\"> En 52 avant J-C, Jules C\u00e9sar conquiert la Gaule et celle-ci se retrouve officiellement sous domination romaine. Ant\u00e9rieurement \u00e0 ces \u00e9v\u00e9nements les peuplades gauloises \u00e9taient souvent caract\u00e9ris\u00e9es par leur grande consommation de bi\u00e8re, celle-ci produite directement au domicile et destin\u00e9e \u00e0 un usage imm\u00e9diat et familial. Cependant il ne faut pas oublier que le Midi gaulois d\u00e9tenait d\u00e9j\u00e0 un statut particulier en faisant partie int\u00e9grante de la Narbonnaise, une province de la R\u00e9publique Romaine, depuis 118 avant J.C avec la fondation de <i>Narbo Martius<\/i>, connue aujourd\u2019hui sous le nom de Narbonne<a class=\"sdfootnoteanc\" href=\"#sdfootnote1sym\" name=\"sdfootnote1anc\"><sup>1<\/sup><\/a>. <\/span><\/span><\/p>\n<p align=\"justify\"><span style=\"font-family: 'Times New Roman', serif\"><span style=\"font-size: medium\"> Il est toutefois important de mettre en avant que ces r\u00e9gions n&rsquo;ont gu\u00e8re attendu d&rsquo;\u00eatre\u00a0<\/span><\/span><span style=\"font-family: 'Times New Roman', serif\"><span style=\"font-size: medium\">romanis\u00e9es pour pouvoir jouir du plaisir du vin, boisson pour laquelle les gaulois avaient\u00a0un go\u00fbt prononc\u00e9. En effet le vin est la boisson dominante du monde latin, et cette boisson conna\u00eet de grandes vagues d&rsquo;exportations gr\u00e2ce notamment \u00e0 de nombreuses voies de commerce dont les fleuves, comme le Rhin, et les voies romaines. Ainsi le vin consomm\u00e9 dans le Midi est d&rsquo;abord import\u00e9 depuis l&rsquo;Espagne ou l&rsquo;Italie. <\/span><\/span><\/p>\n<figure id=\"attachment_3940\" aria-describedby=\"caption-attachment-3940\" style=\"width: 224px\" class=\"wp-caption alignright\"><a href=\"http:\/\/blogs.univ-jfc.fr\/vigneetvin\/wp-content\/uploads\/sites\/56\/2017\/03\/Sans-titre-1.jpg\"><img loading=\"lazy\" class=\"size-medium wp-image-3940\" src=\"http:\/\/blogs.univ-jfc.fr\/vigneetvin\/wp-content\/uploads\/sites\/56\/2017\/03\/Sans-titre-1-224x300.jpg\" alt=\"\" width=\"224\" height=\"300\" srcset=\"https:\/\/blogs.univ-jfc.fr\/vigneetvin\/wp-content\/uploads\/sites\/56\/2017\/03\/Sans-titre-1-224x300.jpg 224w, https:\/\/blogs.univ-jfc.fr\/vigneetvin\/wp-content\/uploads\/sites\/56\/2017\/03\/Sans-titre-1.jpg 453w\" sizes=\"(max-width: 224px) 100vw, 224px\" \/><\/a><figcaption id=\"caption-attachment-3940\" class=\"wp-caption-text\">Amphores gauloises: anses et fonds plats, qui permettent aux amphores d&rsquo;\u00eatre plus facilement transport\u00e9es et entrepos\u00e9es.<\/figcaption><\/figure>\n<p align=\"justify\"><span style=\"font-family: 'Times New Roman', serif\"><span style=\"font-size: medium\">Le vin s&rsquo;impose donc dans la soci\u00e9t\u00e9 gauloise d\u00e8s l&rsquo;Antiquit\u00e9, et \u00e0 son prestige ancestral s&rsquo;ajoute ensuite une dimension sacr\u00e9e v\u00e9hicul\u00e9e par la religion chr\u00e9tienne. Durant la p\u00e9riode m\u00e9di\u00e9vale, cette dimension sacr\u00e9e assure au vin un r\u00f4le dominant et l\u00e9gitime dans la soci\u00e9t\u00e9, et ce r\u00f4le perdure encore aujourd&rsquo;hui. Malgr\u00e9 un attrait important pour la boisson, la production d&rsquo;un vin sp\u00e9cifiquement gaulois ne d\u00e9butera qu&rsquo; entre le Ier et le IIe si\u00e8cle de notre \u00e8re, avec la <a href=\"http:\/\/blogs.univ-jfc.fr\/vigneetvin\/la-culture-de-la-vigne\/de-la-viticulture-a-la-vinification\/la-vinification-de-lantiquite-a-la-periode-medievale\/le-stockage-du-vin-une-etape-decisive-dans-sa-fabrication\/appropriation-des-techniques\/\">cr\u00e9ation d&rsquo;amphores sp\u00e9cifiques<\/a>. M\u00eame si la vigne et les exploitations viticoles existaient post\u00e9rieurement au IIe si\u00e8cle avant J-C, nous ne pouvons pas affirmer que celles-ci \u00e9taient destin\u00e9es \u00e0 la transformation du raisin en vin, les sources \u00e9tant d\u00e9truites. La qualit\u00e9 des premiers vins gaulois \u00e9tait m\u00e9diocre, car ceux-ci \u00e9taient remplis de p\u00e9pins<a class=\"sdfootnoteanc\" href=\"#sdfootnote2sym\" name=\"sdfootnote2anc\"><sup>2<\/sup><\/a>.<\/span><\/span><\/p>\n<p style=\"text-align: left\" align=\"justify\"><a href=\"http:\/\/blogs.univ-jfc.fr\/vigneetvin\/la-culture-de-la-vigne\/de-la-viticulture-a-la-vinification\/la-vinification-de-lantiquite-a-la-periode-medievale\/les-dynamiques-du-vin-en-gaule\/\"><strong>Retour \u00e0 Dynamiques du vin en Gaule.<\/strong><\/a><\/p>\n<p style=\"text-align: left\" align=\"justify\"><span style=\"font-family: 'Times New Roman', serif\"><span style=\"font-size: small\"><a class=\"sdfootnotesym\" href=\"#sdfootnote1anc\" name=\"sdfootnote1sym\">1<\/a>LACHIVER,\u00a0<i>Vins, vignes et vignerons, Histoire du vignoble fran\u00e7ais<\/i>, Librairie Arth\u00e8me Fayard, Paris, 1988, p. 26.<\/span><\/span><\/p>\n<div id=\"sdfootnote1\"><\/div>\n<div id=\"sdfootnote2\">\n<p align=\"justify\"><span style=\"font-family: 'Times New Roman', serif\"><span style=\"font-size: small\"><a class=\"sdfootnotesym\" href=\"#sdfootnote2anc\" name=\"sdfootnote2sym\">2<\/a>FERDIERE, MALRAIN, MATTERNE, MENIEL, NISSEN JAUBERT, avec la collaboration de PRADAT,\u00a0<i>Histoire de l&rsquo;agriculture en Gaule, 500 av. J.C. &#8211; 1000 apr. J.C.<\/i>, \u00e9ditions Errance, Paris, 2006, p. 104.<\/span><\/span><\/p>\n<\/div>\n","protected":false},"excerpt":{"rendered":"<p>La conqu\u00eate romaine et ses apports culturels dans les modes de consommation En 52 avant J-C, Jules C\u00e9sar conquiert la Gaule et celle-ci se retrouve officiellement sous domination romaine. Ant\u00e9rieurement \u00e0 ces \u00e9v\u00e9nements les peuplades gauloises \u00e9taient souvent caract\u00e9ris\u00e9es par leur grande consommation de bi\u00e8re, celle-ci produite directement au domicile et destin\u00e9e \u00e0 un usage &hellip; <a href=\"https:\/\/blogs.univ-jfc.fr\/vigneetvin\/larrivee-du-vin-en-gaule-2\/\" class=\"more-link\">Continuer la lecture de <span class=\"screen-reader-text\">L&rsquo;arriv\u00e9e du vin en Gaule<\/span> <span class=\"meta-nav\">&rarr;<\/span><\/a><\/p>\n","protected":false},"author":268,"featured_media":0,"parent":0,"menu_order":1,"comment_status":"closed","ping_status":"closed","template":"","meta":[],"_links":{"self":[{"href":"https:\/\/blogs.univ-jfc.fr\/vigneetvin\/wp-json\/wp\/v2\/pages\/552"}],"collection":[{"href":"https:\/\/blogs.univ-jfc.fr\/vigneetvin\/wp-json\/wp\/v2\/pages"}],"about":[{"href":"https:\/\/blogs.univ-jfc.fr\/vigneetvin\/wp-json\/wp\/v2\/types\/page"}],"author":[{"embeddable":true,"href":"https:\/\/blogs.univ-jfc.fr\/vigneetvin\/wp-json\/wp\/v2\/users\/268"}],"replies":[{"embeddable":true,"href":"https:\/\/blogs.univ-jfc.fr\/vigneetvin\/wp-json\/wp\/v2\/comments?post=552"}],"version-history":[{"count":7,"href":"https:\/\/blogs.univ-jfc.fr\/vigneetvin\/wp-json\/wp\/v2\/pages\/552\/revisions"}],"predecessor-version":[{"id":3946,"href":"https:\/\/blogs.univ-jfc.fr\/vigneetvin\/wp-json\/wp\/v2\/pages\/552\/revisions\/3946"}],"wp:attachment":[{"href":"https:\/\/blogs.univ-jfc.fr\/vigneetvin\/wp-json\/wp\/v2\/media?parent=552"}],"curies":[{"name":"wp","href":"https:\/\/api.w.org\/{rel}","templated":true}]}}