{"id":554,"date":"2017-03-01T12:40:06","date_gmt":"2017-03-01T11:40:06","guid":{"rendered":"http:\/\/blogs.univ-jfc.fr\/vigneetvin\/?page_id=554"},"modified":"2017-03-29T14:10:31","modified_gmt":"2017-03-29T13:10:31","slug":"une-tradition-de-la-biere-supplantee-par-le-vin","status":"publish","type":"page","link":"https:\/\/blogs.univ-jfc.fr\/vigneetvin\/une-tradition-de-la-biere-supplantee-par-le-vin\/","title":{"rendered":"Une tradition de la bi\u00e8re supplant\u00e9e par le vin"},"content":{"rendered":"<p align=\"center\"><span style=\"font-family: 'Times New Roman', serif\"><span style=\"font-size: medium\"><b>Une production de bi\u00e8re \u00e0 domicile qui se d\u00e9valorise au profit du vin et de son commerce<\/b><\/span><\/span><\/p>\n<p align=\"justify\"><span style=\"font-family: 'Times New Roman', serif\"><span style=\"font-size: medium\"> La r\u00e9putation des \u00ab\u00a0Gaulois amateurs de vin\u00a0\u00bb n&rsquo;est pas n\u00e9e d&rsquo;hier\u00a0: on trouve une premi\u00e8re r\u00e9f\u00e9rence \u00e0 cet amour inconditionnel du vin chez Platon dans <em>Les lois<\/em> o\u00f9 il mentionne ce peuple \u00ab\u00a0barbare\u00a0\u00bb. Au Ier si\u00e8cle avant J.C. Tite-Live affirme quant \u00e0 lui dans son <em>Histoire Romaine<\/em>\u00a0que c&rsquo;est par amour du vin que les Gaulois sont venus jusqu&rsquo;\u00e0 Rome, et l&rsquo;ont finalement pill\u00e9 en 390 avant notre \u00e8re.<br \/>\n<\/span><\/span><\/p>\n<p align=\"justify\"><span style=\"font-family: 'Times New Roman', serif\"><span style=\"font-size: medium\">Le d\u00e9veloppement du commerce du vin se fait avec le port de Marseille, colonie grecque fond\u00e9e par les Phoc\u00e9ens aux environs de 600 avant J.C. Marseille devient d\u00e8s le Ve si\u00e8cle l&rsquo;un des principaux ports de M\u00e9diterran\u00e9e occidentale. Pour acheminer le vin vers le nord, le Rh\u00f4ne a jou\u00e9 un r\u00f4le majeur. Ces importations de breuvage \u00e9taient d&rsquo;une telle importance qu&rsquo;elles ne pouvaient exister que suite \u00e0 une forte demande. Majoritairement import\u00e9 \u00e0 ses d\u00e9but, le vin bien qu&rsquo;appr\u00e9ci\u00e9 doit pourtant cohabiter avec la bi\u00e8re de fabrication locale.<\/span><\/span><\/p>\n<p align=\"justify\"><span style=\"font-family: 'Times New Roman', serif\"><span style=\"font-size: medium\">Entre le Ier et le IIIe si\u00e8cles, la Gaule fut t\u00e9moin d&rsquo;un essor consid\u00e9rable de sa production de vin. Cette production devient alors une \u00e9tape \u00e0 part enti\u00e8re de la vie des paysans. Du I<sup>er<\/sup> au Ve si\u00e8cle, on constate une consommation disparate entre les plus riches et les pauvres, et si les uns pr\u00e9f\u00e8rent boire du vin italien ou gaulois soit pur, soit m\u00e9lang\u00e9 avec un peu d&rsquo;eau, les autres se contentent de bi\u00e8re, souvent accommod\u00e9e de miel. Les vins de l&rsquo;\u00e9poque semblent avoir eu une nature forte et un go\u00fbt \u00e2pre, s\u00fbrement \u00e0 cause du traitement du vin en lui-m\u00eame, mais aussi des <a href=\"http:\/\/blogs.univ-jfc.fr\/vigneetvin\/la-culture-de-la-vigne\/de-la-viticulture-a-la-vinification\/la-vinification-de-lantiquite-a-la-periode-medievale\/le-stockage-du-vin-une-etape-decisive-dans-sa-fabrication\/la-fermentation-du-vin\/\">amphores <\/a>qui le contenaient. <\/span><\/span><\/p>\n<p align=\"justify\"><span style=\"font-family: 'Times New Roman', serif\"><span style=\"font-size: medium\">Au Ve si\u00e8cle la boisson la plus ordinaire est encore la bi\u00e8re de c\u00e9r\u00e9ales, dont la <a href=\"http:\/\/blogs.univ-jfc.fr\/vigneetvin\/lexique-et-vocabulaire\/\">cervoise<\/a> est une cat\u00e9gorie fabriqu\u00e9e \u00e0 base d&rsquo;\u00e9peautre\u00a0; ou le <a href=\"http:\/\/blogs.univ-jfc.fr\/vigneetvin\/lexique-et-vocabulaire\/\"><i>kourmi<\/i><\/a><i> <\/i>\u00e0 base d&rsquo;orge ferment\u00e9. Les habitudes des Francs sont encore \u00e0 l<a href=\"http:\/\/blogs.univ-jfc.fr\/vigneetvin\/lexique-et-vocabulaire\/\">&lsquo;hydromel<\/a>, bi\u00e8re m\u00eal\u00e9e de miel<a class=\"sdfootnoteanc\" href=\"#sdfootnote1sym\" name=\"sdfootnote1anc\"><sup>1<\/sup><\/a>, bien que le contact avec le monde m\u00e9diterran\u00e9en les entra\u00eenent inexorablement vers l&rsquo;usage du vin. <\/span><\/span><\/p>\n<p align=\"justify\"><span style=\"font-family: 'Times New Roman', serif\"><span style=\"font-size: medium\">Le passage s&rsquo;est effectu\u00e9 quand, entre le VIe et le VIIe si\u00e8cle, des mesures sont prises par les moines pour limiter le vin, et prohiber l&rsquo;ivresse. Le vin devient l&rsquo;apanage des \u00e9lites, des invit\u00e9s de marque et du roi. A\u00a0l&rsquo;\u00e9poque carolingienne une synth\u00e8se originale s&rsquo;op\u00e8re donc entre les r\u00e9gimes des peuples barbares et romains. Ainsi, le vin domine d\u00e8s lors tr\u00e8s nettement la bi\u00e8re, dont l&rsquo;image reste associ\u00e9e au peuple, aux pauvres ou aux esclaves.<\/span><\/span><\/p>\n<p align=\"justify\"><a href=\"http:\/\/blogs.univ-jfc.fr\/vigneetvin\/la-culture-de-la-vigne\/de-la-viticulture-a-la-vinification\/la-vinification-de-lantiquite-a-la-periode-medievale\/les-dynamiques-du-vin-en-gaule\/\"><strong>Retour \u00e0 Dynamiques du vin en Gaule.<\/strong><\/a><\/p>\n<div id=\"sdfootnote1\">\n<ul>\n<li>\n<p align=\"justify\"><span style=\"font-family: 'Times New Roman', serif\"><span style=\"font-size: medium\"><a class=\"sdfootnotesym\" href=\"#sdfootnote1anc\" name=\"sdfootnote1sym\">1<\/a><span style=\"font-size: small\">GAUTIER, <\/span><span style=\"font-size: small\"><i>Alimentation m\u00e9di\u00e9vales, <\/i><\/span><span style=\"font-size: small\"><i>du <\/i><\/span><span style=\"font-size: small\"><i>V au XVI si\u00e8cle<\/i><\/span><span style=\"font-size: small\">, E<\/span><span style=\"font-size: small\">l<\/span><span style=\"font-size: small\">lipse, Paris, 2009, <\/span><span style=\"font-size: small\">p. 120<\/span><span style=\"font-size: small\">.<\/span> <\/span><\/span><\/p>\n<\/li>\n<\/ul>\n<\/div>\n","protected":false},"excerpt":{"rendered":"<p>Une production de bi\u00e8re \u00e0 domicile qui se d\u00e9valorise au profit du vin et de son commerce La r\u00e9putation des \u00ab\u00a0Gaulois amateurs de vin\u00a0\u00bb n&rsquo;est pas n\u00e9e d&rsquo;hier\u00a0: on trouve une premi\u00e8re r\u00e9f\u00e9rence \u00e0 cet amour inconditionnel du vin chez Platon dans Les lois o\u00f9 il mentionne ce peuple \u00ab\u00a0barbare\u00a0\u00bb. Au Ier si\u00e8cle avant J.C. &hellip; <a href=\"https:\/\/blogs.univ-jfc.fr\/vigneetvin\/une-tradition-de-la-biere-supplantee-par-le-vin\/\" class=\"more-link\">Continuer la lecture de <span class=\"screen-reader-text\">Une tradition de la bi\u00e8re supplant\u00e9e par le vin<\/span> <span class=\"meta-nav\">&rarr;<\/span><\/a><\/p>\n","protected":false},"author":268,"featured_media":0,"parent":0,"menu_order":2,"comment_status":"closed","ping_status":"closed","template":"","meta":[],"_links":{"self":[{"href":"https:\/\/blogs.univ-jfc.fr\/vigneetvin\/wp-json\/wp\/v2\/pages\/554"}],"collection":[{"href":"https:\/\/blogs.univ-jfc.fr\/vigneetvin\/wp-json\/wp\/v2\/pages"}],"about":[{"href":"https:\/\/blogs.univ-jfc.fr\/vigneetvin\/wp-json\/wp\/v2\/types\/page"}],"author":[{"embeddable":true,"href":"https:\/\/blogs.univ-jfc.fr\/vigneetvin\/wp-json\/wp\/v2\/users\/268"}],"replies":[{"embeddable":true,"href":"https:\/\/blogs.univ-jfc.fr\/vigneetvin\/wp-json\/wp\/v2\/comments?post=554"}],"version-history":[{"count":6,"href":"https:\/\/blogs.univ-jfc.fr\/vigneetvin\/wp-json\/wp\/v2\/pages\/554\/revisions"}],"predecessor-version":[{"id":3945,"href":"https:\/\/blogs.univ-jfc.fr\/vigneetvin\/wp-json\/wp\/v2\/pages\/554\/revisions\/3945"}],"wp:attachment":[{"href":"https:\/\/blogs.univ-jfc.fr\/vigneetvin\/wp-json\/wp\/v2\/media?parent=554"}],"curies":[{"name":"wp","href":"https:\/\/api.w.org\/{rel}","templated":true}]}}