{"id":557,"date":"2017-03-01T12:41:51","date_gmt":"2017-03-01T11:41:51","guid":{"rendered":"http:\/\/blogs.univ-jfc.fr\/vigneetvin\/?page_id=557"},"modified":"2017-03-29T15:47:19","modified_gmt":"2017-03-29T14:47:19","slug":"le-role-central-des-monasteres","status":"publish","type":"page","link":"https:\/\/blogs.univ-jfc.fr\/vigneetvin\/le-role-central-des-monasteres\/","title":{"rendered":"Le r\u00f4le central des monast\u00e8res"},"content":{"rendered":"<p align=\"center\"><span style=\"color: #000000\"><span style=\"font-family: 'Times New Roman', serif\"><span style=\"font-size: medium\"><b>La pr\u00e9servation des savoirs-faire dans l&rsquo;Antiquit\u00e9 tardive<\/b><\/span><\/span><\/span><\/p>\n<figure id=\"attachment_608\" aria-describedby=\"caption-attachment-608\" style=\"width: 289px\" class=\"wp-caption alignright\"><a href=\"http:\/\/blogs.univ-jfc.fr\/vigneetvin\/wp-content\/uploads\/sites\/56\/2017\/03\/calendrier-agrair.jpg\"><img loading=\"lazy\" class=\"size-medium wp-image-608\" src=\"http:\/\/blogs.univ-jfc.fr\/vigneetvin\/wp-content\/uploads\/sites\/56\/2017\/03\/calendrier-agrair-289x300.jpg\" alt=\"\" width=\"289\" height=\"300\" srcset=\"https:\/\/blogs.univ-jfc.fr\/vigneetvin\/wp-content\/uploads\/sites\/56\/2017\/03\/calendrier-agrair-289x300.jpg 289w, https:\/\/blogs.univ-jfc.fr\/vigneetvin\/wp-content\/uploads\/sites\/56\/2017\/03\/calendrier-agrair-768x796.jpg 768w, https:\/\/blogs.univ-jfc.fr\/vigneetvin\/wp-content\/uploads\/sites\/56\/2017\/03\/calendrier-agrair-987x1024.jpg 987w, https:\/\/blogs.univ-jfc.fr\/vigneetvin\/wp-content\/uploads\/sites\/56\/2017\/03\/calendrier-agrair.jpg 1892w\" sizes=\"(max-width: 289px) 100vw, 289px\" \/><\/a><figcaption id=\"caption-attachment-608\" class=\"wp-caption-text\">Les vendanges sont repr\u00e9sent\u00e9es en bas, \u00e0 droite de ce manuscrit. Elles correspondent au mois d&rsquo;octobre, et font partie int\u00e9grante de la vie des campagnes. Calendrier agricole du milieu du IXe si\u00e8cle dit \u00ab\u00a0Calendrier de Saint-Pierre de Salzbourg\u00a0\u00bb (Vienne, \u00d6sterreische Nationalbibliothek)<\/figcaption><\/figure>\n<p align=\"justify\"><span style=\"font-family: 'Times New Roman', serif\"><span style=\"font-size: medium\">Le travail du vigneron, s&rsquo;il semble ne pas changer au cours du temps, est cependant mieux appr\u00e9hend\u00e9 <\/span><span style=\"font-size: medium\">pour la p\u00e9riode du<\/span><span style=\"font-size: medium\"> Haut Moyen-Age. L<\/span><span style=\"font-size: medium\">&lsquo;historien<\/span><span style=\"font-size: medium\"> dispose alors de plus de sources telles que des enluminures ou des manuscrits provenant de monast\u00e8re<\/span><span style=\"font-size: medium\">s<\/span><span style=\"font-size: medium\">. <\/span><span style=\"font-size: medium\">L<\/span><span style=\"font-size: medium\">es moines ont <\/span><span style=\"font-size: medium\">en effet <\/span><span style=\"font-size: medium\">particip\u00e9 de mani\u00e8re <\/span><span style=\"font-size: medium\">tr\u00e8s <\/span><span style=\"font-size: medium\">assidue \u00e0 la pr\u00e9servation des m\u00e9thodes viticoles, <\/span><span style=\"font-size: medium\">dans les premiers temps<\/span><span style=\"font-size: medium\"> de la p\u00e9riode m\u00e9di\u00e9vale. <\/span><span style=\"font-size: medium\">En effet durant<\/span><span style=\"font-size: medium\">\u00a0l&rsquo;antiquit\u00e9 tardive<\/span><span style=\"font-size: medium\">\u00a0l&rsquo;Empire Romain s&rsquo;est \u00e9croul\u00e9 en Occident, et que les peuples ont eu tendance \u00e0 <\/span><span style=\"font-size: medium\">d\u00e9laisser<\/span><span style=\"font-size: medium\"> l<\/span><span style=\"font-size: medium\">e<\/span><span style=\"font-size: medium\">s anciennes routes commerciales. C&rsquo;est \u00e0 ce moment que les moines se sont appropri\u00e9s les m\u00e9thodes anciennes de vinification et ont permis au vin de perdurer, du fait de sa sacralisation par la religion chr\u00e9tienne.<\/span><\/span><\/p>\n<p align=\"justify\"><span style=\"font-family: 'Times New Roman', serif\"><span style=\"font-size: medium\"> Ces sources d\u00e9crivent les outils de travail, tant les <\/span><a href=\"http:\/\/blogs.univ-jfc.fr\/vigneetvin\/lexique-et-vocabulaire\/\"><span style=\"font-size: medium\">serpes<\/span><span style=\"font-size: medium\"> et <\/span><span style=\"font-size: medium\">serpettes<\/span><\/a><span style=\"font-size: medium\"> qui servaient \u00e0 tailler la vigne et non \u00e0 couper les grappes de raisins durant les vendanges comme certains auraient pu le penser. Les <\/span><a href=\"http:\/\/blogs.univ-jfc.fr\/vigneetvin\/lexique-et-vocabulaire\/\"><span style=\"font-size: medium\">pressoirs<\/span><\/a><span style=\"font-size: medium\"> et les <\/span><span style=\"font-size: medium\">mortiers<\/span><span style=\"font-size: medium\"> \u00e9taient faits de bois, et parfois en pierre <\/span><span style=\"font-size: medium\">soit un mat\u00e9riel<\/span><span style=\"font-size: medium\"> plus solide, <\/span><span style=\"font-size: medium\">p\u00e9renne,<\/span><span style=\"font-size: medium\"> mais aussi plus cher. Les grappes sont cueillies \u00e0 la main, puis port\u00e9es dans de grands paniers jusqu\u2019\u00e0 une <\/span><span style=\"font-size: medium\">cuve<\/span><span style=\"font-size: medium\"> de bois o\u00f9 un homme les foule de ses pieds pour en extraire le jus. <\/span><span style=\"font-size: medium\">Les m\u00e9thodes de pressurage m\u00e9di\u00e9vales sont directement h\u00e9rit\u00e9es de l&rsquo;antiquit\u00e9, et le proc\u00e9d\u00e9 ne semble pas \u00e9voluer <\/span><span style=\"font-size: medium\">beaucoup<\/span><span style=\"font-size: medium\"> au <\/span><span style=\"font-size: medium\">fil<\/span><span style=\"font-size: medium\"> du temps\u00a0; mais comme l&rsquo;\u00e9crit R. FOSSIER :<\/span><\/span><\/p>\n<blockquote><p><span style=\"font-family: 'Times New Roman', serif\"><span style=\"font-size: medium\">\u00ab\u00a0<\/span><span style=\"font-size: medium\"><i>\u00c9craser<\/i><\/span><span style=\"font-size: medium\"><i> le vin pour en extraire le jus e<\/i><\/span><span style=\"font-size: medium\"><i>s<\/i><\/span><span style=\"font-size: medium\"><i>t une technique d&rsquo;une telle simplicit\u00e9 et anciennet\u00e9 que nous en connaissons bien les aspects mat\u00e9riel.<\/i><\/span><span style=\"font-size: medium\">\u00a0\u00bb<a class=\"sdfootnoteanc\" href=\"#sdfootnote1sym\" name=\"sdfootnote1anc\"><sup>1<\/sup><\/a><\/span><\/span><\/p><\/blockquote>\n<p align=\"justify\"><span style=\"color: #000000\"><span style=\"font-family: 'Times New Roman', serif\"><span style=\"font-size: medium\"> On peut cependant d\u00e9plorer la perte de preuves arch\u00e9ologiques pr\u00e9cieuses du fait que les pressoirs et les chais de bois, \u00e0 l&rsquo;instar des tonneaux, \u00e9taient vou\u00e9s \u00e0 dispara\u00eetre rapidement. Le bois n&rsquo;\u00e9tant pas un mat\u00e9riel durable, peu de pressoirs anciens ont perdur\u00e9 jusqu&rsquo;\u00e0 nos jours selon M. LACHIVER<a class=\"sdfootnoteanc\" href=\"#sdfootnote2sym\" name=\"sdfootnote2anc\"><sup>2<\/sup><\/a>.<\/span><\/span><\/span><\/p>\n<p align=\"justify\"><a href=\"http:\/\/blogs.univ-jfc.fr\/vigneetvin\/la-culture-de-la-vigne\/de-la-viticulture-a-la-vinification\/la-vinification-de-lantiquite-a-la-periode-medievale\/les-dynamiques-du-vin-en-gaule\/\"><strong>Retour \u00e0 Dynamiques du vin en Gaule.<\/strong><\/a><\/p>\n<div id=\"sdfootnote1\">\n<p class=\"sdfootnote\"><a class=\"sdfootnotesym\" href=\"#sdfootnote1anc\" name=\"sdfootnote1sym\">1<\/a>FOSSIER, <i>Le travail au Moyen-Age<\/i>, Hachette litt\u00e9rature, Paris, 2000, chapitre II, p. 194.<\/p>\n<\/div>\n<div id=\"sdfootnote2\">\n<p class=\"sdfootnote\"><a class=\"sdfootnotesym\" href=\"#sdfootnote2anc\" name=\"sdfootnote2sym\">2<\/a>LACHIVER, <i>Vins vignes et vignerons, Histoire du vignoble fran\u00e7ais<\/i>, Fayard, Paris, 1988, p. 32.<\/p>\n<\/div>\n","protected":false},"excerpt":{"rendered":"<p>La pr\u00e9servation des savoirs-faire dans l&rsquo;Antiquit\u00e9 tardive Le travail du vigneron, s&rsquo;il semble ne pas changer au cours du temps, est cependant mieux appr\u00e9hend\u00e9 pour la p\u00e9riode du Haut Moyen-Age. L&lsquo;historien dispose alors de plus de sources telles que des enluminures ou des manuscrits provenant de monast\u00e8res. Les moines ont en effet particip\u00e9 de mani\u00e8re &hellip; <a href=\"https:\/\/blogs.univ-jfc.fr\/vigneetvin\/le-role-central-des-monasteres\/\" class=\"more-link\">Continuer la lecture de <span class=\"screen-reader-text\">Le r\u00f4le central des monast\u00e8res<\/span> <span class=\"meta-nav\">&rarr;<\/span><\/a><\/p>\n","protected":false},"author":268,"featured_media":0,"parent":0,"menu_order":3,"comment_status":"closed","ping_status":"closed","template":"","meta":[],"_links":{"self":[{"href":"https:\/\/blogs.univ-jfc.fr\/vigneetvin\/wp-json\/wp\/v2\/pages\/557"}],"collection":[{"href":"https:\/\/blogs.univ-jfc.fr\/vigneetvin\/wp-json\/wp\/v2\/pages"}],"about":[{"href":"https:\/\/blogs.univ-jfc.fr\/vigneetvin\/wp-json\/wp\/v2\/types\/page"}],"author":[{"embeddable":true,"href":"https:\/\/blogs.univ-jfc.fr\/vigneetvin\/wp-json\/wp\/v2\/users\/268"}],"replies":[{"embeddable":true,"href":"https:\/\/blogs.univ-jfc.fr\/vigneetvin\/wp-json\/wp\/v2\/comments?post=557"}],"version-history":[{"count":7,"href":"https:\/\/blogs.univ-jfc.fr\/vigneetvin\/wp-json\/wp\/v2\/pages\/557\/revisions"}],"predecessor-version":[{"id":4014,"href":"https:\/\/blogs.univ-jfc.fr\/vigneetvin\/wp-json\/wp\/v2\/pages\/557\/revisions\/4014"}],"wp:attachment":[{"href":"https:\/\/blogs.univ-jfc.fr\/vigneetvin\/wp-json\/wp\/v2\/media?parent=557"}],"curies":[{"name":"wp","href":"https:\/\/api.w.org\/{rel}","templated":true}]}}