{"id":565,"date":"2017-03-01T12:48:03","date_gmt":"2017-03-01T11:48:03","guid":{"rendered":"http:\/\/blogs.univ-jfc.fr\/vigneetvin\/?page_id=565"},"modified":"2017-03-29T14:38:00","modified_gmt":"2017-03-29T13:38:00","slug":"les-vendangeurs-gaulois-et-gallo-romains","status":"publish","type":"page","link":"https:\/\/blogs.univ-jfc.fr\/vigneetvin\/les-vendangeurs-gaulois-et-gallo-romains\/","title":{"rendered":"Les vendangeurs gaulois et gallo-romains"},"content":{"rendered":"<p align=\"center\"><span style=\"font-family: 'Times New Roman', serif\"><span style=\"font-size: medium\"><b>M\u00e9thode de pressurage <\/b><b>durant l&rsquo;<\/b><b>Antiquit\u00e9<\/b><\/span><\/span><\/p>\n<p align=\"justify\"><span style=\"font-family: 'Times New Roman', serif\"><span style=\"font-size: medium\"> Des installations de pressurages gauloises ont \u00e9t\u00e9 mises en \u00e9vidence par des fouilles arch\u00e9ologiques dans le Languedoc, la Narbonnaise, la vall\u00e9e du Rhone et en Aquitaine. Ces installations datent du IIe au IVe si\u00e8cles, et on \u00e9t\u00e9 rep\u00e9r\u00e9es gr\u00e2ce \u00e0 la pr\u00e9sence d&rsquo;anciennes cuves, de bases de pressoirs, de grandes quantit\u00e9s de p\u00e9pins de raisin, ou de <a href=\"http:\/\/blogs.univ-jfc.fr\/vigneetvin\/imitation-du-modele-romain\/\"><i>dolia<\/i><\/a> enterr\u00e9es sur les sites.<\/span><\/span><\/p>\n<p align=\"justify\"><span style=\"font-family: 'Times New Roman', serif\"><span style=\"font-size: medium\">&#8211; <b>Le <a href=\"http:\/\/blogs.univ-jfc.fr\/vigneetvin\/lexique-et-vocabulaire\/\">foulage<\/a><\/b><b>: <\/b>Les vignerons, lors de la p\u00e9riode de vendanges, se relayaient pour apporter les paniers de raisin et les versaient dans de grandes corbeilles en attendant d&rsquo;en extraire le jus. Les fruits \u00e9taient broy\u00e9s sur place\u00a0; et l&rsquo;extraction du jus se faisait traditionnellement par foulage, surtout dans les petites exploitations: les hommes foulaient le raisin, c&rsquo;est \u00e0 dire l&rsquo;\u00e9crasaient avec leurs pieds dans des bacs en bois.<a class=\"sdfootnoteanc\" href=\"#sdfootnote1sym\" name=\"sdfootnote1anc\"><sup>1<\/sup><\/a> On peut se faire une id\u00e9e de ces sc\u00e8nes de foulage gr\u00e2ce \u00e0 la mosa\u00efque dite \u00ab\u00a0du calendrier rustique\u00a0\u00bb de Saint Romain en Gal (Rh\u00f4ne),\u00a0<\/span><\/span><span style=\"font-family: 'Times New Roman', serif\"><span style=\"font-size: medium\">dat\u00e9e du IIIe si\u00e8cle et qui explicite le travail de ces paysans au moins d&rsquo;octobre. <\/span><\/span><\/p>\n<p align=\"justify\"><span style=\"font-family: 'Times New Roman', serif\"><span style=\"font-size: medium\">&#8211; <b>La <a href=\"http:\/\/blogs.univ-jfc.fr\/vigneetvin\/lexique-et-vocabulaire\/\">meule<\/a> et le <a href=\"http:\/\/blogs.univ-jfc.fr\/vigneetvin\/lexique-et-vocabulaire\/\">mortier<\/a>:<\/b>\u00a0L&rsquo;extraction du jus pouvait aussi bien se faire \u00e0 l&rsquo;aide d&rsquo;une meule tournant verticalement sur elle-m\u00eame dans une auge, gr\u00e2ce \u00e0 un essieu reli\u00e9 \u00e0 un pivot. Le jus et la pulpe \u00e9taient ensuite vers\u00e9s dans des cabas, puis press\u00e9s sous un plateau qu&rsquo;on abaissait \u00e0 l&rsquo;aide d&rsquo;un levier reli\u00e9 \u00e0 un treuil, ou \u00e0 une vis, et maintenu par un contrepoids en pierre. Mais ces m\u00e9thodes \u00e9taient ch\u00e8res, du fait de la complexit\u00e9 de construction des pressoirs. De ce fait les petits vignerons exploitants favorisaient le foulage, puis le broyage du raisin au pilon, dans un mortier de pierre.<a class=\"sdfootnoteanc\" href=\"#sdfootnote2sym\" name=\"sdfootnote2anc\"><sup>2<\/sup><\/a><\/span><\/span><\/p>\n<figure id=\"attachment_2513\" aria-describedby=\"caption-attachment-2513\" style=\"width: 300px\" class=\"wp-caption alignright\"><a href=\"http:\/\/blogs.univ-jfc.fr\/vigneetvin\/wp-content\/uploads\/sites\/56\/2017\/03\/Mosa\u00efque_de_Saint-Romain-en-Gal_foulage_de_la_vendange.jpg\"><img loading=\"lazy\" class=\"wp-image-2513 size-medium\" src=\"http:\/\/blogs.univ-jfc.fr\/vigneetvin\/wp-content\/uploads\/sites\/56\/2017\/03\/Mosa\u00efque_de_Saint-Romain-en-Gal_foulage_de_la_vendange-300x300.jpg\" alt=\"\" width=\"300\" height=\"300\" srcset=\"https:\/\/blogs.univ-jfc.fr\/vigneetvin\/wp-content\/uploads\/sites\/56\/2017\/03\/Mosa\u00efque_de_Saint-Romain-en-Gal_foulage_de_la_vendange-300x300.jpg 300w, https:\/\/blogs.univ-jfc.fr\/vigneetvin\/wp-content\/uploads\/sites\/56\/2017\/03\/Mosa\u00efque_de_Saint-Romain-en-Gal_foulage_de_la_vendange-150x150.jpg 150w, https:\/\/blogs.univ-jfc.fr\/vigneetvin\/wp-content\/uploads\/sites\/56\/2017\/03\/Mosa\u00efque_de_Saint-Romain-en-Gal_foulage_de_la_vendange.jpg 638w\" sizes=\"(max-width: 300px) 100vw, 300px\" \/><\/a><figcaption id=\"caption-attachment-2513\" class=\"wp-caption-text\">Calendrier agricole repr\u00e9sentant le foulage du raisin. Mosa\u00efque de Saint-Romain-en-Gal du IIIe si\u00e8cle (source image : wikip\u00e9dia.com)<\/figcaption><\/figure>\n<p align=\"justify\"><span style=\"font-family: 'Times New Roman', serif\"><span style=\"font-size: medium\">&#8211; <b>Raisin ou olives, sujets de controverses: <\/b>Les installations de pressurage \u00e9taient d\u00e9j\u00e0 connues des vignerons gaulois, mais les presses \u00e9taient plus souvent r\u00e9serv\u00e9es aux fruits les plus durs, par exemple les olives. Ces <a href=\"http:\/\/blogs.univ-jfc.fr\/vigneetvin\/lexique-et-vocabulaire\/\">cuves<\/a> et ces <a href=\"http:\/\/blogs.univ-jfc.fr\/vigneetvin\/lexique-et-vocabulaire\/\">chais<\/a>, parfois aux proportions \u00e9normes tels que les chais du domaine de\u00a0<\/span><\/span><span style=\"font-family: 'Times New Roman', serif\"><span style=\"font-size: medium\">Molard \u00e0 Donz\u00e8re<\/span><\/span><span style=\"font-family: 'Times New Roman', serif\"><span style=\"font-size: medium\">, ou Domergue \u00e0 Sauvian qui pouvaient accueillir des millions d&rsquo;hectolitres, sont donc difficilement attribuables\u00a0: en effet, ces installations \u00e9taient-elles destin\u00e9es au vin, ou bien \u00e0 la production d&rsquo;huile d&rsquo;olive, on ne peut en \u00eatre certain. Pour pouvoir diff\u00e9rencier les producteurs d&rsquo;huile des producteurs de vin, les arch\u00e9ologues \u00e9tudient les r\u00e9gions de productions\u00a0: on trouvera du vin l\u00e0 o\u00f9 les olives ne pouvaient pousser.<\/span><\/span><\/p>\n<p align=\"justify\"><strong><a href=\"http:\/\/blogs.univ-jfc.fr\/vigneetvin\/la-culture-de-la-vigne\/vinification-aux-periodes-antique-et-medievale\/la-production-de-vin\/\">Retour \u00e0 la Production de vin.<\/a><\/strong><\/p>\n<div id=\"sdfootnote1\">\n<p class=\"sdfootnote\"><a class=\"sdfootnotesym\" href=\"#sdfootnote1anc\" name=\"sdfootnote1sym\">1<\/a>FERDIERE, MALRAIN, MATTERNE, MENIEL, NISSEN-JAUBERT, <i>Histoire de l&rsquo;agriculture en Gaule<\/i>, Errance, Paris, 2006, p. 31.<\/p>\n<\/div>\n<div id=\"sdfootnote2\">\n<p class=\"sdfootnote\"><a class=\"sdfootnotesym\" href=\"#sdfootnote2anc\" name=\"sdfootnote2sym\">2 <\/a>DUVAL, <i>La Gaule pendant la paix romaine<\/i>, Hachette litt\u00e9rature, Paris, 1989, p. 178.<\/p>\n<\/div>\n","protected":false},"excerpt":{"rendered":"<p>M\u00e9thode de pressurage durant l&rsquo;Antiquit\u00e9 Des installations de pressurages gauloises ont \u00e9t\u00e9 mises en \u00e9vidence par des fouilles arch\u00e9ologiques dans le Languedoc, la Narbonnaise, la vall\u00e9e du Rhone et en Aquitaine. Ces installations datent du IIe au IVe si\u00e8cles, et on \u00e9t\u00e9 rep\u00e9r\u00e9es gr\u00e2ce \u00e0 la pr\u00e9sence d&rsquo;anciennes cuves, de bases de pressoirs, de grandes &hellip; <a href=\"https:\/\/blogs.univ-jfc.fr\/vigneetvin\/les-vendangeurs-gaulois-et-gallo-romains\/\" class=\"more-link\">Continuer la lecture de <span class=\"screen-reader-text\">Les vendangeurs gaulois et gallo-romains<\/span> <span class=\"meta-nav\">&rarr;<\/span><\/a><\/p>\n","protected":false},"author":268,"featured_media":0,"parent":0,"menu_order":0,"comment_status":"closed","ping_status":"closed","template":"","meta":[],"_links":{"self":[{"href":"https:\/\/blogs.univ-jfc.fr\/vigneetvin\/wp-json\/wp\/v2\/pages\/565"}],"collection":[{"href":"https:\/\/blogs.univ-jfc.fr\/vigneetvin\/wp-json\/wp\/v2\/pages"}],"about":[{"href":"https:\/\/blogs.univ-jfc.fr\/vigneetvin\/wp-json\/wp\/v2\/types\/page"}],"author":[{"embeddable":true,"href":"https:\/\/blogs.univ-jfc.fr\/vigneetvin\/wp-json\/wp\/v2\/users\/268"}],"replies":[{"embeddable":true,"href":"https:\/\/blogs.univ-jfc.fr\/vigneetvin\/wp-json\/wp\/v2\/comments?post=565"}],"version-history":[{"count":8,"href":"https:\/\/blogs.univ-jfc.fr\/vigneetvin\/wp-json\/wp\/v2\/pages\/565\/revisions"}],"predecessor-version":[{"id":3956,"href":"https:\/\/blogs.univ-jfc.fr\/vigneetvin\/wp-json\/wp\/v2\/pages\/565\/revisions\/3956"}],"wp:attachment":[{"href":"https:\/\/blogs.univ-jfc.fr\/vigneetvin\/wp-json\/wp\/v2\/media?parent=565"}],"curies":[{"name":"wp","href":"https:\/\/api.w.org\/{rel}","templated":true}]}}