{"id":567,"date":"2017-03-01T12:49:16","date_gmt":"2017-03-01T11:49:16","guid":{"rendered":"http:\/\/blogs.univ-jfc.fr\/vigneetvin\/?page_id=567"},"modified":"2017-03-29T15:39:15","modified_gmt":"2017-03-29T14:39:15","slug":"les-vendangeurs-francs-et-francais","status":"publish","type":"page","link":"https:\/\/blogs.univ-jfc.fr\/vigneetvin\/les-vendangeurs-francs-et-francais\/","title":{"rendered":"Les vendangeurs francs et fran\u00e7ais"},"content":{"rendered":"<p align=\"center\"><span style=\"font-family: 'Times New Roman', serif\"><span style=\"font-size: medium\"><b>M\u00e9thodes de pressurage en vigueur au Moyen-\u00c2ge<\/b><\/span><\/span><\/p>\n<p align=\"justify\"><span style=\"font-family: 'Times New Roman', serif\"><span style=\"font-size: medium\"> Les moines ont \u0153uvr\u00e9 \u00e0 la pr\u00e9servation des techniques antiques, ainsi m\u00eame si les m\u00e9thodes de pressurage n&rsquo;\u00e9voluent que peu, elles nous sont mieux connues pour la p\u00e9riode m\u00e9di\u00e9vale.<\/span><\/span><\/p>\n<p><span style=\"color: #000000\">&#8211;\u00a0<span style=\"font-family: 'Times New Roman', serif\"><span style=\"font-size: medium\"><b>Les m<\/b><b>\u00e9thodes<\/b><b> de vinification <\/b><b>: <\/b><b>distinction entre<\/b><b> foul<\/b><b>er<\/b><b>, batt<\/b><b>re et<\/b><b> press<\/b><b>er:\u00a0<\/b><\/span><\/span><\/span><span style=\"color: #000000\"><span style=\"font-family: 'Times New Roman', serif\"><span style=\"font-size: medium\">Il est n\u00e9cessaire de faire une distinction entre le foulage et le pressurage: le <a href=\"http:\/\/blogs.univ-jfc.fr\/vigneetvin\/lexique-et-vocabulaire\/\">foulage <\/a>consiste \u00e0 casser les grains doucement pour permettre au jus de couler, alors que la <a href=\"http:\/\/blogs.univ-jfc.fr\/vigneetvin\/lexique-et-vocabulaire\/\">presse <\/a>est un processus plus brutal o\u00f9 l&rsquo;on applique une pression tr\u00e8s forte aux raisins pour extraire et s\u00e9parer le jus de la mati\u00e8re solide.<\/span><\/span><\/span><\/p>\n<figure id=\"attachment_3958\" aria-describedby=\"caption-attachment-3958\" style=\"width: 237px\" class=\"wp-caption alignright\"><a href=\"http:\/\/blogs.univ-jfc.fr\/vigneetvin\/wp-content\/uploads\/sites\/56\/2017\/03\/foulage.jpg\"><img loading=\"lazy\" class=\"wp-image-3958 size-medium\" src=\"http:\/\/blogs.univ-jfc.fr\/vigneetvin\/wp-content\/uploads\/sites\/56\/2017\/03\/foulage-237x300.jpg\" alt=\"\" width=\"237\" height=\"300\" srcset=\"https:\/\/blogs.univ-jfc.fr\/vigneetvin\/wp-content\/uploads\/sites\/56\/2017\/03\/foulage-237x300.jpg 237w, https:\/\/blogs.univ-jfc.fr\/vigneetvin\/wp-content\/uploads\/sites\/56\/2017\/03\/foulage.jpg 505w\" sizes=\"(max-width: 237px) 100vw, 237px\" \/><\/a><figcaption id=\"caption-attachment-3958\" class=\"wp-caption-text\">Homme foulant le raisin dans une cuve en bois.<\/figcaption><\/figure>\n<p><span style=\"color: #000000\">&#8211;\u00a0<b style=\"font-family: 'Times New Roman', serif;font-size: medium\">R\u00e9partition du travail:\u00a0<\/b><\/span><span style=\"font-family: 'Times New Roman', serif\"><span style=\"font-size: medium\"><span style=\"color: #000000\">Pour la p\u00e9riode m\u00e9di\u00e9vale, la division du travail est effectu\u00e9e entre femmes et adolescents qui ramassent les grappes, et<\/span><span style=\"color: #000000\">\u00a0les hommes qui\u00a0<\/span><span style=\"color: #000000\">sont occup\u00e9s \u00e0 porter<\/span><span style=\"color: #000000\"> les hottes remplies de raisins jusque aux cuves et aux pressoirs. <\/span><span style=\"color: #000000\">Le foulage se fait ensuite en \u00e9crasant le raisin \u00e0 la main puis avec les pieds dans des cuves de bois. Ce r\u00f4le \u00e9tait souvent laiss\u00e9 aux jeunes femmes, et il avait pour but de faire sortir le jus que le vigneron laissait s&rsquo;\u00e9couler dans les barriques \u00e0 fermentation. Si le travail des femmes continuait <\/span><span style=\"color: #000000\">avec<\/span><span style=\"color: #000000\"> le foulage, les hommes <\/span><span style=\"color: #000000\">quant \u00e0 eux <\/span><span style=\"color: #000000\">s&rsquo;attelaient plut\u00f4t \u00e0 battre le grains \u00e0 l&rsquo;aide de battes ou de maillets. <\/span><\/span><\/span><\/p>\n<p align=\"justify\"><span style=\"font-family: 'Times New Roman', serif\"><span style=\"font-size: medium\"><span style=\"color: #000000\">Toute la famille du vigneron \u00e9tait donc mise \u00e0 contribution lors des vendanges et du pressurage. <\/span><span style=\"color: #000000\">Cependant les bonnes vigne<\/span><span style=\"color: #000000\">s<\/span><span style=\"color: #000000\"> qui rapportaient le plus <\/span><span style=\"color: #000000\">et <\/span><span style=\"color: #000000\">qui \u00e9taient <\/span><span style=\"color: #000000\">d\u00e9tenues par des seigneurs ou des clercs<\/span><span style=\"color: #000000\">, \u00e9taient confi\u00e9es \u00e0 des domestiques ou \u00e0 des travailleurs gag\u00e9s plut\u00f4t qu&rsquo;\u00e0 de simples paysans en tenure ou m\u00e9tayage. Si les vignes \u00e0 succ\u00e8s se d\u00e9veloppent autour des villes, c&rsquo;est que les seigneurs y \u00e9taient \u00e9tablis de longue date et profitaient de la masse de main d\u2019\u0153uvre disponible pour entretenir au mieux leurs c\u00e9pages.<\/span><\/span><\/span><\/p>\n<p align=\"justify\"><strong><a href=\"http:\/\/blogs.univ-jfc.fr\/vigneetvin\/la-culture-de-la-vigne\/vinification-aux-periodes-antique-et-medievale\/la-production-de-vin\/\">Retour \u00e0 la Production de vin.<\/a><\/strong><\/p>\n","protected":false},"excerpt":{"rendered":"<p>M\u00e9thodes de pressurage en vigueur au Moyen-\u00c2ge Les moines ont \u0153uvr\u00e9 \u00e0 la pr\u00e9servation des techniques antiques, ainsi m\u00eame si les m\u00e9thodes de pressurage n&rsquo;\u00e9voluent que peu, elles nous sont mieux connues pour la p\u00e9riode m\u00e9di\u00e9vale. &#8211;\u00a0Les m\u00e9thodes de vinification : distinction entre fouler, battre et presser:\u00a0Il est n\u00e9cessaire de faire une distinction entre le &hellip; <a href=\"https:\/\/blogs.univ-jfc.fr\/vigneetvin\/les-vendangeurs-francs-et-francais\/\" class=\"more-link\">Continuer la lecture de <span class=\"screen-reader-text\">Les vendangeurs francs et fran\u00e7ais<\/span> <span class=\"meta-nav\">&rarr;<\/span><\/a><\/p>\n","protected":false},"author":268,"featured_media":0,"parent":0,"menu_order":2,"comment_status":"closed","ping_status":"closed","template":"","meta":[],"_links":{"self":[{"href":"https:\/\/blogs.univ-jfc.fr\/vigneetvin\/wp-json\/wp\/v2\/pages\/567"}],"collection":[{"href":"https:\/\/blogs.univ-jfc.fr\/vigneetvin\/wp-json\/wp\/v2\/pages"}],"about":[{"href":"https:\/\/blogs.univ-jfc.fr\/vigneetvin\/wp-json\/wp\/v2\/types\/page"}],"author":[{"embeddable":true,"href":"https:\/\/blogs.univ-jfc.fr\/vigneetvin\/wp-json\/wp\/v2\/users\/268"}],"replies":[{"embeddable":true,"href":"https:\/\/blogs.univ-jfc.fr\/vigneetvin\/wp-json\/wp\/v2\/comments?post=567"}],"version-history":[{"count":5,"href":"https:\/\/blogs.univ-jfc.fr\/vigneetvin\/wp-json\/wp\/v2\/pages\/567\/revisions"}],"predecessor-version":[{"id":4007,"href":"https:\/\/blogs.univ-jfc.fr\/vigneetvin\/wp-json\/wp\/v2\/pages\/567\/revisions\/4007"}],"wp:attachment":[{"href":"https:\/\/blogs.univ-jfc.fr\/vigneetvin\/wp-json\/wp\/v2\/media?parent=567"}],"curies":[{"name":"wp","href":"https:\/\/api.w.org\/{rel}","templated":true}]}}