{"id":57,"date":"2017-01-24T15:12:27","date_gmt":"2017-01-24T14:12:27","guid":{"rendered":"http:\/\/blogs.univ-jfc.fr\/vigneetvin\/?page_id=57"},"modified":"2017-03-30T08:16:04","modified_gmt":"2017-03-30T07:16:04","slug":"les-vignerons","status":"publish","type":"page","link":"https:\/\/blogs.univ-jfc.fr\/vigneetvin\/les-metiers-de-la-vigne-et-du-vin\/le-monde-des-artisans-2\/les-vignerons\/","title":{"rendered":"Production et Distribution"},"content":{"rendered":"<p align=\"LEFT\">Les premi\u00e8res traces de viticulture et de vin ont \u00e9t\u00e9 retrouv\u00e9es en 2013 en Arm\u00e9nie par des arch\u00e9ologues. En effet, ces chercheurs ont d\u00e9couvert un complexe de vinification dat\u00e9 d&rsquo;environ 6100 ans avant J-C. Comme l&rsquo;explique Myriam Huet, dans son livre publi\u00e9 en 2016 <i>Le Vin pour Tous<\/i>, ce serait des migrations de peuples asiatiques qui auraient apport\u00e9 l&rsquo;\u00e9levage et la culture de la vigne en Europe.<\/p>\n<p align=\"LEFT\">Le vin, connu depuis l&rsquo;Antiquit\u00e9, va petit \u00e0 petit \u00eatre une des marchandises les plus \u00e9chang\u00e9es dans le bassin m\u00e9diterran\u00e9en et est utilis\u00e9 lors des c\u00e9r\u00e9monies religieuses et des banquets occidentaux. De nos jours en France, il tient une place importante notamment dans la culture gastronomique ainsi que par ses grands crus. Ce raffinement r\u00e9sulte du d\u00e9veloppement de diff\u00e9rents savoirs-faire dans le domaine de la vinification et de l&rsquo;agriculture\u00a0: <a href=\"http:\/\/blogs.univ-jfc.fr\/vigneetvin\/loenologie\/\">l\u2019\u0153nologie<\/a>. L&rsquo;un des seuls \u00e0 avoir des connaissances pointilleuses pour produire un vin de qualit\u00e9, c&rsquo;est <a href=\"http:\/\/blogs.univ-jfc.fr\/vigneetvin\/levolution-de-la-place-du-vin\/loenologie\/\">l\u2019\u0153nologue<\/a>. C&rsquo;est donc lui qui supervise toutes les \u00e9tapes de production d&rsquo;un cru, de la pousse de la vigne \u00e0 sa d\u00e9gustation.<\/p>\n<p align=\"LEFT\">En outre, la consommation et le choix du vin change et renseigne sur le groupe social, l&rsquo;\u00e2ge, et le genre d&rsquo;un individu. C&rsquo;est pourquoi nous d\u00e9velopperons le rapport qu&rsquo;entretiennent diff\u00e9rents groupes sociaux avec le vin. Nous d\u00e9montrerons ainsi que le vin est parti \u00e0 <a href=\"http:\/\/blogs.univ-jfc.fr\/vigneetvin\/levolution-de-la-place-du-vin\/un-vin-pour-tous-le-vin-a-la-conquete-des-societes-des-sexes-et-des-nations\/\">la conqu\u00eate des soci\u00e9t\u00e9s, des sexes et des nations<\/a>.<\/p>\n<p align=\"LEFT\">Le vin est donc ancr\u00e9 dans le patrimoine fran\u00e7ais. L&rsquo;image populaire d\u00e9crivait le fran\u00e7ais comme \u00e9tant un homme avec b\u00e9ret, portant dans une main une baguette de pain et dans l&rsquo;autre une bouteille de vin rouge. Dans les r\u00e9gions viticoles, les diff\u00e9rentes structures touristiques proposent des randonn\u00e9es d\u00e9couvertes \u00e0 travers les vignes et les domaines, que l&rsquo;on nomme <a href=\"http:\/\/blogs.univ-jfc.fr\/vigneetvin\/levolution-de-la-place-du-vin\/la-degustation-du-vin\/loenotourisme\/\">\u0153notourisme<\/a>. Ces balades peuvent se prolonger par une initiation dans <a href=\"http:\/\/blogs.univ-jfc.fr\/vigneetvin\/levolution-de-la-place-du-vin\/la-degustation-du-vin\/\">l&rsquo;art de la d\u00e9gustation<\/a>.<\/p>\n","protected":false},"excerpt":{"rendered":"<p>Les premi\u00e8res traces de viticulture et de vin ont \u00e9t\u00e9 retrouv\u00e9es en 2013 en Arm\u00e9nie par des arch\u00e9ologues. En effet, ces chercheurs ont d\u00e9couvert un complexe de vinification dat\u00e9 d&rsquo;environ 6100 ans avant J-C. Comme l&rsquo;explique Myriam Huet, dans son livre publi\u00e9 en 2016 Le Vin pour Tous, ce serait des migrations de peuples asiatiques &hellip; <a href=\"https:\/\/blogs.univ-jfc.fr\/vigneetvin\/les-metiers-de-la-vigne-et-du-vin\/le-monde-des-artisans-2\/les-vignerons\/\" class=\"more-link\">Continuer la lecture de <span class=\"screen-reader-text\">Production et Distribution<\/span> <span class=\"meta-nav\">&rarr;<\/span><\/a><\/p>\n","protected":false},"author":108,"featured_media":0,"parent":87,"menu_order":0,"comment_status":"closed","ping_status":"closed","template":"","meta":[],"_links":{"self":[{"href":"https:\/\/blogs.univ-jfc.fr\/vigneetvin\/wp-json\/wp\/v2\/pages\/57"}],"collection":[{"href":"https:\/\/blogs.univ-jfc.fr\/vigneetvin\/wp-json\/wp\/v2\/pages"}],"about":[{"href":"https:\/\/blogs.univ-jfc.fr\/vigneetvin\/wp-json\/wp\/v2\/types\/page"}],"author":[{"embeddable":true,"href":"https:\/\/blogs.univ-jfc.fr\/vigneetvin\/wp-json\/wp\/v2\/users\/108"}],"replies":[{"embeddable":true,"href":"https:\/\/blogs.univ-jfc.fr\/vigneetvin\/wp-json\/wp\/v2\/comments?post=57"}],"version-history":[{"count":5,"href":"https:\/\/blogs.univ-jfc.fr\/vigneetvin\/wp-json\/wp\/v2\/pages\/57\/revisions"}],"predecessor-version":[{"id":4365,"href":"https:\/\/blogs.univ-jfc.fr\/vigneetvin\/wp-json\/wp\/v2\/pages\/57\/revisions\/4365"}],"up":[{"embeddable":true,"href":"https:\/\/blogs.univ-jfc.fr\/vigneetvin\/wp-json\/wp\/v2\/pages\/87"}],"wp:attachment":[{"href":"https:\/\/blogs.univ-jfc.fr\/vigneetvin\/wp-json\/wp\/v2\/media?parent=57"}],"curies":[{"name":"wp","href":"https:\/\/api.w.org\/{rel}","templated":true}]}}