{"id":571,"date":"2017-03-01T12:50:53","date_gmt":"2017-03-01T11:50:53","guid":{"rendered":"http:\/\/blogs.univ-jfc.fr\/vigneetvin\/?page_id=571"},"modified":"2017-03-29T14:54:17","modified_gmt":"2017-03-29T13:54:17","slug":"vignerons-et-disparites-regionales","status":"publish","type":"page","link":"https:\/\/blogs.univ-jfc.fr\/vigneetvin\/vignerons-et-disparites-regionales\/","title":{"rendered":"Vignerons et disparit\u00e9s r\u00e9gionales"},"content":{"rendered":"<p align=\"center\"><span style=\"font-family: 'Times New Roman', serif\"><span style=\"font-size: medium\"><b>S<\/b><b>p\u00e9cialisation des r\u00e9gions au Moyen-Age <\/b><\/span><\/span><\/p>\n<p align=\"justify\"><span style=\"font-family: 'Times New Roman', serif\"><span style=\"font-size: medium\"> Au Moyen-\u00c2ge, la vigne est partout\u00a0; et outre le fait que <a href=\"http:\/\/blogs.univ-jfc.fr\/vigneetvin\/la-culture-de-la-vigne\/de-la-viticulture-a-la-vinification\/la-vinification-de-lantiquite-a-la-periode-medievale\/la-production-de-vin-vendanges-et-methodes-de-pressurage\/vignerons-et-disparites-de-moyens\/\">les vignerons les plus ais\u00e9s avaient acc\u00e8s aux techniques les plus avanc\u00e9es<\/a>, on constate les pr\u00e9mices d&rsquo;une disparit\u00e9 qui croit par la suite entre les vignerons du Nord, et ceux du Midi. La n\u00e9cessit\u00e9 de produire du vin partout a favoris\u00e9 l&rsquo;implantation de vignobles le long des fleuves pour en faciliter le commerce. Les vignes fleurissent aussi aux abords des villes, principaux lieux de consommation.<\/span><\/span><\/p>\n<p align=\"justify\"><span style=\"font-family: 'Times New Roman', serif\"><span style=\"font-size: medium\">&#8211; Le<b> sud de la France<\/b> a \u00e9t\u00e9 tr\u00e8s touch\u00e9 par la chute de l&rsquo;Empire Romain en 476, l&rsquo;effondrement des routes commerciales anciennes, et la fin de son commerce privil\u00e9gi\u00e9 avec Rome et la Gr\u00e8ce. Les vignerons du Midi, pourtant favoris\u00e9s par le climat et o\u00f9 l&rsquo;on <a href=\"http:\/\/blogs.univ-jfc.fr\/vigneetvin\/la-culture-de-la-vigne\/de-la-viticulture-a-la-vinification\/la-vinification-de-lantiquite-a-la-periode-medievale\/les-dynamiques-du-vin-en-gaule\/larrivee-du-vin-en-gaule\/\">cultive la vigne depuis longtemps<\/a>\u00a0; n&rsquo;\u00e9taient pas reconnus au Moyen-Age comme de grands producteurs de vin. Bien que les r\u00e9gions du nord \u00e9taient oblig\u00e9es d&rsquo;importer le vin du sud en cas de mauvaises r\u00e9coltes, le commerce du vin du Midi \u00e9tait \u00e0 mal au Moyen-Age. Le Midi \u00e9tait trop \u00e9loign\u00e9 des grands centres de consommateurs bas\u00e9s dans les villes du nord. Les vins du Midi ne reprennent de l&rsquo;ampleur au niveau national qu&rsquo;\u00e0 partir du XIXe si\u00e8cle, apr\u00e8s un long temps d&rsquo;effacement.<a class=\"sdfootnoteanc\" href=\"#sdfootnote1sym\" name=\"sdfootnote1anc\"><sup>1<\/sup><\/a><\/span><\/span><\/p>\n<p align=\"justify\"><span style=\"font-family: 'Times New Roman', serif\"><span style=\"font-size: medium\">&#8211; C&rsquo;est donc le <b>nord du pays<\/b> qui domine, et au XIIe si\u00e8cle ce sont les \u00ab\u00a0Vins de France\u00a0\u00bb parisiens qui sont les plus appr\u00e9ci\u00e9s. Ces vins parisiens doivent pourtant vite faire face \u00e0 la concurrence des vins de l&rsquo;est, en effet les vins bourguignons et alsaciens sont alors en plein essor au XV.<a class=\"sdfootnoteanc\" href=\"#sdfootnote2sym\" name=\"sdfootnote2anc\"><sup>2<\/sup><\/a><\/span><\/span><\/p>\n<p align=\"justify\"><span style=\"font-family: 'Times New Roman', serif\"><span style=\"font-size: medium\">&#8211; Le d\u00e9but de l&rsquo;\u00e9poque moderne voit donc la production de vin se recentrer vers <b>l&rsquo;est<\/b> <b>du<\/b> <b>pays<\/b>, lors de l&rsquo;<a href=\"http:\/\/blogs.univ-jfc.fr\/vigneetvin\/la-culture-de-la-vigne\/de-la-viticulture-a-la-vinification\/la-vinification-de-lantiquite-a-la-periode-medievale\/les-dynamiques-du-vin-en-gaule\/la-revolution-des-gouts\/\">Offensive des vins forts<\/a> de Bourgogne au XVIe si\u00e8cle.<\/span><\/span><\/p>\n<p align=\"justify\"><strong><a href=\"http:\/\/blogs.univ-jfc.fr\/vigneetvin\/la-culture-de-la-vigne\/vinification-aux-periodes-antique-et-medievale\/la-production-de-vin\/\">Retour \u00e0 la Production de vin.<\/a><\/strong><\/p>\n<div id=\"sdfootnote1\">\n<p class=\"sdfootnote\"><a class=\"sdfootnotesym\" href=\"#sdfootnote1anc\" name=\"sdfootnote1sym\">1<\/a>LACHIVER, <i>Vins vignes et vignerons, Histoire du vignoble fran\u00e7ais<\/i>, Fayard, Paris, 1988, p. 80.<\/p>\n<\/div>\n<div id=\"sdfootnote2\">\n<p class=\"sdfootnote\"><a class=\"sdfootnotesym\" href=\"#sdfootnote2anc\" name=\"sdfootnote2sym\">2<\/a>LACHIVER, <i>Vins vignes et vignerons, Histoire du vignoble fran\u00e7ais<\/i>, Fayard, Paris, 1988, p. 70.<\/p>\n<\/div>\n","protected":false},"excerpt":{"rendered":"<p>Sp\u00e9cialisation des r\u00e9gions au Moyen-Age Au Moyen-\u00c2ge, la vigne est partout\u00a0; et outre le fait que les vignerons les plus ais\u00e9s avaient acc\u00e8s aux techniques les plus avanc\u00e9es, on constate les pr\u00e9mices d&rsquo;une disparit\u00e9 qui croit par la suite entre les vignerons du Nord, et ceux du Midi. La n\u00e9cessit\u00e9 de produire du vin partout &hellip; <a href=\"https:\/\/blogs.univ-jfc.fr\/vigneetvin\/vignerons-et-disparites-regionales\/\" class=\"more-link\">Continuer la lecture de <span class=\"screen-reader-text\">Vignerons et disparit\u00e9s r\u00e9gionales<\/span> <span class=\"meta-nav\">&rarr;<\/span><\/a><\/p>\n","protected":false},"author":268,"featured_media":0,"parent":0,"menu_order":4,"comment_status":"closed","ping_status":"closed","template":"","meta":[],"_links":{"self":[{"href":"https:\/\/blogs.univ-jfc.fr\/vigneetvin\/wp-json\/wp\/v2\/pages\/571"}],"collection":[{"href":"https:\/\/blogs.univ-jfc.fr\/vigneetvin\/wp-json\/wp\/v2\/pages"}],"about":[{"href":"https:\/\/blogs.univ-jfc.fr\/vigneetvin\/wp-json\/wp\/v2\/types\/page"}],"author":[{"embeddable":true,"href":"https:\/\/blogs.univ-jfc.fr\/vigneetvin\/wp-json\/wp\/v2\/users\/268"}],"replies":[{"embeddable":true,"href":"https:\/\/blogs.univ-jfc.fr\/vigneetvin\/wp-json\/wp\/v2\/comments?post=571"}],"version-history":[{"count":6,"href":"https:\/\/blogs.univ-jfc.fr\/vigneetvin\/wp-json\/wp\/v2\/pages\/571\/revisions"}],"predecessor-version":[{"id":3968,"href":"https:\/\/blogs.univ-jfc.fr\/vigneetvin\/wp-json\/wp\/v2\/pages\/571\/revisions\/3968"}],"wp:attachment":[{"href":"https:\/\/blogs.univ-jfc.fr\/vigneetvin\/wp-json\/wp\/v2\/media?parent=571"}],"curies":[{"name":"wp","href":"https:\/\/api.w.org\/{rel}","templated":true}]}}