{"id":575,"date":"2017-03-01T12:53:15","date_gmt":"2017-03-01T11:53:15","guid":{"rendered":"http:\/\/blogs.univ-jfc.fr\/vigneetvin\/?page_id=575"},"modified":"2017-03-29T15:04:19","modified_gmt":"2017-03-29T14:04:19","slug":"imitation-du-modele-romain","status":"publish","type":"page","link":"https:\/\/blogs.univ-jfc.fr\/vigneetvin\/imitation-du-modele-romain\/","title":{"rendered":"Imitation du mod\u00e8le romain"},"content":{"rendered":"<p align=\"center\"><span style=\"font-family: 'Times New Roman', serif\"><span style=\"font-size: medium\"><b>Pr\u00e9dominance des r\u00e9cipients de terre cuite, les <i>dolia<\/i> et les amphores<\/b><\/span><\/span><\/p>\n<figure id=\"attachment_2589\" aria-describedby=\"caption-attachment-2589\" style=\"width: 300px\" class=\"wp-caption alignleft\"><a href=\"http:\/\/blogs.univ-jfc.fr\/vigneetvin\/wp-content\/uploads\/sites\/56\/2017\/03\/Boscoreale_Villa_Rustica_Dolia.jpg\"><img loading=\"lazy\" class=\"size-medium wp-image-2589\" src=\"http:\/\/blogs.univ-jfc.fr\/vigneetvin\/wp-content\/uploads\/sites\/56\/2017\/03\/Boscoreale_Villa_Rustica_Dolia-300x225.jpg\" alt=\"\" width=\"300\" height=\"225\" srcset=\"https:\/\/blogs.univ-jfc.fr\/vigneetvin\/wp-content\/uploads\/sites\/56\/2017\/03\/Boscoreale_Villa_Rustica_Dolia-300x225.jpg 300w, https:\/\/blogs.univ-jfc.fr\/vigneetvin\/wp-content\/uploads\/sites\/56\/2017\/03\/Boscoreale_Villa_Rustica_Dolia-768x576.jpg 768w, https:\/\/blogs.univ-jfc.fr\/vigneetvin\/wp-content\/uploads\/sites\/56\/2017\/03\/Boscoreale_Villa_Rustica_Dolia-1024x768.jpg 1024w, https:\/\/blogs.univ-jfc.fr\/vigneetvin\/wp-content\/uploads\/sites\/56\/2017\/03\/Boscoreale_Villa_Rustica_Dolia.jpg 1600w\" sizes=\"(max-width: 300px) 100vw, 300px\" \/><\/a><figcaption id=\"caption-attachment-2589\" class=\"wp-caption-text\">Dolia enterr\u00e9es, pour stocker le vin. Villa rustique de Boscoreale, Italie (source image : commons.wikimedia.org).<\/figcaption><\/figure>\n<p align=\"justify\"><span style=\"font-family: 'Times New Roman', serif\"><span style=\"font-size: medium\">Les premi\u00e8res productions de vins gaulois sont conditionn\u00e9es dans des <i>dolia<\/i><i>\u00a0(<\/i><i>dolium<\/i> au singulier) et dans des r\u00e9cipients imitant les formes italiennes et espagnoles des amphores<a class=\"sdfootnoteanc\" href=\"#sdfootnote1sym\" name=\"sdfootnote1anc\"><sup>1<\/sup><\/a>, du moins jusqu\u2019\u00e0 la moiti\u00e9 du Ier si\u00e8cle. Ces <i>dolia <\/i>ne bougeaient pas de leur emplacement, car leur poids leur interdisait d&rsquo;\u00eatre d\u00e9plac\u00e9es. Elles \u00e9taient fragiles et se cassaient facilement. Les <i>dolia<\/i> pouvaient \u00eatre enterr\u00e9es et servir ainsi de grenier, tout comme \u00eatre utilis\u00e9es pour le transport du vin en masse par bateau. Gr\u00e2ce \u00e0 sa forme si particuli\u00e8re, \u00e0 l&rsquo;int\u00e9rieur d&rsquo;une <i>dolia <\/i>les lies de vin sont soulev\u00e9es en permanence par un courant interne en forme de vortex, ce qui favorise la <a href=\"http:\/\/blogs.univ-jfc.fr\/vigneetvin\/la-fermentation-du-vin\/\">fermentation du jus<\/a> plut\u00f4t que de le laisser reposer \u00e0 plat, sans y insuffler de mouvement. Les <i>dolia<\/i> avaient donc pour but principal le stockage de masses importantes de liquide, et le commerce.<\/span><\/span><\/p>\n<figure id=\"attachment_2321\" aria-describedby=\"caption-attachment-2321\" style=\"width: 300px\" class=\"wp-caption alignleft\"><a href=\"http:\/\/blogs.univ-jfc.fr\/vigneetvin\/wp-content\/uploads\/sites\/56\/2017\/03\/amphora-170621_640.jpg\"><img loading=\"lazy\" class=\"size-medium wp-image-2321\" src=\"http:\/\/blogs.univ-jfc.fr\/vigneetvin\/wp-content\/uploads\/sites\/56\/2017\/03\/amphora-170621_640-300x197.jpg\" alt=\"\" width=\"300\" height=\"197\" srcset=\"https:\/\/blogs.univ-jfc.fr\/vigneetvin\/wp-content\/uploads\/sites\/56\/2017\/03\/amphora-170621_640-300x197.jpg 300w, https:\/\/blogs.univ-jfc.fr\/vigneetvin\/wp-content\/uploads\/sites\/56\/2017\/03\/amphora-170621_640.jpg 640w\" sizes=\"(max-width: 300px) 100vw, 300px\" \/><\/a><figcaption id=\"caption-attachment-2321\" class=\"wp-caption-text\">Amphores romaines, avec deux anses et un bout pointu (source image: pixabay.com).<\/figcaption><\/figure>\n<p align=\"justify\"><span style=\"font-family: 'Times New Roman', serif\"><span style=\"font-size: medium\">Les amphores \u00e9taient souvent fabriqu\u00e9es sur place, \u00e0 proximit\u00e9 ou \u00e0 l&rsquo;int\u00e9rieur m\u00eame du domaine viticole, et en \u00e9tudier les inscriptions ou la provenance de l&rsquo;argile permet aujourd&rsquo;hui de se faire une id\u00e9e d&rsquo;o\u00f9 ces vins \u00e9taient produits, et de quels trajets ils ont pu suivre. En effet les amphores servaient surtout de r\u00e9cipients secondaires, dans lesquelles on transvasait le vin des <i>dolia<\/i><i> <\/i>en vu de les vendre, ou de g\u00e9rer la consommation quotidienne. Les amphores romaines sont de forme allong\u00e9e, ce qui les distinguent des <a href=\"http:\/\/blogs.univ-jfc.fr\/vigneetvin\/la-culture-de-la-vigne\/de-la-viticulture-a-la-vinification\/la-vinification-de-lantiquite-a-la-periode-medievale\/le-stockage-du-vin-une-etape-decisive-dans-sa-fabrication\/appropriation-des-techniques\/\">amphores gauloises<\/a> qui se d\u00e9veloppent par la suite.<\/span><\/span><\/p>\n<p align=\"justify\"><strong><a href=\"http:\/\/blogs.univ-jfc.fr\/vigneetvin\/la-culture-de-la-vigne\/de-la-viticulture-a-la-vinification\/le-stockage-du-vin-une-etape-decisive-dans-sa-fabrication\/\">Retour au Stockage du vin.<\/a><\/strong><\/p>\n<div id=\"sdfootnote1\">\n<p class=\"sdfootnote\"><a class=\"sdfootnotesym\" href=\"#sdfootnote1anc\" name=\"sdfootnote1sym\">1<\/a>FERDIERE, MALRAIN, MATTERNE, MENIEL, NISSEN-JAUBERT,<i> Histoire de l&rsquo;agriculture en Gaule<\/i>, Errance, Paris, 2006, p. 109.<\/p>\n<\/div>\n","protected":false},"excerpt":{"rendered":"<p>Pr\u00e9dominance des r\u00e9cipients de terre cuite, les dolia et les amphores Les premi\u00e8res productions de vins gaulois sont conditionn\u00e9es dans des dolia\u00a0(dolium au singulier) et dans des r\u00e9cipients imitant les formes italiennes et espagnoles des amphores1, du moins jusqu\u2019\u00e0 la moiti\u00e9 du Ier si\u00e8cle. Ces dolia ne bougeaient pas de leur emplacement, car leur poids &hellip; <a href=\"https:\/\/blogs.univ-jfc.fr\/vigneetvin\/imitation-du-modele-romain\/\" class=\"more-link\">Continuer la lecture de <span class=\"screen-reader-text\">Imitation du mod\u00e8le romain<\/span> <span class=\"meta-nav\">&rarr;<\/span><\/a><\/p>\n","protected":false},"author":268,"featured_media":0,"parent":0,"menu_order":1,"comment_status":"closed","ping_status":"closed","template":"","meta":[],"_links":{"self":[{"href":"https:\/\/blogs.univ-jfc.fr\/vigneetvin\/wp-json\/wp\/v2\/pages\/575"}],"collection":[{"href":"https:\/\/blogs.univ-jfc.fr\/vigneetvin\/wp-json\/wp\/v2\/pages"}],"about":[{"href":"https:\/\/blogs.univ-jfc.fr\/vigneetvin\/wp-json\/wp\/v2\/types\/page"}],"author":[{"embeddable":true,"href":"https:\/\/blogs.univ-jfc.fr\/vigneetvin\/wp-json\/wp\/v2\/users\/268"}],"replies":[{"embeddable":true,"href":"https:\/\/blogs.univ-jfc.fr\/vigneetvin\/wp-json\/wp\/v2\/comments?post=575"}],"version-history":[{"count":11,"href":"https:\/\/blogs.univ-jfc.fr\/vigneetvin\/wp-json\/wp\/v2\/pages\/575\/revisions"}],"predecessor-version":[{"id":3977,"href":"https:\/\/blogs.univ-jfc.fr\/vigneetvin\/wp-json\/wp\/v2\/pages\/575\/revisions\/3977"}],"wp:attachment":[{"href":"https:\/\/blogs.univ-jfc.fr\/vigneetvin\/wp-json\/wp\/v2\/media?parent=575"}],"curies":[{"name":"wp","href":"https:\/\/api.w.org\/{rel}","templated":true}]}}