{"id":577,"date":"2017-03-01T12:54:19","date_gmt":"2017-03-01T11:54:19","guid":{"rendered":"http:\/\/blogs.univ-jfc.fr\/vigneetvin\/?page_id=577"},"modified":"2017-03-29T15:08:43","modified_gmt":"2017-03-29T14:08:43","slug":"appropriation-des-techniques","status":"publish","type":"page","link":"https:\/\/blogs.univ-jfc.fr\/vigneetvin\/appropriation-des-techniques\/","title":{"rendered":"Appropriation des techniques"},"content":{"rendered":"<p align=\"center\"><span style=\"font-family: 'Times New Roman', serif\"><span style=\"font-size: medium\"><b>Les amphores \u00e0 fond plat, une sp\u00e9cificit\u00e9 gauloise<\/b><\/span><\/span><\/p>\n<p align=\"justify\"><span style=\"font-family: 'Times New Roman', serif\"><span style=\"font-size: medium\"> Apr\u00e8s la premi\u00e8re moiti\u00e9 du Ier si\u00e8cle, le temps n&rsquo;est plus \u00e0 l&rsquo;imitation des romains et l&rsquo;on constate l&rsquo;apparition d&rsquo;amphores \u00e0 fond plat sur les routes commerciales: ce fond plat est une sp\u00e9cificit\u00e9 gauloise et permet une plus grande stabilit\u00e9 pour ces urnes de stockage. Le vin gaulois commence dans ce m\u00eame temps \u00e0 s&rsquo;imposer, et \u00e0 \u00eatre export\u00e9 \u00e0 Rome et en Italie. Le commerce voit le transport du vin s&rsquo;effectuer dans des <i>dolia<\/i>, pouvant contenir plus de trente hectolitres<a class=\"sdfootnoteanc\" href=\"#sdfootnote1sym\" name=\"sdfootnote1anc\"><sup>1<\/sup><\/a>, puis ce vin \u00e9tait reconditionn\u00e9 en outres de peau ou en amphores plus petites pour une vente au d\u00e9tail et un usage domestique.<\/span><\/span><\/p>\n<figure id=\"attachment_2325\" aria-describedby=\"caption-attachment-2325\" style=\"width: 225px\" class=\"wp-caption alignleft\"><a href=\"http:\/\/blogs.univ-jfc.fr\/vigneetvin\/wp-content\/uploads\/sites\/56\/2017\/03\/jar-305040_640.png\"><img loading=\"lazy\" class=\"wp-image-2325 size-medium\" src=\"http:\/\/blogs.univ-jfc.fr\/vigneetvin\/wp-content\/uploads\/sites\/56\/2017\/03\/jar-305040_640-225x300.png\" alt=\"\" width=\"225\" height=\"300\" srcset=\"https:\/\/blogs.univ-jfc.fr\/vigneetvin\/wp-content\/uploads\/sites\/56\/2017\/03\/jar-305040_640-225x300.png 225w, https:\/\/blogs.univ-jfc.fr\/vigneetvin\/wp-content\/uploads\/sites\/56\/2017\/03\/jar-305040_640.png 481w\" sizes=\"(max-width: 225px) 100vw, 225px\" \/><\/a><figcaption id=\"caption-attachment-2325\" class=\"wp-caption-text\">Amphore gauloise, sans anses, \u00e0 fond plat.<\/figcaption><\/figure>\n<p align=\"justify\"><span style=\"font-family: 'Times New Roman', serif\"><span style=\"font-size: medium\"> Les amphores \u00e9taient souvent fabriqu\u00e9es sur place, \u00e0 proximit\u00e9 ou \u00e0 l&rsquo;int\u00e9rieur m\u00eame du domaine viticole, et en \u00e9tudier les inscriptions ou la provenance de l&rsquo;argile permet aujourd&rsquo;hui de se faire une id\u00e9e d&rsquo;o\u00f9 ces vins \u00e9taient produits, et de quels trajets ils ont pu suivre.<\/span><\/span><\/p>\n<p align=\"justify\"><span style=\"font-family: 'Times New Roman', serif\"><span style=\"font-size: medium\">L&rsquo;arch\u00e9o-site de Montans, dans le Tarn, est un t\u00e9moignage direct de l&rsquo;Antiquit\u00e9 \u00e0 ce sujet\u00a0: on y retrouve encore aujourd&rsquo;hui des tessons qui attestent de la pr\u00e9sence d&rsquo;une fabrique d&rsquo;amphores \u00e0 partir de la conqu\u00eate romaine. Proche de Gaillac, on peut suspecter<a class=\"sdfootnoteanc\" href=\"#sdfootnote2sym\" name=\"sdfootnote2anc\"><sup>2<\/sup><\/a> que ces amphores \u00e9taient destin\u00e9es au vin produit \u00e0 quelques kilom\u00e8tres \u00e0 peine\u00a0; mais les chercheurs de Montans pensent que les premi\u00e8res amphores produites sur le site n&rsquo;\u00e9taient pas destin\u00e9es \u00e0 un tel vin, car elles sont ant\u00e9rieures aux premi\u00e8res productions locales. En effet, les routes commerciales romaines empruntaient ce chemin, il semble donc que les amphores tarnaises \u00e9taient produites pour transvaser le vin des <i>dolia<\/i> romaines import\u00e9es. Ces amphores \u00e9taient ensuite consomm\u00e9es sur place, ou revendues.<\/span><\/span><\/p>\n<p align=\"justify\"><strong><a href=\"http:\/\/blogs.univ-jfc.fr\/vigneetvin\/la-culture-de-la-vigne\/de-la-viticulture-a-la-vinification\/le-stockage-du-vin-une-etape-decisive-dans-sa-fabrication\/\">Retour au Stockage du vin.<\/a><\/strong><\/p>\n<div id=\"sdfootnote1\">\n<p class=\"sdfootnote\"><a class=\"sdfootnotesym\" href=\"#sdfootnote1anc\" name=\"sdfootnote1sym\">1<\/a>LACHIVER, <i>Vins vignes et vignerons, Histoire du vignoble fran\u00e7ais<\/i>, Fayard, Paris, 1988, p. 31.<\/p>\n<\/div>\n<div id=\"sdfootnote2\">\n<p class=\"sdfootnote\"><a class=\"sdfootnotesym\" href=\"#sdfootnote2anc\" name=\"sdfootnote2sym\">2<\/a>LACHIVER, <i>Vins vignes et vignerons, Histoire du vignoble fran\u00e7ais<\/i>, Fayard, Paris, 1988, p. 35.<\/p>\n<\/div>\n","protected":false},"excerpt":{"rendered":"<p>Les amphores \u00e0 fond plat, une sp\u00e9cificit\u00e9 gauloise Apr\u00e8s la premi\u00e8re moiti\u00e9 du Ier si\u00e8cle, le temps n&rsquo;est plus \u00e0 l&rsquo;imitation des romains et l&rsquo;on constate l&rsquo;apparition d&rsquo;amphores \u00e0 fond plat sur les routes commerciales: ce fond plat est une sp\u00e9cificit\u00e9 gauloise et permet une plus grande stabilit\u00e9 pour ces urnes de stockage. Le vin &hellip; <a href=\"https:\/\/blogs.univ-jfc.fr\/vigneetvin\/appropriation-des-techniques\/\" class=\"more-link\">Continuer la lecture de <span class=\"screen-reader-text\">Appropriation des techniques<\/span> <span class=\"meta-nav\">&rarr;<\/span><\/a><\/p>\n","protected":false},"author":268,"featured_media":0,"parent":0,"menu_order":1,"comment_status":"closed","ping_status":"closed","template":"","meta":[],"_links":{"self":[{"href":"https:\/\/blogs.univ-jfc.fr\/vigneetvin\/wp-json\/wp\/v2\/pages\/577"}],"collection":[{"href":"https:\/\/blogs.univ-jfc.fr\/vigneetvin\/wp-json\/wp\/v2\/pages"}],"about":[{"href":"https:\/\/blogs.univ-jfc.fr\/vigneetvin\/wp-json\/wp\/v2\/types\/page"}],"author":[{"embeddable":true,"href":"https:\/\/blogs.univ-jfc.fr\/vigneetvin\/wp-json\/wp\/v2\/users\/268"}],"replies":[{"embeddable":true,"href":"https:\/\/blogs.univ-jfc.fr\/vigneetvin\/wp-json\/wp\/v2\/comments?post=577"}],"version-history":[{"count":8,"href":"https:\/\/blogs.univ-jfc.fr\/vigneetvin\/wp-json\/wp\/v2\/pages\/577\/revisions"}],"predecessor-version":[{"id":3978,"href":"https:\/\/blogs.univ-jfc.fr\/vigneetvin\/wp-json\/wp\/v2\/pages\/577\/revisions\/3978"}],"wp:attachment":[{"href":"https:\/\/blogs.univ-jfc.fr\/vigneetvin\/wp-json\/wp\/v2\/media?parent=577"}],"curies":[{"name":"wp","href":"https:\/\/api.w.org\/{rel}","templated":true}]}}