{"id":579,"date":"2017-03-01T12:55:49","date_gmt":"2017-03-01T11:55:49","guid":{"rendered":"http:\/\/blogs.univ-jfc.fr\/vigneetvin\/?page_id=579"},"modified":"2017-03-29T15:44:39","modified_gmt":"2017-03-29T14:44:39","slug":"inventions-et-revolution-des-techniques","status":"publish","type":"page","link":"https:\/\/blogs.univ-jfc.fr\/vigneetvin\/inventions-et-revolution-des-techniques\/","title":{"rendered":"Inventions et r\u00e9volution des techniques"},"content":{"rendered":"<p align=\"center\"><span style=\"font-family: 'Times New Roman', serif\"><span style=\"font-size: medium\"><b>La g\u00e9n\u00e9ralisation de l&rsquo;usage du tonneau, une invention gauloise<\/b><\/span><\/span><\/p>\n<p align=\"justify\"><span style=\"font-family: 'Times New Roman', serif\"><span style=\"font-size: medium\"> A partir de la seconde moiti\u00e9 du Ier si\u00e8cle, une nouvelle m\u00e9thode appara\u00eet quant au stockage, \u00e0 la vinification et au transport du vin, et cette m\u00e9thode d\u00e9tr\u00f4ne tr\u00e8s vite les amphores et les <i>dolia<\/i>: il s&rsquo;agit de l&rsquo;apparition du <a href=\"http:\/\/blogs.univ-jfc.fr\/vigneetvin\/lexique-et-vocabulaire\/\">tonneau<\/a>. A la fin du Haut Empire, et durant l&rsquo;Antiquit\u00e9\u00a0<\/span><\/span><span style=\"font-family: 'Times New Roman', serif\"><span style=\"font-size: medium\">tardive, son usage s&rsquo;est g\u00e9n\u00e9ralis\u00e9 en Gaule au point de devenir quasi-exclusif, et de perdurer jusqu&rsquo;\u00e0 nos jours. <\/span><\/span><\/p>\n<figure id=\"attachment_3980\" aria-describedby=\"caption-attachment-3980\" style=\"width: 186px\" class=\"wp-caption alignright\"><a href=\"http:\/\/blogs.univ-jfc.fr\/vigneetvin\/wp-content\/uploads\/sites\/56\/2017\/03\/tonneau-1.jpg\"><img loading=\"lazy\" class=\"size-full wp-image-3980\" src=\"http:\/\/blogs.univ-jfc.fr\/vigneetvin\/wp-content\/uploads\/sites\/56\/2017\/03\/tonneau-1.jpg\" alt=\"\" width=\"186\" height=\"271\" \/><\/a><figcaption id=\"caption-attachment-3980\" class=\"wp-caption-text\">Dessin d&rsquo;un tonneau cercl\u00e9.<\/figcaption><\/figure>\n<p align=\"justify\"><span style=\"font-family: 'Times New Roman', serif\"><span style=\"font-size: medium\">On sait que les premiers tonneaux sont une invention gauloise, venue du nord des Alpes o\u00f9 les forets \u00e9taient abondantes.<a class=\"sdfootnoteanc\" href=\"#sdfootnote1sym\" name=\"sdfootnote1anc\"><sup>1<\/sup><\/a> Gr\u00e2ce \u00e0 cette am\u00e9lioration, qui facilite le transport mais aussi le processus de vinification, le vin gaulois voit sa production prendre toute sa force entre le Ier et le IIIe si\u00e8cles, malgr\u00e9 les mesures de l&#8217;empereur Domitien visant \u00e0 limiter la production viticole gauloise qui nuisait \u00e0 celle de l&rsquo;Italie de part son essor incroyable. En effet le tonneau \u00e9tant beaucoup plus solide et maniable que les amphores et <i>dolia<\/i>, il se repend tr\u00e8s vite dans le bassin m\u00e9diterran\u00e9en d\u00e8s le IIe si\u00e8cle. C&rsquo;est seulement \u00e0 partir des XIVe et XVe si\u00e8cles que les tonneaux \u00e9taient constitu\u00e9s de bois et de fer, tel ceux que l&rsquo;on peut voir de nos jours. <\/span><\/span><\/p>\n<figure id=\"attachment_605\" aria-describedby=\"caption-attachment-605\" style=\"width: 216px\" class=\"wp-caption alignleft\"><a href=\"http:\/\/blogs.univ-jfc.fr\/vigneetvin\/wp-content\/uploads\/sites\/56\/2017\/03\/tonneau.jpg\"><img loading=\"lazy\" class=\"size-medium wp-image-605\" src=\"http:\/\/blogs.univ-jfc.fr\/vigneetvin\/wp-content\/uploads\/sites\/56\/2017\/03\/tonneau-216x300.jpg\" alt=\"\" width=\"216\" height=\"300\" srcset=\"https:\/\/blogs.univ-jfc.fr\/vigneetvin\/wp-content\/uploads\/sites\/56\/2017\/03\/tonneau-216x300.jpg 216w, https:\/\/blogs.univ-jfc.fr\/vigneetvin\/wp-content\/uploads\/sites\/56\/2017\/03\/tonneau.jpg 537w\" sizes=\"(max-width: 216px) 100vw, 216px\" \/><\/a><figcaption id=\"caption-attachment-605\" class=\"wp-caption-text\">Barrique bordelaise des XIVe \u2013 XVe si\u00e8cles, bois et fer. Trouv\u00e9e lors des fouilles sur la place de la Bourse \u00e0 Bordeaux, en 2003\u00a0; mus\u00e9e d&rsquo;Aquitaine (photo\u00a0: Samantha Brunet)<\/figcaption><\/figure>\n<p align=\"justify\"><span style=\"font-family: 'Times New Roman', serif\"><span style=\"font-size: medium\">Lors d\u2019une fouille arch\u00e9ologique r\u00e9alis\u00e9 \u00e0 la place de la bourse \u00e0 Bordeaux en 2003 un tonneau f\u00fbt retrouv\u00e9, il \u00e9tait constitu\u00e9 de 22 douelles, soit les lamelles de bois constituant le tonneau, il faisait un m\u00e8tre de haut pour \u00e0 peu pr\u00e8s le m\u00eame diam\u00e8tre. Le cerclage \u00e9tait compos\u00e9 de plusieurs branchages et fortifi\u00e9 avec du jonc. Le choix du bois utilis\u00e9 n\u2019a en premier lieu \u00e9t\u00e9 qu\u2019un hasard, mais au fur et \u00e0 mesure des avanc\u00e9es et m\u00e9thodes, les viticulteurs se sont rendu compte que certains bois \u00e9taient mieux adapt\u00e9s \u00e0 la conservation du vin\u00a0; et surtout que ces bois s\u00e9lectionn\u00e9s pouvaient <a href=\"http:\/\/blogs.univ-jfc.fr\/vigneetvin\/la-culture-de-la-vigne\/de-la-viticulture-a-la-vinification\/la-vinification-de-lantiquite-a-la-periode-medievale\/le-stockage-du-vin-une-etape-decisive-dans-sa-fabrication\/la-fermentation-du-vin\/\">donner un certain go\u00fbt<\/a> au produit fini. Malheureusement pour les arch\u00e9ologues, \u00e0 l&rsquo;inverse de la terre cuite qui constituait les amphores, le bois se conserve tr\u00e8s mal et survit difficilement sur la dur\u00e9e, ne laissant que peu de preuves arch\u00e9ologiques aujourd\u2019hui.<a class=\"sdfootnoteanc\" href=\"#sdfootnote2sym\" name=\"sdfootnote2anc\"><sup>2<\/sup><\/a> Le cas du tonneau retrouv\u00e9 sur le site de Bordeaux est donc un cas tr\u00e8s rare.<\/span><\/span><\/p>\n<p align=\"justify\"><strong><a href=\"http:\/\/blogs.univ-jfc.fr\/vigneetvin\/la-culture-de-la-vigne\/de-la-viticulture-a-la-vinification\/le-stockage-du-vin-une-etape-decisive-dans-sa-fabrication\/\">Retour au Stockage du vin.<\/a><\/strong><\/p>\n<div id=\"sdfootnote1\">\n<p class=\"sdfootnote\"><a class=\"sdfootnotesym\" href=\"#sdfootnote1anc\" name=\"sdfootnote1sym\">1<\/a>FERDIERE, MALRAIN, MATTERNE, MENIEL, NISSEN JAUBERT, <i>Histoire de l&rsquo;agriculture en Gaule<\/i>, Errance, Paris, 2006, page 115.<\/p>\n<\/div>\n<div id=\"sdfootnote2\">\n<p class=\"sdfootnote\"><a class=\"sdfootnotesym\" href=\"#sdfootnote2anc\" name=\"sdfootnote2sym\">2<\/a>LACHIVER, <i>Vins vignes et vignerons, Histoire du vignoble fran\u00e7ais<\/i>, Fayard, Paris, 1988, p.32.<\/p>\n<\/div>\n","protected":false},"excerpt":{"rendered":"<p>La g\u00e9n\u00e9ralisation de l&rsquo;usage du tonneau, une invention gauloise A partir de la seconde moiti\u00e9 du Ier si\u00e8cle, une nouvelle m\u00e9thode appara\u00eet quant au stockage, \u00e0 la vinification et au transport du vin, et cette m\u00e9thode d\u00e9tr\u00f4ne tr\u00e8s vite les amphores et les dolia: il s&rsquo;agit de l&rsquo;apparition du tonneau. A la fin du Haut &hellip; <a href=\"https:\/\/blogs.univ-jfc.fr\/vigneetvin\/inventions-et-revolution-des-techniques\/\" class=\"more-link\">Continuer la lecture de <span class=\"screen-reader-text\">Inventions et r\u00e9volution des techniques<\/span> <span class=\"meta-nav\">&rarr;<\/span><\/a><\/p>\n","protected":false},"author":268,"featured_media":0,"parent":0,"menu_order":3,"comment_status":"closed","ping_status":"closed","template":"","meta":[],"_links":{"self":[{"href":"https:\/\/blogs.univ-jfc.fr\/vigneetvin\/wp-json\/wp\/v2\/pages\/579"}],"collection":[{"href":"https:\/\/blogs.univ-jfc.fr\/vigneetvin\/wp-json\/wp\/v2\/pages"}],"about":[{"href":"https:\/\/blogs.univ-jfc.fr\/vigneetvin\/wp-json\/wp\/v2\/types\/page"}],"author":[{"embeddable":true,"href":"https:\/\/blogs.univ-jfc.fr\/vigneetvin\/wp-json\/wp\/v2\/users\/268"}],"replies":[{"embeddable":true,"href":"https:\/\/blogs.univ-jfc.fr\/vigneetvin\/wp-json\/wp\/v2\/comments?post=579"}],"version-history":[{"count":6,"href":"https:\/\/blogs.univ-jfc.fr\/vigneetvin\/wp-json\/wp\/v2\/pages\/579\/revisions"}],"predecessor-version":[{"id":4011,"href":"https:\/\/blogs.univ-jfc.fr\/vigneetvin\/wp-json\/wp\/v2\/pages\/579\/revisions\/4011"}],"wp:attachment":[{"href":"https:\/\/blogs.univ-jfc.fr\/vigneetvin\/wp-json\/wp\/v2\/media?parent=579"}],"curies":[{"name":"wp","href":"https:\/\/api.w.org\/{rel}","templated":true}]}}