{"id":581,"date":"2017-03-01T12:56:45","date_gmt":"2017-03-01T11:56:45","guid":{"rendered":"http:\/\/blogs.univ-jfc.fr\/vigneetvin\/?page_id=581"},"modified":"2017-03-29T15:17:03","modified_gmt":"2017-03-29T14:17:03","slug":"la-fermentation-du-vin","status":"publish","type":"page","link":"https:\/\/blogs.univ-jfc.fr\/vigneetvin\/la-fermentation-du-vin\/","title":{"rendered":"La fermentation du vin"},"content":{"rendered":"<p align=\"center\"><span style=\"font-family: 'Times New Roman', serif\"><span style=\"font-size: medium\"><b>Amphores de terre, tonneaux de bois et substances ajout\u00e9es<\/b><\/span><\/span><\/p>\n<p align=\"justify\"><span style=\"font-family: 'Times New Roman', serif\"><span style=\"font-size: medium\"> Les proc\u00e9d\u00e9s de vinification ne paraissent pas s&rsquo;\u00e9loigner grandement des n\u00f4tres, qui se sont cependant m\u00e9canis\u00e9s au fil des derniers si\u00e8cles. Si le vin fermente dans ces cuves d&rsquo;argiles que sont les <a href=\"http:\/\/blogs.univ-jfc.fr\/vigneetvin\/la-culture-de-la-vigne\/de-la-viticulture-a-la-vinification\/la-vinification-de-lantiquite-a-la-periode-medievale\/le-stockage-du-vin-une-etape-decisive-dans-sa-fabrication\/imitation-du-modele-romain\/\"><i>dolia<\/i> et les amphores durant l&rsquo;Antiquit\u00e9<\/a>\u00a0; l&rsquo;apprentissage du <a href=\"http:\/\/blogs.univ-jfc.fr\/vigneetvin\/la-culture-de-la-vigne\/de-la-viticulture-a-la-vinification\/la-vinification-de-lantiquite-a-la-periode-medievale\/le-stockage-du-vin-une-etape-decisive-dans-sa-fabrication\/inventions-et-revolution-des-techniques\/\">travail du bois constitue une innovation majeure<\/a> dans les processus \u00e0 la fois de stockage mais aussi de vinification car le bois influe sur la fermentation du vin.<\/span><\/span><\/p>\n<p align=\"justify\"><span style=\"font-family: 'Times New Roman', serif\"><span style=\"font-size: medium\">&#8211; Les vins antiques fermentaient dans des cuves d&rsquo;argiles, et subissaient des pr\u00e9parations qui leur donnaient un go\u00fbt artificiel et facilitaient leur conservation: on pouvait fumer le vin, le r\u00e9siner ou le poisser, on pouvait aussi y ajouter des aromates. Dans certains cas, on m\u00e9langeait diff\u00e9rents crus pour obtenir un go\u00fbt plus agr\u00e9able, car les vins \u00e9taient connus pour leur \u00e2pret\u00e9.<\/span><\/span><\/p>\n<figure id=\"attachment_2555\" aria-describedby=\"caption-attachment-2555\" style=\"width: 300px\" class=\"wp-caption aligncenter\"><a href=\"http:\/\/blogs.univ-jfc.fr\/vigneetvin\/wp-content\/uploads\/sites\/56\/2017\/03\/Mosa\u00efque_de_Saint-Romain-en-Gal_poissage_des_dolia.jpg\"><img loading=\"lazy\" class=\"size-medium wp-image-2555\" src=\"http:\/\/blogs.univ-jfc.fr\/vigneetvin\/wp-content\/uploads\/sites\/56\/2017\/03\/Mosa\u00efque_de_Saint-Romain-en-Gal_poissage_des_dolia-300x242.jpg\" alt=\"\" width=\"300\" height=\"242\" srcset=\"https:\/\/blogs.univ-jfc.fr\/vigneetvin\/wp-content\/uploads\/sites\/56\/2017\/03\/Mosa\u00efque_de_Saint-Romain-en-Gal_poissage_des_dolia-300x242.jpg 300w, https:\/\/blogs.univ-jfc.fr\/vigneetvin\/wp-content\/uploads\/sites\/56\/2017\/03\/Mosa\u00efque_de_Saint-Romain-en-Gal_poissage_des_dolia-768x619.jpg 768w, https:\/\/blogs.univ-jfc.fr\/vigneetvin\/wp-content\/uploads\/sites\/56\/2017\/03\/Mosa\u00efque_de_Saint-Romain-en-Gal_poissage_des_dolia.jpg 1000w\" sizes=\"(max-width: 300px) 100vw, 300px\" \/><\/a><figcaption id=\"caption-attachment-2555\" class=\"wp-caption-text\">Mosa\u00efque repr\u00e9sentant le poissage des dolia, issue du calendrier rustique de Saint Romain en Gal, auteur inconnu, d\u00e9but IIIe si\u00e8cle apr\u00e8s J.C.<\/figcaption><\/figure>\n<p align=\"justify\"><span style=\"font-family: 'Times New Roman', serif\"><span style=\"font-size: medium\">&#8211; Durant la p\u00e9riode m\u00e9di\u00e9vale, apr\u00e8s le pressurage des grappes vient la fermentation du mo\u00fbt. Cette fermentation s&rsquo;effectue alors dans des f\u00fbts de bois. Le bois en lui-m\u00eame importait peu au d\u00e9but, mais les f\u00fbts de ch\u00eane devinrent vite pr\u00e9dominants pour des raisons de go\u00fbts. On pratique ensuite la m\u00e9thode de <a href=\"http:\/\/blogs.univ-jfc.fr\/vigneetvin\/la-culture-de-la-vigne\/de-la-viticulture-a-la-vinification\/la-vinification-de-lantiquite-a-la-periode-medievale\/annexes\/lexique-et-vocabulaire\/\">l&rsquo;ouillage\u00a0<\/a>; un proc\u00e9d\u00e9 consistant \u00e0 toujours combler le vide cr\u00e9er par l\u2019\u00e9vaporation du liquide, aussi appeler \u00ab\u00a0la part des anges\u00a0\u00bb et permettant de donner au vin une jolie couleur, pour \u00e9liminer la lie, soit le nom de la couleur du vin.<\/span><\/span><\/p>\n<p align=\"justify\"><span style=\"font-family: 'Times New Roman', serif\"><span style=\"font-size: medium\">&#8211; Les vins a destination de nobles ou du roi font l&rsquo;objet de beaucoup de soins particuliers, par exemple le filtrage et la s\u00e9paration rigoureuse des peaux et des p\u00e9pins qui assurent au jus une puret\u00e9 plus grande. La peau du raisin repr\u00e9sente environ 10% du poids du grain de raisin et ces p\u00e9pins 5%, ce qui constitue une grande part d\u2019\u00e9l\u00e9ment \u00e0 extraire du produit.<\/span><\/span><\/p>\n<p align=\"justify\"><span style=\"font-family: 'Times New Roman', serif\"><span style=\"font-size: medium\"> En revanche, le chauffage du liquide est \u00e0 l&rsquo;\u00e9poque insuffisant, en tout cas par rapport aux exigences des normes hygi\u00e9niques en vigueur de nos jours\u00a0; et ce chauffage insuffisant est en partie d\u00fb au manque d\u2019innovation et de technologie. Apparu bien plus tard, la ma\u00eetrise des hautes temp\u00e9ratures de chauffe permet de d\u00e9couvrir que le vin chauff\u00e9 se conserve plus longtemps. Du fait du mauvais chauffage du liquide aux \u00e9poques antiques et m\u00e9di\u00e9vales on remarque constamment une mauvaise conservation des vins, donc la dur\u00e9e de consommation n&rsquo;exc\u00e8de pas plus d&rsquo;un an. Apr\u00e8s quoi, les \u00ab\u00a0vieux-vins\u00a0\u00bb sont soit d\u00e9truits, soit convertis en <a href=\"http:\/\/blogs.univ-jfc.fr\/vigneetvin\/la-culture-de-la-vigne\/de-la-viticulture-a-la-vinification\/la-vinification-de-lantiquite-a-la-periode-medievale\/le-stockage-du-vin-une-etape-decisive-dans-sa-fabrication\/les-derives-du-vin-au-moyen-age\/\">vinaigres <\/a>pour un usage culinaire, ou pour favoriser la conservation des aliments.<\/span><\/span><\/p>\n<p align=\"justify\"><strong><a href=\"http:\/\/blogs.univ-jfc.fr\/vigneetvin\/la-culture-de-la-vigne\/de-la-viticulture-a-la-vinification\/le-stockage-du-vin-une-etape-decisive-dans-sa-fabrication\/\">Retour au Stockage du vin.<\/a><\/strong><\/p>\n","protected":false},"excerpt":{"rendered":"<p>Amphores de terre, tonneaux de bois et substances ajout\u00e9es Les proc\u00e9d\u00e9s de vinification ne paraissent pas s&rsquo;\u00e9loigner grandement des n\u00f4tres, qui se sont cependant m\u00e9canis\u00e9s au fil des derniers si\u00e8cles. Si le vin fermente dans ces cuves d&rsquo;argiles que sont les dolia et les amphores durant l&rsquo;Antiquit\u00e9\u00a0; l&rsquo;apprentissage du travail du bois constitue une innovation &hellip; <a href=\"https:\/\/blogs.univ-jfc.fr\/vigneetvin\/la-fermentation-du-vin\/\" class=\"more-link\">Continuer la lecture de <span class=\"screen-reader-text\">La fermentation du vin<\/span> <span class=\"meta-nav\">&rarr;<\/span><\/a><\/p>\n","protected":false},"author":268,"featured_media":0,"parent":0,"menu_order":4,"comment_status":"closed","ping_status":"closed","template":"","meta":[],"_links":{"self":[{"href":"https:\/\/blogs.univ-jfc.fr\/vigneetvin\/wp-json\/wp\/v2\/pages\/581"}],"collection":[{"href":"https:\/\/blogs.univ-jfc.fr\/vigneetvin\/wp-json\/wp\/v2\/pages"}],"about":[{"href":"https:\/\/blogs.univ-jfc.fr\/vigneetvin\/wp-json\/wp\/v2\/types\/page"}],"author":[{"embeddable":true,"href":"https:\/\/blogs.univ-jfc.fr\/vigneetvin\/wp-json\/wp\/v2\/users\/268"}],"replies":[{"embeddable":true,"href":"https:\/\/blogs.univ-jfc.fr\/vigneetvin\/wp-json\/wp\/v2\/comments?post=581"}],"version-history":[{"count":9,"href":"https:\/\/blogs.univ-jfc.fr\/vigneetvin\/wp-json\/wp\/v2\/pages\/581\/revisions"}],"predecessor-version":[{"id":3985,"href":"https:\/\/blogs.univ-jfc.fr\/vigneetvin\/wp-json\/wp\/v2\/pages\/581\/revisions\/3985"}],"wp:attachment":[{"href":"https:\/\/blogs.univ-jfc.fr\/vigneetvin\/wp-json\/wp\/v2\/media?parent=581"}],"curies":[{"name":"wp","href":"https:\/\/api.w.org\/{rel}","templated":true}]}}