{"id":585,"date":"2017-03-01T12:59:00","date_gmt":"2017-03-01T11:59:00","guid":{"rendered":"http:\/\/blogs.univ-jfc.fr\/vigneetvin\/?page_id=585"},"modified":"2017-03-29T15:33:01","modified_gmt":"2017-03-29T14:33:01","slug":"les-derives-du-vin-au-moyen-age","status":"publish","type":"page","link":"https:\/\/blogs.univ-jfc.fr\/vigneetvin\/les-derives-du-vin-au-moyen-age\/","title":{"rendered":"Les d\u00e9riv\u00e9s du vin au Moyen-\u00c2ge"},"content":{"rendered":"<p align=\"center\"><span style=\"font-family: 'Times New Roman', serif\"><span style=\"font-size: medium\"><b>Vieux vins et\u00a0mauvaises r\u00e9coltes: vinification diff\u00e9renci\u00e9e et ajout d&rsquo;\u00e9pices<\/b><\/span><\/span><\/p>\n<p align=\"justify\"><span style=\"font-family: 'Times New Roman', serif\"><span style=\"font-size: medium\"> Le vin se retrouve \u00e0 toutes les tables. Si le vin \u00ab\u00a0pur\u00a0\u00bb se retrouve principalement aux tables nobles, ses d\u00e9riv\u00e9s sont utilis\u00e9s partout que ce soit en tant que boissons telles que l\u2019hypocras et d&rsquo;autres m\u00e9langes permettant de raffiner un vin de mauvaise qualit\u00e9\u00a0; ou en tant que condiment. Cela fait de la viticulture une agriculture avantageuse, car elle assure des b\u00e9n\u00e9fices quelle que soit la r\u00e9colte, bonne ou mauvaise.<\/span><\/span><\/p>\n<p align=\"justify\"><span style=\"font-family: 'Times New Roman', serif\"><span style=\"font-size: medium\">&#8211; <b>Vieux vins ou vins de raisins verts<\/b>: Les agr\u00e9ments qui donnent \u00e0 la cuisine fran\u00e7aise ses saveurs acides sont aussi issus de la production viticole. En effet on utilise fr\u00e9quemment du <a href=\"http:\/\/blogs.univ-jfc.fr\/vigneetvin\/lexique-et-vocabulaire\/\">vinaigre<\/a>, soit du vieux vin impropre \u00e0 la consommation en tant que boisson, ou du <a href=\"http:\/\/blogs.univ-jfc.fr\/vigneetvin\/lexique-et-vocabulaire\/\">verjus<\/a>, un jus acide obtenu \u00e0 partir de raisins press\u00e9s verts, un peu avant qu&rsquo;ils ne soient m\u00fbrs. Le verjus est utilis\u00e9 de la m\u00eame fa\u00e7on que du vinaigre ou du jus de citron. Ce verjus est tr\u00e8s abondant l\u00e0 o\u00f9 la vigne est peu g\u00e9n\u00e9reuse, ou jug\u00e9e mauvaise. <\/span><\/span><\/p>\n<p align=\"justify\"><span style=\"font-family: 'Times New Roman', serif\"><span style=\"font-size: medium\">&#8211; <b>Ajouts de condiments<\/b>: Au Moyen-\u00c2ge, on appr\u00e9ciait beaucoup l&rsquo;aigre-doux et c&rsquo;est pour cela que souvent que le vin \u00e9tait m\u00e9lang\u00e9 \u00e0 du miel, ou \u00e0 des \u00e9pices, pour en relever le go\u00fbt jug\u00e9 trop amer. Il est \u00e0 noter \u00e9galement que, bien que la distinction soit faite entre la cervoise et le vin, les occidentaux de l&rsquo;\u00e9poque ont tendance \u00e0 appeler toute boisson alcoolis\u00e9e \u00e9trang\u00e8re \u00ab\u00a0vin\u00a0\u00bb et ce m\u00eame si celui-ci ne provient pas de vignes<a class=\"sdfootnoteanc\" href=\"#sdfootnote1sym\" name=\"sdfootnote1anc\"><sup>1<\/sup><\/a>.<\/span><\/span><\/p>\n<figure id=\"attachment_3992\" aria-describedby=\"caption-attachment-3992\" style=\"width: 294px\" class=\"wp-caption alignnone\"><a href=\"http:\/\/blogs.univ-jfc.fr\/vigneetvin\/wp-content\/uploads\/sites\/56\/2017\/03\/hypocras.jpg\"><img loading=\"lazy\" class=\"size-medium wp-image-3992\" src=\"http:\/\/blogs.univ-jfc.fr\/vigneetvin\/wp-content\/uploads\/sites\/56\/2017\/03\/hypocras-294x300.jpg\" alt=\"\" width=\"294\" height=\"300\" srcset=\"https:\/\/blogs.univ-jfc.fr\/vigneetvin\/wp-content\/uploads\/sites\/56\/2017\/03\/hypocras-294x300.jpg 294w, https:\/\/blogs.univ-jfc.fr\/vigneetvin\/wp-content\/uploads\/sites\/56\/2017\/03\/hypocras.jpg 588w\" sizes=\"(max-width: 294px) 100vw, 294px\" \/><\/a><figcaption id=\"caption-attachment-3992\" class=\"wp-caption-text\">Illustration d&rsquo;un homme pr\u00e9parant de l&rsquo;hypocras. Il filtre le vin pour le rendre le plus pur possible, et y ajoute des \u00e9pices.<\/figcaption><\/figure>\n<p align=\"justify\"><span style=\"font-family: 'Times New Roman', serif\"><span style=\"font-size: medium\">&#8211; <strong>L&rsquo;hypocras<\/strong>: Au Moyen-\u00c2ge, il est courant de transformer le vin en <a href=\"http:\/\/blogs.univ-jfc.fr\/vigneetvin\/lexique-et-vocabulaire\/\">hypocras <\/a>pour en am\u00e9liorer le go\u00fbt. Le vin d\u00e9passait rarement les 5 degr\u00e9s, il s\u2019agissait donc de le faire fermenter une seconde fois en le m\u00e9langeant \u00e0 du miel et des \u00e9pices. Cette m\u00e9thode remplit deux objectifs: d&rsquo;une part augmenter le degr\u00e9 d\u2019alcool, permettant une conservation plus longue, et de lui donner plus de go\u00fbt.<\/span><\/span><\/p>\n<p align=\"justify\"><strong><a href=\"http:\/\/blogs.univ-jfc.fr\/vigneetvin\/la-culture-de-la-vigne\/de-la-viticulture-a-la-vinification\/le-stockage-du-vin-une-etape-decisive-dans-sa-fabrication\/\">Retour au Stockage du vin.<\/a><\/strong><\/p>\n<div id=\"sdfootnote1\">\n<p align=\"justify\"><span style=\"font-family: 'Times New Roman', serif\"><span style=\"font-size: small\"><a class=\"sdfootnotesym\" href=\"#sdfootnote1anc\" name=\"sdfootnote1sym\">1<\/a>\u00a0VERDON,\u00a0<i>Boire au Moyen-\u00c2ge,<\/i>\u00a0Perrin, Paris, 2002, p. 53.<\/span><\/span><\/p>\n<\/div>\n","protected":false},"excerpt":{"rendered":"<p>Vieux vins et\u00a0mauvaises r\u00e9coltes: vinification diff\u00e9renci\u00e9e et ajout d&rsquo;\u00e9pices Le vin se retrouve \u00e0 toutes les tables. Si le vin \u00ab\u00a0pur\u00a0\u00bb se retrouve principalement aux tables nobles, ses d\u00e9riv\u00e9s sont utilis\u00e9s partout que ce soit en tant que boissons telles que l\u2019hypocras et d&rsquo;autres m\u00e9langes permettant de raffiner un vin de mauvaise qualit\u00e9\u00a0; ou en &hellip; <a href=\"https:\/\/blogs.univ-jfc.fr\/vigneetvin\/les-derives-du-vin-au-moyen-age\/\" class=\"more-link\">Continuer la lecture de <span class=\"screen-reader-text\">Les d\u00e9riv\u00e9s du vin au Moyen-\u00c2ge<\/span> <span class=\"meta-nav\">&rarr;<\/span><\/a><\/p>\n","protected":false},"author":268,"featured_media":0,"parent":0,"menu_order":6,"comment_status":"closed","ping_status":"closed","template":"","meta":[],"_links":{"self":[{"href":"https:\/\/blogs.univ-jfc.fr\/vigneetvin\/wp-json\/wp\/v2\/pages\/585"}],"collection":[{"href":"https:\/\/blogs.univ-jfc.fr\/vigneetvin\/wp-json\/wp\/v2\/pages"}],"about":[{"href":"https:\/\/blogs.univ-jfc.fr\/vigneetvin\/wp-json\/wp\/v2\/types\/page"}],"author":[{"embeddable":true,"href":"https:\/\/blogs.univ-jfc.fr\/vigneetvin\/wp-json\/wp\/v2\/users\/268"}],"replies":[{"embeddable":true,"href":"https:\/\/blogs.univ-jfc.fr\/vigneetvin\/wp-json\/wp\/v2\/comments?post=585"}],"version-history":[{"count":6,"href":"https:\/\/blogs.univ-jfc.fr\/vigneetvin\/wp-json\/wp\/v2\/pages\/585\/revisions"}],"predecessor-version":[{"id":4000,"href":"https:\/\/blogs.univ-jfc.fr\/vigneetvin\/wp-json\/wp\/v2\/pages\/585\/revisions\/4000"}],"wp:attachment":[{"href":"https:\/\/blogs.univ-jfc.fr\/vigneetvin\/wp-json\/wp\/v2\/media?parent=585"}],"curies":[{"name":"wp","href":"https:\/\/api.w.org\/{rel}","templated":true}]}}